{"id":1281,"date":"2022-01-03T11:28:51","date_gmt":"2022-01-03T10:28:51","guid":{"rendered":"https:\/\/www.comverga.com\/cookie-policy-eu\/"},"modified":"2023-09-11T08:16:05","modified_gmt":"2023-09-11T08:16:05","slug":"cookie-policy-eu","status":"publish","type":"page","link":"https:\/\/new.comverga.com\/int\/cs\/cookie-policy-eu\/","title":{"rendered":"Z\u00e1sady pou\u017e\u00edv\u00e1n\u00ed soubor\u016f cookie (EU)"},"content":{"rendered":"<div data-elementor-type=\"wp-page\" data-elementor-id=\"1281\" class=\"elementor elementor-1281\">\n\t\t\t\t\t\t\t\t\t<section class=\"elementor-section elementor-top-section elementor-element elementor-element-3d1702f4 elementor-section-boxed elementor-section-height-default elementor-section-height-default\" data-id=\"3d1702f4\" data-element_type=\"section\">\n\t\t\t\t\t\t<div class=\"elementor-container elementor-column-gap-default\">\n\t\t\t\t\t<div class=\"elementor-column elementor-col-100 elementor-top-column elementor-element elementor-element-324cee7e\" data-id=\"324cee7e\" data-element_type=\"column\">\n\t\t\t<div class=\"elementor-widget-wrap elementor-element-populated\">\n\t\t\t\t\t\t\t\t<div class=\"elementor-element elementor-element-60ff78e1 elementor-widget elementor-widget-shortcode\" data-id=\"60ff78e1\" data-element_type=\"widget\" data-widget_type=\"shortcode.default\">\n\t\t\t\t<div class=\"elementor-widget-container\">\n\t\t\t\t\t<div class=\"elementor-shortcode\">Oblast EU nen\u00ed aktivov\u00e1na pro cookie-statement.<\/div>\n\t\t\t\t<\/div>\n\t\t\t\t<\/div>\n\t\t\t\t\t<\/div>\n\t\t<\/div>\n\t\t\t\t\t\t\t<\/div>\n\t\t<\/section>\n\t\t\t\t\t\t\t<\/div>","protected":false},"excerpt":{"rendered":"","protected":false},"author":1,"featured_media":2916,"parent":0,"menu_order":0,"comment_status":"closed","ping_status":"closed","template":"","meta":{"footnotes":""},"_links":{"self":[{"href":"https:\/\/new.comverga.com\/int\/cs\/wp-json\/wp\/v2\/pages\/1281"}],"collection":[{"href":"https:\/\/new.comverga.com\/int\/cs\/wp-json\/wp\/v2\/pages"}],"about":[{"href":"https:\/\/new.comverga.com\/int\/cs\/wp-json\/wp\/v2\/types\/page"}],"author":[{"embeddable":true,"href":"https:\/\/new.comverga.com\/int\/cs\/wp-json\/wp\/v2\/users\/1"}],"replies":[{"embeddable":true,"href":"https:\/\/new.comverga.com\/int\/cs\/wp-json\/wp\/v2\/comments?post=1281"}],"version-history":[{"count":0,"href":"https:\/\/new.comverga.com\/int\/cs\/wp-json\/wp\/v2\/pages\/1281\/revisions"}],"wp:featuredmedia":[{"embeddable":true,"href":"https:\/\/new.comverga.com\/int\/cs\/wp-json\/wp\/v2\/media\/2916"}],"wp:attachment":[{"href":"https:\/\/new.comverga.com\/int\/cs\/wp-json\/wp\/v2\/media?parent=1281"}],"curies":[{"name":"wp","href":"https:\/\/api.w.org\/{rel}","templated":true}]}}