{"id":676,"date":"2020-12-15T12:57:17","date_gmt":"2020-12-15T11:57:17","guid":{"rendered":"https:\/\/www.comverga.com\/?page_id=676"},"modified":"2023-08-24T12:58:43","modified_gmt":"2023-08-24T10:58:43","slug":"dienstprogramme","status":"publish","type":"page","link":"https:\/\/new.comverga.com\/deu\/branchen\/dienstprogramme\/","title":{"rendered":"Versorgungssektor"},"content":{"rendered":"\t\t<div data-elementor-type=\"wp-page\" data-elementor-id=\"676\" class=\"elementor elementor-676\">\n\t\t\t\t\t\t\t\t\t<section class=\"elementor-section elementor-top-section elementor-element elementor-element-5f2e621e elementor-section-boxed elementor-section-height-default elementor-section-height-default\" data-id=\"5f2e621e\" data-element_type=\"section\">\n\t\t\t\t\t\t<div class=\"elementor-container elementor-column-gap-default\">\n\t\t\t\t\t<div class=\"elementor-column elementor-col-100 elementor-top-column elementor-element elementor-element-691336e4\" data-id=\"691336e4\" data-element_type=\"column\">\n\t\t\t<div class=\"elementor-widget-wrap elementor-element-populated\">\n\t\t\t\t\t\t\t\t<div class=\"elementor-element elementor-element-2c441f09 elementor-widget elementor-widget-text-editor\" data-id=\"2c441f09\" data-element_type=\"widget\" data-widget_type=\"text-editor.default\">\n\t\t\t\t<div class=\"elementor-widget-container\">\n\t\t\t\t\t\t\t<!-- wp:paragraph -->\n<p>Um erfolgreich mit seinen Kunden im Kontakt zu bleiben, ist digitale Kommunikation heute unverzichtbar. Digitale Kommunikation ist schnell, zielgerichtet und st\u00f6rungsfrei. Digitale Kommunikation kann z. B. \u00fcber E-Mails, SMS, Sprachnachrichten, RCS, Instant Messenger erfolgen. Die Nachrichten-Kan\u00e4le k\u00f6nnen je nach Kundenwunsch kombiniert werden.<\/p>\n<!-- \/wp:paragraph --><!-- wp:paragraph -->\n<p>In diesem Bereich bieten wir folgende Dienstleistungen an:<\/p>\n<!-- \/wp:paragraph --><!-- wp:list -->\n<ul>\n<li>Kunden-Kommunikations-Services f\u00fcr CRM<\/li>\n<li>Mobile Marketing<\/li>\n<li>Benachrichtigungsdienste<\/li>\n<li>Kundenzufriedenheits-Umfragen<\/li>\n<li>Mobile Applikationen<\/li>\n<li>Einmal-Passw\u00f6rter<\/li>\n<li>Professional Services<\/li>\n<li>App-Entwicklungen<\/li>\n<\/ul>\n<!-- \/wp:list --><!-- wp:paragraph -->\n<p>Die Telekommunikation konvergiert mit den klassischen Versorgungsunternehmen. Sie bieten nicht nur bidirektionalen Zugriff auf intelligente Ger\u00e4te innerhalb der Infrastruktur von Versorgungsunternehmen, sondern spielen auch eine wichtige Rolle bei konvergierenden Angeboten f\u00fcr Verbraucher. Telekommunikationstarife werden z. B. mit Strom-, Gas- und Wasser-Tarifen geb\u00fcndelt und werden so zu einem wichtigen Treiber f\u00fcr Kundenbindung und -Akquisition.<\/p>\n<!-- \/wp:paragraph --><!-- wp:paragraph -->\n<p>Wir stellen die erforderliche Infrastruktur sowie die damit verbundenen Gesch\u00e4ftsprozesse vollumf\u00e4nglich bereit:<\/p>\n<!-- \/wp:paragraph --><!-- wp:list -->\n<ul>\n<li>Gesch\u00e4ftsprozess-Outsourcing (BPO \u2013 Business Process Outsourcing)<\/li>\n<li>Service Delivery Platform as a Service<\/li>\n<li>Betrieb der Telekommunikationsinfrastruktur<\/li>\n<li>Professional Services<\/li>\n<li>App-Entwicklungen<\/li>\n<li>Smart Home-Infrastruktur und -Applikationen<\/li>\n<li>Loyalit\u00e4t und konvergierte Telekommunikationsdienste<\/li>\n<\/ul>\n<!-- \/wp:list -->\t\t\t\t\t\t<\/div>\n\t\t\t\t<\/div>\n\t\t\t\t\t<\/div>\n\t\t<\/div>\n\t\t\t\t\t\t\t<\/div>\n\t\t<\/section>\n\t\t\t\t\t\t\t<\/div>\n\t\t","protected":false},"excerpt":{"rendered":"<p>Um erfolgreich mit seinen Kunden im Kontakt zu bleiben, ist digitale Kommunikation heute unverzichtbar. Digitale Kommunikation ist schnell, zielgerichtet und&#8230;<\/p>\n","protected":false},"author":1,"featured_media":3254,"parent":346,"menu_order":4,"comment_status":"closed","ping_status":"closed","template":"","meta":{"footnotes":""},"_links":{"self":[{"href":"https:\/\/new.comverga.com\/deu\/wp-json\/wp\/v2\/pages\/676"}],"collection":[{"href":"https:\/\/new.comverga.com\/deu\/wp-json\/wp\/v2\/pages"}],"about":[{"href":"https:\/\/new.comverga.com\/deu\/wp-json\/wp\/v2\/types\/page"}],"author":[{"embeddable":true,"href":"https:\/\/new.comverga.com\/deu\/wp-json\/wp\/v2\/users\/1"}],"replies":[{"embeddable":true,"href":"https:\/\/new.comverga.com\/deu\/wp-json\/wp\/v2\/comments?post=676"}],"version-history":[{"count":10,"href":"https:\/\/new.comverga.com\/deu\/wp-json\/wp\/v2\/pages\/676\/revisions"}],"predecessor-version":[{"id":3304,"href":"https:\/\/new.comverga.com\/deu\/wp-json\/wp\/v2\/pages\/676\/revisions\/3304"}],"up":[{"embeddable":true,"href":"https:\/\/new.comverga.com\/deu\/wp-json\/wp\/v2\/pages\/346"}],"wp:featuredmedia":[{"embeddable":true,"href":"https:\/\/new.comverga.com\/deu\/wp-json\/wp\/v2\/media\/3254"}],"wp:attachment":[{"href":"https:\/\/new.comverga.com\/deu\/wp-json\/wp\/v2\/media?parent=676"}],"curies":[{"name":"wp","href":"https:\/\/api.w.org\/{rel}","templated":true}]}}