{"id":418,"date":"2020-11-25T15:34:07","date_gmt":"2020-11-25T14:34:07","guid":{"rendered":"https:\/\/www.comverga.com\/?page_id=418"},"modified":"2023-03-09T16:27:08","modified_gmt":"2023-03-09T15:27:08","slug":"mannschaft","status":"publish","type":"page","link":"https:\/\/new.comverga.com\/deu\/mannschaft\/","title":{"rendered":"Management"},"content":{"rendered":"\t\t<div data-elementor-type=\"wp-page\" data-elementor-id=\"418\" class=\"elementor elementor-418\">\n\t\t\t\t\t\t\t\t\t<section class=\"elementor-section elementor-top-section elementor-element elementor-element-422da841 elementor-section-boxed elementor-section-height-default elementor-section-height-default\" data-id=\"422da841\" data-element_type=\"section\">\n\t\t\t\t\t\t<div class=\"elementor-container elementor-column-gap-default\">\n\t\t\t\t\t<div class=\"elementor-column elementor-col-100 elementor-top-column elementor-element elementor-element-75685dd8\" data-id=\"75685dd8\" data-element_type=\"column\">\n\t\t\t<div class=\"elementor-widget-wrap elementor-element-populated\">\n\t\t\t\t\t\t\t\t<div class=\"elementor-element elementor-element-7f9d1405 elementor-widget elementor-widget-text-editor\" data-id=\"7f9d1405\" data-element_type=\"widget\" data-widget_type=\"text-editor.default\">\n\t\t\t\t<div class=\"elementor-widget-container\">\n\t\t\t\t\t\t\t<!-- wp:heading -->\n<h2><strong>Der Vorstand<\/strong><\/h2>\n<!-- \/wp:heading -->\n\n<!-- wp:heading {\"level\":3,\"className\":\"margin-bottom-1rem\"} -->\n<h3 class=\"margin-bottom-1rem\">Martin Ko\u0161ut &#8211; Gr\u00fcnder, Vorstandsvorsitzender &amp; CEO<\/h3>\n<!-- \/wp:heading -->\n\n<!-- wp:columns {\"verticalAlignment\":\"center\",\"className\":\"nomargin\"} -->\n<div class=\"wp-block-columns are-vertically-aligned-center nomargin\"><!-- wp:column {\"verticalAlignment\":\"center\",\"width\":\"33.34%\"} -->\n<div class=\"wp-block-column is-vertically-aligned-center\" style=\"flex-basis:33.34%\"><!-- wp:image {\"align\":\"left\",\"id\":880,\"width\":200,\"height\":200,\"sizeSlug\":\"medium\",\"linkDestination\":\"none\",\"className\":\"nomargin\"} -->\n<div class=\"wp-block-image nomargin\"><figure class=\"alignleft size-medium is-resized\"><img decoding=\"async\" src=\"https:\/\/www.comverga.com\/wp-content\/uploads\/2020\/12\/Martin-298x300.png\" alt=\"\" class=\"wp-image-880\" width=\"200\" height=\"200\"\/><\/figure><\/div>\n<!-- \/wp:image --><\/div>\n<!-- \/wp:column -->\n\n<!-- wp:column {\"verticalAlignment\":\"center\",\"width\":\"66.66%\",\"className\":\"has-padding-right-20\"} -->\n<div class=\"wp-block-column is-vertically-aligned-center has-padding-right-20\" style=\"flex-basis:66.66%\"><!-- wp:paragraph -->\n<p>Martin Ko\u0161ut war Mitbegr\u00fcnder des Unternehmens und ist seit 2000 Vorstandsvorsitzender und CEO. Zuvor war er f\u00fcr das E-Commerce-Gesch\u00e4ft von Compaq Computer in Europa, dem Nahen Osten und Afrika verantwortlich und entwickelte das Gesch\u00e4ft f\u00fcr Tulip Computer in Mittel- und Osteuropa. Er hat einen Master-Abschluss in Informatik von der Fakult\u00e4t f\u00fcr Mathematik und Physik und in Theologie von der Katholischen Theologischen Fakult\u00e4t der Karlsuniversit\u00e4t in Prag.<\/p>\n<!-- \/wp:paragraph --><\/div>\n<!-- \/wp:column --><\/div>\n<!-- \/wp:columns -->\n\n<!-- wp:heading {\"level\":3,\"className\":\"margin-bottom-1rem\"} -->\n<h3 class=\"margin-bottom-1rem\">Piotr Herman &#8211; Gr\u00fcnder, Vorstandsmitglied und Gesch\u00e4ftsf\u00fchrer Polen<\/h3>\n<!-- \/wp:heading -->\n\n<!-- wp:columns {\"verticalAlignment\":\"center\",\"className\":\"nomargin\"} -->\n<div class=\"wp-block-columns are-vertically-aligned-center nomargin\"><!-- wp:column {\"verticalAlignment\":\"center\",\"width\":\"33.33%\"} -->\n<div class=\"wp-block-column is-vertically-aligned-center\" style=\"flex-basis:33.33%\"><!-- wp:image {\"align\":\"left\",\"id\":882,\"width\":200,\"height\":200,\"sizeSlug\":\"full\",\"linkDestination\":\"none\",\"className\":\"nomargin\"} -->\n<div class=\"wp-block-image nomargin\"><figure class=\"alignleft size-full is-resized\"><img decoding=\"async\" src=\"https:\/\/www.comverga.com\/wp-content\/uploads\/2020\/12\/Piotr.png\" alt=\"\" class=\"wp-image-882\" width=\"200\" height=\"200\"\/><\/figure><\/div>\n<!-- \/wp:image --><\/div>\n<!-- \/wp:column -->\n\n<!-- wp:column {\"verticalAlignment\":\"center\",\"width\":\"66.66%\",\"className\":\"has-padding-right-20\"} -->\n<div class=\"wp-block-column is-vertically-aligned-center has-padding-right-20\" style=\"flex-basis:66.66%\"><!-- wp:paragraph -->\n<p>Piotr Herman trat im Jahr 2001 unserem Team bei und war Mitbegr\u00fcnder unserer polnischen Tochtergesellschaft. Seit 2004 ist er Mitglied des Vorstand. Vor dieser Mission arbeitete er f\u00fcr T-Mobile, Airtel und CT Creative Team. Piotr hat einen Master-Abschluss in Telekommunikation von der Technischen Universit\u00e4t Warschau und einen Executive MBA von der Warsaw Management University.<\/p>\n<!-- \/wp:paragraph --><\/div>\n<!-- \/wp:column --><\/div>\n<!-- \/wp:columns -->\n\n<!-- wp:heading {\"level\":3,\"className\":\"margin-bottom-1rem\"} -->\n<h3 class=\"margin-bottom-1rem\">Petr Mike\u0161 &#8211; Vorstandsmitglied &amp; CTO<\/h3>\n<!-- \/wp:heading -->\n\n<!-- wp:columns {\"verticalAlignment\":\"center\",\"className\":\"nomargin\"} -->\n<div class=\"wp-block-columns are-vertically-aligned-center nomargin\"><!-- wp:column {\"verticalAlignment\":\"center\",\"width\":\"33.33%\"} -->\n<div class=\"wp-block-column is-vertically-aligned-center\" style=\"flex-basis:33.33%\"><!-- wp:image {\"align\":\"left\",\"id\":881,\"width\":200,\"height\":200,\"sizeSlug\":\"medium\",\"linkDestination\":\"none\",\"className\":\"nomargin\"} -->\n<div class=\"wp-block-image nomargin\"><figure class=\"alignleft size-medium is-resized\"><img decoding=\"async\" src=\"https:\/\/www.comverga.com\/wp-content\/uploads\/2020\/12\/Petr-300x300.png\" alt=\"\" class=\"wp-image-881\" width=\"200\" height=\"200\"\/><\/figure><\/div>\n<!-- \/wp:image --><\/div>\n<!-- \/wp:column -->\n\n<!-- wp:column {\"verticalAlignment\":\"center\",\"width\":\"66.66%\",\"className\":\"has-padding-right-20\"} -->\n<div class=\"wp-block-column is-vertically-aligned-center has-padding-right-20\" style=\"flex-basis:66.66%\"><!-- wp:paragraph -->\n<p>Petr Mike\u0161 war seit seinem Start im Jahr 2012 in verschiedenen Managementpositionen in unserem Projektabwicklungteam t\u00e4tig. Er \u00fcbernahm seit 2017 die Gesamtverantwortung f\u00fcr unsere Projektabwicklung und den Betrieb und trat im Jahr 2019 in den Vorstand ein. Petr hat einen Master-Abschluss in Elektronik von der Technischen Universit\u00e4t Brno.<\/p>\n<!-- \/wp:paragraph --><\/div>\n<!-- \/wp:column --><\/div>\n<!-- \/wp:columns -->\n\n<!-- wp:heading {\"level\":3,\"className\":\"margin-bottom-1rem\"} -->\n<h3 class=\"margin-bottom-1rem\">David Ko\u0161ut &#8211; Vorstandsmitglied<\/h3>\n<!-- \/wp:heading -->\n\n<!-- wp:columns {\"verticalAlignment\":\"center\",\"className\":\"nomargin\"} -->\n<div class=\"wp-block-columns are-vertically-aligned-center nomargin\"><!-- wp:column {\"verticalAlignment\":\"center\",\"width\":\"33.33%\"} -->\n<div class=\"wp-block-column is-vertically-aligned-center\" style=\"flex-basis:33.33%\"><!-- wp:image {\"align\":\"left\",\"id\":878,\"width\":200,\"height\":200,\"sizeSlug\":\"medium\",\"linkDestination\":\"none\",\"className\":\"nomargin\"} -->\n<div class=\"wp-block-image nomargin\"><figure class=\"alignleft size-medium is-resized\"><img loading=\"lazy\" decoding=\"async\" src=\"https:\/\/www.comverga.com\/wp-content\/uploads\/2020\/12\/David-300x300.png\" alt=\"\" class=\"wp-image-878\" width=\"200\" height=\"200\"\/><\/figure><\/div>\n<!-- \/wp:image --><\/div>\n<!-- \/wp:column -->\n\n<!-- wp:column {\"verticalAlignment\":\"center\",\"width\":\"66.66%\",\"className\":\"has-padding-right-20\"} -->\n<div class=\"wp-block-column is-vertically-aligned-center has-padding-right-20\" style=\"flex-basis:66.66%\"><!-- wp:paragraph -->\n<p>David Ko\u0161ut trat im Jahr 2017 unserem Produktentwicklungsteam und seit 2019 ist Vorstandsmitglied. Er hat einen Master-Abschluss in Energiewirtschaft und Management von der Tschechischen Technischen Universit\u00e4t in Prag.<\/p>\n<!-- \/wp:paragraph --><\/div>\n<!-- \/wp:column --><\/div>\n<!-- \/wp:columns -->\n\n<!-- wp:heading -->\n<h2><strong>Aufsichtsrat<\/strong><\/h2>\n<!-- \/wp:heading -->\n\n<!-- wp:heading {\"level\":3,\"className\":\"margin-bottom-1rem\"} -->\n<h3 class=\"margin-bottom-1rem\">Martin Ko\u0161ut jr. &#8211; Mitglied des Aufsichtsrats<\/h3>\n<!-- \/wp:heading -->\n\n<!-- wp:columns {\"verticalAlignment\":\"center\",\"className\":\"nomargin\"} -->\n<div class=\"wp-block-columns are-vertically-aligned-center nomargin\"><!-- wp:column {\"verticalAlignment\":\"center\",\"width\":\"33.33%\"} -->\n<div class=\"wp-block-column is-vertically-aligned-center\" style=\"flex-basis:33.33%\"><!-- wp:image {\"align\":\"left\",\"id\":818,\"width\":200,\"height\":200,\"sizeSlug\":\"medium\",\"linkDestination\":\"none\",\"className\":\"nomargin\"} -->\n<div class=\"wp-block-image nomargin\"><figure class=\"alignleft size-medium is-resized\"><img loading=\"lazy\" decoding=\"async\" src=\"https:\/\/www.comverga.com\/wp-content\/uploads\/2020\/12\/Marta-300x300.png\" alt=\"\" class=\"wp-image-818\" width=\"200\" height=\"200\" srcset=\"https:\/\/new.comverga.com\/deu\/wp-content\/uploads\/sites\/4\/2020\/12\/Marta-300x300.png 300w, https:\/\/new.comverga.com\/deu\/wp-content\/uploads\/sites\/4\/2020\/12\/Marta-150x150.png 150w, https:\/\/new.comverga.com\/deu\/wp-content\/uploads\/sites\/4\/2020\/12\/Marta-768x770.png 768w, https:\/\/new.comverga.com\/deu\/wp-content\/uploads\/sites\/4\/2020\/12\/Marta.png 787w\" sizes=\"(max-width: 200px) 100vw, 200px\" \/><\/figure><\/div>\n<!-- \/wp:image --><\/div>\n<!-- \/wp:column -->\n\n<!-- wp:column {\"verticalAlignment\":\"center\",\"width\":\"66.66%\",\"className\":\"has-padding-right-20\"} -->\n<div class=\"wp-block-column is-vertically-aligned-center has-padding-right-20\" style=\"flex-basis:66.66%\"><!-- wp:paragraph -->\n<p>Martin Ko\u0161ut jr. ist seit 2011 Mitglied des Aufsichtsrats des Familienholdings. Er hat einen Master-Abschluss in Ekonomie und Wirtschaftswissenschaften von der Prager Wirtschaftsuniversit\u00e4t und der Tschechischen Universit\u00e4t f\u00fcr Lebenswissenschaften.<\/p>\n<!-- \/wp:paragraph --><\/div>\n<!-- \/wp:column --><\/div>\n<!-- \/wp:columns -->\t\t\t\t\t\t<\/div>\n\t\t\t\t<\/div>\n\t\t\t\t\t<\/div>\n\t\t<\/div>\n\t\t\t\t\t\t\t<\/div>\n\t\t<\/section>\n\t\t\t\t\t\t\t<\/div>\n\t\t","protected":false},"excerpt":{"rendered":"<p>Der Vorstand Martin Ko\u0161ut &#8211; Gr\u00fcnder, Vorstandsvorsitzender &amp; CEO Martin Ko\u0161ut war Mitbegr\u00fcnder des Unternehmens und ist seit 2000 Vorstandsvorsitzender und CEO. Zuvor war er f\u00fcr das E-Commerce-Gesch\u00e4ft von Compaq Computer in Europa, dem Nahen Osten und Afrika verantwortlich und entwickelte das Gesch\u00e4ft f\u00fcr Tulip Computer in Mittel- und Osteuropa. Er hat einen Master-Abschluss in [&hellip;]<\/p>\n","protected":false},"author":1,"featured_media":226,"parent":0,"menu_order":0,"comment_status":"closed","ping_status":"closed","template":"","meta":{"footnotes":""},"_links":{"self":[{"href":"https:\/\/new.comverga.com\/deu\/wp-json\/wp\/v2\/pages\/418"}],"collection":[{"href":"https:\/\/new.comverga.com\/deu\/wp-json\/wp\/v2\/pages"}],"about":[{"href":"https:\/\/new.comverga.com\/deu\/wp-json\/wp\/v2\/types\/page"}],"author":[{"embeddable":true,"href":"https:\/\/new.comverga.com\/deu\/wp-json\/wp\/v2\/users\/1"}],"replies":[{"embeddable":true,"href":"https:\/\/new.comverga.com\/deu\/wp-json\/wp\/v2\/comments?post=418"}],"version-history":[{"count":5,"href":"https:\/\/new.comverga.com\/deu\/wp-json\/wp\/v2\/pages\/418\/revisions"}],"predecessor-version":[{"id":2520,"href":"https:\/\/new.comverga.com\/deu\/wp-json\/wp\/v2\/pages\/418\/revisions\/2520"}],"wp:featuredmedia":[{"embeddable":true,"href":"https:\/\/new.comverga.com\/deu\/wp-json\/wp\/v2\/media\/226"}],"wp:attachment":[{"href":"https:\/\/new.comverga.com\/deu\/wp-json\/wp\/v2\/media?parent=418"}],"curies":[{"name":"wp","href":"https:\/\/api.w.org\/{rel}","templated":true}]}}