{"id":208,"date":"2020-11-25T13:20:41","date_gmt":"2020-11-25T12:20:41","guid":{"rendered":"https:\/\/www.comverga.com\/?page_id=208"},"modified":"2023-03-09T16:11:54","modified_gmt":"2023-03-09T15:11:54","slug":"sdp-fur-die-messaging-kommunikation","status":"publish","type":"page","link":"https:\/\/new.comverga.com\/deu\/dienstleistungen\/software-as-a-service-platform-as-a-service\/sdp-fur-die-messaging-kommunikation\/","title":{"rendered":"SDP f\u00fcr die Messaging-Kommunikation"},"content":{"rendered":"\t\t<div data-elementor-type=\"wp-page\" data-elementor-id=\"208\" class=\"elementor elementor-208\">\n\t\t\t\t\t\t\t\t\t<section class=\"elementor-section elementor-top-section elementor-element elementor-element-6b733ca5 elementor-section-boxed elementor-section-height-default elementor-section-height-default\" data-id=\"6b733ca5\" data-element_type=\"section\">\n\t\t\t\t\t\t<div class=\"elementor-container elementor-column-gap-default\">\n\t\t\t\t\t<div class=\"elementor-column elementor-col-100 elementor-top-column elementor-element elementor-element-1fcc0c77\" data-id=\"1fcc0c77\" data-element_type=\"column\">\n\t\t\t<div class=\"elementor-widget-wrap elementor-element-populated\">\n\t\t\t\t\t\t\t\t<div class=\"elementor-element elementor-element-34f2f117 elementor-widget elementor-widget-text-editor\" data-id=\"34f2f117\" data-element_type=\"widget\" data-widget_type=\"text-editor.default\">\n\t\t\t\t<div class=\"elementor-widget-container\">\n\t\t\t\t\t\t\t<!-- wp:paragraph -->\n<p>Sie k\u00f6nnen verschiedene Kan\u00e4le f\u00fcr die Nachrichten\u00fcbermittlung verwenden &#8211; SMS, E-Mail, Sprachnachrichten und Kommunikationsanwendungen, oder auch ihre eigenen. Unsere SDP bietet Module und Funktionen zum Verwalten von &nbsp;Kontakten, Gruppen, Kampagnen und Mailings. Es bietet eine Vielzahl von Optionen zum Erstellen von Berichten, Statistiken und Dashboards.<\/p>\n<!-- \/wp:paragraph -->\n\n<!-- wp:paragraph -->\n<p>Diese Plattform wird h\u00e4ufig in der Kommunikation mit Kunden, Partnern und Mitarbeitern, in Marketingagenturen, Kundencentern sowie in der Staatsverwaltung und Kommunalverwaltung zur Kommunikation mit B\u00fcrgern eingesetzt.<\/p>\n<!-- \/wp:paragraph -->\t\t\t\t\t\t<\/div>\n\t\t\t\t<\/div>\n\t\t\t\t\t<\/div>\n\t\t<\/div>\n\t\t\t\t\t\t\t<\/div>\n\t\t<\/section>\n\t\t\t\t\t\t\t<\/div>\n\t\t","protected":false},"excerpt":{"rendered":"<p>Sie k\u00f6nnen verschiedene Kan\u00e4le f\u00fcr die Nachrichten\u00fcbermittlung verwenden &#8211; SMS, E-Mail, Sprachnachrichten und Kommunikationsanwendungen, oder auch ihre eigenen. Unsere SDP bietet Module und Funktionen zum Verwalten von &nbsp;Kontakten, Gruppen, Kampagnen und Mailings. Es bietet eine Vielzahl von Optionen zum Erstellen von Berichten, Statistiken und Dashboards. Diese Plattform wird h\u00e4ufig in der Kommunikation mit Kunden, Partnern [&hellip;]<\/p>\n","protected":false},"author":1,"featured_media":1139,"parent":206,"menu_order":0,"comment_status":"closed","ping_status":"closed","template":"","meta":{"footnotes":""},"_links":{"self":[{"href":"https:\/\/new.comverga.com\/deu\/wp-json\/wp\/v2\/pages\/208"}],"collection":[{"href":"https:\/\/new.comverga.com\/deu\/wp-json\/wp\/v2\/pages"}],"about":[{"href":"https:\/\/new.comverga.com\/deu\/wp-json\/wp\/v2\/types\/page"}],"author":[{"embeddable":true,"href":"https:\/\/new.comverga.com\/deu\/wp-json\/wp\/v2\/users\/1"}],"replies":[{"embeddable":true,"href":"https:\/\/new.comverga.com\/deu\/wp-json\/wp\/v2\/comments?post=208"}],"version-history":[{"count":4,"href":"https:\/\/new.comverga.com\/deu\/wp-json\/wp\/v2\/pages\/208\/revisions"}],"predecessor-version":[{"id":2447,"href":"https:\/\/new.comverga.com\/deu\/wp-json\/wp\/v2\/pages\/208\/revisions\/2447"}],"up":[{"embeddable":true,"href":"https:\/\/new.comverga.com\/deu\/wp-json\/wp\/v2\/pages\/206"}],"wp:featuredmedia":[{"embeddable":true,"href":"https:\/\/new.comverga.com\/deu\/wp-json\/wp\/v2\/media\/1139"}],"wp:attachment":[{"href":"https:\/\/new.comverga.com\/deu\/wp-json\/wp\/v2\/media?parent=208"}],"curies":[{"name":"wp","href":"https:\/\/api.w.org\/{rel}","templated":true}]}}