{"id":206,"date":"2020-11-25T13:20:03","date_gmt":"2020-11-25T12:20:03","guid":{"rendered":"https:\/\/www.comverga.com\/?page_id=206"},"modified":"2023-03-09T16:11:24","modified_gmt":"2023-03-09T15:11:24","slug":"software-as-a-service-platform-as-a-service","status":"publish","type":"page","link":"https:\/\/new.comverga.com\/deu\/dienstleistungen\/software-as-a-service-platform-as-a-service\/","title":{"rendered":"Software-as-a-Service \/ Platform-as-a-Service"},"content":{"rendered":"\t\t<div data-elementor-type=\"wp-page\" data-elementor-id=\"206\" class=\"elementor elementor-206\">\n\t\t\t\t\t\t\t\t\t<section class=\"elementor-section elementor-top-section elementor-element elementor-element-4586cdd8 elementor-section-boxed elementor-section-height-default elementor-section-height-default\" data-id=\"4586cdd8\" data-element_type=\"section\">\n\t\t\t\t\t\t<div class=\"elementor-container elementor-column-gap-default\">\n\t\t\t\t\t<div class=\"elementor-column elementor-col-100 elementor-top-column elementor-element elementor-element-7bce9157\" data-id=\"7bce9157\" data-element_type=\"column\">\n\t\t\t<div class=\"elementor-widget-wrap elementor-element-populated\">\n\t\t\t\t\t\t\t\t<div class=\"elementor-element elementor-element-8cb17c5 elementor-widget elementor-widget-text-editor\" data-id=\"8cb17c5\" data-element_type=\"widget\" data-widget_type=\"text-editor.default\">\n\t\t\t\t<div class=\"elementor-widget-container\">\n\t\t\t\t\t\t\t<!-- wp:paragraph -->\n<p>Wir entwickeln und betreiben unsere eigenen Kommunikationsplattformen und -anwendungen. Wir folgen den neuesten technologischen Trends und passen unsere L\u00f6sungen den Anforderungen unserer Partner und Kunden und deren Projekte an. Unser Ziel ist es, diese L\u00f6sungen zu fairen Preisen und in k\u00fcrzester Zeit anzubieten. Wir verwenden modernste agile Entwicklungsverfahren.<\/p>\n<!-- \/wp:paragraph -->\n\n<!-- wp:paragraph -->\n<p>Die COMVERGA Service Delivery Platform (SDP) bietet eine gro\u00dfe Auswahl von Modulen und Funktionen zum Anlegen, Bereitstellen, Aktivieren, Abrechnen und Verwalten von Telekommunikations- und Nicht-Telekommunikationsdiensten. Der Herausforderung liegt in einer einfachen Implementierung konvergierter Dienste, wobei der Kunde verschiedene Arten von Telekommunikationsdienste und zus\u00e4tzlich verschiedenen Endger\u00e4ten nutzt und auch noch in unterschiedlichen Branchen &#8211; z. b. Wirtschaft, Finanzen, Versicherungen usw. \u2013 zu Hause ist.<\/p>\n<!-- \/wp:paragraph -->\t\t\t\t\t\t<\/div>\n\t\t\t\t<\/div>\n\t\t\t\t\t<\/div>\n\t\t<\/div>\n\t\t\t\t\t\t\t<\/div>\n\t\t<\/section>\n\t\t\t\t\t\t\t<\/div>\n\t\t","protected":false},"excerpt":{"rendered":"<p>Wir entwickeln und betreiben unsere eigenen Kommunikationsplattformen und -anwendungen. Wir folgen den neuesten technologischen Trends und passen unsere L\u00f6sungen den Anforderungen unserer Partner und Kunden und deren Projekte an. Unser Ziel ist es, diese L\u00f6sungen zu fairen Preisen und in k\u00fcrzester Zeit anzubieten. Wir verwenden modernste agile Entwicklungsverfahren. Die COMVERGA Service Delivery Platform (SDP) bietet [&hellip;]<\/p>\n","protected":false},"author":1,"featured_media":1083,"parent":210,"menu_order":101,"comment_status":"closed","ping_status":"closed","template":"","meta":{"footnotes":""},"_links":{"self":[{"href":"https:\/\/new.comverga.com\/deu\/wp-json\/wp\/v2\/pages\/206"}],"collection":[{"href":"https:\/\/new.comverga.com\/deu\/wp-json\/wp\/v2\/pages"}],"about":[{"href":"https:\/\/new.comverga.com\/deu\/wp-json\/wp\/v2\/types\/page"}],"author":[{"embeddable":true,"href":"https:\/\/new.comverga.com\/deu\/wp-json\/wp\/v2\/users\/1"}],"replies":[{"embeddable":true,"href":"https:\/\/new.comverga.com\/deu\/wp-json\/wp\/v2\/comments?post=206"}],"version-history":[{"count":4,"href":"https:\/\/new.comverga.com\/deu\/wp-json\/wp\/v2\/pages\/206\/revisions"}],"predecessor-version":[{"id":2444,"href":"https:\/\/new.comverga.com\/deu\/wp-json\/wp\/v2\/pages\/206\/revisions\/2444"}],"up":[{"embeddable":true,"href":"https:\/\/new.comverga.com\/deu\/wp-json\/wp\/v2\/pages\/210"}],"wp:featuredmedia":[{"embeddable":true,"href":"https:\/\/new.comverga.com\/deu\/wp-json\/wp\/v2\/media\/1083"}],"wp:attachment":[{"href":"https:\/\/new.comverga.com\/deu\/wp-json\/wp\/v2\/media?parent=206"}],"curies":[{"name":"wp","href":"https:\/\/api.w.org\/{rel}","templated":true}]}}