{"id":684,"date":"2020-12-15T12:59:11","date_gmt":"2020-12-15T11:59:11","guid":{"rendered":"https:\/\/www.comverga.com\/?page_id=684"},"modified":"2023-08-24T12:59:07","modified_gmt":"2023-08-24T10:59:07","slug":"verkauf","status":"publish","type":"page","link":"https:\/\/new.comverga.com\/deu\/pl\/branchen\/verkauf\/","title":{"rendered":"handel detaliczny"},"content":{"rendered":"<div data-elementor-type=\"wp-page\" data-elementor-id=\"684\" class=\"elementor elementor-684\">\n\t\t\t\t\t\t\t\t\t<section class=\"elementor-section elementor-top-section elementor-element elementor-element-1e4b6971 elementor-section-boxed elementor-section-height-default elementor-section-height-default\" data-id=\"1e4b6971\" data-element_type=\"section\">\n\t\t\t\t\t\t<div class=\"elementor-container elementor-column-gap-default\">\n\t\t\t\t\t<div class=\"elementor-column elementor-col-100 elementor-top-column elementor-element elementor-element-7a231a2\" data-id=\"7a231a2\" data-element_type=\"column\">\n\t\t\t<div class=\"elementor-widget-wrap elementor-element-populated\">\n\t\t\t\t\t\t\t\t<div class=\"elementor-element elementor-element-3a3aa17c elementor-widget elementor-widget-text-editor\" data-id=\"3a3aa17c\" data-element_type=\"widget\" data-widget_type=\"text-editor.default\">\n\t\t\t\t<div class=\"elementor-widget-container\">\n\t\t\t\t\t\t\t<!-- wp:paragraph -->\n<p>Utrzymanie i identyfikacja klienta, zdobywanie jego lojalno\u015bci i oferowanie mu transakcji online to dzi\u015b kluczowe czynniki sukcesu w handlu detalicznym. Technologia telekomunikacyjna umo\u017cliwia nowe modele biznesowe i oferuje instrumenty, dzi\u0119ki kt\u00f3rym ka\u017cdy konsument mo\u017ce zosta\u0107 obs\u0142u\u017cony indywidualnie i natychmiastowo.<\/p>\n<!-- \/wp:paragraph --><!-- wp:paragraph -->\n<p>Wa\u017cnymi elementami strategii s\u0105 komunikacja cyfrowa i kontakt z konsumentami. Komunikacja cyfrowa jest szybka, ukierunkowana i bezproblemowa. Kana\u0142y przesy\u0142ania wiadomo\u015bci takie jak e-mail, SMS, wiadomo\u015bci g\u0142osowe, RCS, komunikatory internetowe s\u0105 \u0142\u0105czone w zale\u017cno\u015bci od preferencji konsumenta.<\/p>\n<!-- \/wp:paragraph --><!-- wp:paragraph -->\n<p>Programy lojalno\u015bciowe dla klient\u00f3w i marketing mobilny s\u0105 cz\u0119sto kojarzone z planami markowych telefon\u00f3w kom\u00f3rkowych, kt\u00f3re zapewniaj\u0105 r\u00f3wnie\u017c regularne po\u0142\u0105czenie rozliczeniowe z konsumentem.<\/p>\n<!-- \/wp:paragraph --><!-- wp:paragraph -->\n<p>Naszym partnerom handlowym oferujemy nast\u0119puj\u0105ce us\u0142ugi:<\/p>\n<!-- \/wp:paragraph --><!-- wp:list -->\n<ul>\n<li>Us\u0142ugi komunikacji z klientami<\/li>\n<li>Mobilny marketing<\/li>\n<li>Ankieta zadowolenia klienta<\/li>\n<li>Zarz\u0105dzanie leadami\/zam\u00f3wieniami<\/li>\n<li>Zam\u00f3wienia SMS<\/li>\n<li>Aplikacje mobilne<\/li>\n<li>Outsourcing proces\u00f3w biznesowych (BPO \u2013 Business Process Outsourcing)<\/li>\n<li>Profesjonalne us\u0142ugi<\/li>\n<li>Rozw\u00f3j aplikacji<\/li>\n<li>Lojalno\u015b\u0107 i konwergentne us\u0142ugi telekomunikacyjne<\/li>\n<\/ul>\n<!-- \/wp:list --><!-- wp:heading -->\n<h2>Wybrani partnerzy<\/h2>\n<!-- \/wp:heading --><!-- wp:list -->\n<ul>\n<li>COOP, Nestle<\/li>\n<\/ul>\n<!-- \/wp:list -->\t\t\t\t\t\t<\/div>\n\t\t\t\t<\/div>\n\t\t\t\t\t<\/div>\n\t\t<\/div>\n\t\t\t\t\t\t\t<\/div>\n\t\t<\/section>\n\t\t\t\t\t\t\t<\/div>","protected":false},"excerpt":{"rendered":"<p>Lojalno\u015b\u0107 klient\u00f3w i identyfikacja konsumenta, zdobywanie lojalno\u015bci klient\u00f3w i oferowanie im transakcji online to najwa\u017cniejsze...<\/p>","protected":false},"author":1,"featured_media":3253,"parent":346,"menu_order":5,"comment_status":"closed","ping_status":"closed","template":"","meta":{"footnotes":""},"_links":{"self":[{"href":"https:\/\/new.comverga.com\/deu\/pl\/wp-json\/wp\/v2\/pages\/684"}],"collection":[{"href":"https:\/\/new.comverga.com\/deu\/pl\/wp-json\/wp\/v2\/pages"}],"about":[{"href":"https:\/\/new.comverga.com\/deu\/pl\/wp-json\/wp\/v2\/types\/page"}],"author":[{"embeddable":true,"href":"https:\/\/new.comverga.com\/deu\/pl\/wp-json\/wp\/v2\/users\/1"}],"replies":[{"embeddable":true,"href":"https:\/\/new.comverga.com\/deu\/pl\/wp-json\/wp\/v2\/comments?post=684"}],"version-history":[{"count":0,"href":"https:\/\/new.comverga.com\/deu\/pl\/wp-json\/wp\/v2\/pages\/684\/revisions"}],"up":[{"embeddable":true,"href":"https:\/\/new.comverga.com\/deu\/pl\/wp-json\/wp\/v2\/pages\/346"}],"wp:featuredmedia":[{"embeddable":true,"href":"https:\/\/new.comverga.com\/deu\/pl\/wp-json\/wp\/v2\/media\/3253"}],"wp:attachment":[{"href":"https:\/\/new.comverga.com\/deu\/pl\/wp-json\/wp\/v2\/media?parent=684"}],"curies":[{"name":"wp","href":"https:\/\/api.w.org\/{rel}","templated":true}]}}