{"id":2936,"date":"2023-04-21T13:13:42","date_gmt":"2023-04-21T11:13:42","guid":{"rendered":"https:\/\/www.comverga.com\/deu\/?page_id=2936"},"modified":"2023-11-13T18:53:48","modified_gmt":"2023-11-13T17:53:48","slug":"rcs-business-messaging","status":"publish","type":"page","link":"https:\/\/new.comverga.com\/deu\/pl\/dienstleistungen\/sms-messaging-dienste\/rcs-business-messaging\/","title":{"rendered":"RCS &amp; Business Messaging"},"content":{"rendered":"<div data-elementor-type=\"wp-page\" data-elementor-id=\"2936\" class=\"elementor elementor-2936\">\n\t\t\t\t\t\t\t\t\t<section class=\"elementor-section elementor-top-section elementor-element elementor-element-2bcc4dc6 elementor-section-boxed elementor-section-height-default elementor-section-height-default\" data-id=\"2bcc4dc6\" data-element_type=\"section\">\n\t\t\t\t\t\t<div class=\"elementor-container elementor-column-gap-no\">\n\t\t\t\t\t<div class=\"elementor-column elementor-col-100 elementor-top-column elementor-element elementor-element-78228a82\" data-id=\"78228a82\" data-element_type=\"column\">\n\t\t\t<div class=\"elementor-widget-wrap elementor-element-populated\">\n\t\t\t\t\t\t\t\t<div class=\"elementor-element elementor-element-2585927d elementor-widget elementor-widget-text-editor\" data-id=\"2585927d\" data-element_type=\"widget\" data-widget_type=\"text-editor.default\">\n\t\t\t\t<div class=\"elementor-widget-container\">\n\t\t\t\t\t\t\t<p><strong>Rich Communication Services<\/strong><b>Rich Communication Services<\/b> , w skr\u00f3cie RCS, to nowa technologia umo\u017cliwiaj\u0105ca ulepszon\u0105 form\u0119 komunikacji tekstowej i multimedialnej. RCS zosta\u0142 zaprojektowany w celu zast\u0105pienia SMS-\u00f3w i MMS-\u00f3w, kt\u00f3re nadal s\u0105 najpowszechniej stosowan\u0105 form\u0105 komunikacji tekstowej. RCS umo\u017cliwia u\u017cytkownikom wymian\u0119 zdj\u0119\u0107, film\u00f3w, plik\u00f3w audio i innych tre\u015bci multimedialnych w czasie rzeczywistym, podobnie jak w przypadku aplikacji do czatowania.<\/p><p>RCS kryje w sobie ogromny potencja\u0142 biznesowy, pozwalaj\u0105cy skuteczniej dociera\u0107 do klient\u00f3w i nawi\u0105zywa\u0107 z nimi interakcj\u0119. Dodatkowo przygotowanie i realizacja kampanii RCS jest znacznie prostsze, ni\u017c mog\u0142oby si\u0119 wydawa\u0107. Umo\u017cliwia integracj\u0119 kalendarzy i p\u0142atno\u015bci, wysy\u0142anie i odbieranie wi\u0119kszych plik\u00f3w oraz popraw\u0119 zrozumia\u0142o\u015bci rozm\u00f3w. Kolejn\u0105 wa\u017cn\u0105 zalet\u0105 RCS jest bezpiecze\u0144stwo. Wiadomo\u015bci RCS s\u0105 szyfrowane na urz\u0105dzeniu nadawcy i odszyfrowywane na urz\u0105dzeniu odbiorcy.<\/p><p><strong>RCS Business Messaging (RBM),<\/strong> <b>RCS Business Messaging (RBM)<\/b> , biznesowa wersja RCS, umo\u017cliwia firmom wysy\u0142anie bogatszych i bardziej interaktywnych wiadomo\u015bci do klient\u00f3w ko\u0144cowych. Pozwala im to poprawi\u0107 jako\u015b\u0107 obs\u0142ugi klienta, wyniki kampanii marketingowych i produktywno\u015b\u0107. Dodatkowo firmy mog\u0105 korzysta\u0107 z automatycznych chatbot\u00f3w, aby odpowiada\u0107 na najcz\u0119stsze zapytania klient\u00f3w, poprawiaj\u0105c szybko\u015b\u0107 i efektywno\u015b\u0107 komunikacji.<\/p>\t\t\t\t\t\t<\/div>\n\t\t\t\t<\/div>\n\t\t\t\t\t<\/div>\n\t\t<\/div>\n\t\t\t\t\t\t\t<\/div>\n\t\t<\/section>\n\t\t\t\t<section class=\"elementor-section elementor-top-section elementor-element elementor-element-6dc5e074 elementor-section-boxed elementor-section-height-default elementor-section-height-default\" data-id=\"6dc5e074\" data-element_type=\"section\">\n\t\t\t\t\t\t<div class=\"elementor-container elementor-column-gap-default\">\n\t\t\t\t\t<div class=\"elementor-column elementor-col-100 elementor-top-column elementor-element elementor-element-664340a9\" data-id=\"664340a9\" data-element_type=\"column\">\n\t\t\t<div class=\"elementor-widget-wrap elementor-element-populated\">\n\t\t\t\t\t\t\t\t<div class=\"elementor-element elementor-element-35171ba elementor-widget-divider--view-line elementor-widget elementor-widget-divider\" data-id=\"35171ba\" data-element_type=\"widget\" data-widget_type=\"divider.default\">\n\t\t\t\t<div class=\"elementor-widget-container\">\n\t\t\t\t\t<div class=\"elementor-divider\">\n\t\t\t<span class=\"elementor-divider-separator\">\n\t\t\t\t\t\t<\/span>\n\t\t<\/div>\n\t\t\t\t<\/div>\n\t\t\t\t<\/div>\n\t\t\t\t\t<\/div>\n\t\t<\/div>\n\t\t\t\t\t\t\t<\/div>\n\t\t<\/section>\n\t\t\t\t<section class=\"elementor-section elementor-top-section elementor-element elementor-element-2cfa7650 elementor-section-boxed elementor-section-height-default elementor-section-height-default\" data-id=\"2cfa7650\" data-element_type=\"section\">\n\t\t\t\t\t\t<div class=\"elementor-container elementor-column-gap-no\">\n\t\t\t\t\t<div class=\"elementor-column elementor-col-100 elementor-top-column elementor-element elementor-element-5bf839f5\" data-id=\"5bf839f5\" data-element_type=\"column\">\n\t\t\t<div class=\"elementor-widget-wrap elementor-element-populated\">\n\t\t\t\t\t\t\t\t<div class=\"elementor-element elementor-element-440dc4a elementor-widget elementor-widget-heading\" data-id=\"440dc4a\" data-element_type=\"widget\" id=\"custom-heading\" data-widget_type=\"heading.default\">\n\t\t\t\t<div class=\"elementor-widget-container\">\n\t\t\t<h2 class=\"elementor-heading-title elementor-size-default\">Kluczowe korzy\u015bci<\/h2>\t\t<\/div>\n\t\t\t\t<\/div>\n\t\t\t\t<div class=\"elementor-element elementor-element-3db3de4c elementor-widget elementor-widget-html\" data-id=\"3db3de4c\" data-element_type=\"widget\" data-widget_type=\"html.default\">\n\t\t\t\t<div class=\"elementor-widget-container\">\n\t\t\t<section class=\"main-benefits\">\n    <div class=\"benefit-box\">\n        <i class=\"fa-solid fa-comments\"><\/i>\n        <p>Multimedial<br>\nZwei-Wege<br>\nKomunikacja<\/p>\n    <\/div>\n    \n    <div class=\"benefit-box\">\n        <i class=\"fa-solid fa-comment-sms\"><\/i>\n        <p>Lieferung an<br>\nStandard<br>\nSMS-Client<\/p>\n    <\/div>\n    \n    <div class=\"benefit-box\">\n        <i class=\"fa-solid fa-glasses\"><\/i>\n        <p>Signifikant h\u00f6here Leserschaft<br>\nim Vergleich zu SMS<br>\n(bis zu 11x h\u00f6here Leserschaft)<\/p>\n    <\/div>\n    \n    <div class=\"benefit-box\">\n        <i class=\"fa-solid fa-shield\"><\/i>\n        <p>Hohes Ma\u00df an<br>\nSicherheit<\/p>\n    <\/div>\n    \n    <div class=\"benefit-box\">\n        <i class=\"fa-solid fa-comment-dots\"><\/i>\n        <p>Bis zu 8 000 Zeichen<br>\nin einer Nachricht<\/p>\n    <\/div>\n    \n<\/section>\t\t<\/div>\n\t\t\t\t<\/div>\n\t\t\t\t\t<\/div>\n\t\t<\/div>\n\t\t\t\t\t\t\t<\/div>\n\t\t<\/section>\n\t\t\t\t<section class=\"elementor-section elementor-top-section elementor-element elementor-element-15d8d1ee elementor-section-boxed elementor-section-height-default elementor-section-height-default\" data-id=\"15d8d1ee\" data-element_type=\"section\">\n\t\t\t\t\t\t<div class=\"elementor-container elementor-column-gap-default\">\n\t\t\t\t\t<div class=\"elementor-column elementor-col-100 elementor-top-column elementor-element elementor-element-419964c7\" data-id=\"419964c7\" data-element_type=\"column\">\n\t\t\t<div class=\"elementor-widget-wrap elementor-element-populated\">\n\t\t\t\t\t\t\t\t<div class=\"elementor-element elementor-element-66bb087c elementor-widget-divider--view-line elementor-widget elementor-widget-divider\" data-id=\"66bb087c\" data-element_type=\"widget\" data-widget_type=\"divider.default\">\n\t\t\t\t<div class=\"elementor-widget-container\">\n\t\t\t\t\t<div class=\"elementor-divider\">\n\t\t\t<span class=\"elementor-divider-separator\">\n\t\t\t\t\t\t<\/span>\n\t\t<\/div>\n\t\t\t\t<\/div>\n\t\t\t\t<\/div>\n\t\t\t\t\t<\/div>\n\t\t<\/div>\n\t\t\t\t\t\t\t<\/div>\n\t\t<\/section>\n\t\t\t\t<section class=\"elementor-section elementor-top-section elementor-element elementor-element-2edf6560 elementor-section-boxed elementor-section-height-default elementor-section-height-default\" data-id=\"2edf6560\" data-element_type=\"section\">\n\t\t\t\t\t\t<div class=\"elementor-container elementor-column-gap-default\">\n\t\t\t\t\t<div class=\"elementor-column elementor-col-100 elementor-top-column elementor-element elementor-element-5d9c0c2a\" data-id=\"5d9c0c2a\" data-element_type=\"column\">\n\t\t\t<div class=\"elementor-widget-wrap elementor-element-populated\">\n\t\t\t\t\t\t\t\t<div class=\"elementor-element elementor-element-7551bcc3 elementor-widget elementor-widget-heading\" data-id=\"7551bcc3\" data-element_type=\"widget\" data-widget_type=\"heading.default\">\n\t\t\t\t<div class=\"elementor-widget-container\">\n\t\t\t<h2 class=\"elementor-heading-title elementor-size-default\">SMS kontra RCS<\/h2>\t\t<\/div>\n\t\t\t\t<\/div>\n\t\t\t\t<div class=\"elementor-element elementor-element-1836a7bb elementor-widget elementor-widget-image\" data-id=\"1836a7bb\" data-element_type=\"widget\" data-widget_type=\"image.default\">\n\t\t\t\t<div class=\"elementor-widget-container\">\n\t\t\t\t\t\t\t\t\t\t\t\t\t\t\t<img fetchpriority=\"high\" decoding=\"async\" width=\"580\" height=\"408\" src=\"https:\/\/new.comverga.com\/deu\/wp-content\/uploads\/sites\/4\/2023\/04\/sms-rcs-1024x721.png\" class=\"attachment-large size-large wp-image-2938\" alt=\"\" srcset=\"https:\/\/new.comverga.com\/deu\/wp-content\/uploads\/sites\/4\/2023\/04\/sms-rcs-1024x721.png 1024w, https:\/\/new.comverga.com\/deu\/wp-content\/uploads\/sites\/4\/2023\/04\/sms-rcs-300x211.png 300w, https:\/\/new.comverga.com\/deu\/wp-content\/uploads\/sites\/4\/2023\/04\/sms-rcs-768x540.png 768w, https:\/\/new.comverga.com\/deu\/wp-content\/uploads\/sites\/4\/2023\/04\/sms-rcs-1536x1081.png 1536w, https:\/\/new.comverga.com\/deu\/wp-content\/uploads\/sites\/4\/2023\/04\/sms-rcs-1200x845.png 1200w, https:\/\/new.comverga.com\/deu\/wp-content\/uploads\/sites\/4\/2023\/04\/sms-rcs.png 1600w\" sizes=\"(max-width: 580px) 100vw, 580px\" \/>\t\t\t\t\t\t\t\t\t\t\t\t\t\t\t<\/div>\n\t\t\t\t<\/div>\n\t\t\t\t<div class=\"elementor-element elementor-element-10523002 elementor-widget elementor-widget-heading\" data-id=\"10523002\" data-element_type=\"widget\" data-widget_type=\"heading.default\">\n\t\t\t\t<div class=\"elementor-widget-container\">\n\t\t\t<h2 class=\"elementor-heading-title elementor-size-default\">Po co zawraca\u0107 sobie g\u0142ow\u0119 RCS\/RBM teraz i dlaczego COMVERGA<\/h2>\t\t<\/div>\n\t\t\t\t<\/div>\n\t\t\t\t<section class=\"elementor-section elementor-inner-section elementor-element elementor-element-2c1c4120 elementor-section-boxed elementor-section-height-default elementor-section-height-default\" data-id=\"2c1c4120\" data-element_type=\"section\">\n\t\t\t\t\t\t<div class=\"elementor-container elementor-column-gap-default\">\n\t\t\t\t\t<div class=\"elementor-column elementor-col-50 elementor-inner-column elementor-element elementor-element-6fecb622\" data-id=\"6fecb622\" data-element_type=\"column\">\n\t\t\t<div class=\"elementor-widget-wrap elementor-element-populated\">\n\t\t\t\t\t\t\t\t<div class=\"elementor-element elementor-element-787aa3ca elementor-widget elementor-widget-text-editor\" data-id=\"787aa3ca\" data-element_type=\"widget\" data-widget_type=\"text-editor.default\">\n\t\t\t\t<div class=\"elementor-widget-container\">\n\t\t\t\t\t\t\t<ul><li>\u0141\u0105czno\u015b\u0107 mi\u0119dzyoperatorska<\/li><li>COMVERGA jest partnerem w zakresie rozwi\u0105za\u0144 dla klient\u00f3w<\/li><li>Kompleksowe rozwi\u0105zanie w ramach platformy Omnichannel<\/li><li>Integracja z istniej\u0105cymi systemami wewn\u0119trznymi<\/li><\/ul>\t\t\t\t\t\t<\/div>\n\t\t\t\t<\/div>\n\t\t\t\t\t<\/div>\n\t\t<\/div>\n\t\t\t\t<div class=\"elementor-column elementor-col-50 elementor-inner-column elementor-element elementor-element-7e5fd455\" data-id=\"7e5fd455\" data-element_type=\"column\">\n\t\t\t<div class=\"elementor-widget-wrap elementor-element-populated\">\n\t\t\t\t\t\t\t\t<div class=\"elementor-element elementor-element-38c97d62 elementor-widget elementor-widget-text-editor\" data-id=\"38c97d62\" data-element_type=\"widget\" data-widget_type=\"text-editor.default\">\n\t\t\t\t<div class=\"elementor-widget-container\">\n\t\t\t\t\t\t\t<ul><li class=\"s39\">Po\u0142\u0105czenie z transakcjami biznesowymi<\/li><li class=\"s39\">Integracja kana\u0142\u00f3w komunikacji ze \u015brodowiskiem<\/li><li class=\"s39\">Doradztwo i wsparcie w tworzeniu tre\u015bci<\/li><li class=\"s39\">R\u00f3\u017cne modele biznesowe, indywidualizacja<\/li><\/ul>\t\t\t\t\t\t<\/div>\n\t\t\t\t<\/div>\n\t\t\t\t\t<\/div>\n\t\t<\/div>\n\t\t\t\t\t\t\t<\/div>\n\t\t<\/section>\n\t\t\t\t<div class=\"elementor-element elementor-element-22b00012 elementor-align-center elementor-widget elementor-widget-button\" data-id=\"22b00012\" data-element_type=\"widget\" data-widget_type=\"button.default\">\n\t\t\t\t<div class=\"elementor-widget-container\">\n\t\t\t\t\t<div class=\"elementor-button-wrapper\">\n\t\t\t<a class=\"elementor-button elementor-button-link elementor-size-sm\" href=\"\/deu\/pl\/dienstleistungen\/sms-messaging-dienste\/rcs-business-messaging\/details-der-rcs\/\">\n\t\t\t\t\t\t<span class=\"elementor-button-content-wrapper\">\n\t\t\t\t\t\t<span class=\"elementor-button-text\">Wi\u0119cej<\/span>\n\t\t<\/span>\n\t\t\t\t\t<\/a>\n\t\t<\/div>\n\t\t\t\t<\/div>\n\t\t\t\t<\/div>\n\t\t\t\t\t<\/div>\n\t\t<\/div>\n\t\t\t\t\t\t\t<\/div>\n\t\t<\/section>\n\t\t\t\t<section class=\"elementor-section elementor-top-section elementor-element elementor-element-1a6b1742 elementor-section-boxed elementor-section-height-default elementor-section-height-default\" data-id=\"1a6b1742\" data-element_type=\"section\">\n\t\t\t\t\t\t<div class=\"elementor-container elementor-column-gap-default\">\n\t\t\t\t\t<div class=\"elementor-column elementor-col-100 elementor-top-column elementor-element elementor-element-63975add\" data-id=\"63975add\" data-element_type=\"column\">\n\t\t\t<div class=\"elementor-widget-wrap elementor-element-populated\">\n\t\t\t\t\t\t\t\t<div class=\"elementor-element elementor-element-58a61466 elementor-widget-divider--view-line elementor-widget elementor-widget-divider\" data-id=\"58a61466\" data-element_type=\"widget\" data-widget_type=\"divider.default\">\n\t\t\t\t<div class=\"elementor-widget-container\">\n\t\t\t\t\t<div class=\"elementor-divider\">\n\t\t\t<span class=\"elementor-divider-separator\">\n\t\t\t\t\t\t<\/span>\n\t\t<\/div>\n\t\t\t\t<\/div>\n\t\t\t\t<\/div>\n\t\t\t\t\t<\/div>\n\t\t<\/div>\n\t\t\t\t\t\t\t<\/div>\n\t\t<\/section>\n\t\t\t\t<section class=\"elementor-section elementor-top-section elementor-element elementor-element-7ca86679 elementor-section-boxed elementor-section-height-default elementor-section-height-default\" data-id=\"7ca86679\" data-element_type=\"section\">\n\t\t\t\t\t\t<div class=\"elementor-container elementor-column-gap-default\">\n\t\t\t\t\t<div class=\"elementor-column elementor-col-100 elementor-top-column elementor-element elementor-element-68ac566c\" data-id=\"68ac566c\" data-element_type=\"column\">\n\t\t\t<div class=\"elementor-widget-wrap elementor-element-populated\">\n\t\t\t\t\t\t\t\t<div class=\"elementor-element elementor-element-2ac463f9 elementor-widget elementor-widget-heading\" data-id=\"2ac463f9\" data-element_type=\"widget\" id=\"custom-heading\" data-widget_type=\"heading.default\">\n\t\t\t\t<div class=\"elementor-widget-container\">\n\t\t\t<h2 class=\"elementor-heading-title elementor-size-default\">przypadk\u00f3w u\u017cycia<\/h2>\t\t<\/div>\n\t\t\t\t<\/div>\n\t\t\t\t<div class=\"elementor-element elementor-element-637b2c95 elementor-widget elementor-widget-html\" data-id=\"637b2c95\" data-element_type=\"widget\" data-widget_type=\"html.default\">\n\t\t\t\t<div class=\"elementor-widget-container\">\n\t\t\t<div class=\"list section-inner custom\">\n\n\t\t<div class=\"list-inner\">\n\t\t    \n\t\t    <div class=\"list-item bg-image\" style=\"background-image:url('\/wp-content\/uploads\/sites\/3\/2023\/04\/coopmobil.jpg')\">\n\t\t\t\t\t<a href=\"\/deu\/pl\/dienstleistungen\/sms-messaging-dienste\/rcs-business-messaging\/kundenbetreuung-im-rahmen-des-betreibers-coop-mobil\/\">\n\n\t\t\t\t\t\t<span class=\"list-item-title\">\n\t\t\t\t\t\t  Obs\u0142uga klient\u00f3w w ramach operatora COOP Mobil\n\t\t\t\t\t\t<\/span>\n\n\t\t\t\t\t\t<span class=\"list-item-description\">\n\t\t\t\t\t\t\t\n Operator kom\u00f3rkowy COOP Mobil oferuje zwyk\u0142e us\u0142ugi telekomunikacyjne, obejmuj\u0105ce codzienn\u0105 obs\u0142ug\u0119 Klienta. Cz\u0119stym tematem zapyta\u0144 klient\u00f3w jest zamawianie nowej us\u0142ugi, pytania dotycz\u0105ce rozlicze\u0144, wykorzystania danych mobilnych, zmian taryf itp.\n\t\t\t\t\t\t\t\n\t\t\t\t\t\t\t<\/span>\n\n\t\t\t\t\t\t\t<span class=\"list-item-link\">Wi\u0119cej<\/span>\n\t\t\t\t\t\t<\/span>\n\t\t\t\t\t<\/a>\n\t\t\t\t<\/div>\n\n\t\t\t\t<div class=\"list-item bg-image\" style=\"background-image:url('\/cze\/wp-content\/uploads\/sites\/3\/2023\/04\/events.png')\">\n\t\t\t\t\t<a href=\"\/deu\/pl\/dienstleistungen\/sms-messaging-dienste\/rcs-business-messaging\/organisierung-von-physischen-und-virtuellen-events\/\">\n\n\t\t\t\t\t\t<span class=\"list-item-title\">\nOrganizacja wydarze\u0144 fizycznych i wirtualnych\t\t\t\t\t<\/span>\n\n\t\t\t\t\t\t<span class=\"list-item-description\">\n\t\t\t\t\t\t\t\nNasz partner jest wieloletnim organizatorem du\u017cych wydarze\u0144 konferencyjnych fizycznych, wirtualnych i hybrydowych. Obejmuje pe\u0142n\u0105 realizacj\u0119 komunikacji o zbli\u017caj\u0105cej si\u0119 konferencji do potencjalnych uczestnik\u00f3w, opracowanie programu wydarzenia...\t\t\t\t\t\t\n\t\t\t\t\t\t\t<\/span>\n\n\t\t\t\t\t\t\t<span class=\"list-item-link\">Wi\u0119cej<\/span>\n\t\t\t\t\t\t<\/span>\n\t\t\t\t\t<\/a>\n\t\t\t\t<\/div>\n\t\t\t\t<div class=\"list-item bg-image\" style=\"background-image:url('\/cze\/wp-content\/uploads\/sites\/3\/2023\/04\/competition.jpg')\">\n\t\t\t\t\t<a href=\"\/deu\/pl\/dienstleistungen\/sms-messaging-dienste\/rcs-business-messaging\/verbraucherwettbewerb\/\">\n\n\t\t\t\t\t\t<span class=\"list-item-title\">\nKonkurencja konsumencka\t\t\t\t\t\t<\/span>\n\n\t\t\t\t\t\t<span class=\"list-item-description\">\n\t\t\t\t\t\t\t\n  Firma dzia\u0142aj\u0105ca w bran\u017cy handlu detalicznego i d\u00f3br konsumpcyjnych oferuje szerok\u0105 gam\u0119 produkt\u00f3w, kt\u00f3r\u0105 stale poszerza o nowe produkty w oparciu o badania i wyniki analiz zachowa\u0144 konsument\u00f3w.\n\n\t\t\t\t\t\t\t\n\t\t\t\t\t\t\t<\/span>\n\n\t\t\t\t\t\t\t<span class=\"list-item-link\">Wi\u0119cej<\/span>\n\t\t\t\t\t\t<\/span>\n\t\t\t\t\t<\/a>\n\t\t\t\t<\/div>\n\t\t\t\t\n\t\t<\/div>\n\t<\/div>\t\t<\/div>\n\t\t\t\t<\/div>\n\t\t\t\t\t<\/div>\n\t\t<\/div>\n\t\t\t\t\t\t\t<\/div>\n\t\t<\/section>\n\t\t\t\t<section class=\"elementor-section elementor-top-section elementor-element elementor-element-17104a45 elementor-section-boxed elementor-section-height-default elementor-section-height-default\" data-id=\"17104a45\" data-element_type=\"section\">\n\t\t\t\t\t\t<div class=\"elementor-container elementor-column-gap-default\">\n\t\t\t\t\t<div class=\"elementor-column elementor-col-100 elementor-top-column elementor-element elementor-element-42590a97\" data-id=\"42590a97\" data-element_type=\"column\">\n\t\t\t<div class=\"elementor-widget-wrap elementor-element-populated\">\n\t\t\t\t\t\t\t\t<div class=\"elementor-element elementor-element-11c3d3bf elementor-widget-divider--view-line elementor-widget elementor-widget-divider\" data-id=\"11c3d3bf\" data-element_type=\"widget\" data-widget_type=\"divider.default\">\n\t\t\t\t<div class=\"elementor-widget-container\">\n\t\t\t\t\t<div class=\"elementor-divider\">\n\t\t\t<span class=\"elementor-divider-separator\">\n\t\t\t\t\t\t<\/span>\n\t\t<\/div>\n\t\t\t\t<\/div>\n\t\t\t\t<\/div>\n\t\t\t\t\t<\/div>\n\t\t<\/div>\n\t\t\t\t\t\t\t<\/div>\n\t\t<\/section>\n\t\t\t\t<section class=\"elementor-section elementor-top-section elementor-element elementor-element-6572ecd elementor-section-boxed elementor-section-height-default elementor-section-height-default\" data-id=\"6572ecd\" data-element_type=\"section\">\n\t\t\t\t\t\t<div class=\"elementor-container elementor-column-gap-default\">\n\t\t\t\t\t<div class=\"elementor-column elementor-col-100 elementor-top-column elementor-element elementor-element-3792252d\" data-id=\"3792252d\" data-element_type=\"column\">\n\t\t\t<div class=\"elementor-widget-wrap elementor-element-populated\">\n\t\t\t\t\t\t\t\t<div class=\"elementor-element elementor-element-4b18efe4 elementor-widget elementor-widget-heading\" data-id=\"4b18efe4\" data-element_type=\"widget\" id=\"custom-heading\" data-widget_type=\"heading.default\">\n\t\t\t\t<div class=\"elementor-widget-container\">\n\t\t\t<h2 class=\"elementor-heading-title elementor-size-default\">Skontaktuj si\u0119 z nami<\/h2>\t\t<\/div>\n\t\t\t\t<\/div>\n\t\t\t\t<div class=\"elementor-element elementor-element-3636a0d elementor-widget elementor-widget-text-editor\" data-id=\"3636a0d\" data-element_type=\"widget\" data-widget_type=\"text-editor.default\">\n\t\t\t\t<div class=\"elementor-widget-container\">\n\t\t\t\t\t\t\t<p style=\"text-align: center;\">Je\u015bli jeste\u015b zainteresowany us\u0142ug\u0105 lub masz jakie\u015b pytania.<br \/>Wype\u0142nij kr\u00f3tki formularz, a my skontaktujemy si\u0119 z Tob\u0105 tak szybko, jak to mo\u017cliwe.<\/p>\t\t\t\t\t\t<\/div>\n\t\t\t\t<\/div>\n\t\t\t\t<div class=\"elementor-element elementor-element-19d2297c premium-modal-dismissible-yes elementor-widget elementor-widget-premium-addon-modal-box\" data-id=\"19d2297c\" data-element_type=\"widget\" data-settings=\"{&quot;premium_modal_box_animation&quot;:&quot;fadeInDown&quot;}\" data-widget_type=\"premium-addon-modal-box.default\">\n\t\t\t\t<div class=\"elementor-widget-container\">\n\t\t\t\r\n\t\t<div class=\"premium-modal-box-container\" data-settings=\"{&quot;trigger&quot;:&quot;button&quot;}\">\r\n\t\t\t<div class=\"premium-modal-trigger-container\">\r\n\t\t\t\t\t\t\t\t\t<button data-toggle=\"premium-modal\" data-target=\"#premium-modal-19d2297c\" type=\"button\" class=\"premium-modal-trigger-btn premium-btn-sm premium-button-none\" data-text=\"Kontaktieren Sie uns\">\r\n\r\n\t\t\t\t\t\t\r\n\t\t\t\t\t\t<div class=\"premium-button-text-icon-wrapper\">\r\n\t\t\t\t\t\t\t<span>Skontaktuj si\u0119 z nami<\/span>\r\n\t\t\t\t\t\t<\/div>\r\n\r\n\t\t\t\t\t\t\r\n\t\t\t\t\t\t\r\n\t\t\t\t\t\t\r\n\t\t\t\t\t<\/button>\r\n\t\t\t\t\t\t\t<\/div>\r\n\r\n\t\t\t<div id=\"premium-modal-19d2297c\" class=\"premium-modal-box-modal\"\r\n\t\t\trole=\"dialog\"\r\n\t\t\tstyle=\"display: none\"\r\n\t\t\t>\r\n\t\t\t\t<div class=\"premium-modal-box-modal-dialog\" data-delay-animation=\"\" data-modal-animation=\"fadeInDown animated-fast\">\r\n\t\t\t\t\t\t\t\t\t\t\t<div class=\"premium-modal-box-modal-header\">\r\n\t\t\t\t\t\t\t\t\t\t\t\t\t\t\t<h3 class=\"premium-modal-box-modal-title\">\r\n\t\t\t\t\t\t\t\t\tSkontaktuj si\u0119 z nami\t\t\t\t\t\t\t\t<\/h3>\r\n\t\t\t\t\t\t\t\t\t\t\t\t\t\t\t\t\t\t\t\t\t\t<div class=\"premium-modal-box-close-button-container\">\r\n\t\t\t\t\t\t\t\t\t<button type=\"button\" class=\"premium-modal-box-modal-close\" data-dismiss=\"premium-modal\">\u00d7<\/button>\r\n\t\t\t\t\t\t\t\t<\/div>\r\n\t\t\t\t\t\t\t\t\t\t\t\t\t<\/div>\r\n\t\t\t\t\t\t\t\t\t\t<div class=\"premium-modal-box-modal-body\">\r\n\t\t\t\t\t\t\t\t\t\t\t<\/div>\r\n\t\t\t\t\t\t\t\t\t<\/div>\r\n\t\t\t<\/div>\r\n\t\t<\/div>\r\n\r\n\t\t\t\t<\/div>\n\t\t\t\t<\/div>\n\t\t\t\t\t<\/div>\n\t\t<\/div>\n\t\t\t\t\t\t\t<\/div>\n\t\t<\/section>\n\t\t\t\t\t\t\t<\/div>","protected":false},"excerpt":{"rendered":"<p><b>Rich Communication Services<\/b> , w skr\u00f3cie RCS, to nowa technologia umo\u017cliwiaj\u0105ca ulepszon\u0105 form\u0119 komunikacji tekstowej i multimedialnej. RCS zosta\u0142 zaprojektowany w celu zast\u0105pienia SMS-\u00f3w i MMS-\u00f3w, kt\u00f3re nadal s\u0105 najpowszechniej stosowan\u0105 form\u0105 komunikacji tekstowej. RCS umo\u017cliwia u\u017cytkownikom wymian\u0119 zdj\u0119\u0107, film\u00f3w, plik\u00f3w audio i innych tre\u015bci multimedialnych w czasie rzeczywistym, podobnie jak w przypadku aplikacji do czatowania.<\/p>","protected":false},"author":1,"featured_media":3056,"parent":202,"menu_order":5,"comment_status":"closed","ping_status":"closed","template":"","meta":{"footnotes":""},"_links":{"self":[{"href":"https:\/\/new.comverga.com\/deu\/pl\/wp-json\/wp\/v2\/pages\/2936"}],"collection":[{"href":"https:\/\/new.comverga.com\/deu\/pl\/wp-json\/wp\/v2\/pages"}],"about":[{"href":"https:\/\/new.comverga.com\/deu\/pl\/wp-json\/wp\/v2\/types\/page"}],"author":[{"embeddable":true,"href":"https:\/\/new.comverga.com\/deu\/pl\/wp-json\/wp\/v2\/users\/1"}],"replies":[{"embeddable":true,"href":"https:\/\/new.comverga.com\/deu\/pl\/wp-json\/wp\/v2\/comments?post=2936"}],"version-history":[{"count":0,"href":"https:\/\/new.comverga.com\/deu\/pl\/wp-json\/wp\/v2\/pages\/2936\/revisions"}],"up":[{"embeddable":true,"href":"https:\/\/new.comverga.com\/deu\/pl\/wp-json\/wp\/v2\/pages\/202"}],"wp:featuredmedia":[{"embeddable":true,"href":"https:\/\/new.comverga.com\/deu\/pl\/wp-json\/wp\/v2\/media\/3056"}],"wp:attachment":[{"href":"https:\/\/new.comverga.com\/deu\/pl\/wp-json\/wp\/v2\/media?parent=2936"}],"curies":[{"name":"wp","href":"https:\/\/api.w.org\/{rel}","templated":true}]}}