{"id":2552,"date":"2023-04-05T09:54:22","date_gmt":"2023-04-05T07:54:22","guid":{"rendered":"https:\/\/www.comverga.com\/deu\/?page_id=2552"},"modified":"2024-01-05T10:06:36","modified_gmt":"2024-01-05T09:06:36","slug":"neues","status":"publish","type":"page","link":"https:\/\/new.comverga.com\/deu\/pl\/neues\/","title":{"rendered":"Nowy"},"content":{"rendered":"<div data-elementor-type=\"wp-page\" data-elementor-id=\"2552\" class=\"elementor elementor-2552\">\n\t\t\t\t\t\t\t\t\t<section class=\"elementor-section elementor-top-section elementor-element elementor-element-43806f1 elementor-section-boxed elementor-section-height-default elementor-section-height-default\" data-id=\"43806f1\" data-element_type=\"section\">\n\t\t\t\t\t\t<div class=\"elementor-container elementor-column-gap-default\">\n\t\t\t\t\t<div class=\"elementor-column elementor-col-100 elementor-top-column elementor-element elementor-element-624395f8\" data-id=\"624395f8\" data-element_type=\"column\">\n\t\t\t<div class=\"elementor-widget-wrap elementor-element-populated\">\n\t\t\t\t\t\t\t\t<div class=\"elementor-element elementor-element-4eb25262 premium-blog-cta-full-yes premium-blog-align-justify elementor-widget elementor-widget-premium-addon-blog\" data-id=\"4eb25262\" data-element_type=\"widget\" data-settings=\"{&quot;scroll_to_offset&quot;:&quot;yes&quot;}\" data-widget_type=\"premium-addon-blog.default\">\n\t\t\t\t<div class=\"elementor-widget-container\">\n\t\t\t\r\n\t\t\t\t<div class=\"premium-blog-wrap  premium-blog-list\" data-page=\"2552\" data-pagination=\"true\">\r\n\t\t\t\t\t<article class=\"premium-blog-post-outer-container\" data-total=\"2\">\r\n\t\t\t<div class=\"premium-blog-post-container premium-blog-skin-classic\">\r\n\t\t\t\t\t\t\t\t\t\t\t\t<div class=\"premium-blog-content-wrapper empty-thumb\">\r\n\r\n\t\t\t\t\t<div class=\"premium-blog-inner-container\">\r\n\r\n\t\t\t\t\t\t\t\t\t\t\t\t\t\t<h2 class=\"premium-blog-entry-title\">\r\n\t\t\t<a href=\"https:\/\/new.comverga.com\/deu\/pl\/news\/klokanmobil-ab-januar-2024-teil-der-comverga-gruppe\/\" target=\"_blank\">\r\n\t\t\t\tKlokanMobil od stycznia 2024 r. cz\u0119\u015bci\u0105 Grupy COMVERGA\t\t\t<\/a>\r\n\t\t<\/h2>\r\n\t\t\t\t<div class=\"premium-blog-entry-meta\">\r\n\t\t\t\r\n\t\t\t\t\t\t\t<span class=\"premium-blog-meta-separator\">\u2022<\/span>\r\n\t\t\t\t<div class=\"premium-blog-post-time premium-blog-meta-data\">\r\n\t\t\t\t\t<i class=\"fa fa-calendar-alt\" aria-hidden=\"true\"><\/i>\r\n\t\t\t\t\t<span>1 stycznia 2024<\/span>\r\n\t\t\t\t<\/div>\r\n\t\t\t\r\n\t\t\t\r\n\t\t\t\t\t<\/div>\r\n\t\t\r\n\t\t\t\t\t<\/div>\r\n\r\n\t\t\t\t\t\t\t<div class=\"premium-blog-content-inner-wrapper\">\r\n\t\t<p class=\"premium-blog-post-content\">Quadruple, jako sp\u00f3\u0142ka joint venture COMVERGA, naby\u0142a 100% udzia\u0142\u00f3w w wirtualnym operatorze kom\u00f3rkowym KlokanMobil. Przej\u0119cie to wzmacnia pozycj\u0119 rynkow\u0105 COMVERGA i zwi\u0119ksza jej udzia\u0142 w rynku.<\/p><div class=\"premium-blog-excerpt-link-wrap\"><a href=\"https:\/\/new.comverga.com\/deu\/pl\/news\/klokanmobil-ab-januar-2024-teil-der-comverga-gruppe\/\" target=\"_blank\" class=\"premium-blog-excerpt-link elementor-button\">Wi\u0119cej<\/a><\/div>\t\t<\/div>\r\n\t\t\t\t\t\t\t\t\t\t\t\t\t<div class=\"premium-blog-post-tags-container\">\r\n\t\t\t\t\t\t\t\t<i class=\"fa fa-tags fa-fw\" aria-hidden=\"true\"><\/i>\r\n\t\t\t\t\t\t\t\t <a href=\"https:\/\/new.comverga.com\/deu\/pl\/news\/tag\/prag\/\" rel=\"tag\">Prag<\/a>\t\t\t\t\t\t<\/div>\r\n\t\t\t\t\t\r\n\t\t\t\t<\/div>\r\n\t\t\t<\/div>\r\n\t\t<\/article>\r\n\r\n\t\t\t\t<article class=\"premium-blog-post-outer-container\" data-total=\"2\">\r\n\t\t\t<div class=\"premium-blog-post-container premium-blog-skin-classic\">\r\n\t\t\t\t\t\t\t\t\t\t\t\t<div class=\"premium-blog-content-wrapper empty-thumb\">\r\n\r\n\t\t\t\t\t<div class=\"premium-blog-inner-container\">\r\n\r\n\t\t\t\t\t\t\t\t\t\t\t\t\t\t<h2 class=\"premium-blog-entry-title\">\r\n\t\t\t<a href=\"https:\/\/new.comverga.com\/deu\/pl\/news\/iso-iec-27001-informationssicherheitsmanagement-isms-2\/\" target=\"_blank\">\r\n\t\t\t\tISO\/IEC 27001 - Zarz\u0105dzanie bezpiecze\u0144stwem informacji (ISMS)\t\t\t<\/a>\r\n\t\t<\/h2>\r\n\t\t\t\t<div class=\"premium-blog-entry-meta\">\r\n\t\t\t\r\n\t\t\t\t\t\t\t<span class=\"premium-blog-meta-separator\">\u2022<\/span>\r\n\t\t\t\t<div class=\"premium-blog-post-time premium-blog-meta-data\">\r\n\t\t\t\t\t<i class=\"fa fa-calendar-alt\" aria-hidden=\"true\"><\/i>\r\n\t\t\t\t\t<span>7 grudnia 2023<\/span>\r\n\t\t\t\t<\/div>\r\n\t\t\t\r\n\t\t\t\r\n\t\t\t\t\t<\/div>\r\n\t\t\r\n\t\t\t\t\t<\/div>\r\n\r\n\t\t\t\t\t\t\t<div class=\"premium-blog-content-inner-wrapper\">\r\n\t\t<p class=\"premium-blog-post-content\">Pod koniec 2023 roku COMVERGA pomy\u015blnie przesz\u0142a recertyfikacj\u0119 ISO\/IEC 27001 w zakresie zarz\u0105dzania informacj\u0105 w us\u0142ugach telekomunikacyjnych i p\u0142atniczych. Przed\u0142u\u017cenie certyfikatu na kolejne 3 lata przez renomowan\u0105 organizacj\u0119 T\u00dcV S\u00dcD to znacz\u0105cy krok, kt\u00f3ry potwierdza zdolno\u015b\u0107 firmy do przestrzegania i ci\u0105g\u0142ego doskonalenia systemu zarz\u0105dzania informacj\u0105.<\/p><div class=\"premium-blog-excerpt-link-wrap\"><a href=\"https:\/\/new.comverga.com\/deu\/pl\/news\/iso-iec-27001-informationssicherheitsmanagement-isms-2\/\" target=\"_blank\" class=\"premium-blog-excerpt-link elementor-button\">Wi\u0119cej<\/a><\/div>\t\t<\/div>\r\n\t\t\t\t\t\t\t\t\t\t\t\t\t<div class=\"premium-blog-post-tags-container\">\r\n\t\t\t\t\t\t\t\t<i class=\"fa fa-tags fa-fw\" aria-hidden=\"true\"><\/i>\r\n\t\t\t\t\t\t\t\t <a href=\"https:\/\/new.comverga.com\/deu\/pl\/news\/tag\/weltweite\/\" rel=\"tag\">\u015awiatowy<\/a>\t\t\t\t\t\t<\/div>\r\n\t\t\t\t\t\r\n\t\t\t\t<\/div>\r\n\t\t\t<\/div>\r\n\t\t<\/article>\r\n\r\n\t\t\t\t<article class=\"premium-blog-post-outer-container\" data-total=\"2\">\r\n\t\t\t<div class=\"premium-blog-post-container premium-blog-skin-classic\">\r\n\t\t\t\t\t\t\t\t\t\t\t\t<div class=\"premium-blog-content-wrapper empty-thumb\">\r\n\r\n\t\t\t\t\t<div class=\"premium-blog-inner-container\">\r\n\r\n\t\t\t\t\t\t\t\t\t\t\t\t\t\t<h2 class=\"premium-blog-entry-title\">\r\n\t\t\t<a href=\"https:\/\/new.comverga.com\/deu\/pl\/news\/campersim-eroeffnet-unbegrenzte-internetmoeglichkeiten-fuer-unterwegsauch-dank-der-comverga-loesung\/\" target=\"_blank\">\r\n\t\t\t\tCAMPERSIM otwiera nieograniczone mo\u017cliwo\u015bci Internetu w podr\u00f3\u017cy<br><div class=\"invisible\">(r\u00f3wnie\u017c dzi\u0119ki rozwi\u0105zaniu COMVERGA)<\/div>\t\t\t<\/a>\r\n\t\t<\/h2>\r\n\t\t\t\t<div class=\"premium-blog-entry-meta\">\r\n\t\t\t\r\n\t\t\t\t\t\t\t<span class=\"premium-blog-meta-separator\">\u2022<\/span>\r\n\t\t\t\t<div class=\"premium-blog-post-time premium-blog-meta-data\">\r\n\t\t\t\t\t<i class=\"fa fa-calendar-alt\" aria-hidden=\"true\"><\/i>\r\n\t\t\t\t\t<span>1 wrze\u015bnia 2023<\/span>\r\n\t\t\t\t<\/div>\r\n\t\t\t\r\n\t\t\t\r\n\t\t\t\t\t<\/div>\r\n\t\t\r\n\t\t\t\t\t<\/div>\r\n\r\n\t\t\t\t\t\t\t<div class=\"premium-blog-content-inner-wrapper\">\r\n\t\t<p class=\"premium-blog-post-content\">CAMPERSIM firmy ProVerDa GmbH to kolejny projekt dzia\u0142aj\u0105cy na platformie COMVERGA.<\/p><div class=\"premium-blog-excerpt-link-wrap\"><a href=\"https:\/\/new.comverga.com\/deu\/pl\/news\/campersim-eroeffnet-unbegrenzte-internetmoeglichkeiten-fuer-unterwegsauch-dank-der-comverga-loesung\/\" target=\"_blank\" class=\"premium-blog-excerpt-link elementor-button\">Wi\u0119cej<\/a><\/div>\t\t<\/div>\r\n\t\t\t\t\t\t\t\t\t\t\t\t\t<div class=\"premium-blog-post-tags-container\">\r\n\t\t\t\t\t\t\t\t<i class=\"fa fa-tags fa-fw\" aria-hidden=\"true\"><\/i>\r\n\t\t\t\t\t\t\t\t <a href=\"https:\/\/new.comverga.com\/deu\/pl\/news\/tag\/deutschland\/\" rel=\"tag\">Niemcy<\/a>\t\t\t\t\t\t<\/div>\r\n\t\t\t\t\t\r\n\t\t\t\t<\/div>\r\n\t\t\t<\/div>\r\n\t\t<\/article>\r\n\r\n\t\t\t\t<article class=\"premium-blog-post-outer-container\" data-total=\"2\">\r\n\t\t\t<div class=\"premium-blog-post-container premium-blog-skin-classic\">\r\n\t\t\t\t\t\t\t\t\t\t\t\t<div class=\"premium-blog-content-wrapper empty-thumb\">\r\n\r\n\t\t\t\t\t<div class=\"premium-blog-inner-container\">\r\n\r\n\t\t\t\t\t\t\t\t\t\t\t\t\t\t<h2 class=\"premium-blog-entry-title\">\r\n\t\t\t<a href=\"https:\/\/new.comverga.com\/deu\/pl\/news\/comverga-startete-die-erste-pilot-rbm-kampagne\/\" target=\"_blank\">\r\n\t\t\t\tCOMVERGA uruchomi\u0142a pierwsz\u0105 pilota\u017cow\u0105 kampani\u0119 dotycz\u0105c\u0105 zarz\u0105dzania gospodark\u0105 RBM\t\t\t<\/a>\r\n\t\t<\/h2>\r\n\t\t\t\t<div class=\"premium-blog-entry-meta\">\r\n\t\t\t\r\n\t\t\t\t\t\t\t<span class=\"premium-blog-meta-separator\">\u2022<\/span>\r\n\t\t\t\t<div class=\"premium-blog-post-time premium-blog-meta-data\">\r\n\t\t\t\t\t<i class=\"fa fa-calendar-alt\" aria-hidden=\"true\"><\/i>\r\n\t\t\t\t\t<span>29 sierpnia 2023<\/span>\r\n\t\t\t\t<\/div>\r\n\t\t\t\r\n\t\t\t\r\n\t\t\t\t\t<\/div>\r\n\t\t\r\n\t\t\t\t\t<\/div>\r\n\r\n\t\t\t\t\t\t\t<div class=\"premium-blog-content-inner-wrapper\">\r\n\t\t<p class=\"premium-blog-post-content\">W czerwcu 2023 roku mogli\u015bmy odnotowa\u0107 sukces, kiedy nasza firma COMVERGA otrzyma\u0142a presti\u017cowy certyfikat z biura eksperckiego Dr. Buszel otrzymany za prawid\u0142owe fakturowanie us\u0142ug telekomunikacyjnych.<\/p><div class=\"premium-blog-excerpt-link-wrap\"><a href=\"https:\/\/new.comverga.com\/deu\/pl\/news\/comverga-startete-die-erste-pilot-rbm-kampagne\/\" target=\"_blank\" class=\"premium-blog-excerpt-link elementor-button\">Wi\u0119cej<\/a><\/div>\t\t<\/div>\r\n\t\t\t\t\t\t\t\t\t\t\t\t\t<div class=\"premium-blog-post-tags-container\">\r\n\t\t\t\t\t\t\t\t<i class=\"fa fa-tags fa-fw\" aria-hidden=\"true\"><\/i>\r\n\t\t\t\t\t\t\t\t <a href=\"https:\/\/new.comverga.com\/deu\/pl\/news\/tag\/tschechische-republik\/\" rel=\"tag\">Republika Czeska<\/a>\t\t\t\t\t\t<\/div>\r\n\t\t\t\t\t\r\n\t\t\t\t<\/div>\r\n\t\t\t<\/div>\r\n\t\t<\/article>\r\n\r\n\t\t\t\t<article class=\"premium-blog-post-outer-container\" data-total=\"2\">\r\n\t\t\t<div class=\"premium-blog-post-container premium-blog-skin-classic\">\r\n\t\t\t\t\t\t\t\t\t\t\t\t<div class=\"premium-blog-content-wrapper empty-thumb\">\r\n\r\n\t\t\t\t\t<div class=\"premium-blog-inner-container\">\r\n\r\n\t\t\t\t\t\t\t\t\t\t\t\t\t\t<h2 class=\"premium-blog-entry-title\">\r\n\t\t\t<a href=\"https:\/\/new.comverga.com\/deu\/pl\/news\/zertifizierung-des-sdp-systems-service-delivery-platform-fuer-deutschland%ef%bf%bc\/\" target=\"_blank\">\r\n\t\t\t\tCertyfikacja platformy \u015bwiadczenia us\u0142ug (SDP) dla Niemiec\t\t\t<\/a>\r\n\t\t<\/h2>\r\n\t\t\t\t<div class=\"premium-blog-entry-meta\">\r\n\t\t\t\r\n\t\t\t\t\t\t\t<span class=\"premium-blog-meta-separator\">\u2022<\/span>\r\n\t\t\t\t<div class=\"premium-blog-post-time premium-blog-meta-data\">\r\n\t\t\t\t\t<i class=\"fa fa-calendar-alt\" aria-hidden=\"true\"><\/i>\r\n\t\t\t\t\t<span>15 czerwca 2023<\/span>\r\n\t\t\t\t<\/div>\r\n\t\t\t\r\n\t\t\t\r\n\t\t\t\t\t<\/div>\r\n\t\t\r\n\t\t\t\t\t<\/div>\r\n\r\n\t\t\t\t\t\t\t<div class=\"premium-blog-content-inner-wrapper\">\r\n\t\t<p class=\"premium-blog-post-content\">W czerwcu 2023 roku mogli\u015bmy odnotowa\u0107 sukces, kiedy nasza firma COMVERGA otrzyma\u0142a presti\u017cowy certyfikat z biura eksperckiego Dr. Buszel otrzymany za prawid\u0142owe fakturowanie us\u0142ug telekomunikacyjnych.<\/p><div class=\"premium-blog-excerpt-link-wrap\"><a href=\"https:\/\/new.comverga.com\/deu\/pl\/news\/zertifizierung-des-sdp-systems-service-delivery-platform-fuer-deutschland%ef%bf%bc\/\" target=\"_blank\" class=\"premium-blog-excerpt-link elementor-button\">Wi\u0119cej<\/a><\/div>\t\t<\/div>\r\n\t\t\t\t\t\t\t\t\t\t\t\t\t<div class=\"premium-blog-post-tags-container\">\r\n\t\t\t\t\t\t\t\t<i class=\"fa fa-tags fa-fw\" aria-hidden=\"true\"><\/i>\r\n\t\t\t\t\t\t\t\t <a href=\"https:\/\/new.comverga.com\/deu\/pl\/news\/tag\/deutschland\/\" rel=\"tag\">Niemcy<\/a>\t\t\t\t\t\t<\/div>\r\n\t\t\t\t\t\r\n\t\t\t\t<\/div>\r\n\t\t\t<\/div>\r\n\t\t<\/article>\r\n\r\n\t\t\t\t<article class=\"premium-blog-post-outer-container\" data-total=\"2\">\r\n\t\t\t<div class=\"premium-blog-post-container premium-blog-skin-classic\">\r\n\t\t\t\t\t\t\t\t\t\t\t\t<div class=\"premium-blog-content-wrapper empty-thumb\">\r\n\r\n\t\t\t\t\t<div class=\"premium-blog-inner-container\">\r\n\r\n\t\t\t\t\t\t\t\t\t\t\t\t\t\t<h2 class=\"premium-blog-entry-title\">\r\n\t\t\t<a href=\"https:\/\/new.comverga.com\/deu\/pl\/news\/wir-sind-ueberall-verstreut\/\" target=\"_blank\">\r\n\t\t\t\tJeste\u015bmy rozproszeni wsz\u0119dzie\t\t\t<\/a>\r\n\t\t<\/h2>\r\n\t\t\t\t<div class=\"premium-blog-entry-meta\">\r\n\t\t\t\r\n\t\t\t\t\t\t\t<span class=\"premium-blog-meta-separator\">\u2022<\/span>\r\n\t\t\t\t<div class=\"premium-blog-post-time premium-blog-meta-data\">\r\n\t\t\t\t\t<i class=\"fa fa-calendar-alt\" aria-hidden=\"true\"><\/i>\r\n\t\t\t\t\t<span>5 maja 2023<\/span>\r\n\t\t\t\t<\/div>\r\n\t\t\t\r\n\t\t\t\r\n\t\t\t\t\t<\/div>\r\n\t\t\r\n\t\t\t\t\t<\/div>\r\n\r\n\t\t\t\t\t\t\t<div class=\"premium-blog-content-inner-wrapper\">\r\n\t\t<p class=\"premium-blog-post-content\">Jeste\u015bmy w sta\u0142ym kontakcie i pracujemy z r\u00f3\u017cnych cz\u0119\u015bci \u015bwiata, takich jak USA, Kanada, Tajlandia i inne. Mo\u017cesz teraz skontaktowa\u0107 si\u0119 z nami tak\u017ce w Szwecji.<\/p><div class=\"premium-blog-excerpt-link-wrap\"><a href=\"https:\/\/new.comverga.com\/deu\/pl\/news\/wir-sind-ueberall-verstreut\/\" target=\"_blank\" class=\"premium-blog-excerpt-link elementor-button\">Wi\u0119cej<\/a><\/div>\t\t<\/div>\r\n\t\t\t\t\t\t\t\t\t\t\t\t\t<div class=\"premium-blog-post-tags-container\">\r\n\t\t\t\t\t\t\t\t<i class=\"fa fa-tags fa-fw\" aria-hidden=\"true\"><\/i>\r\n\t\t\t\t\t\t\t\t <a href=\"https:\/\/new.comverga.com\/deu\/pl\/news\/tag\/weltweite\/\" rel=\"tag\">\u015awiatowy<\/a>\t\t\t\t\t\t<\/div>\r\n\t\t\t\t\t\r\n\t\t\t\t<\/div>\r\n\t\t\t<\/div>\r\n\t\t<\/article>\r\n\r\n\t\t\t\t<\/div>\r\n\r\n\t\t\t\t<div class=\"premium-blog-footer\">\r\n\t\t\t\t\t\t<nav class=\"premium-blog-pagination-container\" role=\"navigation\" aria-label=\"Pagination\">\r\n\t\t\t\t<span aria-current=\"page\" class=\"page-numbers current\">1<\/span>\n<a class=\"page-numbers\" href=\"https:\/\/new.comverga.com\/deu\/pl\/wp-json\/wp\/v2\/pages\/2552\/page\/2\/\">2<\/a>\n<a class=\"next page-numbers\" href=\"https:\/\/new.comverga.com\/deu\/pl\/wp-json\/wp\/v2\/pages\/2552\/page\/2\/\">N\u00e4chste \u00bb<\/a>\t\t\t<\/nav>\r\n\t\t\t\t\t<\/div>\r\n\t\t\t\t\t<\/div>\n\t\t\t\t<\/div>\n\t\t\t\t\t<\/div>\n\t\t<\/div>\n\t\t\t\t\t\t\t<\/div>\n\t\t<\/section>\n\t\t\t\t\t\t\t<\/div>","protected":false},"excerpt":{"rendered":"<p>CAMPERSIM er\u00f6ffnet unbegrenzte Internetm\u00f6glichkeiten f\u00fcr unterwegs(auch dank der COMVERGA-L\u00f6sung) \u2022 1 September 2023 CAMPERSIM von ProVerDa GmbH ist ein weiteres Projekt, das auf der COMVERGA-Plattform l\u00e4uft. Mehr \u00bb Deutschland COMVERGA startete die erste Pilot-RBM-Kampagne \u2022 29 August 2023 Im Juni 2023 konnten wir einen Erfolg verbuchen, als unsere Firma COMVERGA ein angesehenes Zertifikat des Sachverst\u00e4ndigenb\u00fcros [&hellip;]<\/p>","protected":false},"author":1,"featured_media":230,"parent":0,"menu_order":0,"comment_status":"closed","ping_status":"closed","template":"","meta":{"footnotes":""},"_links":{"self":[{"href":"https:\/\/new.comverga.com\/deu\/pl\/wp-json\/wp\/v2\/pages\/2552"}],"collection":[{"href":"https:\/\/new.comverga.com\/deu\/pl\/wp-json\/wp\/v2\/pages"}],"about":[{"href":"https:\/\/new.comverga.com\/deu\/pl\/wp-json\/wp\/v2\/types\/page"}],"author":[{"embeddable":true,"href":"https:\/\/new.comverga.com\/deu\/pl\/wp-json\/wp\/v2\/users\/1"}],"replies":[{"embeddable":true,"href":"https:\/\/new.comverga.com\/deu\/pl\/wp-json\/wp\/v2\/comments?post=2552"}],"version-history":[{"count":0,"href":"https:\/\/new.comverga.com\/deu\/pl\/wp-json\/wp\/v2\/pages\/2552\/revisions"}],"wp:featuredmedia":[{"embeddable":true,"href":"https:\/\/new.comverga.com\/deu\/pl\/wp-json\/wp\/v2\/media\/230"}],"wp:attachment":[{"href":"https:\/\/new.comverga.com\/deu\/pl\/wp-json\/wp\/v2\/media?parent=2552"}],"curies":[{"name":"wp","href":"https:\/\/api.w.org\/{rel}","templated":true}]}}