{"id":2527,"date":"2023-04-05T09:43:56","date_gmt":"2023-04-05T07:43:56","guid":{"rendered":"https:\/\/www.comverga.com\/deu\/?page_id=2527"},"modified":"2024-01-09T15:32:22","modified_gmt":"2024-01-09T14:32:22","slug":"homepage-new","status":"publish","type":"page","link":"https:\/\/new.comverga.com\/deu\/pl\/","title":{"rendered":"Homepage New"},"content":{"rendered":"<div data-elementor-type=\"wp-page\" data-elementor-id=\"2527\" class=\"elementor elementor-2527\">\n\t\t\t\t\t\t\t\t\t<section class=\"elementor-section elementor-top-section elementor-element elementor-element-1edb2ad9 elementor-section-boxed elementor-section-height-default elementor-section-height-default\" data-id=\"1edb2ad9\" data-element_type=\"section\">\n\t\t\t\t\t\t<div class=\"elementor-container elementor-column-gap-default\">\n\t\t\t\t\t<div class=\"elementor-column elementor-col-100 elementor-top-column elementor-element elementor-element-6137ea27\" data-id=\"6137ea27\" data-element_type=\"column\">\n\t\t\t<div class=\"elementor-widget-wrap elementor-element-populated\">\n\t\t\t\t\t\t\t\t\t<\/div>\n\t\t<\/div>\n\t\t\t\t\t\t\t<\/div>\n\t\t<\/section>\n\t\t\t\t<section class=\"elementor-section elementor-top-section elementor-element elementor-element-37f9f797 elementor-section-boxed elementor-section-height-default elementor-section-height-default\" data-id=\"37f9f797\" data-element_type=\"section\" data-settings=\"{&quot;background_background&quot;:&quot;classic&quot;}\">\n\t\t\t\t\t\t<div class=\"elementor-container elementor-column-gap-default\">\n\t\t\t\t\t<div class=\"elementor-column elementor-col-100 elementor-top-column elementor-element elementor-element-6b55e689\" data-id=\"6b55e689\" data-element_type=\"column\" data-settings=\"{&quot;background_background&quot;:&quot;classic&quot;}\">\n\t\t\t<div class=\"elementor-widget-wrap elementor-element-populated\">\n\t\t\t\t\t\t\t\t<div class=\"elementor-element elementor-element-178a90a elementor-widget elementor-widget-heading\" data-id=\"178a90a\" data-element_type=\"widget\" data-widget_type=\"heading.default\">\n\t\t\t\t<div class=\"elementor-widget-container\">\n\t\t\t<h2 class=\"elementor-heading-title elementor-size-default\">Wi\u0119cej o naszym portfolio<\/h2>\t\t<\/div>\n\t\t\t\t<\/div>\n\t\t\t\t<div class=\"elementor-element elementor-element-16019648 elementor-widget elementor-widget-premium-carousel-widget\" data-id=\"16019648\" data-element_type=\"widget\" data-widget_type=\"premium-carousel-widget.default\">\n\t\t\t\t<div class=\"elementor-widget-container\">\n\t\t\t\r\n\t\t<div id=\"premium-carousel-wrapper-16019648\" class=\"premium-carousel-wrapper premium-carousel-hidden carousel-wrapper-16019648  premium-carousel-dots-below\" data-settings=\"{&quot;vertical&quot;:false,&quot;slidesToScroll&quot;:1,&quot;slidesToShow&quot;:1,&quot;infinite&quot;:true,&quot;speed&quot;:300,&quot;fade&quot;:false,&quot;autoplay&quot;:true,&quot;autoplaySpeed&quot;:5000,&quot;draggable&quot;:true,&quot;touchMove&quot;:true,&quot;adaptiveHeight&quot;:true,&quot;variableWidth&quot;:false,&quot;cssEase&quot;:&quot;ease&quot;,&quot;pauseOnHover&quot;:true,&quot;centerMode&quot;:false,&quot;arrows&quot;:true,&quot;dots&quot;:true,&quot;slidesDesk&quot;:1,&quot;slidesTab&quot;:1,&quot;slidesMob&quot;:1,&quot;animation&quot;:&quot;null&quot;,&quot;tabletBreak&quot;:1025,&quot;mobileBreak&quot;:768,&quot;navigation&quot;:[&quot;&quot;,&quot;&quot;,&quot;&quot;,&quot;&quot;,&quot;&quot;,&quot;&quot;,&quot;&quot;,&quot;&quot;,&quot;&quot;,&quot;&quot;,&quot;&quot;,&quot;&quot;,&quot;&quot;,&quot;&quot;,&quot;&quot;,&quot;&quot;],&quot;carouselNavigation&quot;:&quot;dots&quot;,&quot;templatesNumber&quot;:16}\">\r\n\t\t\t\t\t\t<div class=\"premium-carousel-nav-dot\">\r\n\t\t\t\t\t\t\t\t<i class=\"fas fa-circle\" aria-hidden=\"true\"><\/i>\r\n\t\t\t\t\t\t\t\t<\/div>\r\n\t\t\t\t\t\t\t\t<div class=\"premium-carousel-nav-arrow-prev\">\r\n\t\t\t\t\t<a type=\"button\" data-role=\"none\" class=\"carousel-arrow carousel-prev\" aria-label=\"Poprzedni\" role=\"button\">\r\n\t\t\t\t\t\t\t\t\t\t<i class=\"fas fa-chevron-left\" aria-hidden=\"true\"><\/i>\r\n\t\t\t\t\t\t\t\t\t<\/a>\r\n\t\t\t\t<\/div>\r\n\t\t\t\t<div class=\"premium-carousel-nav-arrow-next\">\r\n\t\t\t\t\t<a type=\"button\" data-role=\"none\" class=\"carousel-arrow carousel-next\" aria-label=\"Nast\u0119pny\" role=\"button\">\r\n\t\t\t\t\t\t\t\t\t\t<i class=\"fas fa-chevron-right\" aria-hidden=\"true\"><\/i>\r\n\t\t\t\t\t\t\t\t\t<\/a>\r\n\t\t\t\t<\/div>\r\n\t\t\t\t\t<div id=\"premium-carousel-16019648\" class=\"premium-carousel-inner\">\r\n\t\t\t\t\t\t<div class=\"premium-carousel-template item-wrapper\">\r\n\t\t\t\t\t\t\t\t\t\t\t\t\t\t<\/div>\r\n\t\t\t\t\t\t\t\t<div class=\"premium-carousel-template item-wrapper\">\r\n\t\t\t\t\t\t\t\t\t\t\t\t\t\t<\/div>\r\n\t\t\t\t\t\t\t\t<div class=\"premium-carousel-template item-wrapper\">\r\n\t\t\t\t\t\t\t\t\t\t\t\t\t\t<\/div>\r\n\t\t\t\t\t\t\t\t<div class=\"premium-carousel-template item-wrapper\">\r\n\t\t\t\t\t\t\t\t\t\t\t\t\t\t<\/div>\r\n\t\t\t\t\t\t\t\t<div class=\"premium-carousel-template item-wrapper\">\r\n\t\t\t\t\t\t\t\t\t\t\t\t\t\t<\/div>\r\n\t\t\t\t\t\t\t\t<div class=\"premium-carousel-template item-wrapper\">\r\n\t\t\t\t\t\t\t\t\t\t\t\t\t\t<\/div>\r\n\t\t\t\t\t\t\t\t<div class=\"premium-carousel-template item-wrapper\">\r\n\t\t\t\t\t\t\t\t\t\t\t\t\t\t<\/div>\r\n\t\t\t\t\t\t\t\t<div class=\"premium-carousel-template item-wrapper\">\r\n\t\t\t\t\t\t\t\t\t\t\t\t\t\t<\/div>\r\n\t\t\t\t\t\t\t\t<div class=\"premium-carousel-template item-wrapper\">\r\n\t\t\t\t\t\t\t\t\t\t\t\t\t\t<\/div>\r\n\t\t\t\t\t\t\t\t<div class=\"premium-carousel-template item-wrapper\">\r\n\t\t\t\t\t\t\t\t\t\t\t\t\t\t<\/div>\r\n\t\t\t\t\t\t\t\t<div class=\"premium-carousel-template item-wrapper\">\r\n\t\t\t\t\t\t\t\t\t\t\t\t\t\t<\/div>\r\n\t\t\t\t\t\t\t\t<div class=\"premium-carousel-template item-wrapper\">\r\n\t\t\t\t\t\t\t\t\t\t\t\t\t\t<\/div>\r\n\t\t\t\t\t\t\t\t<div class=\"premium-carousel-template item-wrapper\">\r\n\t\t\t\t\t\t\t\t\t\t\t\t\t\t<\/div>\r\n\t\t\t\t\t\t\t\t<div class=\"premium-carousel-template item-wrapper\">\r\n\t\t\t\t\t\t\t\t\t\t\t\t\t\t<\/div>\r\n\t\t\t\t\t\t\t\t<div class=\"premium-carousel-template item-wrapper\">\r\n\t\t\t\t\t\t\t\t\t\t\t\t\t\t<\/div>\r\n\t\t\t\t\t\t\t\t<div class=\"premium-carousel-template item-wrapper\">\r\n\t\t\t\t\t\t\t\t\t\t\t\t\t\t<\/div>\r\n\t\t\t\t\t\t\t<\/div>\r\n\t\t\t\t\t<\/div>\r\n\t\t\t\t<\/div>\n\t\t\t\t<\/div>\n\t\t\t\t\t<\/div>\n\t\t<\/div>\n\t\t\t\t\t\t\t<\/div>\n\t\t<\/section>\n\t\t\t\t<section class=\"elementor-section elementor-top-section elementor-element elementor-element-5797660a elementor-section-boxed elementor-section-height-default elementor-section-height-default\" data-id=\"5797660a\" data-element_type=\"section\">\n\t\t\t\t\t\t<div class=\"elementor-container elementor-column-gap-default\">\n\t\t\t\t\t<div class=\"elementor-column elementor-col-100 elementor-top-column elementor-element elementor-element-a849538\" data-id=\"a849538\" data-element_type=\"column\">\n\t\t\t<div class=\"elementor-widget-wrap elementor-element-populated\">\n\t\t\t\t\t\t\t\t<div class=\"elementor-element elementor-element-ddb390c elementor-widget elementor-widget-heading\" data-id=\"ddb390c\" data-element_type=\"widget\" data-widget_type=\"heading.default\">\n\t\t\t\t<div class=\"elementor-widget-container\">\n\t\t\t<h2 class=\"elementor-heading-title elementor-size-default\">Nowo\u015bci od COMVERGI<\/h2>\t\t<\/div>\n\t\t\t\t<\/div>\n\t\t\t\t\t<\/div>\n\t\t<\/div>\n\t\t\t\t\t\t\t<\/div>\n\t\t<\/section>\n\t\t\t\t<section class=\"elementor-section elementor-top-section elementor-element elementor-element-31447dc1 elementor-section-boxed elementor-section-height-default elementor-section-height-default\" data-id=\"31447dc1\" data-element_type=\"section\">\n\t\t\t\t\t\t<div class=\"elementor-container elementor-column-gap-default\">\n\t\t\t\t\t<div class=\"elementor-column elementor-col-100 elementor-top-column elementor-element elementor-element-4b6e9378\" data-id=\"4b6e9378\" data-element_type=\"column\" data-settings=\"{&quot;background_background&quot;:&quot;classic&quot;}\">\n\t\t\t<div class=\"elementor-widget-wrap elementor-element-populated\">\n\t\t\t\t\t\t\t\t<div class=\"elementor-element elementor-element-4dc77d78 stratum-navigation-arrow-position-inside stratum-list-image-left elementor-widget elementor-widget-stratum-advanced-posts\" data-id=\"4dc77d78\" data-element_type=\"widget\" data-widget_type=\"stratum-advanced-posts.default\">\n\t\t\t\t<div class=\"elementor-widget-container\">\n\t\t\t\t<div class=\"stratum-advanced-posts layout-list masonry-disable\"\n\t\t\t>\n\t\t<div class=\"stratum-advanced-posts__wrapper\" data-masonry-options=\"{&quot;columns&quot;:&quot;2&quot;,&quot;column_gap&quot;:20,&quot;row_gap&quot;:20}\">\n\t\t\t<article id='post-3680' class='stratum-advanced-posts__post'><div class='stratum-advanced-posts__post-wrapper'><div class='stratum-advanced-posts__post-thumbnail'><a href='https:\/\/new.comverga.com\/deu\/pl\/news\/klokanmobil-ab-januar-2024-teil-der-comverga-gruppe\/' class='stratum-advanced-posts__post-link'><img fetchpriority=\"high\" decoding=\"async\" width=\"874\" height=\"766\" src=\"https:\/\/new.comverga.com\/deu\/wp-content\/uploads\/sites\/4\/2024\/01\/banner_new.png\" class=\"stratum-advanced-posts__post-thumbnail-image wp-post-image\" alt=\"KlokanMobil ab Januar 2024 Teil der COMVERGA-Gruppe\" srcset=\"https:\/\/new.comverga.com\/deu\/wp-content\/uploads\/sites\/4\/2024\/01\/banner_new.png 874w, https:\/\/new.comverga.com\/deu\/wp-content\/uploads\/sites\/4\/2024\/01\/banner_new-300x263.png 300w, https:\/\/new.comverga.com\/deu\/wp-content\/uploads\/sites\/4\/2024\/01\/banner_new-768x673.png 768w, https:\/\/new.comverga.com\/deu\/wp-content\/uploads\/sites\/4\/2024\/01\/banner_new-14x12.png 14w\" sizes=\"(max-width: 874px) 100vw, 874px\" \/><div class='stratum-advanced-posts__post-thumbnail-overlay'><\/div><\/a><\/div><div class='stratum-advanced-posts__content-wrapper'><div class='stratum-advanced-posts__entry-header'><h3 class=\"stratum-advanced-posts__post-title\"><a href=\"https:\/\/new.comverga.com\/deu\/pl\/news\/klokanmobil-ab-januar-2024-teil-der-comverga-gruppe\/\">KlokanMobil od stycznia 2024 r. cz\u0119\u015bci\u0105 Grupy COMVERGA<\/a><\/h3><div class='stratum-advanced-posts__entry-meta'><span class='stratum-advanced-posts__post-date'><time datetime='2024-01-01T15:15:28+01:00'><a href='https:\/\/new.comverga.com\/deu\/pl\/news\/2024\/01\/01\/'>1 stycznia 2024<\/a><\/time><\/span><\/div><\/div><div class='stratum-advanced-posts__post-content'>Quadruple, jako sp\u00f3\u0142ka joint venture COMVERGA, naby\u0142a 100% udzia\u0142\u00f3w w wirtualnym operatorze kom\u00f3rkowym KlokanMobil. Przej\u0119cie to wzmacnia pozycj\u0119 rynkow\u0105 COMVERGA i zwi\u0119ksza jej udzia\u0142 w rynku.<\/div><div class='stratum-advanced-posts__entry-footer'><div class='stratum-advanced-posts__read-more'><a href='https:\/\/new.comverga.com\/deu\/pl\/news\/klokanmobil-ab-januar-2024-teil-der-comverga-gruppe\/'>Wi\u0119cej<\/a><\/div><\/div><\/div><\/div><\/article>\t\t<\/div>\n\n\t\t\t<\/div>\n\t\t<\/div>\n\t\t\t\t<\/div>\n\t\t\t\t\t<\/div>\n\t\t<\/div>\n\t\t\t\t\t\t\t<\/div>\n\t\t<\/section>\n\t\t\t\t\t\t\t<\/div>","protected":false},"excerpt":{"rendered":"<p>Mehr \u00fcber unser Portfolio SMS-\/Messaging-Dienste Omnichannel Omnichannel ist eine Strategie, die darauf abzielt, ein einheitliches Kundenerlebnis \u00fcber alle Kommunikation und Vertriebskan\u00e4le hinweg zu bieten. Diese Strategie nutzt eine Vielzahl verschiedener Kan\u00e4le wie Telefon, E-Mail, Chat-Apps, soziale Medien und pers\u00f6nliche Besuche, um ein integriertes und einheitliches Kundenerlebnis zu gew\u00e4hrleisten. Mehr SMS-\/Messaging-Dienste RCS &amp; Business Messaging Rich [&hellip;]<\/p>","protected":false},"author":1,"featured_media":0,"parent":0,"menu_order":0,"comment_status":"closed","ping_status":"closed","template":"templates\/template-homepage.php","meta":{"footnotes":""},"_links":{"self":[{"href":"https:\/\/new.comverga.com\/deu\/pl\/wp-json\/wp\/v2\/pages\/2527"}],"collection":[{"href":"https:\/\/new.comverga.com\/deu\/pl\/wp-json\/wp\/v2\/pages"}],"about":[{"href":"https:\/\/new.comverga.com\/deu\/pl\/wp-json\/wp\/v2\/types\/page"}],"author":[{"embeddable":true,"href":"https:\/\/new.comverga.com\/deu\/pl\/wp-json\/wp\/v2\/users\/1"}],"replies":[{"embeddable":true,"href":"https:\/\/new.comverga.com\/deu\/pl\/wp-json\/wp\/v2\/comments?post=2527"}],"version-history":[{"count":0,"href":"https:\/\/new.comverga.com\/deu\/pl\/wp-json\/wp\/v2\/pages\/2527\/revisions"}],"wp:attachment":[{"href":"https:\/\/new.comverga.com\/deu\/pl\/wp-json\/wp\/v2\/media?parent=2527"}],"curies":[{"name":"wp","href":"https:\/\/api.w.org\/{rel}","templated":true}]}}