{"id":224,"date":"2020-11-25T13:27:19","date_gmt":"2020-11-25T12:27:19","guid":{"rendered":"https:\/\/www.comverga.com\/?page_id=224"},"modified":"2023-03-09T16:19:00","modified_gmt":"2023-03-09T15:19:00","slug":"zahlungsdienste","status":"publish","type":"page","link":"https:\/\/new.comverga.com\/deu\/pl\/dienstleistungen\/zahlungsdienste\/","title":{"rendered":"Us\u0142ugi p\u0142atne"},"content":{"rendered":"<div data-elementor-type=\"wp-page\" data-elementor-id=\"224\" class=\"elementor elementor-224\">\n\t\t\t\t\t\t\t\t\t<section class=\"elementor-section elementor-top-section elementor-element elementor-element-3fdd5488 elementor-section-boxed elementor-section-height-default elementor-section-height-default\" data-id=\"3fdd5488\" data-element_type=\"section\">\n\t\t\t\t\t\t<div class=\"elementor-container elementor-column-gap-default\">\n\t\t\t\t\t<div class=\"elementor-column elementor-col-100 elementor-top-column elementor-element elementor-element-15934e0e\" data-id=\"15934e0e\" data-element_type=\"column\">\n\t\t\t<div class=\"elementor-widget-wrap elementor-element-populated\">\n\t\t\t\t\t\t\t\t<div class=\"elementor-element elementor-element-3107e7a3 elementor-widget elementor-widget-text-editor\" data-id=\"3107e7a3\" data-element_type=\"widget\" data-widget_type=\"text-editor.default\">\n\t\t\t\t<div class=\"elementor-widget-container\">\n\t\t\t\t\t\t\t<!-- wp:paragraph -->\n<p>Naszym partnerom oferujemy nowoczesny system p\u0142atno\u015bci, dzi\u0119ki kt\u00f3remu ich klienci mog\u0105 p\u0142aci\u0107 za r\u00f3\u017cne us\u0142ugi bezgot\u00f3wkowo za pomoc\u0105 telefonu kom\u00f3rkowego, p\u0142atno\u015bci kart\u0105 lub przelewem bankowym. Mo\u017cliwe jest oferowanie r\u00f3\u017cnych modeli p\u0142atno\u015bci \u2013 na konto (post-paid), przedp\u0142acone, abonamentowe lub bezpo\u015brednie (hot billing).<\/p>\n<!-- \/wp:paragraph -->\t\t\t\t\t\t<\/div>\n\t\t\t\t<\/div>\n\t\t\t\t\t<\/div>\n\t\t<\/div>\n\t\t\t\t\t\t\t<\/div>\n\t\t<\/section>\n\t\t\t\t\t\t\t<\/div>","protected":false},"excerpt":{"rendered":"<p>Naszym partnerom oferujemy nowoczesny system p\u0142atno\u015bci, dzi\u0119ki kt\u00f3remu ich klienci mog\u0105 p\u0142aci\u0107 za r\u00f3\u017cne us\u0142ugi bezgot\u00f3wkowo za pomoc\u0105 telefonu kom\u00f3rkowego, p\u0142atno\u015bci kart\u0105 lub przelewem bankowym. Mo\u017cliwe jest oferowanie r\u00f3\u017cnych modeli p\u0142atno\u015bci \u2013 na konto (post-paid), przedp\u0142acone, abonamentowe lub bezpo\u015brednie (hot billing).<\/p>","protected":false},"author":1,"featured_media":1085,"parent":210,"menu_order":104,"comment_status":"closed","ping_status":"closed","template":"","meta":{"footnotes":""},"_links":{"self":[{"href":"https:\/\/new.comverga.com\/deu\/pl\/wp-json\/wp\/v2\/pages\/224"}],"collection":[{"href":"https:\/\/new.comverga.com\/deu\/pl\/wp-json\/wp\/v2\/pages"}],"about":[{"href":"https:\/\/new.comverga.com\/deu\/pl\/wp-json\/wp\/v2\/types\/page"}],"author":[{"embeddable":true,"href":"https:\/\/new.comverga.com\/deu\/pl\/wp-json\/wp\/v2\/users\/1"}],"replies":[{"embeddable":true,"href":"https:\/\/new.comverga.com\/deu\/pl\/wp-json\/wp\/v2\/comments?post=224"}],"version-history":[{"count":0,"href":"https:\/\/new.comverga.com\/deu\/pl\/wp-json\/wp\/v2\/pages\/224\/revisions"}],"up":[{"embeddable":true,"href":"https:\/\/new.comverga.com\/deu\/pl\/wp-json\/wp\/v2\/pages\/210"}],"wp:featuredmedia":[{"embeddable":true,"href":"https:\/\/new.comverga.com\/deu\/pl\/wp-json\/wp\/v2\/media\/1085"}],"wp:attachment":[{"href":"https:\/\/new.comverga.com\/deu\/pl\/wp-json\/wp\/v2\/media?parent=224"}],"curies":[{"name":"wp","href":"https:\/\/api.w.org\/{rel}","templated":true}]}}