{"id":2108,"date":"2023-01-10T11:30:36","date_gmt":"2023-01-10T10:30:36","guid":{"rendered":"https:\/\/www.comverga.com\/?page_id=2108"},"modified":"2023-11-14T07:35:21","modified_gmt":"2023-11-14T06:35:21","slug":"beschreibung-der-loesung-einfacher-und-intuitiver-self-service-fuer-endbenutzer","status":"publish","type":"page","link":"https:\/\/new.comverga.com\/deu\/pl\/dienstleistungen\/software-as-a-service-platform-as-a-service\/comverga-abrechnung-fuer-fusion-iot\/beschreibung-der-loesung-einfacher-und-intuitiver-self-service-fuer-endbenutzer\/","title":{"rendered":"Prosta i intuicyjna samoobs\u0142uga dla u\u017cytkownik\u00f3w ko\u0144cowych"},"content":{"rendered":"<div data-elementor-type=\"wp-page\" data-elementor-id=\"2108\" class=\"elementor elementor-2108\">\n\t\t\t\t\t\t\t\t\t<section class=\"elementor-section elementor-top-section elementor-element elementor-element-df1021a elementor-section-boxed elementor-section-height-default elementor-section-height-default\" data-id=\"df1021a\" data-element_type=\"section\">\n\t\t\t\t\t\t<div class=\"elementor-container elementor-column-gap-default\">\n\t\t\t\t\t<div class=\"elementor-column elementor-col-100 elementor-top-column elementor-element elementor-element-a5161b8\" data-id=\"a5161b8\" data-element_type=\"column\">\n\t\t\t<div class=\"elementor-widget-wrap elementor-element-populated\">\n\t\t\t\t\t\t\t\t<div class=\"elementor-element elementor-element-6237d97 detail-heading elementor-widget elementor-widget-heading\" data-id=\"6237d97\" data-element_type=\"widget\" data-widget_type=\"heading.default\">\n\t\t\t\t<div class=\"elementor-widget-container\">\n\t\t\t<h1 class=\"elementor-heading-title elementor-size-default\">Rozliczenia za FUSION IoT<\/h1>\t\t<\/div>\n\t\t\t\t<\/div>\n\t\t\t\t<div class=\"elementor-element elementor-element-fc7eba1 detail-heading elementor-widget elementor-widget-heading\" data-id=\"fc7eba1\" data-element_type=\"widget\" data-widget_type=\"heading.default\">\n\t\t\t\t<div class=\"elementor-widget-container\">\n\t\t\t<h3 class=\"elementor-heading-title elementor-size-default\">Szczeg\u00f3\u0142y rozwi\u0105zania<\/h3>\t\t<\/div>\n\t\t\t\t<\/div>\n\t\t\t\t\t<\/div>\n\t\t<\/div>\n\t\t\t\t\t\t\t<\/div>\n\t\t<\/section>\n\t\t\t\t<section class=\"elementor-section elementor-top-section elementor-element elementor-element-e3c88e6 elementor-section-boxed elementor-section-height-default elementor-section-height-default\" data-id=\"e3c88e6\" data-element_type=\"section\">\n\t\t\t\t\t\t<div class=\"elementor-container elementor-column-gap-default\">\n\t\t\t\t\t<div class=\"elementor-column elementor-col-50 elementor-top-column elementor-element elementor-element-756f838\" data-id=\"756f838\" data-element_type=\"column\">\n\t\t\t<div class=\"elementor-widget-wrap elementor-element-populated\">\n\t\t\t\t\t\t\t\t<div class=\"elementor-element elementor-element-934de93 elementor-widget elementor-widget-text-editor\" data-id=\"934de93\" data-element_type=\"widget\" data-widget_type=\"text-editor.default\">\n\t\t\t\t<div class=\"elementor-widget-container\">\n\t\t\t\t\t\t\t<h3 style=\"margin-top: 0;font-weight: 700;\">intuicyjna obs\u0142uga<\/h3>\n<p style=\"color: black; font-weight: 300; font-size: 16px;\">Dzi\u0119ki \u201eCOMVERGA billingowi za us\u0142ug\u0119 FUSION IoT\u201d otrzymujesz \u015brodowisko, w kt\u00f3rym klient ko\u0144cowy mo\u017ce zarz\u0105dza\u0107 swoj\u0105 kart\u0105 SIM M2M.<\/p>\n<p style=\"color: black; font-weight: 300; font-size: 16px;\">Mo\u017cesz \u0142atwo zintegrowa\u0107 wid\u017cet platformy ze swoim \u015brodowiskiem internetowym lub aplikacj\u0105.<\/p>\t\t\t\t\t\t<\/div>\n\t\t\t\t<\/div>\n\t\t\t\t\t<\/div>\n\t\t<\/div>\n\t\t\t\t<div class=\"elementor-column elementor-col-50 elementor-top-column elementor-element elementor-element-46a1540\" data-id=\"46a1540\" data-element_type=\"column\">\n\t\t\t<div class=\"elementor-widget-wrap elementor-element-populated\">\n\t\t\t\t\t\t\t\t<div class=\"elementor-element elementor-element-b5b91cb elementor-widget elementor-widget-image\" data-id=\"b5b91cb\" data-element_type=\"widget\" data-widget_type=\"image.default\">\n\t\t\t\t<div class=\"elementor-widget-container\">\n\t\t\t\t\t\t\t\t\t\t\t\t\t\t\t<img decoding=\"async\" src=\"https:\/\/www.comverga.com\/wp-content\/uploads\/2023\/01\/BaaS_samoobsluha_prihlaseni.png\" title=\"\" alt=\"\" loading=\"lazy\" \/>\t\t\t\t\t\t\t\t\t\t\t\t\t\t\t<\/div>\n\t\t\t\t<\/div>\n\t\t\t\t\t<\/div>\n\t\t<\/div>\n\t\t\t\t\t\t\t<\/div>\n\t\t<\/section>\n\t\t\t\t<section class=\"elementor-section elementor-top-section elementor-element elementor-element-997f815 elementor-section-boxed elementor-section-height-default elementor-section-height-default\" data-id=\"997f815\" data-element_type=\"section\">\n\t\t\t\t\t\t<div class=\"elementor-container elementor-column-gap-default\">\n\t\t\t\t\t<div class=\"elementor-column elementor-col-50 elementor-top-column elementor-element elementor-element-4f79a7d\" data-id=\"4f79a7d\" data-element_type=\"column\">\n\t\t\t<div class=\"elementor-widget-wrap elementor-element-populated\">\n\t\t\t\t\t\t\t\t<div class=\"elementor-element elementor-element-9742478 elementor-widget elementor-widget-image\" data-id=\"9742478\" data-element_type=\"widget\" data-widget_type=\"image.default\">\n\t\t\t\t<div class=\"elementor-widget-container\">\n\t\t\t\t\t\t\t\t\t\t\t\t\t\t\t<img decoding=\"async\" src=\"https:\/\/www.comverga.com\/wp-content\/uploads\/2023\/01\/BaaS_platba-edited.png\" title=\"\" alt=\"\" loading=\"lazy\" \/>\t\t\t\t\t\t\t\t\t\t\t\t\t\t\t<\/div>\n\t\t\t\t<\/div>\n\t\t\t\t\t<\/div>\n\t\t<\/div>\n\t\t\t\t<div class=\"elementor-column elementor-col-50 elementor-top-column elementor-element elementor-element-3753b64\" data-id=\"3753b64\" data-element_type=\"column\">\n\t\t\t<div class=\"elementor-widget-wrap elementor-element-populated\">\n\t\t\t\t\t\t\t\t<div class=\"elementor-element elementor-element-fa81aa3 elementor-widget elementor-widget-text-editor\" data-id=\"fa81aa3\" data-element_type=\"widget\" data-widget_type=\"text-editor.default\">\n\t\t\t\t<div class=\"elementor-widget-container\">\n\t\t\t\t\t\t\t<h3 style=\"margin-top: 0;\"><strong>Widok klienta ko\u0144cowego:<\/strong><\/h3><ul><li>Dowiedz si\u0119 o \u017cywotno\u015bci karty SIM FUSION IoT M2M i wy\u015bwietl zu\u017cycie danych<\/li><li>Kup oferowane przez Ciebie pakiety danych<\/li><li>i zap\u0142a\u0107 online<\/li><li>Po dokonaniu zakupu Klient ko\u0144cowy otrzymuje dow\u00f3d wp\u0142aty<\/li><\/ul>\t\t\t\t\t\t<\/div>\n\t\t\t\t<\/div>\n\t\t\t\t\t<\/div>\n\t\t<\/div>\n\t\t\t\t\t\t\t<\/div>\n\t\t<\/section>\n\t\t\t\t<section class=\"elementor-section elementor-top-section elementor-element elementor-element-e5228ce elementor-section-boxed elementor-section-height-default elementor-section-height-default\" data-id=\"e5228ce\" data-element_type=\"section\">\n\t\t\t\t\t\t<div class=\"elementor-container elementor-column-gap-default\">\n\t\t\t\t\t<div class=\"elementor-column elementor-col-100 elementor-top-column elementor-element elementor-element-eed886e\" data-id=\"eed886e\" data-element_type=\"column\">\n\t\t\t<div class=\"elementor-widget-wrap elementor-element-populated\">\n\t\t\t\t\t\t\t\t<div class=\"elementor-element elementor-element-5d0bae3 elementor-widget-divider--view-line elementor-widget elementor-widget-divider\" data-id=\"5d0bae3\" data-element_type=\"widget\" data-widget_type=\"divider.default\">\n\t\t\t\t<div class=\"elementor-widget-container\">\n\t\t\t\t\t<div class=\"elementor-divider\">\n\t\t\t<span class=\"elementor-divider-separator\">\n\t\t\t\t\t\t<\/span>\n\t\t<\/div>\n\t\t\t\t<\/div>\n\t\t\t\t<\/div>\n\t\t\t\t\t<\/div>\n\t\t<\/div>\n\t\t\t\t\t\t\t<\/div>\n\t\t<\/section>\n\t\t\t\t<section class=\"elementor-section elementor-top-section elementor-element elementor-element-e9a8ace elementor-section-boxed elementor-section-height-default elementor-section-height-default\" data-id=\"e9a8ace\" data-element_type=\"section\">\n\t\t\t\t\t\t<div class=\"elementor-container elementor-column-gap-default\">\n\t\t\t\t\t<div class=\"elementor-column elementor-col-50 elementor-top-column elementor-element elementor-element-81a25de\" data-id=\"81a25de\" data-element_type=\"column\">\n\t\t\t<div class=\"elementor-widget-wrap elementor-element-populated\">\n\t\t\t\t\t\t\t\t<div class=\"elementor-element elementor-element-92c38bf elementor-widget elementor-widget-text-editor\" data-id=\"92c38bf\" data-element_type=\"widget\" data-widget_type=\"text-editor.default\">\n\t\t\t\t<div class=\"elementor-widget-container\">\n\t\t\t\t\t\t\t<h2 style=\"margin-top: 0;\"><strong>Portal partnerski<br \/><\/strong><\/h2><p>Sie nehmen alle <strong>notwendigen Einstellungen in der Online-Umgebung im Partner Portal vor.<\/strong><\/p><h3 style=\"margin-top: 0;\"><strong>\u0141atwa i szybka konfiguracja<\/strong><\/h3><ul><li>Wprowad\u017a nast\u0119puj\u0105ce informacje: imi\u0119 i nazwisko, nazwa firmy, numer klienta FUSION IoT, adres e-mail i numer telefonu<\/li><li>Podczas rejestracji platforma sprawdza, czy podany numer klienta jest zarejestrowany jako partner FUSION IoT<\/li><\/ul>\t\t\t\t\t\t<\/div>\n\t\t\t\t<\/div>\n\t\t\t\t\t<\/div>\n\t\t<\/div>\n\t\t\t\t<div class=\"elementor-column elementor-col-50 elementor-top-column elementor-element elementor-element-9b6bfe3\" data-id=\"9b6bfe3\" data-element_type=\"column\">\n\t\t\t<div class=\"elementor-widget-wrap elementor-element-populated\">\n\t\t\t\t\t\t\t\t<div class=\"elementor-element elementor-element-42eb212 elementor-widget elementor-widget-image\" data-id=\"42eb212\" data-element_type=\"widget\" data-widget_type=\"image.default\">\n\t\t\t\t<div class=\"elementor-widget-container\">\n\t\t\t\t\t\t\t\t\t\t\t\t\t\t\t<img decoding=\"async\" src=\"https:\/\/www.comverga.com\/wp-content\/uploads\/2023\/01\/Baas_registrace_de.png\" title=\"\" alt=\"\" loading=\"lazy\" \/>\t\t\t\t\t\t\t\t\t\t\t\t\t\t\t<\/div>\n\t\t\t\t<\/div>\n\t\t\t\t\t<\/div>\n\t\t<\/div>\n\t\t\t\t\t\t\t<\/div>\n\t\t<\/section>\n\t\t\t\t<section class=\"elementor-section elementor-top-section elementor-element elementor-element-a4f3256 elementor-section-boxed elementor-section-height-default elementor-section-height-default\" data-id=\"a4f3256\" data-element_type=\"section\">\n\t\t\t\t\t\t<div class=\"elementor-container elementor-column-gap-default\">\n\t\t\t\t\t<div class=\"elementor-column elementor-col-50 elementor-top-column elementor-element elementor-element-9fb2dbe\" data-id=\"9fb2dbe\" data-element_type=\"column\">\n\t\t\t<div class=\"elementor-widget-wrap elementor-element-populated\">\n\t\t\t\t\t\t\t\t<div class=\"elementor-element elementor-element-9dc5bc0 elementor-widget elementor-widget-image\" data-id=\"9dc5bc0\" data-element_type=\"widget\" data-widget_type=\"image.default\">\n\t\t\t\t<div class=\"elementor-widget-container\">\n\t\t\t\t\t\t\t\t\t\t\t\t\t\t\t<img decoding=\"async\" src=\"https:\/\/www.comverga.com\/wp-content\/uploads\/2023\/01\/BaaS_tarify_2-1.png\" title=\"\" alt=\"\" loading=\"lazy\" \/>\t\t\t\t\t\t\t\t\t\t\t\t\t\t\t<\/div>\n\t\t\t\t<\/div>\n\t\t\t\t\t<\/div>\n\t\t<\/div>\n\t\t\t\t<div class=\"elementor-column elementor-col-50 elementor-top-column elementor-element elementor-element-6f4011f\" data-id=\"6f4011f\" data-element_type=\"column\">\n\t\t\t<div class=\"elementor-widget-wrap elementor-element-populated\">\n\t\t\t\t\t\t\t\t<div class=\"elementor-element elementor-element-f1234f9 elementor-widget elementor-widget-text-editor\" data-id=\"f1234f9\" data-element_type=\"widget\" data-widget_type=\"text-editor.default\">\n\t\t\t\t<div class=\"elementor-widget-container\">\n\t\t\t\t\t\t\t<h3 style=\"margin-top: 0;\"><strong>Taryfy i ceny\n<\/strong><\/h3>\n<ul>\n \t<li>Automatyczny import pakiet\u00f3w danych z FUSION IoT<\/li>\n \t<li>Indywidualny projekt taryfy\n<ul>\n<li>W\u0142asne nazwy pakiet\u00f3w<\/li>\n<li>Indywidualne warunki cenowe\n<\/li>\n<\/ul>\n<\/li>\n<\/ul>\t\t\t\t\t\t<\/div>\n\t\t\t\t<\/div>\n\t\t\t\t\t<\/div>\n\t\t<\/div>\n\t\t\t\t\t\t\t<\/div>\n\t\t<\/section>\n\t\t\t\t<section class=\"elementor-section elementor-top-section elementor-element elementor-element-90c79ce elementor-section-boxed elementor-section-height-default elementor-section-height-default\" data-id=\"90c79ce\" data-element_type=\"section\">\n\t\t\t\t\t\t<div class=\"elementor-container elementor-column-gap-default\">\n\t\t\t\t\t<div class=\"elementor-column elementor-col-50 elementor-top-column elementor-element elementor-element-eec2774\" data-id=\"eec2774\" data-element_type=\"column\">\n\t\t\t<div class=\"elementor-widget-wrap elementor-element-populated\">\n\t\t\t\t\t\t\t\t<div class=\"elementor-element elementor-element-0fd6093 elementor-widget elementor-widget-text-editor\" data-id=\"0fd6093\" data-element_type=\"widget\" data-widget_type=\"text-editor.default\">\n\t\t\t\t<div class=\"elementor-widget-container\">\n\t\t\t\t\t\t\t<h3 style=\"margin-top: 0;\"><strong>Ksi\u0119gowo\u015b\u0107 i fakturowanie<br \/><\/strong><\/h3><ul><li>Podstawowe informacje od klient\u00f3w ko\u0144cowych umo\u017cliwiaj\u0105ce wystawienie faktury dla klient\u00f3w ko\u0144cowych<\/li><li>Wstaw w\u0142asne logo, a pojawi si\u0119 ono na fakturze dla klienta ko\u0144cowego<\/li><li>Mo\u017cesz ustawi\u0107 w\u0142asny zakres numeracji faktur<\/li><li>Tw\u00f3rz faktury testowe przed wystawieniem faktury produktywnej<\/li><\/ul>\t\t\t\t\t\t<\/div>\n\t\t\t\t<\/div>\n\t\t\t\t\t<\/div>\n\t\t<\/div>\n\t\t\t\t<div class=\"elementor-column elementor-col-50 elementor-top-column elementor-element elementor-element-9495ffa\" data-id=\"9495ffa\" data-element_type=\"column\">\n\t\t\t<div class=\"elementor-widget-wrap elementor-element-populated\">\n\t\t\t\t\t\t\t\t<div class=\"elementor-element elementor-element-97efbc9 elementor-widget elementor-widget-image\" data-id=\"97efbc9\" data-element_type=\"widget\" data-widget_type=\"image.default\">\n\t\t\t\t<div class=\"elementor-widget-container\">\n\t\t\t\t\t\t\t\t\t\t\t\t\t\t\t<img decoding=\"async\" src=\"https:\/\/www.comverga.com\/wp-content\/uploads\/2023\/01\/BaaS_billing2-1.png\" title=\"\" alt=\"\" loading=\"lazy\" \/>\t\t\t\t\t\t\t\t\t\t\t\t\t\t\t<\/div>\n\t\t\t\t<\/div>\n\t\t\t\t\t<\/div>\n\t\t<\/div>\n\t\t\t\t\t\t\t<\/div>\n\t\t<\/section>\n\t\t\t\t<section class=\"elementor-section elementor-top-section elementor-element elementor-element-01ad665 elementor-section-boxed elementor-section-height-default elementor-section-height-default\" data-id=\"01ad665\" data-element_type=\"section\">\n\t\t\t\t\t\t<div class=\"elementor-container elementor-column-gap-default\">\n\t\t\t\t\t<div class=\"elementor-column elementor-col-50 elementor-top-column elementor-element elementor-element-0f2b62c\" data-id=\"0f2b62c\" data-element_type=\"column\">\n\t\t\t<div class=\"elementor-widget-wrap elementor-element-populated\">\n\t\t\t\t\t\t\t\t<div class=\"elementor-element elementor-element-50d0866 elementor-widget elementor-widget-image\" data-id=\"50d0866\" data-element_type=\"widget\" data-widget_type=\"image.default\">\n\t\t\t\t<div class=\"elementor-widget-container\">\n\t\t\t\t\t\t\t\t\t\t\t\t\t\t\t<img decoding=\"async\" src=\"https:\/\/www.comverga.com\/wp-content\/uploads\/2023\/01\/BaaS_billing-1.png\" title=\"\" alt=\"\" loading=\"lazy\" \/>\t\t\t\t\t\t\t\t\t\t\t\t\t\t\t<\/div>\n\t\t\t\t<\/div>\n\t\t\t\t\t<\/div>\n\t\t<\/div>\n\t\t\t\t<div class=\"elementor-column elementor-col-50 elementor-top-column elementor-element elementor-element-e77a7f6\" data-id=\"e77a7f6\" data-element_type=\"column\">\n\t\t\t<div class=\"elementor-widget-wrap elementor-element-populated\">\n\t\t\t\t\t\t\t\t<div class=\"elementor-element elementor-element-cf823e5 elementor-widget elementor-widget-text-editor\" data-id=\"cf823e5\" data-element_type=\"widget\" data-widget_type=\"text-editor.default\">\n\t\t\t\t<div class=\"elementor-widget-container\">\n\t\t\t\t\t\t\t<h3><strong>Opcje p\u0142atno\u015bci<\/strong><\/h3><ul><li>Wybierz preferowan\u0105 metod\u0119 p\u0142atno\u015bci<\/li><li>Wystarczy wpisa\u0107 dane swojego konta bankowego<\/li><li>Pod\u0142\u0105czenie konta bankowego do p\u0142atno\u015bci przychodz\u0105cych<\/li><\/ul>\t\t\t\t\t\t<\/div>\n\t\t\t\t<\/div>\n\t\t\t\t\t<\/div>\n\t\t<\/div>\n\t\t\t\t\t\t\t<\/div>\n\t\t<\/section>\n\t\t\t\t<section class=\"elementor-section elementor-top-section elementor-element elementor-element-9694cf9 elementor-section-boxed elementor-section-height-default elementor-section-height-default\" data-id=\"9694cf9\" data-element_type=\"section\">\n\t\t\t\t\t\t<div class=\"elementor-container elementor-column-gap-default\">\n\t\t\t\t\t<div class=\"elementor-column elementor-col-50 elementor-top-column elementor-element elementor-element-57e9970\" data-id=\"57e9970\" data-element_type=\"column\">\n\t\t\t<div class=\"elementor-widget-wrap elementor-element-populated\">\n\t\t\t\t\t\t\t\t<div class=\"elementor-element elementor-element-75b29b5 elementor-widget elementor-widget-text-editor\" data-id=\"75b29b5\" data-element_type=\"widget\" data-widget_type=\"text-editor.default\">\n\t\t\t\t<div class=\"elementor-widget-container\">\n\t\t\t\t\t\t\t<h3><strong>Indywidualna konfiguracja widgetu<br \/><\/strong><\/h3><ul><li>Wybierz swoje kolory<\/li><li>Prze\u015blij w\u0142asne logo<\/li><li>Nazwij widget swoj\u0105 w\u0142asn\u0105 nazw\u0105<\/li><li>Widget-Vorschau<\/li><\/ul>\t\t\t\t\t\t<\/div>\n\t\t\t\t<\/div>\n\t\t\t\t\t<\/div>\n\t\t<\/div>\n\t\t\t\t<div class=\"elementor-column elementor-col-50 elementor-top-column elementor-element elementor-element-252324d\" data-id=\"252324d\" data-element_type=\"column\">\n\t\t\t<div class=\"elementor-widget-wrap elementor-element-populated\">\n\t\t\t\t\t\t\t\t<div class=\"elementor-element elementor-element-d42b357 elementor-widget elementor-widget-image\" data-id=\"d42b357\" data-element_type=\"widget\" data-widget_type=\"image.default\">\n\t\t\t\t<div class=\"elementor-widget-container\">\n\t\t\t\t\t\t\t\t\t\t\t\t\t\t\t<img decoding=\"async\" src=\"https:\/\/www.comverga.com\/wp-content\/uploads\/2023\/01\/BaaS_widget_2.png\" title=\"\" alt=\"\" loading=\"lazy\" \/>\t\t\t\t\t\t\t\t\t\t\t\t\t\t\t<\/div>\n\t\t\t\t<\/div>\n\t\t\t\t\t<\/div>\n\t\t<\/div>\n\t\t\t\t\t\t\t<\/div>\n\t\t<\/section>\n\t\t\t\t<section class=\"elementor-section elementor-top-section elementor-element elementor-element-da76427 elementor-section-boxed elementor-section-height-default elementor-section-height-default\" data-id=\"da76427\" data-element_type=\"section\">\n\t\t\t\t\t\t<div class=\"elementor-container elementor-column-gap-default\">\n\t\t\t\t\t<div class=\"elementor-column elementor-col-50 elementor-top-column elementor-element elementor-element-33d7b57\" data-id=\"33d7b57\" data-element_type=\"column\">\n\t\t\t<div class=\"elementor-widget-wrap elementor-element-populated\">\n\t\t\t\t\t\t\t\t<div class=\"elementor-element elementor-element-9269815 elementor-widget elementor-widget-image\" data-id=\"9269815\" data-element_type=\"widget\" data-widget_type=\"image.default\">\n\t\t\t\t<div class=\"elementor-widget-container\">\n\t\t\t\t\t\t\t\t\t\t\t\t\t\t\t<img decoding=\"async\" src=\"https:\/\/www.comverga.com\/wp-content\/uploads\/2023\/01\/BaaS_notifications_2-1.png\" title=\"\" alt=\"\" loading=\"lazy\" \/>\t\t\t\t\t\t\t\t\t\t\t\t\t\t\t<\/div>\n\t\t\t\t<\/div>\n\t\t\t\t\t<\/div>\n\t\t<\/div>\n\t\t\t\t<div class=\"elementor-column elementor-col-50 elementor-top-column elementor-element elementor-element-966af05\" data-id=\"966af05\" data-element_type=\"column\">\n\t\t\t<div class=\"elementor-widget-wrap elementor-element-populated\">\n\t\t\t\t\t\t\t\t<div class=\"elementor-element elementor-element-4b53117 elementor-widget elementor-widget-text-editor\" data-id=\"4b53117\" data-element_type=\"widget\" data-widget_type=\"text-editor.default\">\n\t\t\t\t<div class=\"elementor-widget-container\">\n\t\t\t\t\t\t\t<h3><strong>Opcje powiadomie\u0144<\/strong><\/h3><ul><li>Wybierz jedn\u0105 z opcji, kiedy Tw\u00f3j klient ko\u0144cowy powinien zosta\u0107 poinformowany<\/li><li>Powiadomienia mo\u017cesz w\u0142\u0105czy\u0107 lub wy\u0142\u0105czy\u0107 w dowolnym momencie<\/li><\/ul>\t\t\t\t\t\t<\/div>\n\t\t\t\t<\/div>\n\t\t\t\t\t<\/div>\n\t\t<\/div>\n\t\t\t\t\t\t\t<\/div>\n\t\t<\/section>\n\t\t\t\t\t\t\t<\/div>","protected":false},"excerpt":{"rendered":"<p>Szczeg\u00f3\u0142y rozwi\u0105zania FUSION IoT Intuicyjna obs\u0142uga Dzi\u0119ki us\u0142udze \u201eCOMVERGA Billing for FUSION IoT\u201d otrzymujesz \u015brodowisko, w kt\u00f3rym klient ko\u0144cowy mo\u017ce zarz\u0105dza\u0107 swoj\u0105 kart\u0105 SIM M2M. Mo\u017cesz \u0142atwo zintegrowa\u0107 wid\u017cet platformy ze swoim \u015brodowiskiem internetowym lub aplikacj\u0105. Opinia klienta ko\u0144cowego: dowiedz si\u0119 o \u017cywotno\u015bci swojej karty SIM FUSION IoT M2M [\u2026]<\/p>","protected":false},"author":1,"featured_media":3057,"parent":2096,"menu_order":4,"comment_status":"closed","ping_status":"closed","template":"","meta":{"footnotes":""},"_links":{"self":[{"href":"https:\/\/new.comverga.com\/deu\/pl\/wp-json\/wp\/v2\/pages\/2108"}],"collection":[{"href":"https:\/\/new.comverga.com\/deu\/pl\/wp-json\/wp\/v2\/pages"}],"about":[{"href":"https:\/\/new.comverga.com\/deu\/pl\/wp-json\/wp\/v2\/types\/page"}],"author":[{"embeddable":true,"href":"https:\/\/new.comverga.com\/deu\/pl\/wp-json\/wp\/v2\/users\/1"}],"replies":[{"embeddable":true,"href":"https:\/\/new.comverga.com\/deu\/pl\/wp-json\/wp\/v2\/comments?post=2108"}],"version-history":[{"count":0,"href":"https:\/\/new.comverga.com\/deu\/pl\/wp-json\/wp\/v2\/pages\/2108\/revisions"}],"up":[{"embeddable":true,"href":"https:\/\/new.comverga.com\/deu\/pl\/wp-json\/wp\/v2\/pages\/2096"}],"wp:featuredmedia":[{"embeddable":true,"href":"https:\/\/new.comverga.com\/deu\/pl\/wp-json\/wp\/v2\/media\/3057"}],"wp:attachment":[{"href":"https:\/\/new.comverga.com\/deu\/pl\/wp-json\/wp\/v2\/media?parent=2108"}],"curies":[{"name":"wp","href":"https:\/\/api.w.org\/{rel}","templated":true}]}}