{"id":206,"date":"2020-11-25T13:20:03","date_gmt":"2020-11-25T12:20:03","guid":{"rendered":"https:\/\/www.comverga.com\/?page_id=206"},"modified":"2023-03-09T16:11:24","modified_gmt":"2023-03-09T15:11:24","slug":"software-as-a-service-platform-as-a-service","status":"publish","type":"page","link":"https:\/\/new.comverga.com\/deu\/pl\/dienstleistungen\/software-as-a-service-platform-as-a-service\/","title":{"rendered":"Oprogramowanie jako us\u0142uga\/platforma jako us\u0142uga"},"content":{"rendered":"<div data-elementor-type=\"wp-page\" data-elementor-id=\"206\" class=\"elementor elementor-206\">\n\t\t\t\t\t\t\t\t\t<section class=\"elementor-section elementor-top-section elementor-element elementor-element-4586cdd8 elementor-section-boxed elementor-section-height-default elementor-section-height-default\" data-id=\"4586cdd8\" data-element_type=\"section\">\n\t\t\t\t\t\t<div class=\"elementor-container elementor-column-gap-default\">\n\t\t\t\t\t<div class=\"elementor-column elementor-col-100 elementor-top-column elementor-element elementor-element-7bce9157\" data-id=\"7bce9157\" data-element_type=\"column\">\n\t\t\t<div class=\"elementor-widget-wrap elementor-element-populated\">\n\t\t\t\t\t\t\t\t<div class=\"elementor-element elementor-element-8cb17c5 elementor-widget elementor-widget-text-editor\" data-id=\"8cb17c5\" data-element_type=\"widget\" data-widget_type=\"text-editor.default\">\n\t\t\t\t<div class=\"elementor-widget-container\">\n\t\t\t\t\t\t\t<!-- wp:paragraph -->\n<p>Tworzymy i obs\u0142ugujemy w\u0142asne platformy i aplikacje komunikacyjne. Pod\u0105\u017camy za najnowszymi trendami technologicznymi i dostosowujemy nasze rozwi\u0105zania do wymaga\u0144 naszych partner\u00f3w i klient\u00f3w oraz ich projekt\u00f3w. Naszym celem jest oferowanie tych rozwi\u0105za\u0144 po uczciwych cenach i w mo\u017cliwie najkr\u00f3tszym czasie. Stosujemy najnowsze zwinne procesy programistyczne.<\/p>\n<!-- \/wp:paragraph -->\n\n<!-- wp:paragraph -->\n<p>Die COMVERGA Service Delivery Platform (SDP) bietet eine gro\u00dfe Auswahl von Modulen und Funktionen zum Anlegen, Bereitstellen, Aktivieren, Abrechnen und Verwalten von Telekommunikations- und Nicht-Telekommunikationsdiensten. Der Herausforderung liegt in einer einfachen Implementierung konvergierter Dienste, wobei der Kunde verschiedene Arten von Telekommunikationsdienste und zus\u00e4tzlich verschiedenen Endger\u00e4ten nutzt und auch noch in unterschiedlichen Branchen &#8211; z. b. Wirtschaft, Finanzen, Versicherungen usw. \u2013 zu Hause ist.<\/p>\n<!-- \/wp:paragraph -->\t\t\t\t\t\t<\/div>\n\t\t\t\t<\/div>\n\t\t\t\t\t<\/div>\n\t\t<\/div>\n\t\t\t\t\t\t\t<\/div>\n\t\t<\/section>\n\t\t\t\t\t\t\t<\/div>","protected":false},"excerpt":{"rendered":"<p>Tworzymy i obs\u0142ugujemy w\u0142asne platformy i aplikacje komunikacyjne. Pod\u0105\u017camy za najnowszymi trendami technologicznymi i dostosowujemy nasze rozwi\u0105zania do wymaga\u0144 naszych partner\u00f3w i klient\u00f3w oraz ich projekt\u00f3w. Naszym celem jest oferowanie tych rozwi\u0105za\u0144 po uczciwych cenach i w mo\u017cliwie najkr\u00f3tszym czasie. Stosujemy najnowsze zwinne procesy programistyczne. Platforma \u015bwiadczenia us\u0142ug COMVERGA (SDP) oferuje [\u2026]<\/p>","protected":false},"author":1,"featured_media":1083,"parent":210,"menu_order":101,"comment_status":"closed","ping_status":"closed","template":"","meta":{"footnotes":""},"_links":{"self":[{"href":"https:\/\/new.comverga.com\/deu\/pl\/wp-json\/wp\/v2\/pages\/206"}],"collection":[{"href":"https:\/\/new.comverga.com\/deu\/pl\/wp-json\/wp\/v2\/pages"}],"about":[{"href":"https:\/\/new.comverga.com\/deu\/pl\/wp-json\/wp\/v2\/types\/page"}],"author":[{"embeddable":true,"href":"https:\/\/new.comverga.com\/deu\/pl\/wp-json\/wp\/v2\/users\/1"}],"replies":[{"embeddable":true,"href":"https:\/\/new.comverga.com\/deu\/pl\/wp-json\/wp\/v2\/comments?post=206"}],"version-history":[{"count":0,"href":"https:\/\/new.comverga.com\/deu\/pl\/wp-json\/wp\/v2\/pages\/206\/revisions"}],"up":[{"embeddable":true,"href":"https:\/\/new.comverga.com\/deu\/pl\/wp-json\/wp\/v2\/pages\/210"}],"wp:featuredmedia":[{"embeddable":true,"href":"https:\/\/new.comverga.com\/deu\/pl\/wp-json\/wp\/v2\/media\/1083"}],"wp:attachment":[{"href":"https:\/\/new.comverga.com\/deu\/pl\/wp-json\/wp\/v2\/media?parent=206"}],"curies":[{"name":"wp","href":"https:\/\/api.w.org\/{rel}","templated":true}]}}