{"id":202,"date":"2020-11-25T13:17:31","date_gmt":"2020-11-25T12:17:31","guid":{"rendered":"https:\/\/www.comverga.com\/?page_id=202"},"modified":"2023-03-09T16:17:45","modified_gmt":"2023-03-09T15:17:45","slug":"sms-messaging-dienste","status":"publish","type":"page","link":"https:\/\/new.comverga.com\/deu\/pl\/dienstleistungen\/sms-messaging-dienste\/","title":{"rendered":"Us\u0142ugi SMS\/wiadomo\u015bci"},"content":{"rendered":"<div data-elementor-type=\"wp-page\" data-elementor-id=\"202\" class=\"elementor elementor-202\">\n\t\t\t\t\t\t\t\t\t<section class=\"elementor-section elementor-top-section elementor-element elementor-element-435d0f9e elementor-section-boxed elementor-section-height-default elementor-section-height-default\" data-id=\"435d0f9e\" data-element_type=\"section\">\n\t\t\t\t\t\t<div class=\"elementor-container elementor-column-gap-default\">\n\t\t\t\t\t<div class=\"elementor-column elementor-col-100 elementor-top-column elementor-element elementor-element-75e92e7e\" data-id=\"75e92e7e\" data-element_type=\"column\">\n\t\t\t<div class=\"elementor-widget-wrap elementor-element-populated\">\n\t\t\t\t\t\t\t\t<div class=\"elementor-element elementor-element-448ba71e elementor-widget elementor-widget-text-editor\" data-id=\"448ba71e\" data-element_type=\"widget\" data-widget_type=\"text-editor.default\">\n\t\t\t\t<div class=\"elementor-widget-container\">\n\t\t\t\t\t\t\t<!-- wp:paragraph -->\n<p>Je\u015bli chcesz szybko i sprawnie komunikowa\u0107 si\u0119 ze swoimi partnerami, klientami i klientami, skorzystaj z komunikacji SMS. Za pomoc\u0105 SMS-\u00f3w mo\u017cesz na przyk\u0142ad informowa\u0107 swoich klient\u00f3w o nowo\u015bciach, ofertach cenowych i aktualnych rabatach. Mo\u017cna te\u017c przeprowadzi\u0107 ankiety w\u015br\u00f3d klient\u00f3w lub obywateli. Za pomoc\u0105 ankiety lub kampanii SMS otrzymujesz odpowiedzi i mo\u017cesz je przetwarza\u0107 w obie strony, co oznacza, \u017ce mo\u017cesz poinformowa\u0107 swoich klient\u00f3w lub obywateli o wynikach ankiety.<\/p>\n<!-- \/wp:paragraph -->\n\n<!-- wp:paragraph -->\n<p>Opr\u00f3cz wiadomo\u015bci SMS w komunikacji mo\u017cna tak\u017ce u\u017cywa\u0107 wiadomo\u015bci g\u0142osowych, e-maili i r\u00f3\u017cnych innych aplikacji komunikacyjnych.<\/p>\n<!-- \/wp:paragraph -->\t\t\t\t\t\t<\/div>\n\t\t\t\t<\/div>\n\t\t\t\t\t<\/div>\n\t\t<\/div>\n\t\t\t\t\t\t\t<\/div>\n\t\t<\/section>\n\t\t\t\t\t\t\t<\/div>","protected":false},"excerpt":{"rendered":"<p>Je\u015bli chcesz szybko i sprawnie komunikowa\u0107 si\u0119 ze swoimi partnerami, klientami i klientami, skorzystaj z komunikacji SMS. Za pomoc\u0105 SMS-\u00f3w mo\u017cesz na przyk\u0142ad informowa\u0107 swoich klient\u00f3w o nowo\u015bciach, ofertach cenowych i aktualnych rabatach. Mo\u017cna te\u017c przeprowadzi\u0107 ankiety w\u015br\u00f3d klient\u00f3w lub obywateli. Za pomoc\u0105 ankiety lub kampanii SMS otrzymasz [\u2026]<\/p>","protected":false},"author":1,"featured_media":1084,"parent":210,"menu_order":103,"comment_status":"closed","ping_status":"closed","template":"","meta":{"footnotes":""},"_links":{"self":[{"href":"https:\/\/new.comverga.com\/deu\/pl\/wp-json\/wp\/v2\/pages\/202"}],"collection":[{"href":"https:\/\/new.comverga.com\/deu\/pl\/wp-json\/wp\/v2\/pages"}],"about":[{"href":"https:\/\/new.comverga.com\/deu\/pl\/wp-json\/wp\/v2\/types\/page"}],"author":[{"embeddable":true,"href":"https:\/\/new.comverga.com\/deu\/pl\/wp-json\/wp\/v2\/users\/1"}],"replies":[{"embeddable":true,"href":"https:\/\/new.comverga.com\/deu\/pl\/wp-json\/wp\/v2\/comments?post=202"}],"version-history":[{"count":0,"href":"https:\/\/new.comverga.com\/deu\/pl\/wp-json\/wp\/v2\/pages\/202\/revisions"}],"up":[{"embeddable":true,"href":"https:\/\/new.comverga.com\/deu\/pl\/wp-json\/wp\/v2\/pages\/210"}],"wp:featuredmedia":[{"embeddable":true,"href":"https:\/\/new.comverga.com\/deu\/pl\/wp-json\/wp\/v2\/media\/1084"}],"wp:attachment":[{"href":"https:\/\/new.comverga.com\/deu\/pl\/wp-json\/wp\/v2\/media?parent=202"}],"curies":[{"name":"wp","href":"https:\/\/api.w.org\/{rel}","templated":true}]}}