{"id":492,"date":"2020-11-26T12:25:04","date_gmt":"2020-11-26T11:25:04","guid":{"rendered":"https:\/\/www.comverga.com\/?page_id=492"},"modified":"2023-03-09T16:18:10","modified_gmt":"2023-03-09T15:18:10","slug":"sms-gw-api-gui","status":"publish","type":"page","link":"https:\/\/new.comverga.com\/deu\/en\/dienstleistungen\/sms-messaging-dienste\/sms-gw-api-gui\/","title":{"rendered":"SMS Gateway"},"content":{"rendered":"<div data-elementor-type=\"wp-page\" data-elementor-id=\"492\" class=\"elementor elementor-492\">\n\t\t\t\t\t\t\t\t\t<section class=\"elementor-section elementor-top-section elementor-element elementor-element-186aa9ec elementor-section-boxed elementor-section-height-default elementor-section-height-default\" data-id=\"186aa9ec\" data-element_type=\"section\">\n\t\t\t\t\t\t<div class=\"elementor-container elementor-column-gap-default\">\n\t\t\t\t\t<div class=\"elementor-column elementor-col-100 elementor-top-column elementor-element elementor-element-74a1f4a1\" data-id=\"74a1f4a1\" data-element_type=\"column\">\n\t\t\t<div class=\"elementor-widget-wrap elementor-element-populated\">\n\t\t\t\t\t\t\t\t<div class=\"elementor-element elementor-element-5b71c787 elementor-widget elementor-widget-text-editor\" data-id=\"5b71c787\" data-element_type=\"widget\" data-widget_type=\"text-editor.default\">\n\t\t\t\t<div class=\"elementor-widget-container\">\n\t\t\t\t\t\t\t<!-- wp:paragraph -->\n<p>The source of data for communication with customers, partners or clients are mostly corporate systems, whether business, marketing or operational. Data for customer communication are generated synchronously or asynchronously from these systems. They are than processed and sent via various application interfaces and protocols. In some cases, it makes sense to use a graphical user interface that allows friendly work with data, individual campaigns and customer reactions. At the same time it is important to ensure all the necessary processes for personal data protection and protection against misuse (spam, fraud, etc.). In addition to the above-mentioned functionalities, the SMS gateway also provides administration of individual gateway users, traffic statistics and many other functions.<\/p>\n<!-- \/wp:paragraph -->\t\t\t\t\t\t<\/div>\n\t\t\t\t<\/div>\n\t\t\t\t\t<\/div>\n\t\t<\/div>\n\t\t\t\t\t\t\t<\/div>\n\t\t<\/section>\n\t\t\t\t\t\t\t<\/div>","protected":false},"excerpt":{"rendered":"<p>Die Datenquelle f\u00fcr die Kommunikation mit Kunden, Partnern oder Klienten sind haupts\u00e4chlich Unternehmenssysteme, egal ob betriebswirtschaftlich, Marketing-seitig oder operativ. Aus diesen Systemen werden Daten f\u00fcr die Kundenkommunikation synchron oder asynchron generiert, die dann verarbeitet und \u00fcber verschiedene Anwendungsschnittstellen und Protokolle gesendet werden. In einigen F\u00e4llen ist es vorteilhaft, eine grafische Benutzeroberfl\u00e4che zu verwenden, die ein [&hellip;]<\/p>","protected":false},"author":1,"featured_media":228,"parent":202,"menu_order":0,"comment_status":"closed","ping_status":"closed","template":"","meta":{"footnotes":""},"_links":{"self":[{"href":"https:\/\/new.comverga.com\/deu\/en\/wp-json\/wp\/v2\/pages\/492"}],"collection":[{"href":"https:\/\/new.comverga.com\/deu\/en\/wp-json\/wp\/v2\/pages"}],"about":[{"href":"https:\/\/new.comverga.com\/deu\/en\/wp-json\/wp\/v2\/types\/page"}],"author":[{"embeddable":true,"href":"https:\/\/new.comverga.com\/deu\/en\/wp-json\/wp\/v2\/users\/1"}],"replies":[{"embeddable":true,"href":"https:\/\/new.comverga.com\/deu\/en\/wp-json\/wp\/v2\/comments?post=492"}],"version-history":[{"count":0,"href":"https:\/\/new.comverga.com\/deu\/en\/wp-json\/wp\/v2\/pages\/492\/revisions"}],"up":[{"embeddable":true,"href":"https:\/\/new.comverga.com\/deu\/en\/wp-json\/wp\/v2\/pages\/202"}],"wp:featuredmedia":[{"embeddable":true,"href":"https:\/\/new.comverga.com\/deu\/en\/wp-json\/wp\/v2\/media\/228"}],"wp:attachment":[{"href":"https:\/\/new.comverga.com\/deu\/en\/wp-json\/wp\/v2\/media?parent=492"}],"curies":[{"name":"wp","href":"https:\/\/api.w.org\/{rel}","templated":true}]}}