{"id":394,"date":"2020-11-25T15:29:30","date_gmt":"2020-11-25T14:29:30","guid":{"rendered":"https:\/\/www.comverga.com\/?page_id=394"},"modified":"2023-03-09T16:26:37","modified_gmt":"2023-03-09T15:26:37","slug":"mission-2","status":"publish","type":"page","link":"https:\/\/new.comverga.com\/deu\/en\/mission-2\/","title":{"rendered":"Mission"},"content":{"rendered":"<div data-elementor-type=\"wp-page\" data-elementor-id=\"394\" class=\"elementor elementor-394\">\n\t\t\t\t\t\t\t\t\t<section class=\"elementor-section elementor-top-section elementor-element elementor-element-ec8913f elementor-section-boxed elementor-section-height-default elementor-section-height-default\" data-id=\"ec8913f\" data-element_type=\"section\">\n\t\t\t\t\t\t<div class=\"elementor-container elementor-column-gap-default\">\n\t\t\t\t\t<div class=\"elementor-column elementor-col-100 elementor-top-column elementor-element elementor-element-79ca4e3d\" data-id=\"79ca4e3d\" data-element_type=\"column\">\n\t\t\t<div class=\"elementor-widget-wrap elementor-element-populated\">\n\t\t\t\t\t\t\t\t<div class=\"elementor-element elementor-element-39237b6f elementor-widget elementor-widget-text-editor\" data-id=\"39237b6f\" data-element_type=\"widget\" data-widget_type=\"text-editor.default\">\n\t\t\t\t<div class=\"elementor-widget-container\">\n\t\t\t\t\t\t\t<!-- wp:paragraph -->\n<p class=\"translation-block\">We are a stable family-owned company, we are constantly evolving and following new trends to be a leading supplier of modern telecommunications services. Our goal is to be the customer\u2019s preferred partner in communications. Through the quality of services and the search for common solutions, we want to build a leading position among European companies in the communications and IT market with global reach.<\/p>\n<!-- \/wp:paragraph -->\n\n<!-- wp:paragraph -->\n<p class=\"translation-block\">We respond flexibly to the needs of our clients and offer them cost-effective and functionally optimal solutions. We want to be a partner that simplifies work, improves the operation of the company and enables the development of new business models using modern and advanced communication technologies. We place great emphasis on the ethical aspect of business, with special attention to respect for the other person \u2013 the customer, partner and supplier.<\/p>\n<!-- \/wp:paragraph -->\t\t\t\t\t\t<\/div>\n\t\t\t\t<\/div>\n\t\t\t\t\t<\/div>\n\t\t<\/div>\n\t\t\t\t\t\t\t<\/div>\n\t\t<\/section>\n\t\t\t\t\t\t\t<\/div>","protected":false},"excerpt":{"rendered":"<p>Wir sind ein stabiles Familienunternehmen, entwickeln uns st\u00e4ndig weiter und folgen neuen Trends, um ein f\u00fchrender Anbieter moderner Telekommunikationsdienste zu werden. Unser Ziel ist es, der bevorzugte Kommunikationspartner des Kunden zu sein. Durch die Qualit\u00e4t der Dienstleistungen und die Suche nach gemeinsamen L\u00f6sungen wollen wir eine f\u00fchrende Position unter europ\u00e4ischen Unternehmen im Kommunikations- und IT-Markt [&hellip;]<\/p>","protected":false},"author":1,"featured_media":145,"parent":0,"menu_order":0,"comment_status":"closed","ping_status":"closed","template":"","meta":{"footnotes":""},"_links":{"self":[{"href":"https:\/\/new.comverga.com\/deu\/en\/wp-json\/wp\/v2\/pages\/394"}],"collection":[{"href":"https:\/\/new.comverga.com\/deu\/en\/wp-json\/wp\/v2\/pages"}],"about":[{"href":"https:\/\/new.comverga.com\/deu\/en\/wp-json\/wp\/v2\/types\/page"}],"author":[{"embeddable":true,"href":"https:\/\/new.comverga.com\/deu\/en\/wp-json\/wp\/v2\/users\/1"}],"replies":[{"embeddable":true,"href":"https:\/\/new.comverga.com\/deu\/en\/wp-json\/wp\/v2\/comments?post=394"}],"version-history":[{"count":0,"href":"https:\/\/new.comverga.com\/deu\/en\/wp-json\/wp\/v2\/pages\/394\/revisions"}],"wp:featuredmedia":[{"embeddable":true,"href":"https:\/\/new.comverga.com\/deu\/en\/wp-json\/wp\/v2\/media\/145"}],"wp:attachment":[{"href":"https:\/\/new.comverga.com\/deu\/en\/wp-json\/wp\/v2\/media?parent=394"}],"curies":[{"name":"wp","href":"https:\/\/api.w.org\/{rel}","templated":true}]}}