{"id":692,"date":"2020-12-15T13:00:58","date_gmt":"2020-12-15T12:00:58","guid":{"rendered":"https:\/\/www.comverga.com\/?page_id=692"},"modified":"2023-08-24T12:59:44","modified_gmt":"2023-08-24T10:59:44","slug":"transport","status":"publish","type":"page","link":"https:\/\/new.comverga.com\/deu\/cs\/branchen\/transport\/","title":{"rendered":"Doprava"},"content":{"rendered":"<div data-elementor-type=\"wp-page\" data-elementor-id=\"692\" class=\"elementor elementor-692\">\n\t\t\t\t\t\t\t\t\t<section class=\"elementor-section elementor-top-section elementor-element elementor-element-57ea1981 elementor-section-boxed elementor-section-height-default elementor-section-height-default\" data-id=\"57ea1981\" data-element_type=\"section\">\n\t\t\t\t\t\t<div class=\"elementor-container elementor-column-gap-default\">\n\t\t\t\t\t<div class=\"elementor-column elementor-col-100 elementor-top-column elementor-element elementor-element-66db8b07\" data-id=\"66db8b07\" data-element_type=\"column\">\n\t\t\t<div class=\"elementor-widget-wrap elementor-element-populated\">\n\t\t\t\t\t\t\t\t<div class=\"elementor-element elementor-element-7bb52f46 elementor-widget elementor-widget-text-editor\" data-id=\"7bb52f46\" data-element_type=\"widget\" data-widget_type=\"text-editor.default\">\n\t\t\t\t<div class=\"elementor-widget-container\">\n\t\t\t\t\t\t\t<!-- wp:paragraph -->\n<p class=\"translation-block\">Na\u0161e zam\u011b\u0159en\u00ed v dopravn\u00edm pr\u016fmyslu je na prodej j\u00edzdenek a notifika\u010dn\u00ed slu\u017eby pro cestuj\u00edc\u00ed. Zpr\u00e1vy, mobiln\u00ed aplikace a mobiln\u00ed platby jsou zde z\u00e1sadn\u00ed ji\u017e po v\u00edce ne\u017e deset let. V posledn\u00ed dob\u011b vstupuj\u00ed na sc\u00e9nu inteligentn\u00ed za\u0159\u00edzen\u00ed, senzory a infrastruktura IoT a st\u00e1vaj\u00ed se ned\u00edlnou sou\u010d\u00e1st\u00ed slu\u017eeb a z\u00e1kaznick\u00e9 zku\u0161enosti.<\/p>\n<!-- \/wp:paragraph --><!-- wp:paragraph -->\n<p class=\"translation-block\">Nab\u00edz\u00edme celou \u0159adu slu\u017eeb:<\/p>\n<!-- \/wp:paragraph --><!-- wp:list -->\n<ul>\n<li>SMS \/ Mobile Ticketing \u2013 Parkov\u00e1n\u00ed a MHD<\/li>\n<li>Mobiln\u00ed aplikace<\/li>\n<li>Notifika\u010dn\u00ed slu\u017eby<\/li>\n<li>Mobiln\u00ed platby a platebn\u00ed slu\u017eby<\/li>\n<li>Outsourcing podnikov\u00fdch proces\u016f (BPO \u2013 Business Process Outsourcing)<\/li>\n<li>Provoz telekomunika\u010dn\u00ed infrastruktury<\/li>\n<li>Profesion\u00e1ln\u00ed slu\u017eby<\/li>\n<li>V\u00fdvoj aplikac\u00ed<\/li>\n<li>Chytr\u00e9 parkov\u00e1n\u00ed<\/li>\n<\/ul>\n<!-- \/wp:list --><!-- wp:heading -->\n<h2>Vybran\u00ed z\u00e1kazn\u00edci<\/h2>\n<!-- \/wp:heading --><!-- wp:list -->\n<ul>\n<li>Dopravn\u00ed podniky v Ostrav\u011b, Hradci Kr\u00e1lov\u00e9, Karlov\u00fdch Varech<\/li>\n<\/ul>\n<!-- \/wp:list -->\t\t\t\t\t\t<\/div>\n\t\t\t\t<\/div>\n\t\t\t\t\t<\/div>\n\t\t<\/div>\n\t\t\t\t\t\t\t<\/div>\n\t\t<\/section>\n\t\t\t\t\t\t\t<\/div>","protected":false},"excerpt":{"rendered":"<p>V odv\u011btv\u00ed dopravy se zam\u011b\u0159ujeme na slu\u017eby prodeje j\u00edzdenek a upozorn\u011bn\u00ed pro cestuj\u00edc\u00ed. Zpr\u00e1vy, mobiln\u00ed aplikace a mobiln\u00ed platby\u2026<\/p>","protected":false},"author":1,"featured_media":3252,"parent":346,"menu_order":6,"comment_status":"closed","ping_status":"closed","template":"","meta":{"footnotes":""},"_links":{"self":[{"href":"https:\/\/new.comverga.com\/deu\/cs\/wp-json\/wp\/v2\/pages\/692"}],"collection":[{"href":"https:\/\/new.comverga.com\/deu\/cs\/wp-json\/wp\/v2\/pages"}],"about":[{"href":"https:\/\/new.comverga.com\/deu\/cs\/wp-json\/wp\/v2\/types\/page"}],"author":[{"embeddable":true,"href":"https:\/\/new.comverga.com\/deu\/cs\/wp-json\/wp\/v2\/users\/1"}],"replies":[{"embeddable":true,"href":"https:\/\/new.comverga.com\/deu\/cs\/wp-json\/wp\/v2\/comments?post=692"}],"version-history":[{"count":0,"href":"https:\/\/new.comverga.com\/deu\/cs\/wp-json\/wp\/v2\/pages\/692\/revisions"}],"up":[{"embeddable":true,"href":"https:\/\/new.comverga.com\/deu\/cs\/wp-json\/wp\/v2\/pages\/346"}],"wp:featuredmedia":[{"embeddable":true,"href":"https:\/\/new.comverga.com\/deu\/cs\/wp-json\/wp\/v2\/media\/3252"}],"wp:attachment":[{"href":"https:\/\/new.comverga.com\/deu\/cs\/wp-json\/wp\/v2\/media?parent=692"}],"curies":[{"name":"wp","href":"https:\/\/api.w.org\/{rel}","templated":true}]}}