{"id":652,"date":"2020-12-21T12:05:09","date_gmt":"2020-12-21T11:05:09","guid":{"rendered":"https:\/\/www.comverga.com\/?page_id=652"},"modified":"2023-08-24T12:57:45","modified_gmt":"2023-08-24T10:57:45","slug":"netzbetreiber","status":"publish","type":"page","link":"https:\/\/new.comverga.com\/deu\/cs\/branchen\/netzbetreiber\/","title":{"rendered":"S\u00ed\u0165ov\u00ed oper\u00e1to\u0159i"},"content":{"rendered":"<div data-elementor-type=\"wp-page\" data-elementor-id=\"652\" class=\"elementor elementor-652\">\n\t\t\t\t\t\t\t\t\t<section class=\"elementor-section elementor-top-section elementor-element elementor-element-6e2574dc elementor-section-boxed elementor-section-height-default elementor-section-height-default\" data-id=\"6e2574dc\" data-element_type=\"section\">\n\t\t\t\t\t\t<div class=\"elementor-container elementor-column-gap-default\">\n\t\t\t\t\t<div class=\"elementor-column elementor-col-100 elementor-top-column elementor-element elementor-element-6f89b739\" data-id=\"6f89b739\" data-element_type=\"column\">\n\t\t\t<div class=\"elementor-widget-wrap elementor-element-populated\">\n\t\t\t\t\t\t\t\t<div class=\"elementor-element elementor-element-208785cb elementor-widget elementor-widget-text-editor\" data-id=\"208785cb\" data-element_type=\"widget\" data-widget_type=\"text-editor.default\">\n\t\t\t\t<div class=\"elementor-widget-container\">\n\t\t\t\t\t\t\t<!-- wp:paragraph -->\n<p class=\"translation-block\">S\u00ed\u0165ov\u00ed oper\u00e1to\u0159i jsou na\u0161imi kl\u00ed\u010dov\u00fdmi obchodn\u00edmi partnery. Budujeme spole\u010dn\u011b \u0159e\u0161en\u00ed \u0161it\u00e1 na m\u00edru jejich kl\u00ed\u010dov\u00fdm firemn\u00edm z\u00e1kazn\u00edk\u016fm a tak\u00e9 maloobchodn\u00ed slu\u017eby pro jejich maloobchodn\u00ed koncov\u00e9 u\u017eivatele. Na\u0161e dod\u00e1vka zahrnuje cel\u00fd \u017eivotn\u00ed cyklus slu\u017eby od poradenstv\u00ed p\u0159es implementaci a\u017e po provoz slu\u017eby.<\/p>\n<!-- \/wp:paragraph --><!-- wp:paragraph -->\n<p class=\"translation-block\">Zam\u011b\u0159ujeme se na n\u00e1sleduj\u00edc\u00ed oblasti:<\/p>\n<!-- \/wp:paragraph --><!-- wp:list -->\n<ul>\n<li>Messagingov\u00e1 infrastruktura (SMS, RCS)<\/li>\n<li>SDP \u2013 Platforma pro poskytov\u00e1n\u00ed slu\u017eeb<\/li>\n<li>Z\u00e1kaznick\u00e1 \u0159e\u0161en\u00ed pro firemn\u00ed klienty<\/li>\n<li>SIM Management pro M2M \/ IoT \/ Cloud<\/li>\n<li>MVNO \/ MVNE platforma a slu\u017eby<\/li>\n<li>Velkoobchodn\u00ed agregace pro FTTx \/ Cable \/ 5G<\/li>\n<li>Poradensk\u00e9 slu\u017eby<\/li>\n<\/ul>\n<!-- \/wp:list --><!-- wp:paragraph -->\n<p><strong>Vybran\u00ed partne\u0159i<\/strong> \u2013 O2, Vodafone, T-Mobile, Nordic Telecom<\/p>\n<!-- \/wp:paragraph --><!-- wp:spacer {\"height\":29} -->\n<div class=\"wp-block-spacer\" style=\"height: 29px;\" aria-hidden=\"true\">\u00a0<\/div>\n<!-- \/wp:spacer --><!-- wp:paragraph -->\n<p class=\"translation-block\">Nab\u00edz\u00edme tak\u00e9 na\u0161e \u0159e\u0161en\u00ed pro provozovatele soukrom\u00fdch s\u00edt\u00ed, jako jsou oper\u00e1to\u0159i GSM-R pro \u017eeleznice a provozovatel\u00e9 technologick\u00fdch s\u00edt\u00ed. Zde se soust\u0159ed\u00edme na n\u00e1sleduj\u00edc\u00ed \u0159e\u0161en\u00ed:<\/p>\n<!-- \/wp:paragraph --><!-- wp:list -->\n<ul>\n<li>Messagingov\u00e1 infrastruktura (SMSC, USSD, SS7)<\/li>\n<li>SIM Management platforma<\/li>\n<li>SDP \u2013 Platforma pro poskytov\u00e1n\u00ed slu\u017eeb<\/li>\n<\/ul>\n<!-- \/wp:list --><!-- wp:paragraph -->\n<p><strong>Vybran\u00ed partne\u0159i<\/strong> \u2013 \u010cesk\u00e9 dr\u00e1hy<\/p>\n<!-- \/wp:paragraph --><!-- wp:paragraph -->\n<p>\u00a0<\/p>\n<!-- \/wp:paragraph -->\t\t\t\t\t\t<\/div>\n\t\t\t\t<\/div>\n\t\t\t\t\t<\/div>\n\t\t<\/div>\n\t\t\t\t\t\t\t<\/div>\n\t\t<\/section>\n\t\t\t\t\t\t\t<\/div>","protected":false},"excerpt":{"rendered":"<p>S\u00ed\u0165ov\u00ed oper\u00e1to\u0159i jsou na\u0161imi nejd\u016fle\u017eit\u011bj\u0161\u00edmi obchodn\u00edmi partnery. Vyv\u00edj\u00edme \u0159e\u0161en\u00ed \u0161it\u00e1 na m\u00edru pro va\u0161e nejv\u00fdznamn\u011bj\u0161\u00ed firemn\u00ed z\u00e1kazn\u00edky i\u2026<\/p>","protected":false},"author":1,"featured_media":3256,"parent":346,"menu_order":0,"comment_status":"closed","ping_status":"closed","template":"","meta":{"footnotes":""},"_links":{"self":[{"href":"https:\/\/new.comverga.com\/deu\/cs\/wp-json\/wp\/v2\/pages\/652"}],"collection":[{"href":"https:\/\/new.comverga.com\/deu\/cs\/wp-json\/wp\/v2\/pages"}],"about":[{"href":"https:\/\/new.comverga.com\/deu\/cs\/wp-json\/wp\/v2\/types\/page"}],"author":[{"embeddable":true,"href":"https:\/\/new.comverga.com\/deu\/cs\/wp-json\/wp\/v2\/users\/1"}],"replies":[{"embeddable":true,"href":"https:\/\/new.comverga.com\/deu\/cs\/wp-json\/wp\/v2\/comments?post=652"}],"version-history":[{"count":0,"href":"https:\/\/new.comverga.com\/deu\/cs\/wp-json\/wp\/v2\/pages\/652\/revisions"}],"up":[{"embeddable":true,"href":"https:\/\/new.comverga.com\/deu\/cs\/wp-json\/wp\/v2\/pages\/346"}],"wp:featuredmedia":[{"embeddable":true,"href":"https:\/\/new.comverga.com\/deu\/cs\/wp-json\/wp\/v2\/media\/3256"}],"wp:attachment":[{"href":"https:\/\/new.comverga.com\/deu\/cs\/wp-json\/wp\/v2\/media?parent=652"}],"curies":[{"name":"wp","href":"https:\/\/api.w.org\/{rel}","templated":true}]}}