{"id":563,"date":"2020-12-02T09:14:21","date_gmt":"2020-12-02T08:14:21","guid":{"rendered":"https:\/\/www.comverga.com\/?page_id=563"},"modified":"2023-03-09T16:13:25","modified_gmt":"2023-03-09T15:13:25","slug":"sdp-fur-cloud","status":"publish","type":"page","link":"https:\/\/new.comverga.com\/deu\/cs\/dienstleistungen\/software-as-a-service-platform-as-a-service\/sdp-fur-cloud\/","title":{"rendered":"SDP pro Cloud"},"content":{"rendered":"<div data-elementor-type=\"wp-page\" data-elementor-id=\"563\" class=\"elementor elementor-563\">\n\t\t\t\t\t\t\t\t\t<section class=\"elementor-section elementor-top-section elementor-element elementor-element-46414303 elementor-section-boxed elementor-section-height-default elementor-section-height-default\" data-id=\"46414303\" data-element_type=\"section\">\n\t\t\t\t\t\t<div class=\"elementor-container elementor-column-gap-default\">\n\t\t\t\t\t<div class=\"elementor-column elementor-col-100 elementor-top-column elementor-element elementor-element-731d2aa1\" data-id=\"731d2aa1\" data-element_type=\"column\">\n\t\t\t<div class=\"elementor-widget-wrap elementor-element-populated\">\n\t\t\t\t\t\t\t\t<div class=\"elementor-element elementor-element-da68ae elementor-widget elementor-widget-text-editor\" data-id=\"da68ae\" data-element_type=\"widget\" data-widget_type=\"text-editor.default\">\n\t\t\t\t<div class=\"elementor-widget-container\">\n\t\t\t\t\t\t\t<!-- wp:paragraph -->\n<p class=\"translation-block\">Dne\u0161n\u00ed rychle se m\u011bn\u00edc\u00ed prost\u0159ed\u00ed podporuje ve st\u00e1le v\u011bt\u0161\u00ed m\u00ed\u0159e vyu\u017e\u00edv\u00e1n\u00ed cloudov\u00fdch slu\u017eeb. To se t\u00fdk\u00e1 jejich objemu, r\u016fzn\u00fdch typ\u016f slu\u017eeb i r\u016fzn\u00fdch u\u017eivatel\u016f. Firemn\u00ed n\u00e1klady na cloudov\u00e9 slu\u017eby prudce rostou a jejich kontrola, mo\u017enost \u010dlen\u011bn\u00ed na r\u016fzn\u00e1 n\u00e1kladov\u00e1 st\u0159ediska a konkr\u00e9tn\u00ed u\u017eivatele se st\u00e1v\u00e1 nezbytnost\u00ed.<\/p>\n<!-- \/wp:paragraph -->\n\n<!-- wp:paragraph -->\n<p class=\"translation-block\">SDP umo\u017e\u0148uje kompletn\u00ed a sofistikovan\u00e9 \u0159\u00edzen\u00ed pou\u017e\u00edv\u00e1n\u00ed cloudov\u00fdch slu\u017eeb v\u00a0organizaci, zahrnuj\u00edc\u00ed kontrolu jejich aktivace a deaktivace, kontrolu objemu a \u010dasu \u010derp\u00e1n\u00ed, roz\u00fa\u010dtov\u00e1n\u00ed n\u00e1klad\u016f od r\u016fzn\u00fdch poskytovatel\u016f cloudov\u00fdch slu\u017eeb na u\u017eivatele a n\u00e1kladov\u00e1 st\u0159ediska. Podporuje jak ve\u0159ejn\u00e9 cloudov\u00e9 poskytovatele (IBM, Amazon, Microsoft, Alcatel, Unify), tak i intern\u00ed poskytovatele v\u00a0r\u00e1mci organizace.<\/p>\n<!-- \/wp:paragraph -->\t\t\t\t\t\t<\/div>\n\t\t\t\t<\/div>\n\t\t\t\t\t<\/div>\n\t\t<\/div>\n\t\t\t\t\t\t\t<\/div>\n\t\t<\/section>\n\t\t\t\t\t\t\t<\/div>","protected":false},"excerpt":{"rendered":"<p>Dne\u0161n\u00ed rychle se m\u011bn\u00edc\u00ed prost\u0159ed\u00ed podporuje ve st\u00e1le v\u011bt\u0161\u00ed m\u00ed\u0159e vyu\u017e\u00edv\u00e1n\u00ed cloudov\u00fdch slu\u017eeb. To se t\u00fdk\u00e1 jejich objemu, r\u016fzn\u00fdch typ\u016f slu\u017eeb i r\u016fzn\u00fdch u\u017eivatel\u016f. Firemn\u00ed n\u00e1klady na cloudov\u00e9 slu\u017eby prudce rostou a jejich kontrola, mo\u017enost \u010dlen\u011bn\u00ed na r\u016fzn\u00e1 n\u00e1kladov\u00e1 st\u0159ediska a konkr\u00e9tn\u00ed u\u017eivatele se st\u00e1v\u00e1 nezbytnost\u00ed.<\/p>","protected":false},"author":1,"featured_media":145,"parent":206,"menu_order":4,"comment_status":"closed","ping_status":"closed","template":"","meta":{"footnotes":""},"_links":{"self":[{"href":"https:\/\/new.comverga.com\/deu\/cs\/wp-json\/wp\/v2\/pages\/563"}],"collection":[{"href":"https:\/\/new.comverga.com\/deu\/cs\/wp-json\/wp\/v2\/pages"}],"about":[{"href":"https:\/\/new.comverga.com\/deu\/cs\/wp-json\/wp\/v2\/types\/page"}],"author":[{"embeddable":true,"href":"https:\/\/new.comverga.com\/deu\/cs\/wp-json\/wp\/v2\/users\/1"}],"replies":[{"embeddable":true,"href":"https:\/\/new.comverga.com\/deu\/cs\/wp-json\/wp\/v2\/comments?post=563"}],"version-history":[{"count":0,"href":"https:\/\/new.comverga.com\/deu\/cs\/wp-json\/wp\/v2\/pages\/563\/revisions"}],"up":[{"embeddable":true,"href":"https:\/\/new.comverga.com\/deu\/cs\/wp-json\/wp\/v2\/pages\/206"}],"wp:featuredmedia":[{"embeddable":true,"href":"https:\/\/new.comverga.com\/deu\/cs\/wp-json\/wp\/v2\/media\/145"}],"wp:attachment":[{"href":"https:\/\/new.comverga.com\/deu\/cs\/wp-json\/wp\/v2\/media?parent=563"}],"curies":[{"name":"wp","href":"https:\/\/api.w.org\/{rel}","templated":true}]}}