{"id":3145,"date":"2023-06-14T13:54:33","date_gmt":"2023-06-14T11:54:33","guid":{"rendered":"https:\/\/www.comverga.com\/deu\/?page_id=3145"},"modified":"2023-11-13T19:09:02","modified_gmt":"2023-11-13T18:09:02","slug":"omnichannel","status":"publish","type":"page","link":"https:\/\/new.comverga.com\/deu\/cs\/dienstleistungen\/sms-messaging-dienste\/omnichannel\/","title":{"rendered":"Omnichannel"},"content":{"rendered":"<div data-elementor-type=\"wp-page\" data-elementor-id=\"3145\" class=\"elementor elementor-3145\">\n\t\t\t\t\t\t\t\t\t<section class=\"elementor-section elementor-top-section elementor-element elementor-element-2bcc4dc6 elementor-section-boxed elementor-section-height-default elementor-section-height-default\" data-id=\"2bcc4dc6\" data-element_type=\"section\">\n\t\t\t\t\t\t<div class=\"elementor-container elementor-column-gap-no\">\n\t\t\t\t\t<div class=\"elementor-column elementor-col-100 elementor-top-column elementor-element elementor-element-78228a82\" data-id=\"78228a82\" data-element_type=\"column\">\n\t\t\t<div class=\"elementor-widget-wrap elementor-element-populated\">\n\t\t\t\t\t\t\t\t<div class=\"elementor-element elementor-element-2585927d elementor-widget elementor-widget-text-editor\" data-id=\"2585927d\" data-element_type=\"widget\" data-widget_type=\"text-editor.default\">\n\t\t\t\t<div class=\"elementor-widget-container\">\n\t\t\t\t\t\t\t<p class=\"translation-block\">Omnichannel je strategie, kter\u00e1 se zam\u011b\u0159uje na poskytov\u00e1n\u00ed konzistentn\u00edho z\u00e1\u017eitku z\u00e1kazn\u00edka nap\u0159\u00ed\u010d v\u0161emi kan\u00e1ly komunikace a prodeje. Tato strategie vyu\u017e\u00edv\u00e1 \u0159adu r\u016fzn\u00fdch kan\u00e1l\u016f, jako jsou telefon, e-mail, chatovac\u00ed aplikace, soci\u00e1ln\u00ed m\u00e9dia a osobn\u00ed n\u00e1v\u0161t\u011bvy, aby byl zaji\u0161t\u011bn integrovan\u00fd a konzistentn\u00ed z\u00e1\u017eitek pro z\u00e1kazn\u00edka.<\/p><p class=\"translation-block\">Omnichannel zahrnuje <strong>spojen\u00ed v\u0161ech dostupn\u00fdch kan\u00e1l\u016f a prost\u0159edk\u016f,<\/strong> kter\u00e9 firma pou\u017e\u00edv\u00e1 k interakci se z\u00e1kazn\u00edky. Nap\u0159\u00edklad, pokud z\u00e1kazn\u00edk zanech\u00e1 po\u017eadavek na webov\u00e9 str\u00e1nce, m\u011bl by b\u00fdt schopen pokra\u010dovat ve stejn\u00e9 konverzaci p\u0159es e-mail, chat, telefon, nebo jak\u00fdkoli jin\u00fd kan\u00e1l, kter\u00fd mu vyhovuje. Pokud z\u00e1kazn\u00edk vyu\u017eije slu\u017eby podpory z\u00e1kazn\u00edk\u016f na jednom kan\u00e1lu, je schopen pokra\u010dovat v t\u00e9to konverzaci na jin\u00e9m kan\u00e1lu, ani\u017e by musel opakovat sv\u00e9 po\u017eadavky, tj. kontext dialogu je zachov\u00e1n.<\/p><p class=\"translation-block\">COMVERGA Omnichannel umo\u017e\u0148uje integrovat r\u016fzn\u00e9 komunika\u010dn\u00ed kan\u00e1ly do <strong>jedn\u00e9 v\u00edcekan\u00e1lov\u00e9 platformy.<\/strong><\/p><p class=\"translation-block\">Je st\u00e1le d\u016fle\u017eit\u011bj\u0161\u00ed nab\u00edzet <strong>personalizovan\u00e9 a konzistentn\u00ed slu\u017eby<\/strong> pro neust\u00e1l\u00e9 zvy\u0161ov\u00e1n\u00ed \u00farovn\u011b slu\u017eeb. Personalizaci dnes ji\u017e z\u00e1kazn\u00edci pova\u017euj\u00ed za samoz\u0159ejmost, ale pokud to firma ud\u011bl\u00e1 \u0161patn\u011b, z\u00e1kazn\u00edci mohou vyu\u017e\u00edt alternativn\u00edch mo\u017enost\u00ed na trhu.<\/p><p class=\"translation-block\">COMVERGA Omnichannel p\u0159edstavuje revolu\u010dn\u00ed spojen\u00ed technologi\u00ed, dialogu a administr\u00e1torsk\u00fdch mo\u017enost\u00ed tak, aby z\u00e1kazn\u00edkovi byl poskytnut maxim\u00e1ln\u011b personalizovan\u00fd, interaktivn\u00ed a relevantn\u00ed obsah.<\/p>\t\t\t\t\t\t<\/div>\n\t\t\t\t<\/div>\n\t\t\t\t\t<\/div>\n\t\t<\/div>\n\t\t\t\t\t\t\t<\/div>\n\t\t<\/section>\n\t\t\t\t<section class=\"elementor-section elementor-top-section elementor-element elementor-element-6dc5e074 elementor-section-boxed elementor-section-height-default elementor-section-height-default\" data-id=\"6dc5e074\" data-element_type=\"section\">\n\t\t\t\t\t\t<div class=\"elementor-container elementor-column-gap-default\">\n\t\t\t\t\t<div class=\"elementor-column elementor-col-100 elementor-top-column elementor-element elementor-element-664340a9\" data-id=\"664340a9\" data-element_type=\"column\">\n\t\t\t<div class=\"elementor-widget-wrap elementor-element-populated\">\n\t\t\t\t\t\t\t\t<div class=\"elementor-element elementor-element-35171ba elementor-widget-divider--view-line elementor-widget elementor-widget-divider\" data-id=\"35171ba\" data-element_type=\"widget\" data-widget_type=\"divider.default\">\n\t\t\t\t<div class=\"elementor-widget-container\">\n\t\t\t\t\t<div class=\"elementor-divider\">\n\t\t\t<span class=\"elementor-divider-separator\">\n\t\t\t\t\t\t<\/span>\n\t\t<\/div>\n\t\t\t\t<\/div>\n\t\t\t\t<\/div>\n\t\t\t\t\t<\/div>\n\t\t<\/div>\n\t\t\t\t\t\t\t<\/div>\n\t\t<\/section>\n\t\t\t\t<section class=\"elementor-section elementor-top-section elementor-element elementor-element-2cfa7650 elementor-section-boxed elementor-section-height-default elementor-section-height-default\" data-id=\"2cfa7650\" data-element_type=\"section\">\n\t\t\t\t\t\t<div class=\"elementor-container elementor-column-gap-no\">\n\t\t\t\t\t<div class=\"elementor-column elementor-col-100 elementor-top-column elementor-element elementor-element-5bf839f5\" data-id=\"5bf839f5\" data-element_type=\"column\">\n\t\t\t<div class=\"elementor-widget-wrap elementor-element-populated\">\n\t\t\t\t\t\t\t\t<div class=\"elementor-element elementor-element-440dc4a elementor-widget elementor-widget-heading\" data-id=\"440dc4a\" data-element_type=\"widget\" id=\"custom-heading\" data-widget_type=\"heading.default\">\n\t\t\t\t<div class=\"elementor-widget-container\">\n\t\t\t<h2 class=\"elementor-heading-title elementor-size-default\">Hlavn\u00ed v\u00fdhody<\/h2>\t\t<\/div>\n\t\t\t\t<\/div>\n\t\t\t\t<div class=\"elementor-element elementor-element-40220c6 elementor-widget elementor-widget-html\" data-id=\"40220c6\" data-element_type=\"widget\" data-widget_type=\"html.default\">\n\t\t\t\t<div class=\"elementor-widget-container\">\n\t\t\t<section class=\"main-benefits\">\n    <div class=\"benefit-box\">\n        <i class=\"fa-solid fa-gears\"><\/i>\n        <p class=\"translation-block\">Snadn\u00e1 API<br>integrace<\/p>\n    <\/div>\n    \n    <div class=\"benefit-box\">\n        <i class=\"fa-solid fa-hand\"><\/i>\n        <p class=\"translation-block\">Jednotn\u00e9<br>intuitivn\u00ed GUI<\/p>\n    <\/div>\n    \n    <div class=\"benefit-box\">\n        <i class=\"fa-solid fa-arrow-right-arrow-left\"><\/i>\n        <p class=\"translation-block\">Obousm\u011brn\u00e1 komunikace<br>(B2B a B2C) <\/p>\n    <\/div>\n    \n    <div class=\"benefit-box\">\n        <i class=\"fa-solid fa-sliders\"><\/i>\n        <p class=\"translation-block\">Automatick\u00e1 volba<br>optim\u00e1ln\u00edch kan\u00e1l\u016f<\/p>\n    <\/div>\n    \n    <div class=\"benefit-box\">\n        <i class=\"fa-solid fa-bullseye\"><\/i>\n        <p>Pokro\u010dil\u00e1 strategie p\u0159i vytv\u00e1\u0159en\u00ed medi\u00e1ln\u00edch pl\u00e1n\u016f<\/p>\n    <\/div>\n    \n<\/section>\t\t<\/div>\n\t\t\t\t<\/div>\n\t\t\t\t\t<\/div>\n\t\t<\/div>\n\t\t\t\t\t\t\t<\/div>\n\t\t<\/section>\n\t\t\t\t<section class=\"elementor-section elementor-top-section elementor-element elementor-element-15d8d1ee elementor-section-boxed elementor-section-height-default elementor-section-height-default\" data-id=\"15d8d1ee\" data-element_type=\"section\">\n\t\t\t\t\t\t<div class=\"elementor-container elementor-column-gap-default\">\n\t\t\t\t\t<div class=\"elementor-column elementor-col-100 elementor-top-column elementor-element elementor-element-419964c7\" data-id=\"419964c7\" data-element_type=\"column\">\n\t\t\t<div class=\"elementor-widget-wrap elementor-element-populated\">\n\t\t\t\t\t\t\t\t<div class=\"elementor-element elementor-element-66bb087c elementor-widget-divider--view-line elementor-widget elementor-widget-divider\" data-id=\"66bb087c\" data-element_type=\"widget\" data-widget_type=\"divider.default\">\n\t\t\t\t<div class=\"elementor-widget-container\">\n\t\t\t\t\t<div class=\"elementor-divider\">\n\t\t\t<span class=\"elementor-divider-separator\">\n\t\t\t\t\t\t<\/span>\n\t\t<\/div>\n\t\t\t\t<\/div>\n\t\t\t\t<\/div>\n\t\t\t\t<div class=\"elementor-element elementor-element-7551bcc3 elementor-widget elementor-widget-heading\" data-id=\"7551bcc3\" data-element_type=\"widget\" data-widget_type=\"heading.default\">\n\t\t\t\t<div class=\"elementor-widget-container\">\n\t\t\t<h2 class=\"elementor-heading-title elementor-size-default\">\u0158e\u0161en\u00ed<\/h2>\t\t<\/div>\n\t\t\t\t<\/div>\n\t\t\t\t\t<\/div>\n\t\t<\/div>\n\t\t\t\t\t\t\t<\/div>\n\t\t<\/section>\n\t\t\t\t<section class=\"elementor-section elementor-top-section elementor-element elementor-element-c00fb0f elementor-section-boxed elementor-section-height-default elementor-section-height-default\" data-id=\"c00fb0f\" data-element_type=\"section\">\n\t\t\t\t\t\t<div class=\"elementor-container elementor-column-gap-default\">\n\t\t\t\t\t<div class=\"elementor-column elementor-col-100 elementor-top-column elementor-element elementor-element-7876b7b9\" data-id=\"7876b7b9\" data-element_type=\"column\">\n\t\t\t<div class=\"elementor-widget-wrap elementor-element-populated\">\n\t\t\t\t\t\t\t\t<div class=\"elementor-element elementor-element-23c6dce0 elementor-widget__width-initial elementor-widget elementor-widget-html\" data-id=\"23c6dce0\" data-element_type=\"widget\" data-widget_type=\"html.default\">\n\t\t\t\t<div class=\"elementor-widget-container\">\n\t\t\t<div class=\"main-gif\">\n    \n    <div class=\"color-bubbles\">\n        \n        <div class=\"bubble bubble-green\">\n            <div class=\"dot\"><\/div>\n            <div class=\"dot\"><\/div>\n            <div class=\"dot\"><\/div>\n        <\/div>\n        <div class=\"bubble bubble-blue\">\n            <div class=\"dot\"><\/div>\n            <div class=\"dot\"><\/div>\n            <div class=\"dot\"><\/div>\n        <\/div>\n        <div class=\"bubble bubble-yellow\">\n            <div class=\"dot\"><\/div>\n            <div class=\"dot\"><\/div>\n            <div class=\"dot\"><\/div>\n        <\/div>\n        \n    <\/div>\n    \n    <div class=\"message-bubble without-animation\">\n        <p><b>Ahoj xxxx<\/b>nakup 2 za cenu 1 do konce t\u00fddne. Tv\u016fj KOSMAS<\/p>\n    <\/div>\n    \n    <div class=\"message-bubble phone\">\n        <i class=\"fa-solid fa-phone\"><\/i>\n        <p><b>Ahoj Karle<\/b>nakup 2 za cenu 1 do konce t\u00fddne. Tv\u016fj KOSMAS<\/p>\n    <\/div>\n    \n    <div class=\"message-bubble green\">\n        <p>M\u00e1m z\u00e1jem, po\u0161lete pros\u00edm v\u00edce info.<\/p>\n    <\/div>\n    \n    <div class=\"message-bubble telegram\">\n        <i class=\"fa-brands fa-telegram\"><\/i>\n        <p><b>Ahoj Kamile<\/b>nakup 2 za cenu 1 do konce t\u00fddne. Tv\u016fj KOSMAS<\/p>\n    <\/div>\n    \n    <div class=\"message-bubble blue\">\n        <p>Na co v\u0161echno se sleva vztahuje pros\u00edm?<\/p>\n    <\/div>\n    \n    <div class=\"message-bubble rcs\">\n        <i class=\"fa-regular fa-message\"><\/i>\n        <p><b>Ahoj Valent\u00fdno<\/b>nakup 2 za cenu 1 do konce t\u00fddne. Tv\u016fj KOSMAS<\/p>\n    <\/div>\n    \n    <div class=\"message-bubble yellow\">\n        <p>Pros\u00edm o vy\u0159azen\u00ed z rozes\u00edlek.<\/p>\n    <\/div>\n    \n    <img decoding=\"async\" src=\"\/cze\/wp-content\/uploads\/sites\/3\/2023\/06\/nakres_OMNI_web.svg\" width=\"100%\">\n    \n<\/div>\t\t<\/div>\n\t\t\t\t<\/div>\n\t\t\t\t\t<\/div>\n\t\t<\/div>\n\t\t\t\t\t\t\t<\/div>\n\t\t<\/section>\n\t\t\t\t<section class=\"elementor-section elementor-top-section elementor-element elementor-element-43358de elementor-section-boxed elementor-section-height-default elementor-section-height-default\" data-id=\"43358de\" data-element_type=\"section\">\n\t\t\t\t\t\t<div class=\"elementor-container elementor-column-gap-default\">\n\t\t\t\t\t<div class=\"elementor-column elementor-col-50 elementor-top-column elementor-element elementor-element-6ac6d5b\" data-id=\"6ac6d5b\" data-element_type=\"column\">\n\t\t\t<div class=\"elementor-widget-wrap elementor-element-populated\">\n\t\t\t\t\t\t\t\t<div class=\"elementor-element elementor-element-363bd2aa elementor-widget elementor-widget-text-editor\" data-id=\"363bd2aa\" data-element_type=\"widget\" data-widget_type=\"text-editor.default\">\n\t\t\t\t<div class=\"elementor-widget-container\">\n\t\t\t\t\t\t\t<h3>Partner z\u00edsk\u00e1<\/h3>\n<ul>\n \t<li>Z\u00e1kaznick\u00e1 spokojenost<\/li>\n \t<li>Efektivita marketingov\u00fdch kampan\u00ed<\/li>\n \t<li>Vy\u0161\u0161\u00ed \u00farove\u0148 loajality z\u00e1kazn\u00edk\u016f<\/li>\n<\/ul>\t\t\t\t\t\t<\/div>\n\t\t\t\t<\/div>\n\t\t\t\t\t<\/div>\n\t\t<\/div>\n\t\t\t\t<div class=\"elementor-column elementor-col-50 elementor-top-column elementor-element elementor-element-793fafa0\" data-id=\"793fafa0\" data-element_type=\"column\">\n\t\t\t<div class=\"elementor-widget-wrap elementor-element-populated\">\n\t\t\t\t\t\t\t\t<div class=\"elementor-element elementor-element-7f394b3a elementor-widget__width-initial elementor-widget elementor-widget-text-editor\" data-id=\"7f394b3a\" data-element_type=\"widget\" data-widget_type=\"text-editor.default\">\n\t\t\t\t<div class=\"elementor-widget-container\">\n\t\t\t\t\t\t\t<h3>COMVERGA Omnichannel nab\u00edz\u00ed<\/h3>\n<ul>\n \t<li class=\"s39\">Komplexn\u00ed koordinace komunikace a prodeje<\/li>\n \t<li class=\"s39\">Open API pro snadnou integraci<\/li>\n \t<li class=\"s39\">Konzultace a podpora p\u0159i integraci<\/li>\n<\/ul>\t\t\t\t\t\t<\/div>\n\t\t\t\t<\/div>\n\t\t\t\t\t<\/div>\n\t\t<\/div>\n\t\t\t\t\t\t\t<\/div>\n\t\t<\/section>\n\t\t\t\t<section class=\"elementor-section elementor-top-section elementor-element elementor-element-268e866 elementor-section-boxed elementor-section-height-default elementor-section-height-default\" data-id=\"268e866\" data-element_type=\"section\">\n\t\t\t\t\t\t<div class=\"elementor-container elementor-column-gap-default\">\n\t\t\t\t\t<div class=\"elementor-column elementor-col-100 elementor-top-column elementor-element elementor-element-e806f6c\" data-id=\"e806f6c\" data-element_type=\"column\">\n\t\t\t<div class=\"elementor-widget-wrap elementor-element-populated\">\n\t\t\t\t\t\t\t\t<div class=\"elementor-element elementor-element-ec40bbb elementor-align-center elementor-widget elementor-widget-button\" data-id=\"ec40bbb\" data-element_type=\"widget\" data-widget_type=\"button.default\">\n\t\t\t\t<div class=\"elementor-widget-container\">\n\t\t\t\t\t<div class=\"elementor-button-wrapper\">\n\t\t\t<a class=\"elementor-button elementor-button-link elementor-size-sm\" href=\"\/deu\/cs\/dienstleistungen\/sms-messaging-dienste\/omnichannel\/details-der-omnichannel\/\">\n\t\t\t\t\t\t<span class=\"elementor-button-content-wrapper\">\n\t\t\t\t\t\t<span class=\"elementor-button-text\">V\u00edce<\/span>\n\t\t<\/span>\n\t\t\t\t\t<\/a>\n\t\t<\/div>\n\t\t\t\t<\/div>\n\t\t\t\t<\/div>\n\t\t\t\t\t<\/div>\n\t\t<\/div>\n\t\t\t\t\t\t\t<\/div>\n\t\t<\/section>\n\t\t\t\t<section class=\"elementor-section elementor-top-section elementor-element elementor-element-1a6b1742 elementor-section-boxed elementor-section-height-default elementor-section-height-default\" data-id=\"1a6b1742\" data-element_type=\"section\">\n\t\t\t\t\t\t<div class=\"elementor-container elementor-column-gap-default\">\n\t\t\t\t\t<div class=\"elementor-column elementor-col-100 elementor-top-column elementor-element elementor-element-63975add\" data-id=\"63975add\" data-element_type=\"column\">\n\t\t\t<div class=\"elementor-widget-wrap elementor-element-populated\">\n\t\t\t\t\t\t\t\t<div class=\"elementor-element elementor-element-58a61466 elementor-widget-divider--view-line elementor-widget elementor-widget-divider\" data-id=\"58a61466\" data-element_type=\"widget\" data-widget_type=\"divider.default\">\n\t\t\t\t<div class=\"elementor-widget-container\">\n\t\t\t\t\t<div class=\"elementor-divider\">\n\t\t\t<span class=\"elementor-divider-separator\">\n\t\t\t\t\t\t<\/span>\n\t\t<\/div>\n\t\t\t\t<\/div>\n\t\t\t\t<\/div>\n\t\t\t\t\t<\/div>\n\t\t<\/div>\n\t\t\t\t\t\t\t<\/div>\n\t\t<\/section>\n\t\t\t\t<section class=\"elementor-section elementor-top-section elementor-element elementor-element-7ca86679 elementor-section-boxed elementor-section-height-default elementor-section-height-default\" data-id=\"7ca86679\" data-element_type=\"section\">\n\t\t\t\t\t\t<div class=\"elementor-container elementor-column-gap-default\">\n\t\t\t\t\t<div class=\"elementor-column elementor-col-100 elementor-top-column elementor-element elementor-element-68ac566c\" data-id=\"68ac566c\" data-element_type=\"column\">\n\t\t\t<div class=\"elementor-widget-wrap elementor-element-populated\">\n\t\t\t\t\t\t\t\t<div class=\"elementor-element elementor-element-2ac463f9 elementor-widget elementor-widget-heading\" data-id=\"2ac463f9\" data-element_type=\"widget\" id=\"custom-heading\" data-widget_type=\"heading.default\">\n\t\t\t\t<div class=\"elementor-widget-container\">\n\t\t\t<h2 class=\"elementor-heading-title elementor-size-default\">P\u0159\u00edpady pou\u017eit\u00ed<\/h2>\t\t<\/div>\n\t\t\t\t<\/div>\n\t\t\t\t<div class=\"elementor-element elementor-element-637b2c95 elementor-widget elementor-widget-html\" data-id=\"637b2c95\" data-element_type=\"widget\" data-widget_type=\"html.default\">\n\t\t\t\t<div class=\"elementor-widget-container\">\n\t\t\t<div class=\"list section-inner custom\">\n\n\t\t<div class=\"list-inner\">\n\t\t    \n\t\t    <div class=\"list-item bg-image\" style=\"background-image:url('\/wp-content\/uploads\/sites\/3\/2023\/04\/coopmobil.jpg')\">\n\t\t\t\t\t<a href=\"\/deu\/cs\/dienstleistungen\/sms-messaging-dienste\/omnichannel\/coop-mobil-virtueller-mobilfunkbetreiber\/\">\n\n\t\t\t\t\t\t<span class=\"list-item-title\">\n\t\t\t\t\t\t  COOP Mobil virtu\u00e1ln\u00ed oper\u00e1tor\n\t\t\t\t\t\t<\/span>\n\n\t\t\t\t\t\t<span class=\"list-item-description\">\n\t\t\t\t\t\t\t\nMobiln\u00ed oper\u00e1tor COOP Mobil odm\u011b\u0148uje z\u00e1kazn\u00edky za n\u00e1kupy v\u00a0prodejn\u00e1ch COOP. Pokud si z\u00e1kazn\u00edk p\u0159i n\u00e1kupu na pokladn\u011b na\u010dte z\u00e1kaznickou kartu a spln\u00ed podm\u00ednky programu, z\u00edsk\u00e1v\u00e1 voln\u00e9 jednotky na vol\u00e1n\u00ed nebo slevu na COOP Mobil slu\u017eby.\t\t\t\t\t\t\t\n\t\t\t\t\t\t\t<\/span>\n\n\t\t\t\t\t\t\t<span class=\"list-item-link\">V\u00edce \u00bb<\/span>\n\t\t\t\t\t\t<\/span>\n\t\t\t\t\t<\/a>\n\t\t\t\t<\/div>\n\n\t\t\t\t<div class=\"list-item bg-image\" style=\"background-image:url('\/deu\/wp-content\/uploads\/sites\/4\/2023\/06\/marketingova-agentura.png')\">\n\t\t\t\t\t<a href=\"\/deu\/cs\/dienstleistungen\/sms-messaging-dienste\/omnichannel\/marketing-agentur\/\">\n\n\t\t\t\t\t\t<span class=\"list-item-title\">\nMarketingov\u00e1 agentura\t\t\t\t\t<\/span>\n\n\t\t\t\t\t\t<span class=\"list-item-description\">\n\t\t\t\t\t\t\t\nMarketingov\u00e1 agentura nab\u00edz\u00ed sv\u00fdm z\u00e1kazn\u00edk\u016fm mo\u017enost vytv\u00e1\u0159en\u00ed a realizaci marketingov\u00fdch kampan\u00ed sestaven\u00fdch na m\u00edru jejich pot\u0159eb\u00e1m a na r\u016fzn\u00e9 c\u00edlov\u00e9 skupiny dle definovan\u00fdch krit\u00e9ri\u00ed. Partner si p\u0159i definici kampan\u011b m\u016f\u017ee vybrat z r\u016fzn\u00fdch specifick\u00fdch mechanik a definovat si komunika\u010dn\u00ed kan\u00e1ly a jejich priority.\t\t\t\t\t\t<\/span>\n\n\t\t\t\t\t\t\t<span class=\"list-item-link\">V\u00edce \u00bb<\/span>\n\t\t\t\t\t\t<\/span>\n\t\t\t\t\t<\/a>\n\t\t\t\t<\/div>\n\t\t\t\t<div class=\"list-item bg-image\" style=\"background-image:url('\/deu\/wp-content\/webp-express\/webp-images\/uploads\/sites\/4\/2023\/06\/fmcg-768x512.jpg.webp')\">\n\t\t\t\t\t<a href=\"\/deu\/cs\/dienstleistungen\/sms-messaging-dienste\/omnichannel\/fuehrendes-fmcg-unternehmen\/\">\n\n\t\t\t\t\t\t<span class=\"list-item-title\">\nP\u0159edn\u00ed FMCG spole\u010dnost\t\t\t\t\t\t<\/span>\n\n\t\t\t\t\t\t<span class=\"list-item-description\">\n\t\t\t\t\t\t\t\nPartner je p\u0159edn\u00ed sv\u011btovou FMCG spole\u010dnost\u00ed s\u00a0histori\u00ed sahaj\u00edc\u00ed do 19.stolet\u00ed. V\u00a0jej\u00edm portfoliu jsou potravin\u00e1\u0159sk\u00e9 v\u00fdrobky, n\u00e1poje, drogistick\u00e9 zbo\u017e\u00ed a mnoho dal\u0161\u00edho. \n\t\t\t\t\t\t\t\n\t\t\t\t\t\t\t<\/span>\n\n\t\t\t\t\t\t\t<span class=\"list-item-link\">V\u00edce \u00bb<\/span>\n\t\t\t\t\t\t<\/span>\n\t\t\t\t\t<\/a>\n\t\t\t\t<\/div>\n\t\t\t\t\n\t\t<\/div>\n\t<\/div>\t\t<\/div>\n\t\t\t\t<\/div>\n\t\t\t\t\t<\/div>\n\t\t<\/div>\n\t\t\t\t\t\t\t<\/div>\n\t\t<\/section>\n\t\t\t\t<section class=\"elementor-section elementor-top-section elementor-element elementor-element-17104a45 elementor-section-boxed elementor-section-height-default elementor-section-height-default\" data-id=\"17104a45\" data-element_type=\"section\">\n\t\t\t\t\t\t<div class=\"elementor-container elementor-column-gap-default\">\n\t\t\t\t\t<div class=\"elementor-column elementor-col-100 elementor-top-column elementor-element elementor-element-42590a97\" data-id=\"42590a97\" data-element_type=\"column\">\n\t\t\t<div class=\"elementor-widget-wrap elementor-element-populated\">\n\t\t\t\t\t\t\t\t<div class=\"elementor-element elementor-element-11c3d3bf elementor-widget-divider--view-line elementor-widget elementor-widget-divider\" data-id=\"11c3d3bf\" data-element_type=\"widget\" data-widget_type=\"divider.default\">\n\t\t\t\t<div class=\"elementor-widget-container\">\n\t\t\t\t\t<div class=\"elementor-divider\">\n\t\t\t<span class=\"elementor-divider-separator\">\n\t\t\t\t\t\t<\/span>\n\t\t<\/div>\n\t\t\t\t<\/div>\n\t\t\t\t<\/div>\n\t\t\t\t\t<\/div>\n\t\t<\/div>\n\t\t\t\t\t\t\t<\/div>\n\t\t<\/section>\n\t\t\t\t<section class=\"elementor-section elementor-top-section elementor-element elementor-element-6572ecd elementor-section-boxed elementor-section-height-default elementor-section-height-default\" data-id=\"6572ecd\" data-element_type=\"section\">\n\t\t\t\t\t\t<div class=\"elementor-container elementor-column-gap-default\">\n\t\t\t\t\t<div class=\"elementor-column elementor-col-100 elementor-top-column elementor-element elementor-element-3792252d\" data-id=\"3792252d\" data-element_type=\"column\">\n\t\t\t<div class=\"elementor-widget-wrap elementor-element-populated\">\n\t\t\t\t\t\t\t\t<div class=\"elementor-element elementor-element-4b18efe4 elementor-widget elementor-widget-heading\" data-id=\"4b18efe4\" data-element_type=\"widget\" id=\"custom-heading\" data-widget_type=\"heading.default\">\n\t\t\t\t<div class=\"elementor-widget-container\">\n\t\t\t<h2 class=\"elementor-heading-title elementor-size-default\">Kontaktujte n\u00e1s<\/h2>\t\t<\/div>\n\t\t\t\t<\/div>\n\t\t\t\t<div class=\"elementor-element elementor-element-3636a0d elementor-widget elementor-widget-text-editor\" data-id=\"3636a0d\" data-element_type=\"widget\" data-widget_type=\"text-editor.default\">\n\t\t\t\t<div class=\"elementor-widget-container\">\n\t\t\t\t\t\t\t<p style=\"text-align: center;\">Pokud m\u00e1te z\u00e1jem o slu\u017ebu nebo m\u00e1te n\u011bjak\u00e9 dotazy.<br \/>Vypl\u0148te pros\u00edm kr\u00e1tk\u00fd formul\u00e1\u0159 a my se v\u00e1m co nejd\u0159\u00edve ozveme.<\/p>\t\t\t\t\t\t<\/div>\n\t\t\t\t<\/div>\n\t\t\t\t<div class=\"elementor-element elementor-element-19d2297c premium-modal-dismissible-yes elementor-widget elementor-widget-premium-addon-modal-box\" data-id=\"19d2297c\" data-element_type=\"widget\" data-settings=\"{&quot;premium_modal_box_animation&quot;:&quot;fadeInDown&quot;}\" data-widget_type=\"premium-addon-modal-box.default\">\n\t\t\t\t<div class=\"elementor-widget-container\">\n\t\t\t\r\n\t\t<div class=\"premium-modal-box-container\" data-settings=\"{&quot;trigger&quot;:&quot;button&quot;}\">\r\n\t\t\t<div class=\"premium-modal-trigger-container\">\r\n\t\t\t\t\t\t\t\t\t<button data-toggle=\"premium-modal\" data-target=\"#premium-modal-19d2297c\" type=\"button\" class=\"premium-modal-trigger-btn premium-btn-sm premium-button-none\" data-text=\"Kontaktieren Sie uns\">\r\n\r\n\t\t\t\t\t\t\r\n\t\t\t\t\t\t<div class=\"premium-button-text-icon-wrapper\">\r\n\t\t\t\t\t\t\t<span>Kontaktujte n\u00e1s<\/span>\r\n\t\t\t\t\t\t<\/div>\r\n\r\n\t\t\t\t\t\t\r\n\t\t\t\t\t\t\r\n\t\t\t\t\t\t\r\n\t\t\t\t\t<\/button>\r\n\t\t\t\t\t\t\t<\/div>\r\n\r\n\t\t\t<div id=\"premium-modal-19d2297c\" class=\"premium-modal-box-modal\"\r\n\t\t\trole=\"dialog\"\r\n\t\t\tstyle=\"display: none\"\r\n\t\t\t>\r\n\t\t\t\t<div class=\"premium-modal-box-modal-dialog\" data-delay-animation=\"\" data-modal-animation=\"fadeInDown animated-fast\">\r\n\t\t\t\t\t\t\t\t\t\t\t<div class=\"premium-modal-box-modal-header\">\r\n\t\t\t\t\t\t\t\t\t\t\t\t\t\t\t<h3 class=\"premium-modal-box-modal-title\">\r\n\t\t\t\t\t\t\t\t\tKontaktujte n\u00e1s\t\t\t\t\t\t\t\t<\/h3>\r\n\t\t\t\t\t\t\t\t\t\t\t\t\t\t\t\t\t\t\t\t\t\t<div class=\"premium-modal-box-close-button-container\">\r\n\t\t\t\t\t\t\t\t\t<button type=\"button\" class=\"premium-modal-box-modal-close\" data-dismiss=\"premium-modal\">\u00d7<\/button>\r\n\t\t\t\t\t\t\t\t<\/div>\r\n\t\t\t\t\t\t\t\t\t\t\t\t\t<\/div>\r\n\t\t\t\t\t\t\t\t\t\t<div class=\"premium-modal-box-modal-body\">\r\n\t\t\t\t\t\t\t\t\t\t\t<\/div>\r\n\t\t\t\t\t\t\t\t\t<\/div>\r\n\t\t\t<\/div>\r\n\t\t<\/div>\r\n\r\n\t\t\t\t<\/div>\n\t\t\t\t<\/div>\n\t\t\t\t\t<\/div>\n\t\t<\/div>\n\t\t\t\t\t\t\t<\/div>\n\t\t<\/section>\n\t\t\t\t\t\t\t<\/div>","protected":false},"excerpt":{"rendered":"<p>Omnichannel ist eine Strategie, die darauf abzielt, ein einheitliches Kundenerlebnis \u00fcber alle Kommunikation und Vertriebskan\u00e4le hinweg zu bieten. Diese Strategie nutzt eine Vielzahl verschiedener Kan\u00e4le wie Telefon, E-Mail, Chat-Apps, soziale Medien und pers\u00f6nliche Besuche, um ein integriertes und einheitliches Kundenerlebnis zu gew\u00e4hrleisten.\u00a0 Omnichannel bedeutet, alle verf\u00fcgbaren Kan\u00e4le und Ressourcen zu kombinieren, die ein Unternehmen f\u00fcr [&hellip;]<\/p>","protected":false},"author":1,"featured_media":3147,"parent":202,"menu_order":6,"comment_status":"closed","ping_status":"closed","template":"","meta":{"footnotes":""},"_links":{"self":[{"href":"https:\/\/new.comverga.com\/deu\/cs\/wp-json\/wp\/v2\/pages\/3145"}],"collection":[{"href":"https:\/\/new.comverga.com\/deu\/cs\/wp-json\/wp\/v2\/pages"}],"about":[{"href":"https:\/\/new.comverga.com\/deu\/cs\/wp-json\/wp\/v2\/types\/page"}],"author":[{"embeddable":true,"href":"https:\/\/new.comverga.com\/deu\/cs\/wp-json\/wp\/v2\/users\/1"}],"replies":[{"embeddable":true,"href":"https:\/\/new.comverga.com\/deu\/cs\/wp-json\/wp\/v2\/comments?post=3145"}],"version-history":[{"count":0,"href":"https:\/\/new.comverga.com\/deu\/cs\/wp-json\/wp\/v2\/pages\/3145\/revisions"}],"up":[{"embeddable":true,"href":"https:\/\/new.comverga.com\/deu\/cs\/wp-json\/wp\/v2\/pages\/202"}],"wp:featuredmedia":[{"embeddable":true,"href":"https:\/\/new.comverga.com\/deu\/cs\/wp-json\/wp\/v2\/media\/3147"}],"wp:attachment":[{"href":"https:\/\/new.comverga.com\/deu\/cs\/wp-json\/wp\/v2\/media?parent=3145"}],"curies":[{"name":"wp","href":"https:\/\/api.w.org\/{rel}","templated":true}]}}