{"id":221,"date":"2020-11-25T13:26:54","date_gmt":"2020-11-25T12:26:54","guid":{"rendered":"https:\/\/www.comverga.com\/?page_id=221"},"modified":"2023-03-09T16:19:30","modified_gmt":"2023-03-09T15:19:30","slug":"professionelle-dienstleistungen-in-der-telekommunikation","status":"publish","type":"page","link":"https:\/\/new.comverga.com\/deu\/cs\/dienstleistungen\/professionelle-dienstleistungen-in-der-telekommunikation\/","title":{"rendered":"Profesion\u00e1ln\u00ed slu\u017eby v telekomunikac\u00edch"},"content":{"rendered":"<div data-elementor-type=\"wp-page\" data-elementor-id=\"221\" class=\"elementor elementor-221\">\n\t\t\t\t\t\t\t\t\t<section class=\"elementor-section elementor-top-section elementor-element elementor-element-7a245816 elementor-section-boxed elementor-section-height-default elementor-section-height-default\" data-id=\"7a245816\" data-element_type=\"section\">\n\t\t\t\t\t\t<div class=\"elementor-container elementor-column-gap-default\">\n\t\t\t\t\t<div class=\"elementor-column elementor-col-100 elementor-top-column elementor-element elementor-element-5bde5900\" data-id=\"5bde5900\" data-element_type=\"column\">\n\t\t\t<div class=\"elementor-widget-wrap elementor-element-populated\">\n\t\t\t\t\t\t\t\t<div class=\"elementor-element elementor-element-2f5c2d46 elementor-widget elementor-widget-text-editor\" data-id=\"2f5c2d46\" data-element_type=\"widget\" data-widget_type=\"text-editor.default\">\n\t\t\t\t<div class=\"elementor-widget-container\">\n\t\t\t\t\t\t\t<!-- wp:paragraph -->\n<p class=\"translation-block\">Poskytujeme konzulta\u010dn\u00ed a mana\u017eersk\u00e9 slu\u017eby v oblasti telekomunikac\u00ed, zejm\u00e9na produktov\u00fd management, prodejn\u00ed management, p\u0159\u00edpravu obchodn\u00edch p\u0159\u00edpad\u016f a obchodn\u00edch pl\u00e1n\u016f, projektov\u00fd management a \u0159\u00edzen\u00ed slu\u017eeb.<\/p>\n<!-- \/wp:paragraph -->\t\t\t\t\t\t<\/div>\n\t\t\t\t<\/div>\n\t\t\t\t\t<\/div>\n\t\t<\/div>\n\t\t\t\t\t\t\t<\/div>\n\t\t<\/section>\n\t\t\t\t\t\t\t<\/div>","protected":false},"excerpt":{"rendered":"<p class=\"translation-block\">Poskytujeme konzulta\u010dn\u00ed a mana\u017eersk\u00e9 slu\u017eby v oblasti telekomunikac\u00ed, zejm\u00e9na produktov\u00fd management, prodejn\u00ed management, p\u0159\u00edpravu obchodn\u00edch p\u0159\u00edpad\u016f a obchodn\u00edch pl\u00e1n\u016f, projektov\u00fd management a \u0159\u00edzen\u00ed slu\u017eeb.<\/p>","protected":false},"author":1,"featured_media":1105,"parent":210,"menu_order":105,"comment_status":"closed","ping_status":"closed","template":"","meta":{"footnotes":""},"_links":{"self":[{"href":"https:\/\/new.comverga.com\/deu\/cs\/wp-json\/wp\/v2\/pages\/221"}],"collection":[{"href":"https:\/\/new.comverga.com\/deu\/cs\/wp-json\/wp\/v2\/pages"}],"about":[{"href":"https:\/\/new.comverga.com\/deu\/cs\/wp-json\/wp\/v2\/types\/page"}],"author":[{"embeddable":true,"href":"https:\/\/new.comverga.com\/deu\/cs\/wp-json\/wp\/v2\/users\/1"}],"replies":[{"embeddable":true,"href":"https:\/\/new.comverga.com\/deu\/cs\/wp-json\/wp\/v2\/comments?post=221"}],"version-history":[{"count":0,"href":"https:\/\/new.comverga.com\/deu\/cs\/wp-json\/wp\/v2\/pages\/221\/revisions"}],"up":[{"embeddable":true,"href":"https:\/\/new.comverga.com\/deu\/cs\/wp-json\/wp\/v2\/pages\/210"}],"wp:featuredmedia":[{"embeddable":true,"href":"https:\/\/new.comverga.com\/deu\/cs\/wp-json\/wp\/v2\/media\/1105"}],"wp:attachment":[{"href":"https:\/\/new.comverga.com\/deu\/cs\/wp-json\/wp\/v2\/media?parent=221"}],"curies":[{"name":"wp","href":"https:\/\/api.w.org\/{rel}","templated":true}]}}