{"id":218,"date":"2020-11-25T13:26:11","date_gmt":"2020-11-25T12:26:11","guid":{"rendered":"https:\/\/www.comverga.com\/?page_id=218"},"modified":"2023-03-09T16:19:56","modified_gmt":"2023-03-09T15:19:56","slug":"losungen","status":"publish","type":"page","link":"https:\/\/new.comverga.com\/deu\/cs\/dienstleistungen\/losungen\/","title":{"rendered":"V\u00fdvoj aplikac\u00ed \/ \u0159e\u0161en\u00ed"},"content":{"rendered":"<div data-elementor-type=\"wp-page\" data-elementor-id=\"218\" class=\"elementor elementor-218\">\n\t\t\t\t\t\t\t\t\t<section class=\"elementor-section elementor-top-section elementor-element elementor-element-4b8e1537 elementor-section-boxed elementor-section-height-default elementor-section-height-default\" data-id=\"4b8e1537\" data-element_type=\"section\">\n\t\t\t\t\t\t<div class=\"elementor-container elementor-column-gap-default\">\n\t\t\t\t\t<div class=\"elementor-column elementor-col-100 elementor-top-column elementor-element elementor-element-161a1045\" data-id=\"161a1045\" data-element_type=\"column\">\n\t\t\t<div class=\"elementor-widget-wrap elementor-element-populated\">\n\t\t\t\t\t\t\t\t<div class=\"elementor-element elementor-element-2a6f9e29 elementor-widget elementor-widget-text-editor\" data-id=\"2a6f9e29\" data-element_type=\"widget\" data-widget_type=\"text-editor.default\">\n\t\t\t\t<div class=\"elementor-widget-container\">\n\t\t\t\t\t\t\t<!-- wp:paragraph -->\n<p class=\"translation-block\">Tvorba z\u00e1kaznick\u00fdch aplikac\u00ed a port\u00e1l\u016f, zejm\u00e9na zalo\u017een\u00fdch na na\u0161\u00ed komunika\u010dn\u00ed platform\u011b, je dal\u0161\u00ed na\u0161\u00ed dom\u00e9nou. \u0158e\u0161en\u00ed od n\u00e1s zahrnuje zpracov\u00e1n\u00ed zad\u00e1n\u00ed, anal\u00fdzu, n\u00e1vrh \u0159e\u0161en\u00ed a pokra\u010duje p\u0159es samotn\u00e9 programov\u00e1n\u00ed, testov\u00e1n\u00ed a kon\u010d\u00ed implementac\u00ed do re\u00e1ln\u00e9ho provozu. Pokud z\u00e1kazn\u00edk po\u017eaduje, zaji\u0161\u0165ujeme pro na\u0161e aplikace i provoz, dohled a podporu p\u0159i \u0159e\u0161en\u00ed probl\u00e9m\u016f nebo p\u0159\u00edpadn\u00fdch zm\u011bn a aktualizac\u00ed.<\/p>\n<!-- \/wp:paragraph -->\t\t\t\t\t\t<\/div>\n\t\t\t\t<\/div>\n\t\t\t\t\t<\/div>\n\t\t<\/div>\n\t\t\t\t\t\t\t<\/div>\n\t\t<\/section>\n\t\t\t\t\t\t\t<\/div>","protected":false},"excerpt":{"rendered":"<p>Tvorba z\u00e1kaznick\u00fdch aplikac\u00ed a port\u00e1l\u016f, zejm\u00e9na na z\u00e1klad\u011b na\u0161\u00ed komunika\u010dn\u00ed platformy, je jednou z na\u0161ich dal\u0161\u00edch siln\u00fdch str\u00e1nek. Na\u0161e \u0159e\u0161en\u00ed spo\u010d\u00edv\u00e1 v zaznamen\u00e1v\u00e1n\u00ed procesu u z\u00e1kazn\u00edka, anal\u00fdze dat\/informac\u00ed a vytvo\u0159en\u00ed n\u00e1vrhu \u0159e\u0161en\u00ed. \u0158e\u0161en\u00ed si sami naprogramujeme, otestujeme v testovac\u00edm prost\u0159ed\u00ed a nakonec implementujeme do produktivn\u00edho prost\u0159ed\u00ed [\u2026]<\/p>","protected":false},"author":1,"featured_media":1088,"parent":210,"menu_order":106,"comment_status":"closed","ping_status":"closed","template":"","meta":{"footnotes":""},"_links":{"self":[{"href":"https:\/\/new.comverga.com\/deu\/cs\/wp-json\/wp\/v2\/pages\/218"}],"collection":[{"href":"https:\/\/new.comverga.com\/deu\/cs\/wp-json\/wp\/v2\/pages"}],"about":[{"href":"https:\/\/new.comverga.com\/deu\/cs\/wp-json\/wp\/v2\/types\/page"}],"author":[{"embeddable":true,"href":"https:\/\/new.comverga.com\/deu\/cs\/wp-json\/wp\/v2\/users\/1"}],"replies":[{"embeddable":true,"href":"https:\/\/new.comverga.com\/deu\/cs\/wp-json\/wp\/v2\/comments?post=218"}],"version-history":[{"count":0,"href":"https:\/\/new.comverga.com\/deu\/cs\/wp-json\/wp\/v2\/pages\/218\/revisions"}],"up":[{"embeddable":true,"href":"https:\/\/new.comverga.com\/deu\/cs\/wp-json\/wp\/v2\/pages\/210"}],"wp:featuredmedia":[{"embeddable":true,"href":"https:\/\/new.comverga.com\/deu\/cs\/wp-json\/wp\/v2\/media\/1088"}],"wp:attachment":[{"href":"https:\/\/new.comverga.com\/deu\/cs\/wp-json\/wp\/v2\/media?parent=218"}],"curies":[{"name":"wp","href":"https:\/\/api.w.org\/{rel}","templated":true}]}}