{"id":2125,"date":"2023-01-10T11:55:18","date_gmt":"2023-01-10T10:55:18","guid":{"rendered":"https:\/\/www.comverga.com\/?page_id=2125"},"modified":"2023-12-13T13:02:01","modified_gmt":"2023-12-13T12:02:01","slug":"anwendungsfaelle-ausruestung-fuer-wohnwagen-und-wohnmobile","status":"publish","type":"page","link":"https:\/\/new.comverga.com\/deu\/cs\/dienstleistungen\/software-as-a-service-platform-as-a-service\/comverga-abrechnung-fuer-fusion-iot\/anwendungsfaelle-ausruestung-fuer-wohnwagen-und-wohnmobile\/","title":{"rendered":"Za\u0159\u00edzen\u00ed do karavan\u016f a obytn\u00fdch voz\u016f"},"content":{"rendered":"<div data-elementor-type=\"wp-page\" data-elementor-id=\"2125\" class=\"elementor elementor-2125\">\n\t\t\t\t\t\t\t\t\t<section class=\"elementor-section elementor-top-section elementor-element elementor-element-ef48c0d elementor-section-boxed elementor-section-height-default elementor-section-height-default\" data-id=\"ef48c0d\" data-element_type=\"section\">\n\t\t\t\t\t\t<div class=\"elementor-container elementor-column-gap-default\">\n\t\t\t\t\t<div class=\"elementor-column elementor-col-50 elementor-top-column elementor-element elementor-element-7901d5fd\" data-id=\"7901d5fd\" data-element_type=\"column\">\n\t\t\t<div class=\"elementor-widget-wrap elementor-element-populated\">\n\t\t\t\t\t\t\t\t<div class=\"elementor-element elementor-element-648b2714 elementor-widget elementor-widget-text-editor\" data-id=\"648b2714\" data-element_type=\"widget\" data-widget_type=\"text-editor.default\">\n\t\t\t\t<div class=\"elementor-widget-container\">\n\t\t\t\t\t\t\t<div class=\"usecase-text\">\n<h2>Za\u0159\u00edzen\u00ed do karavan\u016f a obytn\u00fdch voz\u016f<\/h2>\n<p class=\"translation-block\">Partner dod\u00e1v\u00e1 za\u0159\u00edzen\u00ed pro siln\u00e9 pokryt\u00ed internetu v karavanech a obytn\u00fdch vozech. V t\u011bchto za\u0159\u00edzen\u00edch vyu\u017e\u00edv\u00e1 SIM karty od FUSION IoT. Typick\u00fdmi u\u017eivateli t\u011bchto za\u0159\u00edzen\u00ed jsou majitel\u00e9 t\u011bchto voz\u016f, ale tak\u00e9 lid\u00e9, kte\u0159\u00ed si karavan pouze p\u016fj\u010d\u00ed na svou dovolenou.<\/p>\n<p>Ani na dovolen\u00e9 se nechcete obej\u00edt bez p\u011bkn\u00e9ho filmu od poskytovatele streamov\u00e1n\u00ed nebo fotbalu na internetu. N\u011bkdy mo\u017en\u00e1 budete muset pracovat nebo se z\u00fa\u010dastnit online sch\u016fzky.<\/p>\n<p>Internetov\u00e9 p\u0159ipojen\u00ed m\u00e1 proto z\u00e1sadn\u00ed v\u00fdznam. Pomoc\u00ed na\u0161\u00ed platformy mohou koncov\u00ed z\u00e1kazn\u00edci vid\u011bt, kolik objemu dat bylo vyu\u017eito, a v p\u0159\u00edpad\u011b pot\u0159eby prov\u00e9st novou rezervaci.<\/p>\n\n<\/div>\t\t\t\t\t\t<\/div>\n\t\t\t\t<\/div>\n\t\t\t\t\t<\/div>\n\t\t<\/div>\n\t\t\t\t<div class=\"elementor-column elementor-col-50 elementor-top-column elementor-element elementor-element-119748da\" data-id=\"119748da\" data-element_type=\"column\">\n\t\t\t<div class=\"elementor-widget-wrap elementor-element-populated\">\n\t\t\t\t\t\t\t\t<div class=\"elementor-element elementor-element-1c6f3589 elementor-widget elementor-widget-image\" data-id=\"1c6f3589\" data-element_type=\"widget\" data-widget_type=\"image.default\">\n\t\t\t\t<div class=\"elementor-widget-container\">\n\t\t\t\t\t\t\t\t\t\t\t\t\t\t\t<img decoding=\"async\" src=\"https:\/\/www.comverga.com\/wp-content\/uploads\/2023\/01\/caravan.jpg\" title=\"\" alt=\"\" loading=\"lazy\" \/>\t\t\t\t\t\t\t\t\t\t\t\t\t\t\t<\/div>\n\t\t\t\t<\/div>\n\t\t\t\t\t<\/div>\n\t\t<\/div>\n\t\t\t\t\t\t\t<\/div>\n\t\t<\/section>\n\t\t\t\t<section class=\"elementor-section elementor-top-section elementor-element elementor-element-6d03bf5 elementor-section-boxed elementor-section-height-default elementor-section-height-default\" data-id=\"6d03bf5\" data-element_type=\"section\">\n\t\t\t\t\t\t<div class=\"elementor-container elementor-column-gap-default\">\n\t\t\t\t\t<div class=\"elementor-column elementor-col-50 elementor-top-column elementor-element elementor-element-79239ad\" data-id=\"79239ad\" data-element_type=\"column\">\n\t\t\t<div class=\"elementor-widget-wrap elementor-element-populated\">\n\t\t\t\t\t\t\t\t<div class=\"elementor-element elementor-element-ad9554f elementor-widget elementor-widget-sidebar\" data-id=\"ad9554f\" data-element_type=\"widget\" data-widget_type=\"sidebar.default\">\n\t\t\t\t<div class=\"elementor-widget-container\">\n\t\t\t<div id=\"widget-box\" class=\"smart-watch\">\n\t<img decoding=\"async\" src=\"https:\/\/www.coopmobil.cz\/wp-content\/uploads\/2021\/04\/coop-mobil-logo.svg\"><br>\n\t<span>Odv\u011btv\u00ed<\/span>\n<p>\n\t\tTelekomunika\u010dn\u00ed oper\u00e1tor \u2013 retail\n\t<\/p>\n<span>produkt<\/span>\n<p>\n\t\tBundle chytr\u00e9 hodinky + datov\u00e1 konektivita\n\t<\/p>\n<\/div>\n<div id=\"widget-box\" class=\"operator\">\n\t<img decoding=\"async\" src=\"https:\/\/www.coopmobil.cz\/wp-content\/uploads\/2021\/04\/coop-mobil-logo.svg\"><br>\n\t<span>Odv\u011btv\u00ed<\/span>\n<p>\n\t\tTelekomunika\u010dn\u00ed oper\u00e1tor \u2013 retail\n\t<\/p>\n<span>produkt<\/span>\n<p>\n\t\tRealizace v\u011brnostn\u00edho programu\n\t<\/p>\n<\/div>\n<div id=\"widget-box\" class=\"caravan\">\n<img decoding=\"async\" src=\"\/deu\/wp-content\/uploads\/sites\/4\/2023\/04\/caravan-logo.jpg\"><br>\n<span>Odv\u011btv\u00ed<\/span>\n<p class=\"translation-block\">GPS sledovac\u00ed syst\u00e9my pro vozidla, datov\u00e1 konektivita <\/p>\n<span>produkt<\/span>\n<p class=\"translation-block\">\u0158e\u0161en\u00ed pro p\u0159\u00edstup k internetu na cest\u00e1ch <\/p>\n<\/div>\n<div id=\"widget-box\" class=\"support\">\n\t<img decoding=\"async\" src=\"https:\/\/www.coopmobil.cz\/wp-content\/uploads\/2021\/04\/coop-mobil-logo.svg\"><br>\n\t<span>Odv\u011btv\u00ed<\/span>\n<p>\n\t\tTelekomunika\u010dn\u00ed oper\u00e1tor \u2013 retail\n\t<\/p>\n<span>produkt<\/span>\n<p>\n\t\tPr\u016fvodce z\u00e1kaznickou podporou\n\t<\/p>\n<\/div>\n<div id=\"widget-box\" class=\"camera\">\n<img decoding=\"async\" src=\"\/deu\/wp-content\/uploads\/sites\/4\/2023\/04\/camera-logo.jpg\"><br>\n<span>Odv\u011btv\u00ed<\/span>\n<p>\n\t\tZabezpe\u010dovac\u00ed syst\u00e9my\n\t<\/p>\n<span>produkt<\/span>\n<p>\n\t\tKamery s\u00a0on-line streamov\u00e1n\u00edm\n\t<\/p>\n<\/div>\n<div id=\"widget-box\" class=\"event\">\n\t<img decoding=\"async\" src=\"\/cze\/wp-content\/uploads\/sites\/3\/2023\/04\/event-logo.png\" style=\"width: 50px\"><br>\n\t<span>Odv\u011btv\u00ed<\/span>\n<p>\n\t\tEvent agentura\n\t<\/p>\n<span>produkt<\/span>\n<p>\n\t\tOrganizace eventu - komunikace s \u00fa\u010dastn\u00edky\n\t<\/p>\n<\/div>\n<div id=\"widget-box\" class=\"competition\">\n\t<img decoding=\"async\" src=\"\/cze\/wp-content\/uploads\/sites\/3\/2023\/04\/competition-logo.png\" style=\"width: 50px\"><br>\n\t<span>Odv\u011btv\u00ed<\/span>\n<p>\n\t\tMaloobchod a spot\u0159ebn\u00ed zbo\u017e\u00ed\n\t<\/p>\n<span>produkt<\/span>\n<p>\n\t\tSpot\u0159ebitelsk\u00e1 sout\u011b\u017e\n\t<\/p>\n<\/div>\n<div id=\"widget-box\" class=\"marketing\">\n\t<img decoding=\"async\" src=\"\/deu\/wp-content\/uploads\/sites\/3\/2023\/06\/marketing-logo.png\" style=\"width: 50px\"><br>\n\t<span>Odv\u011btv\u00ed<\/span>\n<p>\n\t\tMarketingov\u00e1 komunikace\n\t<\/p>\n<span>produkt<\/span>\n<p>\n\t\tRealizace marketingov\u00fdch rozes\u00edlek\n\t<\/p>\n<\/div>\n<div id=\"widget-box\" class=\"fmcg\">\n\t<img decoding=\"async\" src=\"\/deu\/wp-content\/uploads\/sites\/3\/2023\/06\/fmcg-logo.png\" style=\"width: 50px\"><br>\n\t<span>Odv\u011btv\u00ed<\/span>\n<p>\n\t\tFMCG<br>Rychloobr\u00e1tkov\u00e9 spot\u0159ebn\u00ed zbo\u017e\u00ed\n\t<\/p>\n<span>produkt<\/span>\n<p>\n\t\tPotraviny, n\u00e1poje, drogerie\n\t<\/p>\n<\/div>\t\t<\/div>\n\t\t\t\t<\/div>\n\t\t\t\t\t<\/div>\n\t\t<\/div>\n\t\t\t\t<div class=\"elementor-column elementor-col-50 elementor-top-column elementor-element elementor-element-58cf973\" data-id=\"58cf973\" data-element_type=\"column\">\n\t\t\t<div class=\"elementor-widget-wrap elementor-element-populated\">\n\t\t\t\t\t\t\t\t<div class=\"elementor-element elementor-element-5809b185 elementor-widget elementor-widget-text-editor\" data-id=\"5809b185\" data-element_type=\"widget\" data-widget_type=\"text-editor.default\">\n\t\t\t\t<div class=\"elementor-widget-container\">\n\t\t\t\t\t\t\t<p>Partner zakoupi\u0301 SIM kartu s po\u017eadovany\u0301m objemem dat, kterou vlo\u017ei\u0301 do za\u0159i\u0301zeni\u0301 a ti\u0301mto za\u0159i\u0301zeni\u0301m vybavi\u0301 dany\u0301 karavan nebo obytny\u0301 v\u016fz.<\/p><p class=\"translation-block\">Koncov\u00fd u\u017eivatel v tuto chv\u00edli ale nem\u00e1 mo\u017enost, jak zkontrolovat stav SIM karty, jak si dokoupit jednodu\u0161e pot\u0159ebn\u00e1 data, ur\u010dit na jak dlouho atd.<\/p><p class=\"translation-block\">Partner tak z\u00edsk\u00e1v\u00e1 dal\u0161\u00ed revenue z dokup\u016f bal\u00ed\u010dk\u016f, pln\u011b automatizovan\u011b a bez nutnosti do tohoto procesu jakkoliv manu\u00e1ln\u011b zasahovat<\/p>\t\t\t\t\t\t<\/div>\n\t\t\t\t<\/div>\n\t\t\t\t\t<\/div>\n\t\t<\/div>\n\t\t\t\t\t\t\t<\/div>\n\t\t<\/section>\n\t\t\t\t<section class=\"elementor-section elementor-top-section elementor-element elementor-element-e74e3b6 elementor-section-boxed elementor-section-height-default elementor-section-height-default\" data-id=\"e74e3b6\" data-element_type=\"section\">\n\t\t\t\t\t\t<div class=\"elementor-container elementor-column-gap-default\">\n\t\t\t\t\t<div class=\"elementor-column elementor-col-50 elementor-top-column elementor-element elementor-element-1508d08\" data-id=\"1508d08\" data-element_type=\"column\" data-settings=\"{&quot;background_background&quot;:&quot;classic&quot;}\">\n\t\t\t<div class=\"elementor-widget-wrap elementor-element-populated\">\n\t\t\t\t\t\t\t\t<div class=\"elementor-element elementor-element-08aeaa6 elementor-widget elementor-widget-text-editor\" data-id=\"08aeaa6\" data-element_type=\"widget\" data-widget_type=\"text-editor.default\">\n\t\t\t\t<div class=\"elementor-widget-container\">\n\t\t\t\t\t\t\t<h3><strong>Co z\u00edskal Partner d\u00edky COMVERGA:<\/strong><\/h3><div class=\"page\" title=\"Strana 4\"><div class=\"layoutArea\"><div class=\"column\"><ul><li>Z\u00edsk\u00e1 informace o platnosti SIM karty a z\u016fstatku dat<\/li><li>Informace o stavu dat a vyu\u017eit\u00ed<\/li><li>On-line zaplat\u00ed<\/li><li>Z\u00edsk\u00e1 doklad o platb\u011b<\/li><\/ul><\/div><\/div><\/div>\t\t\t\t\t\t<\/div>\n\t\t\t\t<\/div>\n\t\t\t\t\t<\/div>\n\t\t<\/div>\n\t\t\t\t<div class=\"elementor-column elementor-col-50 elementor-top-column elementor-element elementor-element-dfdc4b9\" data-id=\"dfdc4b9\" data-element_type=\"column\" data-settings=\"{&quot;background_background&quot;:&quot;classic&quot;}\">\n\t\t\t<div class=\"elementor-widget-wrap elementor-element-populated\">\n\t\t\t\t\t\t\t\t<div class=\"elementor-element elementor-element-6b21114 elementor-widget elementor-widget-text-editor\" data-id=\"6b21114\" data-element_type=\"widget\" data-widget_type=\"text-editor.default\">\n\t\t\t\t<div class=\"elementor-widget-container\">\n\t\t\t\t\t\t\t<h3><strong>COMVERGA pro Partnera zajist\u00ed<br \/><\/strong><\/h3><ul><li>V\u00fdb\u011br pen\u011bz \u2013 jsme poskytovatelem platebn\u00edch slu\u017eeb<\/li><li>P\u0159ed\u00e1n\u00ed pen\u011bz Partnerovi<\/li><li>Generov\u00e1n\u00ed potvrzen\u00ed o platb\u011b pro koncov\u00e9ho u\u017eivatele<\/li><li>Generov\u00e1n\u00ed souhrnn\u00fdch doklad\u016f jako podklad pro \u00fa\u010detnictv\u00ed Partnera<\/li><li>Notifikace koncov\u00e9ho u\u017eivatele p\u0159ed koncem platnosti nebo p\u0159ed vy\u010derp\u00e1n\u00edm dat<\/li><\/ul>\t\t\t\t\t\t<\/div>\n\t\t\t\t<\/div>\n\t\t\t\t\t<\/div>\n\t\t<\/div>\n\t\t\t\t\t\t\t<\/div>\n\t\t<\/section>\n\t\t\t\t\t\t\t<\/div>","protected":false},"excerpt":{"rendered":"<p>Vybaven\u00ed pro karavany a obytn\u00e9 vozy Partner dod\u00e1v\u00e1 za\u0159\u00edzen\u00ed pro siln\u00e9 internetov\u00e9 pokryt\u00ed v karavanech a karavanech se SIM kartou a p\u0159ednastaven\u00fdm datov\u00fdm tarifem. Typick\u00fdmi u\u017eivateli t\u011bchto za\u0159\u00edzen\u00ed jsou majitel\u00e9 t\u011bchto karavan\u016f, ale tak\u00e9 lid\u00e9, kte\u0159\u00ed si karavan p\u016fj\u010duj\u00ed jen na svou dovolenou. I na dovolen\u00e9 se chcete d\u00edvat na p\u011bkn\u00fd film od poskytovatele streamov\u00e1n\u00ed [...]<\/p>","protected":false},"author":1,"featured_media":3057,"parent":2096,"menu_order":4,"comment_status":"closed","ping_status":"closed","template":"","meta":{"footnotes":""},"_links":{"self":[{"href":"https:\/\/new.comverga.com\/deu\/cs\/wp-json\/wp\/v2\/pages\/2125"}],"collection":[{"href":"https:\/\/new.comverga.com\/deu\/cs\/wp-json\/wp\/v2\/pages"}],"about":[{"href":"https:\/\/new.comverga.com\/deu\/cs\/wp-json\/wp\/v2\/types\/page"}],"author":[{"embeddable":true,"href":"https:\/\/new.comverga.com\/deu\/cs\/wp-json\/wp\/v2\/users\/1"}],"replies":[{"embeddable":true,"href":"https:\/\/new.comverga.com\/deu\/cs\/wp-json\/wp\/v2\/comments?post=2125"}],"version-history":[{"count":0,"href":"https:\/\/new.comverga.com\/deu\/cs\/wp-json\/wp\/v2\/pages\/2125\/revisions"}],"up":[{"embeddable":true,"href":"https:\/\/new.comverga.com\/deu\/cs\/wp-json\/wp\/v2\/pages\/2096"}],"wp:featuredmedia":[{"embeddable":true,"href":"https:\/\/new.comverga.com\/deu\/cs\/wp-json\/wp\/v2\/media\/3057"}],"wp:attachment":[{"href":"https:\/\/new.comverga.com\/deu\/cs\/wp-json\/wp\/v2\/media?parent=2125"}],"curies":[{"name":"wp","href":"https:\/\/api.w.org\/{rel}","templated":true}]}}