{"id":212,"date":"2020-11-25T13:23:32","date_gmt":"2020-11-25T12:23:32","guid":{"rendered":"https:\/\/www.comverga.com\/?page_id=212"},"modified":"2023-03-09T16:12:26","modified_gmt":"2023-03-09T15:12:26","slug":"sdp-fur-virtuelle-operatoren","status":"publish","type":"page","link":"https:\/\/new.comverga.com\/deu\/cs\/dienstleistungen\/software-as-a-service-platform-as-a-service\/sdp-fur-virtuelle-operatoren\/","title":{"rendered":"SDP pro virtu\u00e1ln\u00ed oper\u00e1tory"},"content":{"rendered":"<div data-elementor-type=\"wp-page\" data-elementor-id=\"212\" class=\"elementor elementor-212\">\n\t\t\t\t\t\t\t\t\t<section class=\"elementor-section elementor-top-section elementor-element elementor-element-647370a6 elementor-section-boxed elementor-section-height-default elementor-section-height-default\" data-id=\"647370a6\" data-element_type=\"section\">\n\t\t\t\t\t\t<div class=\"elementor-container elementor-column-gap-default\">\n\t\t\t\t\t<div class=\"elementor-column elementor-col-100 elementor-top-column elementor-element elementor-element-3a73db82\" data-id=\"3a73db82\" data-element_type=\"column\">\n\t\t\t<div class=\"elementor-widget-wrap elementor-element-populated\">\n\t\t\t\t\t\t\t\t<div class=\"elementor-element elementor-element-6f57e981 elementor-widget elementor-widget-text-editor\" data-id=\"6f57e981\" data-element_type=\"widget\" data-widget_type=\"text-editor.default\">\n\t\t\t\t<div class=\"elementor-widget-container\">\n\t\t\t\t\t\t\t<!-- wp:paragraph -->\n<p class=\"translation-block\">Pro virtu\u00e1ln\u00ed oper\u00e1tory nab\u00edz\u00ed kompletn\u00ed syst\u00e9m pro zaji\u0161t\u011bn\u00ed prodeje a podpory konvergovan\u00fdch telekomunika\u010dn\u00edch slu\u017eeb. Platforma podporuje tvorbu bal\u00ed\u010dk\u016f r\u016fzn\u00fdch slu\u017eeb od r\u016fzn\u00fdch velkoobchodn\u00edch partner\u016f a oper\u00e1tor\u016f. Krom\u011b mobiln\u00edch slu\u017eeb, slu\u017eeb pevn\u00e9ho internetu a r\u016fzn\u00fdch koncov\u00fdch za\u0159\u00edzen\u00ed podporuje i dal\u0161\u00ed slu\u017eby jako je IPTV \u010di jin\u00e9 multimedi\u00e1ln\u00ed slu\u017eby.<\/p>\n<!-- \/wp:paragraph -->\n\n<!-- wp:paragraph -->\n<p class=\"translation-block\">Jsou podporov\u00e1ny r\u016fzn\u00e9 typy z\u00fa\u010dtov\u00e1n\u00ed \u2013 pau\u0161\u00e1ly, p\u0159edplacen\u00e9 slu\u017eby, subskripce a okam\u017eit\u00e9 z\u00fa\u010dtov\u00e1n\u00ed (Hot Billing). Platforma umo\u017e\u0148uje p\u0159ipojen\u00ed n\u011bkolika r\u016fzn\u00fdch poskytovatel\u016f platebn\u00edch slu\u017eeb a r\u016fzn\u00fdch platebn\u00edch kan\u00e1l\u016f.<\/p>\n<!-- \/wp:paragraph -->\t\t\t\t\t\t<\/div>\n\t\t\t\t<\/div>\n\t\t\t\t\t<\/div>\n\t\t<\/div>\n\t\t\t\t\t\t\t<\/div>\n\t\t<\/section>\n\t\t\t\t\t\t\t<\/div>","protected":false},"excerpt":{"rendered":"<p>Pro virtu\u00e1ln\u00ed oper\u00e1tory nab\u00edz\u00ed kompletn\u00ed syst\u00e9m pro zaji\u0161t\u011bn\u00ed prodeje a podpory konvergovan\u00fdch telekomunika\u010dn\u00edch slu\u017eeb. Platforma podporuje tvorbu bal\u00ed\u010dk\u016f r\u016fzn\u00fdch slu\u017eeb od r\u016fzn\u00fdch velkoobchodn\u00edch partner\u016f a oper\u00e1tor\u016f. Krom\u011b mobiln\u00edch slu\u017eeb, slu\u017eeb pevn\u00e9ho internetu a r\u016fzn\u00fdch koncov\u00fdch za\u0159\u00edzen\u00ed podporuje i dal\u0161\u00ed slu\u017eby jako je IPTV \u010di jin\u00e9 multimedi\u00e1ln\u00ed slu\u017eby.<\/p>","protected":false},"author":1,"featured_media":1119,"parent":206,"menu_order":0,"comment_status":"closed","ping_status":"closed","template":"","meta":{"footnotes":""},"_links":{"self":[{"href":"https:\/\/new.comverga.com\/deu\/cs\/wp-json\/wp\/v2\/pages\/212"}],"collection":[{"href":"https:\/\/new.comverga.com\/deu\/cs\/wp-json\/wp\/v2\/pages"}],"about":[{"href":"https:\/\/new.comverga.com\/deu\/cs\/wp-json\/wp\/v2\/types\/page"}],"author":[{"embeddable":true,"href":"https:\/\/new.comverga.com\/deu\/cs\/wp-json\/wp\/v2\/users\/1"}],"replies":[{"embeddable":true,"href":"https:\/\/new.comverga.com\/deu\/cs\/wp-json\/wp\/v2\/comments?post=212"}],"version-history":[{"count":0,"href":"https:\/\/new.comverga.com\/deu\/cs\/wp-json\/wp\/v2\/pages\/212\/revisions"}],"up":[{"embeddable":true,"href":"https:\/\/new.comverga.com\/deu\/cs\/wp-json\/wp\/v2\/pages\/206"}],"wp:featuredmedia":[{"embeddable":true,"href":"https:\/\/new.comverga.com\/deu\/cs\/wp-json\/wp\/v2\/media\/1119"}],"wp:attachment":[{"href":"https:\/\/new.comverga.com\/deu\/cs\/wp-json\/wp\/v2\/media?parent=212"}],"curies":[{"name":"wp","href":"https:\/\/api.w.org\/{rel}","templated":true}]}}