{"id":206,"date":"2020-11-25T13:20:03","date_gmt":"2020-11-25T12:20:03","guid":{"rendered":"https:\/\/www.comverga.com\/?page_id=206"},"modified":"2023-03-09T16:11:24","modified_gmt":"2023-03-09T15:11:24","slug":"software-as-a-service-platform-as-a-service","status":"publish","type":"page","link":"https:\/\/new.comverga.com\/deu\/cs\/dienstleistungen\/software-as-a-service-platform-as-a-service\/","title":{"rendered":"Software jako slu\u017eba \/ Platforma jako slu\u017eba"},"content":{"rendered":"<div data-elementor-type=\"wp-page\" data-elementor-id=\"206\" class=\"elementor elementor-206\">\n\t\t\t\t\t\t\t\t\t<section class=\"elementor-section elementor-top-section elementor-element elementor-element-4586cdd8 elementor-section-boxed elementor-section-height-default elementor-section-height-default\" data-id=\"4586cdd8\" data-element_type=\"section\">\n\t\t\t\t\t\t<div class=\"elementor-container elementor-column-gap-default\">\n\t\t\t\t\t<div class=\"elementor-column elementor-col-100 elementor-top-column elementor-element elementor-element-7bce9157\" data-id=\"7bce9157\" data-element_type=\"column\">\n\t\t\t<div class=\"elementor-widget-wrap elementor-element-populated\">\n\t\t\t\t\t\t\t\t<div class=\"elementor-element elementor-element-8cb17c5 elementor-widget elementor-widget-text-editor\" data-id=\"8cb17c5\" data-element_type=\"widget\" data-widget_type=\"text-editor.default\">\n\t\t\t\t<div class=\"elementor-widget-container\">\n\t\t\t\t\t\t\t<!-- wp:paragraph -->\n<p class=\"translation-block\">Vyv\u00edj\u00edme a provozujeme vlastn\u00ed komunika\u010dn\u00ed platformy a aplikace. Sledujeme nejnov\u011bj\u0161\u00ed technologick\u00e9 trendy a upravujeme na\u0161e \u0159e\u0161en\u00ed p\u0159\u00edmo na m\u00edru jednotliv\u00fdm partner\u016fm a projekt\u016fm. Na\u0161\u00edm c\u00edlem je poskytnout tato \u0159e\u0161en\u00ed v optim\u00e1ln\u00edch n\u00e1kladech a v co nejkrat\u0161\u00edm \u010dase. Pou\u017e\u00edv\u00e1me nejmodern\u011bj\u0161\u00ed postupy agiln\u00edho v\u00fdvoje.<\/p>\n<!-- \/wp:paragraph -->\n\n<!-- wp:paragraph -->\n<p>Die COMVERGA Service Delivery Platform (SDP) bietet eine gro\u00dfe Auswahl von Modulen und Funktionen zum Anlegen, Bereitstellen, Aktivieren, Abrechnen und Verwalten von Telekommunikations- und Nicht-Telekommunikationsdiensten. Der Herausforderung liegt in einer einfachen Implementierung konvergierter Dienste, wobei der Kunde verschiedene Arten von Telekommunikationsdienste und zus\u00e4tzlich verschiedenen Endger\u00e4ten nutzt und auch noch in unterschiedlichen Branchen &#8211; z. b. Wirtschaft, Finanzen, Versicherungen usw. \u2013 zu Hause ist.<\/p>\n<!-- \/wp:paragraph -->\t\t\t\t\t\t<\/div>\n\t\t\t\t<\/div>\n\t\t\t\t\t<\/div>\n\t\t<\/div>\n\t\t\t\t\t\t\t<\/div>\n\t\t<\/section>\n\t\t\t\t\t\t\t<\/div>","protected":false},"excerpt":{"rendered":"<p>Vyv\u00edj\u00edme a provozujeme vlastn\u00ed komunika\u010dn\u00ed platformy a aplikace. Sledujeme nejnov\u011bj\u0161\u00ed technologick\u00e9 trendy a na\u0161e \u0159e\u0161en\u00ed p\u0159izp\u016fsobujeme po\u017eadavk\u016fm na\u0161ich partner\u016f a z\u00e1kazn\u00edk\u016f a jejich projekt\u016fm. Na\u0161\u00edm c\u00edlem je nab\u00edzet tato \u0159e\u0161en\u00ed za f\u00e9rov\u00e9 ceny a v co nejkrat\u0161\u00edm \u010dase. Pou\u017e\u00edv\u00e1me nejnov\u011bj\u0161\u00ed agiln\u00ed v\u00fdvojov\u00e9 procesy. Platforma COMVERGA Service Delivery Platform (SDP) nab\u00edz\u00ed [\u2026]<\/p>","protected":false},"author":1,"featured_media":1083,"parent":210,"menu_order":101,"comment_status":"closed","ping_status":"closed","template":"","meta":{"footnotes":""},"_links":{"self":[{"href":"https:\/\/new.comverga.com\/deu\/cs\/wp-json\/wp\/v2\/pages\/206"}],"collection":[{"href":"https:\/\/new.comverga.com\/deu\/cs\/wp-json\/wp\/v2\/pages"}],"about":[{"href":"https:\/\/new.comverga.com\/deu\/cs\/wp-json\/wp\/v2\/types\/page"}],"author":[{"embeddable":true,"href":"https:\/\/new.comverga.com\/deu\/cs\/wp-json\/wp\/v2\/users\/1"}],"replies":[{"embeddable":true,"href":"https:\/\/new.comverga.com\/deu\/cs\/wp-json\/wp\/v2\/comments?post=206"}],"version-history":[{"count":0,"href":"https:\/\/new.comverga.com\/deu\/cs\/wp-json\/wp\/v2\/pages\/206\/revisions"}],"up":[{"embeddable":true,"href":"https:\/\/new.comverga.com\/deu\/cs\/wp-json\/wp\/v2\/pages\/210"}],"wp:featuredmedia":[{"embeddable":true,"href":"https:\/\/new.comverga.com\/deu\/cs\/wp-json\/wp\/v2\/media\/1083"}],"wp:attachment":[{"href":"https:\/\/new.comverga.com\/deu\/cs\/wp-json\/wp\/v2\/media?parent=206"}],"curies":[{"name":"wp","href":"https:\/\/api.w.org\/{rel}","templated":true}]}}