{"id":204,"date":"2020-11-25T13:18:40","date_gmt":"2020-11-25T12:18:40","guid":{"rendered":"https:\/\/www.comverga.com\/?page_id=204"},"modified":"2023-03-09T16:17:18","modified_gmt":"2023-03-09T15:17:18","slug":"betrieb-der-telekommunikationsinfrastruktur","status":"publish","type":"page","link":"https:\/\/new.comverga.com\/deu\/cs\/dienstleistungen\/betrieb-der-telekommunikationsinfrastruktur\/","title":{"rendered":"Provoz telekomunika\u010dn\u00ed infrastruktury"},"content":{"rendered":"<div data-elementor-type=\"wp-page\" data-elementor-id=\"204\" class=\"elementor elementor-204\">\n\t\t\t\t\t\t\t\t\t<section class=\"elementor-section elementor-top-section elementor-element elementor-element-66e30b elementor-section-boxed elementor-section-height-default elementor-section-height-default\" data-id=\"66e30b\" data-element_type=\"section\">\n\t\t\t\t\t\t<div class=\"elementor-container elementor-column-gap-default\">\n\t\t\t\t\t<div class=\"elementor-column elementor-col-100 elementor-top-column elementor-element elementor-element-2dc16128\" data-id=\"2dc16128\" data-element_type=\"column\">\n\t\t\t<div class=\"elementor-widget-wrap elementor-element-populated\">\n\t\t\t\t\t\t\t\t<div class=\"elementor-element elementor-element-5a9a8a19 elementor-widget elementor-widget-text-editor\" data-id=\"5a9a8a19\" data-element_type=\"widget\" data-widget_type=\"text-editor.default\">\n\t\t\t\t<div class=\"elementor-widget-container\">\n\t\t\t\t\t\t\t<!-- wp:paragraph -->\n<p>Vyv\u00edj\u00edme a provozujeme vlastn\u00ed telekomunika\u010dn\u00ed infrastrukturu. To n\u00e1m umo\u017e\u0148uje poskytovat vysoce kvalitn\u00ed slu\u017eby bez ohledu na technologii, dodavatele a s\u00edt\u011b. S na\u0161\u00ed infrastrukturou propojujeme r\u016fzn\u00e9 oper\u00e1tory a poskytovatele slu\u017eeb, abychom na\u0161im partner\u016fm a z\u00e1kazn\u00edk\u016fm mohli nab\u00eddnout celou \u0161k\u00e1lu konvergovan\u00fdch slu\u017eeb.<\/p>\n<!-- \/wp:paragraph -->\t\t\t\t\t\t<\/div>\n\t\t\t\t<\/div>\n\t\t\t\t\t<\/div>\n\t\t<\/div>\n\t\t\t\t\t\t\t<\/div>\n\t\t<\/section>\n\t\t\t\t\t\t\t<\/div>","protected":false},"excerpt":{"rendered":"<p>Vyv\u00edj\u00edme a provozujeme vlastn\u00ed telekomunika\u010dn\u00ed infrastrukturu. To n\u00e1m umo\u017e\u0148uje poskytovat vysoce kvalitn\u00ed slu\u017eby bez ohledu na technologii, dodavatele a s\u00edt\u011b. S na\u0161\u00ed infrastrukturou propojujeme r\u016fzn\u00e9 oper\u00e1tory a poskytovatele slu\u017eeb, abychom na\u0161im partner\u016fm a z\u00e1kazn\u00edk\u016fm mohli nab\u00eddnout celou \u0161k\u00e1lu konvergovan\u00fdch slu\u017eeb.<\/p>","protected":false},"author":1,"featured_media":143,"parent":210,"menu_order":102,"comment_status":"closed","ping_status":"closed","template":"","meta":{"footnotes":""},"_links":{"self":[{"href":"https:\/\/new.comverga.com\/deu\/cs\/wp-json\/wp\/v2\/pages\/204"}],"collection":[{"href":"https:\/\/new.comverga.com\/deu\/cs\/wp-json\/wp\/v2\/pages"}],"about":[{"href":"https:\/\/new.comverga.com\/deu\/cs\/wp-json\/wp\/v2\/types\/page"}],"author":[{"embeddable":true,"href":"https:\/\/new.comverga.com\/deu\/cs\/wp-json\/wp\/v2\/users\/1"}],"replies":[{"embeddable":true,"href":"https:\/\/new.comverga.com\/deu\/cs\/wp-json\/wp\/v2\/comments?post=204"}],"version-history":[{"count":0,"href":"https:\/\/new.comverga.com\/deu\/cs\/wp-json\/wp\/v2\/pages\/204\/revisions"}],"up":[{"embeddable":true,"href":"https:\/\/new.comverga.com\/deu\/cs\/wp-json\/wp\/v2\/pages\/210"}],"wp:featuredmedia":[{"embeddable":true,"href":"https:\/\/new.comverga.com\/deu\/cs\/wp-json\/wp\/v2\/media\/143"}],"wp:attachment":[{"href":"https:\/\/new.comverga.com\/deu\/cs\/wp-json\/wp\/v2\/media?parent=204"}],"curies":[{"name":"wp","href":"https:\/\/api.w.org\/{rel}","templated":true}]}}