{"id":202,"date":"2020-11-25T13:17:31","date_gmt":"2020-11-25T12:17:31","guid":{"rendered":"https:\/\/www.comverga.com\/?page_id=202"},"modified":"2023-03-09T16:17:45","modified_gmt":"2023-03-09T15:17:45","slug":"sms-messaging-dienste","status":"publish","type":"page","link":"https:\/\/new.comverga.com\/deu\/cs\/dienstleistungen\/sms-messaging-dienste\/","title":{"rendered":"SMS\/Slu\u017eby zpr\u00e1v"},"content":{"rendered":"<div data-elementor-type=\"wp-page\" data-elementor-id=\"202\" class=\"elementor elementor-202\">\n\t\t\t\t\t\t\t\t\t<section class=\"elementor-section elementor-top-section elementor-element elementor-element-435d0f9e elementor-section-boxed elementor-section-height-default elementor-section-height-default\" data-id=\"435d0f9e\" data-element_type=\"section\">\n\t\t\t\t\t\t<div class=\"elementor-container elementor-column-gap-default\">\n\t\t\t\t\t<div class=\"elementor-column elementor-col-100 elementor-top-column elementor-element elementor-element-75e92e7e\" data-id=\"75e92e7e\" data-element_type=\"column\">\n\t\t\t<div class=\"elementor-widget-wrap elementor-element-populated\">\n\t\t\t\t\t\t\t\t<div class=\"elementor-element elementor-element-448ba71e elementor-widget elementor-widget-text-editor\" data-id=\"448ba71e\" data-element_type=\"widget\" data-widget_type=\"text-editor.default\">\n\t\t\t\t<div class=\"elementor-widget-container\">\n\t\t\t\t\t\t\t<!-- wp:paragraph -->\n<p>Pokud pot\u0159ebujete rychle a efektivn\u011b komunikovat s va\u0161imi partnery, z\u00e1kazn\u00edky, klienty, vyu\u017eijte komunikaci prost\u0159ednictv\u00edm SMS. SMS m\u016f\u017eete pou\u017e\u00edvat jednosm\u011brn\u011b nap\u0159. k informov\u00e1n\u00ed sv\u00fdch z\u00e1kazn\u00edk\u016f o novink\u00e1ch, cenov\u00fdch nab\u00eddk\u00e1ch, aktu\u00e1ln\u00edch slev\u00e1ch. Nebo je mo\u017en\u00e9 obousm\u011brn\u011b pomoc\u00ed SMS ankety a kampan\u011b kontaktovat nap\u0159. z\u00e1kazn\u00edky, ob\u010dany a zp\u011btn\u011b zpracovat jejich odpov\u011bdi.<\/p>\n<!-- \/wp:paragraph -->\n\n<!-- wp:paragraph -->\n<p class=\"translation-block\">Krom\u011b SMS m\u016f\u017eete ve sv\u00e9 komunikaci vyu\u017e\u00edvat i hlasov\u00e9 zpr\u00e1vy, emaily a r\u016fzn\u00e9 komunika\u010dn\u00ed aplikace.<\/p>\n<!-- \/wp:paragraph -->\t\t\t\t\t\t<\/div>\n\t\t\t\t<\/div>\n\t\t\t\t\t<\/div>\n\t\t<\/div>\n\t\t\t\t\t\t\t<\/div>\n\t\t<\/section>\n\t\t\t\t\t\t\t<\/div>","protected":false},"excerpt":{"rendered":"<p>Pokud chcete rychle a efektivn\u011b komunikovat se sv\u00fdmi partnery, z\u00e1kazn\u00edky a klienty, vyu\u017eijte SMS komunikaci. Pomoc\u00ed SMS m\u016f\u017eete nap\u0159\u00edklad informovat sv\u00e9 z\u00e1kazn\u00edky o novink\u00e1ch, cenov\u00fdch nab\u00eddk\u00e1ch a aktu\u00e1ln\u00edch slev\u00e1ch. Nebo je mo\u017en\u00e9 prov\u00e1d\u011bt pr\u016fzkumy s va\u0161imi z\u00e1kazn\u00edky \u010di ob\u010dany. Pomoc\u00ed SMS pr\u016fzkumu nebo kampan\u011b obdr\u017e\u00edte [\u2026]<\/p>","protected":false},"author":1,"featured_media":1084,"parent":210,"menu_order":103,"comment_status":"closed","ping_status":"closed","template":"","meta":{"footnotes":""},"_links":{"self":[{"href":"https:\/\/new.comverga.com\/deu\/cs\/wp-json\/wp\/v2\/pages\/202"}],"collection":[{"href":"https:\/\/new.comverga.com\/deu\/cs\/wp-json\/wp\/v2\/pages"}],"about":[{"href":"https:\/\/new.comverga.com\/deu\/cs\/wp-json\/wp\/v2\/types\/page"}],"author":[{"embeddable":true,"href":"https:\/\/new.comverga.com\/deu\/cs\/wp-json\/wp\/v2\/users\/1"}],"replies":[{"embeddable":true,"href":"https:\/\/new.comverga.com\/deu\/cs\/wp-json\/wp\/v2\/comments?post=202"}],"version-history":[{"count":0,"href":"https:\/\/new.comverga.com\/deu\/cs\/wp-json\/wp\/v2\/pages\/202\/revisions"}],"up":[{"embeddable":true,"href":"https:\/\/new.comverga.com\/deu\/cs\/wp-json\/wp\/v2\/pages\/210"}],"wp:featuredmedia":[{"embeddable":true,"href":"https:\/\/new.comverga.com\/deu\/cs\/wp-json\/wp\/v2\/media\/1084"}],"wp:attachment":[{"href":"https:\/\/new.comverga.com\/deu\/cs\/wp-json\/wp\/v2\/media?parent=202"}],"curies":[{"name":"wp","href":"https:\/\/api.w.org\/{rel}","templated":true}]}}