{"id":658,"date":"2020-12-15T12:49:57","date_gmt":"2020-12-15T11:49:57","guid":{"rendered":"https:\/\/www.comverga.com\/?page_id=658"},"modified":"2023-08-24T12:52:50","modified_gmt":"2023-08-24T10:52:50","slug":"virtualni-sitovi-operatori-a-poskytovatele-sluzeb","status":"publish","type":"page","link":"https:\/\/new.comverga.com\/cze\/odvetvi\/virtualni-sitovi-operatori-a-poskytovatele-sluzeb\/","title":{"rendered":"Virtu\u00e1ln\u00ed s\u00ed\u0165ov\u00ed oper\u00e1to\u0159i a poskytovatel\u00e9 slu\u017eeb"},"content":{"rendered":"\t\t<div data-elementor-type=\"wp-page\" data-elementor-id=\"658\" class=\"elementor elementor-658\">\n\t\t\t\t\t\t\t\t\t<section class=\"elementor-section elementor-top-section elementor-element elementor-element-1b31e0d elementor-section-boxed elementor-section-height-default elementor-section-height-default\" data-id=\"1b31e0d\" data-element_type=\"section\">\n\t\t\t\t\t\t<div class=\"elementor-container elementor-column-gap-default\">\n\t\t\t\t\t<div class=\"elementor-column elementor-col-100 elementor-top-column elementor-element elementor-element-472deba1\" data-id=\"472deba1\" data-element_type=\"column\">\n\t\t\t<div class=\"elementor-widget-wrap elementor-element-populated\">\n\t\t\t\t\t\t\t\t<div class=\"elementor-element elementor-element-a349346 elementor-widget elementor-widget-text-editor\" data-id=\"a349346\" data-element_type=\"widget\" data-widget_type=\"text-editor.default\">\n\t\t\t\t<div class=\"elementor-widget-container\">\n\t\t\t\t\t\t\t<!-- wp:paragraph -->\n<p>Vyv\u00edj\u00edme a provozujeme vlastn\u00ed infrastrukturu s c\u00edlem poskytovat slu\u017eby nez\u00e1visl\u00e9 na technologi\u00edch, dodavatel\u00edch a s\u00edt\u00edch. Propojujeme r\u016fzn\u00e9 s\u00edt\u011b a poskytovatele hostitelsk\u00fdch slu\u017eeb s na\u0161\u00ed infrastrukturou, abychom mohli virtu\u00e1ln\u00edm oper\u00e1tor\u016fm a poskytovatel\u016fm slu\u017eeb nab\u00eddnout celou \u0159adu konvergovan\u00fdch slu\u017eeb.<\/p>\n<!-- \/wp:paragraph --><!-- wp:paragraph -->\n<p>Spolu s na\u0161\u00edm partnerem vytv\u00e1\u0159\u00edme pro z\u00e1kazn\u00edky jedine\u010dnou p\u0159idanou hodnotu na trhu. S\u00a0pln\u00fdm nasazen\u00edm pracujeme na \u00fasp\u011bchu spole\u010dn\u00e9ho projektu.<\/p>\n<!-- \/wp:paragraph --><!-- wp:list -->\n<ul>\n<li>Outsourcing podnikov\u00fdch proces\u016f (BPO \u2013 Business Process Outsourcing)<\/li>\n<li>Platforma pro poskytov\u00e1n\u00ed slu\u017eeb SDP jako slu\u017eba<\/li>\n<li>Provoz telekomunika\u010dn\u00ed infrastruktury<\/li>\n<li>Agregace provozu (SMS, hlas, data)<\/li>\n<li>Platebn\u00ed slu\u017eby (platforma a platebn\u00ed kan\u00e1ly)<\/li>\n<li>Profesion\u00e1ln\u00ed slu\u017eby<\/li>\n<li>V\u00fdvoj aplikac\u00ed<\/li>\n<\/ul>\n<!-- \/wp:list --><!-- wp:paragraph -->\n<p><strong>VYBRAN\u00cd PARTNE\u0158I<\/strong> &#8211; COOP Mobil, Fayn Telecommunications, Quadruple, Klokan Mobil, Eri Mobile<\/p>\n<!-- \/wp:paragraph -->\t\t\t\t\t\t<\/div>\n\t\t\t\t<\/div>\n\t\t\t\t\t<\/div>\n\t\t<\/div>\n\t\t\t\t\t\t\t<\/div>\n\t\t<\/section>\n\t\t\t\t\t\t\t<\/div>\n\t\t","protected":false},"excerpt":{"rendered":"<p>Vyv\u00edj\u00edme a provozujeme vlastn\u00ed infrastrukturu s c\u00edlem poskytovat slu\u017eby nez\u00e1visl\u00e9 na technologi\u00edch, dodavatel\u00edch a s\u00edt\u00edch&#8230;<\/p>\n","protected":false},"author":1,"featured_media":4970,"parent":344,"menu_order":1,"comment_status":"closed","ping_status":"closed","template":"","meta":{"footnotes":""},"_links":{"self":[{"href":"https:\/\/new.comverga.com\/cze\/wp-json\/wp\/v2\/pages\/658"}],"collection":[{"href":"https:\/\/new.comverga.com\/cze\/wp-json\/wp\/v2\/pages"}],"about":[{"href":"https:\/\/new.comverga.com\/cze\/wp-json\/wp\/v2\/types\/page"}],"author":[{"embeddable":true,"href":"https:\/\/new.comverga.com\/cze\/wp-json\/wp\/v2\/users\/1"}],"replies":[{"embeddable":true,"href":"https:\/\/new.comverga.com\/cze\/wp-json\/wp\/v2\/comments?post=658"}],"version-history":[{"count":19,"href":"https:\/\/new.comverga.com\/cze\/wp-json\/wp\/v2\/pages\/658\/revisions"}],"predecessor-version":[{"id":5029,"href":"https:\/\/new.comverga.com\/cze\/wp-json\/wp\/v2\/pages\/658\/revisions\/5029"}],"up":[{"embeddable":true,"href":"https:\/\/new.comverga.com\/cze\/wp-json\/wp\/v2\/pages\/344"}],"wp:featuredmedia":[{"embeddable":true,"href":"https:\/\/new.comverga.com\/cze\/wp-json\/wp\/v2\/media\/4970"}],"wp:attachment":[{"href":"https:\/\/new.comverga.com\/cze\/wp-json\/wp\/v2\/media?parent=658"}],"curies":[{"name":"wp","href":"https:\/\/api.w.org\/{rel}","templated":true}]}}