{"id":650,"date":"2020-12-15T12:46:05","date_gmt":"2020-12-15T11:46:05","guid":{"rendered":"https:\/\/www.comverga.com\/?page_id=650"},"modified":"2023-08-24T12:50:07","modified_gmt":"2023-08-24T10:50:07","slug":"sitovi-operatori","status":"publish","type":"page","link":"https:\/\/new.comverga.com\/cze\/odvetvi\/sitovi-operatori\/","title":{"rendered":"S\u00ed\u0165ov\u00ed oper\u00e1to\u0159i"},"content":{"rendered":"\t\t<div data-elementor-type=\"wp-page\" data-elementor-id=\"650\" class=\"elementor elementor-650\">\n\t\t\t\t\t\t\t\t\t<section class=\"elementor-section elementor-top-section elementor-element elementor-element-248fad78 elementor-section-boxed elementor-section-height-default elementor-section-height-default\" data-id=\"248fad78\" data-element_type=\"section\">\n\t\t\t\t\t\t<div class=\"elementor-container elementor-column-gap-default\">\n\t\t\t\t\t<div class=\"elementor-column elementor-col-100 elementor-top-column elementor-element elementor-element-76b207a7\" data-id=\"76b207a7\" data-element_type=\"column\">\n\t\t\t<div class=\"elementor-widget-wrap elementor-element-populated\">\n\t\t\t\t\t\t\t\t<div class=\"elementor-element elementor-element-334e35bc elementor-widget elementor-widget-text-editor\" data-id=\"334e35bc\" data-element_type=\"widget\" data-widget_type=\"text-editor.default\">\n\t\t\t\t<div class=\"elementor-widget-container\">\n\t\t\t\t\t\t\t<!-- wp:paragraph -->\n<p>S\u00ed\u0165ov\u00ed oper\u00e1to\u0159i jsou na\u0161imi kl\u00ed\u010dov\u00fdmi obchodn\u00edmi partnery. Budujeme spole\u010dn\u011b \u0159e\u0161en\u00ed \u0161it\u00e1 na m\u00edru jejich kl\u00ed\u010dov\u00fdm firemn\u00edm z\u00e1kazn\u00edk\u016fm a tak\u00e9 maloobchodn\u00ed slu\u017eby pro jejich maloobchodn\u00ed koncov\u00e9 u\u017eivatele. Na\u0161e dod\u00e1vka zahrnuje cel\u00fd \u017eivotn\u00ed cyklus slu\u017eby od poradenstv\u00ed p\u0159es implementaci a\u017e po provoz slu\u017eby.<\/p>\n<!-- \/wp:paragraph -->\n\n<!-- wp:paragraph -->\n<p>Zam\u011b\u0159ujeme se na n\u00e1sleduj\u00edc\u00ed oblasti:<\/p>\n<!-- \/wp:paragraph -->\n\n<!-- wp:list -->\n<ul><li>Messagingov\u00e1 infrastruktura (SMS, RCS)<\/li><li>Platforma pro poskytov\u00e1n\u00ed slu\u017eeb (SDP \u2013 Service Delivery Platform)<\/li><li>Z\u00e1kaznick\u00e1 \u0159e\u0161en\u00ed pro firemn\u00ed klienty<\/li><li>SIM Management pro M2M \/ IoT \/ Cloud<\/li><li>MVNO \/ MVNE platforma a slu\u017eby<\/li><li>Velkoobchodn\u00ed agregace pro FTTx \/ Cable \/ 5G<\/li><li>Poradensk\u00e9 slu\u017eby<\/li><\/ul>\n<!-- \/wp:list -->\n\n<!-- wp:paragraph -->\n<p><strong>VYBRAN\u00cd PARTNE\u0158I<\/strong> &#8211; O2, Vodafone, T-Mobile, Nordic Telecom<\/p>\n<!-- \/wp:paragraph -->\n\n<!-- wp:paragraph -->\n<p><\/p>\n<!-- \/wp:paragraph -->\n\n<!-- wp:spacer {\"height\":29} -->\n<div style=\"height:29px\" aria-hidden=\"true\" class=\"wp-block-spacer\"><\/div>\n<!-- \/wp:spacer -->\n\n<!-- wp:paragraph -->\n<p>Nab\u00edz\u00edme tak\u00e9 na\u0161e \u0159e\u0161en\u00ed pro provozovatele soukrom\u00fdch s\u00edt\u00ed, jako jsou oper\u00e1to\u0159i GSM-R pro \u017eeleznice a provozovatel\u00e9 technologick\u00fdch s\u00edt\u00ed. Zde se soust\u0159ed\u00edme na n\u00e1sleduj\u00edc\u00ed \u0159e\u0161en\u00ed:<\/p>\n<!-- \/wp:paragraph -->\n\n<!-- wp:list -->\n<ul><li>Messagingov\u00e1 infrastruktura (SMSC, USSD, SS7)<\/li><li>SIM Management platforma<\/li><li>Platforma pro poskytov\u00e1n\u00ed slu\u017eeb (SDP \u2013 Service Delivery Platform)<\/li><\/ul>\n<!-- \/wp:list -->\n\n<!-- wp:paragraph -->\n<p><strong>VYBRAN\u00cd PARTNE\u0158I<\/strong> &#8211; Spr\u00e1va \u017eeleznic<\/p>\n<!-- \/wp:paragraph -->\t\t\t\t\t\t<\/div>\n\t\t\t\t<\/div>\n\t\t\t\t\t<\/div>\n\t\t<\/div>\n\t\t\t\t\t\t\t<\/div>\n\t\t<\/section>\n\t\t\t\t\t\t\t<\/div>\n\t\t","protected":false},"excerpt":{"rendered":"<p>S\u00ed\u0165ov\u00ed oper\u00e1to\u0159i jsou na\u0161imi kl\u00ed\u010dov\u00fdmi obchodn\u00edmi partnery. Budujeme spole\u010dn\u011b \u0159e\u0161en\u00ed \u0161it\u00e1 na m\u00edru jejich kl\u00ed\u010dov\u00fdm firemn\u00edm z\u00e1kazn\u00edk\u016fm a tak\u00e9 maloobchodn\u00ed slu\u017eby&#8230;<\/p>\n","protected":false},"author":1,"featured_media":4965,"parent":344,"menu_order":0,"comment_status":"closed","ping_status":"closed","template":"","meta":{"footnotes":""},"_links":{"self":[{"href":"https:\/\/new.comverga.com\/cze\/wp-json\/wp\/v2\/pages\/650"}],"collection":[{"href":"https:\/\/new.comverga.com\/cze\/wp-json\/wp\/v2\/pages"}],"about":[{"href":"https:\/\/new.comverga.com\/cze\/wp-json\/wp\/v2\/types\/page"}],"author":[{"embeddable":true,"href":"https:\/\/new.comverga.com\/cze\/wp-json\/wp\/v2\/users\/1"}],"replies":[{"embeddable":true,"href":"https:\/\/new.comverga.com\/cze\/wp-json\/wp\/v2\/comments?post=650"}],"version-history":[{"count":28,"href":"https:\/\/new.comverga.com\/cze\/wp-json\/wp\/v2\/pages\/650\/revisions"}],"predecessor-version":[{"id":5026,"href":"https:\/\/new.comverga.com\/cze\/wp-json\/wp\/v2\/pages\/650\/revisions\/5026"}],"up":[{"embeddable":true,"href":"https:\/\/new.comverga.com\/cze\/wp-json\/wp\/v2\/pages\/344"}],"wp:featuredmedia":[{"embeddable":true,"href":"https:\/\/new.comverga.com\/cze\/wp-json\/wp\/v2\/media\/4965"}],"wp:attachment":[{"href":"https:\/\/new.comverga.com\/cze\/wp-json\/wp\/v2\/media?parent=650"}],"curies":[{"name":"wp","href":"https:\/\/api.w.org\/{rel}","templated":true}]}}