{"id":498,"date":"2020-11-26T12:26:28","date_gmt":"2020-11-26T11:26:28","guid":{"rendered":"https:\/\/www.comverga.com\/?page_id=498"},"modified":"2023-03-02T11:35:16","modified_gmt":"2023-03-02T10:35:16","slug":"sms-apps","status":"publish","type":"page","link":"https:\/\/new.comverga.com\/cze\/sluzby\/sms-messagingove-sluzby\/sms-apps\/","title":{"rendered":"SMS Aplikace"},"content":{"rendered":"\t\t<div data-elementor-type=\"wp-page\" data-elementor-id=\"498\" class=\"elementor elementor-498\">\n\t\t\t\t\t\t\t\t\t<section class=\"elementor-section elementor-top-section elementor-element elementor-element-3e2df974 elementor-section-boxed elementor-section-height-default elementor-section-height-default\" data-id=\"3e2df974\" data-element_type=\"section\">\n\t\t\t\t\t\t<div class=\"elementor-container elementor-column-gap-default\">\n\t\t\t\t\t<div class=\"elementor-column elementor-col-100 elementor-top-column elementor-element elementor-element-31693ffd\" data-id=\"31693ffd\" data-element_type=\"column\">\n\t\t\t<div class=\"elementor-widget-wrap elementor-element-populated\">\n\t\t\t\t\t\t\t\t<div class=\"elementor-element elementor-element-6234dc24 elementor-widget elementor-widget-text-editor\" data-id=\"6234dc24\" data-element_type=\"widget\" data-widget_type=\"text-editor.default\">\n\t\t\t\t<div class=\"elementor-widget-container\">\n\t\t\t\t\t\t\t<!-- wp:paragraph -->\n<p>Na b\u00e1zi SMS je postavena cel\u00e1 \u0159ada specifick\u00fdch aplikac\u00ed, vyu\u017e\u00edvaj\u00edc\u00edch p\u0159edev\u0161\u00edm rychlou, neru\u0161ivou a obousm\u011brnou komunikaci, jako nap\u0159. p\u0159\u00edjem a zpracov\u00e1n\u00ed objedn\u00e1vek, pr\u016fzkumy spokojenosti z\u00e1kazn\u00edk\u016f, notifika\u010dn\u00ed slu\u017eby, vstupenky, j\u00edzdenky, parkovac\u00ed l\u00edstky, elektronick\u00e9 recepty, hesla a mnoho dal\u0161\u00edch.<\/p>\n<!-- \/wp:paragraph -->\t\t\t\t\t\t<\/div>\n\t\t\t\t<\/div>\n\t\t\t\t\t<\/div>\n\t\t<\/div>\n\t\t\t\t\t\t\t<\/div>\n\t\t<\/section>\n\t\t\t\t\t\t\t<\/div>\n\t\t","protected":false},"excerpt":{"rendered":"<p>Na b\u00e1zi SMS je postavena cel\u00e1 \u0159ada specifick\u00fdch aplikac\u00ed, vyu\u017e\u00edvaj\u00edc\u00edch p\u0159edev\u0161\u00edm rychlou, neru\u0161ivou a obousm\u011brnou komunikaci, jako nap\u0159. p\u0159\u00edjem a zpracov\u00e1n\u00ed objedn\u00e1vek, pr\u016fzkumy spokojenosti z\u00e1kazn\u00edk\u016f, notifika\u010dn\u00ed slu\u017eby, vstupenky, j\u00edzdenky, parkovac\u00ed l\u00edstky, elektronick\u00e9 recepty, hesla a mnoho dal\u0161\u00edch.<\/p>\n","protected":false},"author":1,"featured_media":136,"parent":182,"menu_order":0,"comment_status":"closed","ping_status":"closed","template":"","meta":{"footnotes":""},"_links":{"self":[{"href":"https:\/\/new.comverga.com\/cze\/wp-json\/wp\/v2\/pages\/498"}],"collection":[{"href":"https:\/\/new.comverga.com\/cze\/wp-json\/wp\/v2\/pages"}],"about":[{"href":"https:\/\/new.comverga.com\/cze\/wp-json\/wp\/v2\/types\/page"}],"author":[{"embeddable":true,"href":"https:\/\/new.comverga.com\/cze\/wp-json\/wp\/v2\/users\/1"}],"replies":[{"embeddable":true,"href":"https:\/\/new.comverga.com\/cze\/wp-json\/wp\/v2\/comments?post=498"}],"version-history":[{"count":6,"href":"https:\/\/new.comverga.com\/cze\/wp-json\/wp\/v2\/pages\/498\/revisions"}],"predecessor-version":[{"id":3087,"href":"https:\/\/new.comverga.com\/cze\/wp-json\/wp\/v2\/pages\/498\/revisions\/3087"}],"up":[{"embeddable":true,"href":"https:\/\/new.comverga.com\/cze\/wp-json\/wp\/v2\/pages\/182"}],"wp:featuredmedia":[{"embeddable":true,"href":"https:\/\/new.comverga.com\/cze\/wp-json\/wp\/v2\/media\/136"}],"wp:attachment":[{"href":"https:\/\/new.comverga.com\/cze\/wp-json\/wp\/v2\/media?parent=498"}],"curies":[{"name":"wp","href":"https:\/\/api.w.org\/{rel}","templated":true}]}}