{"id":4729,"date":"2023-06-13T10:20:24","date_gmt":"2023-06-13T08:20:24","guid":{"rendered":"https:\/\/www.comverga.com\/cze\/?page_id=4729"},"modified":"2023-12-13T12:44:51","modified_gmt":"2023-12-13T11:44:51","slug":"detaily-reseni-omnichannel","status":"publish","type":"page","link":"https:\/\/new.comverga.com\/cze\/sluzby\/sms-messagingove-sluzby\/omnichannel\/detaily-reseni-omnichannel\/","title":{"rendered":"Detaily \u0159e\u0161en\u00ed Omnichannel"},"content":{"rendered":"\t\t<div data-elementor-type=\"wp-page\" data-elementor-id=\"4729\" class=\"elementor elementor-4729\">\n\t\t\t\t\t\t\t\t\t<section class=\"elementor-section elementor-top-section elementor-element elementor-element-3d0b95c elementor-section-boxed elementor-section-height-default elementor-section-height-default\" data-id=\"3d0b95c\" data-element_type=\"section\">\n\t\t\t\t\t\t<div class=\"elementor-container elementor-column-gap-default\">\n\t\t\t\t\t<div class=\"elementor-column elementor-col-100 elementor-top-column elementor-element elementor-element-9755779\" data-id=\"9755779\" data-element_type=\"column\">\n\t\t\t<div class=\"elementor-widget-wrap elementor-element-populated\">\n\t\t\t\t\t\t\t\t<div class=\"elementor-element elementor-element-c09c7ee detail-heading elementor-widget elementor-widget-heading\" data-id=\"c09c7ee\" data-element_type=\"widget\" data-widget_type=\"heading.default\">\n\t\t\t\t<div class=\"elementor-widget-container\">\n\t\t\t<h1 class=\"elementor-heading-title elementor-size-default\">Omnichannel<\/h1>\t\t<\/div>\n\t\t\t\t<\/div>\n\t\t\t\t<div class=\"elementor-element elementor-element-25b551f detail-heading elementor-widget elementor-widget-heading\" data-id=\"25b551f\" data-element_type=\"widget\" data-widget_type=\"heading.default\">\n\t\t\t\t<div class=\"elementor-widget-container\">\n\t\t\t<h3 class=\"elementor-heading-title elementor-size-default\">Detail slu\u017eby<\/h3>\t\t<\/div>\n\t\t\t\t<\/div>\n\t\t\t\t\t<\/div>\n\t\t<\/div>\n\t\t\t\t\t\t\t<\/div>\n\t\t<\/section>\n\t\t\t\t<section class=\"elementor-section elementor-top-section elementor-element elementor-element-e3c88e6 elementor-section-boxed elementor-section-height-default elementor-section-height-default\" data-id=\"e3c88e6\" data-element_type=\"section\">\n\t\t\t\t\t\t<div class=\"elementor-container elementor-column-gap-default\">\n\t\t\t\t\t<div class=\"elementor-column elementor-col-50 elementor-top-column elementor-element elementor-element-756f838\" data-id=\"756f838\" data-element_type=\"column\">\n\t\t\t<div class=\"elementor-widget-wrap elementor-element-populated\">\n\t\t\t\t\t\t\t\t<div class=\"elementor-element elementor-element-934de93 elementor-widget elementor-widget-text-editor\" data-id=\"934de93\" data-element_type=\"widget\" data-widget_type=\"text-editor.default\">\n\t\t\t\t<div class=\"elementor-widget-container\">\n\t\t\t\t\t\t\t<h3 style=\"margin-top: 0;\"><strong>Integrace kan\u00e1l\u016f<\/strong><\/h3><p class=\"s19\">COMVERGA Omnichannel nab\u00edz\u00ed integraci r\u016fzn\u00fdch komunika\u010dn\u00edch kan\u00e1l\u016f v jedn\u00e9 platform\u011b a nastaven\u00ed pravidel pro jejich vyu\u017e\u00edv\u00e1n\u00ed. Preference lze nastavit dle koncov\u00e9ho u\u017eivatele, dle po\u017eadavk\u016f partnera nebo na z\u00e1klad\u011b dostupnosti dan\u00e9ho komunika\u010dn\u00edho kan\u00e1lu.<br \/>Platforma nab\u00edz\u00ed mo\u017enost vytvo\u0159en\u00ed vlastn\u00ed brandovan\u00e9 messaging aplikace pro unik\u00e1tn\u00ed komunikaci se sv\u00fdmi z\u00e1kazn\u00edky. V r\u00e1mci tvorby kampan\u00ed m\u016f\u017eete vyu\u017e\u00edt p\u0159eddefinovan\u00e9 \u0161ablony, kter\u00e9 V\u00e1m maxim\u00e1ln\u011b usnadn\u00ed tvorbu dan\u00e9ho mediapl\u00e1nu.<\/p>\t\t\t\t\t\t<\/div>\n\t\t\t\t<\/div>\n\t\t\t\t\t<\/div>\n\t\t<\/div>\n\t\t\t\t<div class=\"elementor-column elementor-col-50 elementor-top-column elementor-element elementor-element-46a1540\" data-id=\"46a1540\" data-element_type=\"column\" data-settings=\"{&quot;background_background&quot;:&quot;classic&quot;}\">\n\t\t\t<div class=\"elementor-widget-wrap elementor-element-populated\">\n\t\t\t\t\t\t\t\t<div class=\"elementor-element elementor-element-b5b91cb elementor-widget elementor-widget-image\" data-id=\"b5b91cb\" data-element_type=\"widget\" data-widget_type=\"image.default\">\n\t\t\t\t<div class=\"elementor-widget-container\">\n\t\t\t\t\t\t\t\t\t\t\t\t\t\t\t<img fetchpriority=\"high\" decoding=\"async\" width=\"500\" height=\"343\" src=\"https:\/\/new.comverga.com\/cze\/wp-content\/uploads\/sites\/3\/2023\/06\/Detail_integrace.jpg\" class=\"attachment-large size-large wp-image-4788\" alt=\"\" srcset=\"https:\/\/new.comverga.com\/cze\/wp-content\/uploads\/sites\/3\/2023\/06\/Detail_integrace.jpg 500w, https:\/\/new.comverga.com\/cze\/wp-content\/uploads\/sites\/3\/2023\/06\/Detail_integrace-300x206.jpg 300w\" sizes=\"(max-width: 500px) 100vw, 500px\" \/>\t\t\t\t\t\t\t\t\t\t\t\t\t\t\t<\/div>\n\t\t\t\t<\/div>\n\t\t\t\t\t<\/div>\n\t\t<\/div>\n\t\t\t\t\t\t\t<\/div>\n\t\t<\/section>\n\t\t\t\t<section class=\"elementor-section elementor-top-section elementor-element elementor-element-be273fd elementor-section-boxed elementor-section-height-default elementor-section-height-default\" data-id=\"be273fd\" data-element_type=\"section\">\n\t\t\t\t\t\t<div class=\"elementor-container elementor-column-gap-default\">\n\t\t\t\t\t<div class=\"elementor-column elementor-col-100 elementor-top-column elementor-element elementor-element-c8430b7\" data-id=\"c8430b7\" data-element_type=\"column\">\n\t\t\t<div class=\"elementor-widget-wrap elementor-element-populated\">\n\t\t\t\t\t\t\t\t<div class=\"elementor-element elementor-element-11194bc elementor-widget-divider--view-line elementor-widget elementor-widget-divider\" data-id=\"11194bc\" data-element_type=\"widget\" data-widget_type=\"divider.default\">\n\t\t\t\t<div class=\"elementor-widget-container\">\n\t\t\t\t\t<div class=\"elementor-divider\">\n\t\t\t<span class=\"elementor-divider-separator\">\n\t\t\t\t\t\t<\/span>\n\t\t<\/div>\n\t\t\t\t<\/div>\n\t\t\t\t<\/div>\n\t\t\t\t\t<\/div>\n\t\t<\/div>\n\t\t\t\t\t\t\t<\/div>\n\t\t<\/section>\n\t\t\t\t<section class=\"elementor-section elementor-top-section elementor-element elementor-element-997f815 elementor-section-boxed elementor-section-height-default elementor-section-height-default\" data-id=\"997f815\" data-element_type=\"section\">\n\t\t\t\t\t\t<div class=\"elementor-container elementor-column-gap-default\">\n\t\t\t\t\t<div class=\"elementor-column elementor-col-50 elementor-top-column elementor-element elementor-element-4f79a7d\" data-id=\"4f79a7d\" data-element_type=\"column\">\n\t\t\t<div class=\"elementor-widget-wrap elementor-element-populated\">\n\t\t\t\t\t\t\t\t<div class=\"elementor-element elementor-element-9742478 elementor-widget elementor-widget-image\" data-id=\"9742478\" data-element_type=\"widget\" data-widget_type=\"image.default\">\n\t\t\t\t<div class=\"elementor-widget-container\">\n\t\t\t\t\t\t\t\t\t\t\t\t\t\t\t<img decoding=\"async\" width=\"580\" height=\"327\" src=\"https:\/\/new.comverga.com\/cze\/wp-content\/uploads\/sites\/3\/2023\/06\/Detail_funkcionality.jpg\" class=\"attachment-large size-large wp-image-4789\" alt=\"\" srcset=\"https:\/\/new.comverga.com\/cze\/wp-content\/uploads\/sites\/3\/2023\/06\/Detail_funkcionality.jpg 1000w, https:\/\/new.comverga.com\/cze\/wp-content\/uploads\/sites\/3\/2023\/06\/Detail_funkcionality-300x169.jpg 300w, https:\/\/new.comverga.com\/cze\/wp-content\/uploads\/sites\/3\/2023\/06\/Detail_funkcionality-768x432.jpg 768w\" sizes=\"(max-width: 580px) 100vw, 580px\" \/>\t\t\t\t\t\t\t\t\t\t\t\t\t\t\t<\/div>\n\t\t\t\t<\/div>\n\t\t\t\t\t<\/div>\n\t\t<\/div>\n\t\t\t\t<div class=\"elementor-column elementor-col-50 elementor-top-column elementor-element elementor-element-3753b64\" data-id=\"3753b64\" data-element_type=\"column\">\n\t\t\t<div class=\"elementor-widget-wrap elementor-element-populated\">\n\t\t\t\t\t\t\t\t<div class=\"elementor-element elementor-element-fa81aa3 elementor-widget elementor-widget-text-editor\" data-id=\"fa81aa3\" data-element_type=\"widget\" data-widget_type=\"text-editor.default\">\n\t\t\t\t<div class=\"elementor-widget-container\">\n\t\t\t\t\t\t\t<h3 style=\"margin-top: 0px; text-align: left;\"><strong>Z\u00e1kladn\u00ed funkcionality<\/strong><\/h3><ul><li>Jednotn\u00e9 Open API rozhran\u00ed<\/li><li>Obousm\u011brn\u00e1 komunikace<\/li><li>Management brand\u016f pro komunikaci<\/li><li>Integrace zdroj\u016f pro jednotliv\u00e9 kampan\u011b<\/li><li>Jednotn\u00fd a univerz\u00e1ln\u00ed p\u0159\u00edstup ke zdroj\u016fm a kan\u00e1l\u016fm<\/li><li>Nastaven\u00ed a spr\u00e1va priorit kan\u00e1l\u016f<\/li><li>Ov\u011b\u0159ov\u00e1n\u00ed dostupnosti kan\u00e1l\u016f<\/li><li>Fallback p\u0159i nedostupnosti kan\u00e1lu<\/li><li>Definice, \u0159\u00edzen\u00ed a komplexn\u00ed management dialog\u016f<\/li><\/ul>\t\t\t\t\t\t<\/div>\n\t\t\t\t<\/div>\n\t\t\t\t\t<\/div>\n\t\t<\/div>\n\t\t\t\t\t\t\t<\/div>\n\t\t<\/section>\n\t\t\t\t<section class=\"elementor-section elementor-top-section elementor-element elementor-element-e9a8ace elementor-section-boxed elementor-section-height-default elementor-section-height-default\" data-id=\"e9a8ace\" data-element_type=\"section\">\n\t\t\t\t\t\t<div class=\"elementor-container elementor-column-gap-default\">\n\t\t\t\t\t<div class=\"elementor-column elementor-col-50 elementor-top-column elementor-element elementor-element-81a25de\" data-id=\"81a25de\" data-element_type=\"column\">\n\t\t\t<div class=\"elementor-widget-wrap elementor-element-populated\">\n\t\t\t\t\t\t\t\t<div class=\"elementor-element elementor-element-92c38bf elementor-widget elementor-widget-text-editor\" data-id=\"92c38bf\" data-element_type=\"widget\" data-widget_type=\"text-editor.default\">\n\t\t\t\t<div class=\"elementor-widget-container\">\n\t\t\t\t\t\t\t<h3 style=\"margin-top: 0;\"><strong>Z\u00e1kladn\u00ed principy <\/strong><\/h3><p>V\u00a0r\u00e1mci COMVERGA Omnichannel lze nadefinovat r\u016fzn\u00e9 kampan\u011b s rozd\u00edln\u00fdm typem a pr\u016fb\u011bhem komunikace (pro ka\u017edou kampa\u0148 pr\u00e1v\u011b jeden zvolen\u00fd typ). <br \/>Ka\u017ed\u00e1 kampa\u0148 je pak tvo\u0159ena jednotliv\u00fdmi dialogy, kter\u00e9 jsou na sob\u011b nez\u00e1visl\u00e9. Pro ka\u017ed\u00fd dialog jsou v\u017edy definov\u00e1ny zdroje, p\u0159\u00edjemce, odes\u00edlatel a \u010dasov\u00e9 omezen\u00ed.<br \/>Dialog m\u016f\u017ee b\u00fdt zah\u00e1jen z\u00a0obou stran a t\u00edm spu\u0161t\u011bna definovan\u00e1 kampa\u0148.<\/p>\t\t\t\t\t\t<\/div>\n\t\t\t\t<\/div>\n\t\t\t\t\t<\/div>\n\t\t<\/div>\n\t\t\t\t<div class=\"elementor-column elementor-col-50 elementor-top-column elementor-element elementor-element-9b6bfe3\" data-id=\"9b6bfe3\" data-element_type=\"column\">\n\t\t\t<div class=\"elementor-widget-wrap elementor-element-populated\">\n\t\t\t\t\t\t\t\t<div class=\"elementor-element elementor-element-42eb212 elementor-widget elementor-widget-image\" data-id=\"42eb212\" data-element_type=\"widget\" data-widget_type=\"image.default\">\n\t\t\t\t<div class=\"elementor-widget-container\">\n\t\t\t\t\t\t\t\t\t\t\t\t\t\t\t<img decoding=\"async\" width=\"580\" height=\"387\" src=\"https:\/\/new.comverga.com\/cze\/wp-content\/uploads\/sites\/3\/2023\/04\/principles.jpg\" class=\"attachment-large size-large wp-image-4047\" alt=\"\" srcset=\"https:\/\/new.comverga.com\/cze\/wp-content\/uploads\/sites\/3\/2023\/04\/principles.jpg 1000w, https:\/\/new.comverga.com\/cze\/wp-content\/uploads\/sites\/3\/2023\/04\/principles-300x200.jpg 300w, https:\/\/new.comverga.com\/cze\/wp-content\/uploads\/sites\/3\/2023\/04\/principles-768x513.jpg 768w\" sizes=\"(max-width: 580px) 100vw, 580px\" \/>\t\t\t\t\t\t\t\t\t\t\t\t\t\t\t<\/div>\n\t\t\t\t<\/div>\n\t\t\t\t\t<\/div>\n\t\t<\/div>\n\t\t\t\t\t\t\t<\/div>\n\t\t<\/section>\n\t\t\t\t<section class=\"elementor-section elementor-top-section elementor-element elementor-element-a4f3256 elementor-section-boxed elementor-section-height-default elementor-section-height-default\" data-id=\"a4f3256\" data-element_type=\"section\">\n\t\t\t\t\t\t<div class=\"elementor-container elementor-column-gap-default\">\n\t\t\t\t\t<div class=\"elementor-column elementor-col-50 elementor-top-column elementor-element elementor-element-9fb2dbe\" data-id=\"9fb2dbe\" data-element_type=\"column\">\n\t\t\t<div class=\"elementor-widget-wrap elementor-element-populated\">\n\t\t\t\t\t\t\t\t<div class=\"elementor-element elementor-element-9dc5bc0 elementor-widget elementor-widget-image\" data-id=\"9dc5bc0\" data-element_type=\"widget\" data-widget_type=\"image.default\">\n\t\t\t\t<div class=\"elementor-widget-container\">\n\t\t\t\t\t\t\t\t\t\t\t\t\t\t\t<img loading=\"lazy\" decoding=\"async\" width=\"580\" height=\"329\" src=\"https:\/\/new.comverga.com\/cze\/wp-content\/uploads\/sites\/3\/2023\/06\/Detail_mechaniky.webp\" class=\"attachment-large size-large wp-image-4791\" alt=\"\" srcset=\"https:\/\/new.comverga.com\/cze\/wp-content\/uploads\/sites\/3\/2023\/06\/Detail_mechaniky.webp 985w, https:\/\/new.comverga.com\/cze\/wp-content\/uploads\/sites\/3\/2023\/06\/Detail_mechaniky-300x170.webp 300w, https:\/\/new.comverga.com\/cze\/wp-content\/uploads\/sites\/3\/2023\/06\/Detail_mechaniky-768x435.webp 768w\" sizes=\"(max-width: 580px) 100vw, 580px\" \/>\t\t\t\t\t\t\t\t\t\t\t\t\t\t\t<\/div>\n\t\t\t\t<\/div>\n\t\t\t\t\t<\/div>\n\t\t<\/div>\n\t\t\t\t<div class=\"elementor-column elementor-col-50 elementor-top-column elementor-element elementor-element-6f4011f\" data-id=\"6f4011f\" data-element_type=\"column\">\n\t\t\t<div class=\"elementor-widget-wrap elementor-element-populated\">\n\t\t\t\t\t\t\t\t<div class=\"elementor-element elementor-element-f1234f9 elementor-widget elementor-widget-text-editor\" data-id=\"f1234f9\" data-element_type=\"widget\" data-widget_type=\"text-editor.default\">\n\t\t\t\t<div class=\"elementor-widget-container\">\n\t\t\t\t\t\t\t<h3 style=\"margin-top: 0;\"><strong>Mechaniky<\/strong><\/h3><p>COMVERGA Omnichannel obsahuje p\u0159eddefinovan\u00e9 typy jednotliv\u00fdch kampan\u00ed, tzv. mechaniky, s mo\u017enost\u00ed vytvo\u0159it novou mechaniku pro konkr\u00e9tn\u00ed projekt.<br \/>St\u00e1vaj\u00edc\u00ed mechaniky nab\u00edzej\u00ed Outbound i Inbound kampan\u011b s\u00a0mo\u017enost\u00ed v\u00fdb\u011bru, p\u0159\u00edmou objedn\u00e1vkou, platbou apod.<\/p><p>\u00a0<\/p>\t\t\t\t\t\t<\/div>\n\t\t\t\t<\/div>\n\t\t\t\t\t<\/div>\n\t\t<\/div>\n\t\t\t\t\t\t\t<\/div>\n\t\t<\/section>\n\t\t\t\t<section class=\"elementor-section elementor-top-section elementor-element elementor-element-90c79ce elementor-section-boxed elementor-section-height-default elementor-section-height-default\" data-id=\"90c79ce\" data-element_type=\"section\">\n\t\t\t\t\t\t<div class=\"elementor-container elementor-column-gap-default\">\n\t\t\t\t\t<div class=\"elementor-column elementor-col-50 elementor-top-column elementor-element elementor-element-eec2774\" data-id=\"eec2774\" data-element_type=\"column\">\n\t\t\t<div class=\"elementor-widget-wrap elementor-element-populated\">\n\t\t\t\t\t\t\t\t<div class=\"elementor-element elementor-element-0fd6093 elementor-widget elementor-widget-text-editor\" data-id=\"0fd6093\" data-element_type=\"widget\" data-widget_type=\"text-editor.default\">\n\t\t\t\t<div class=\"elementor-widget-container\">\n\t\t\t\t\t\t\t<h3 style=\"margin-top: 0;\"><strong>Definice kan\u00e1l\u016f a jejich priorit<\/strong><\/h3><ul><li>Priority se nastavuj\u00ed individu\u00e1ln\u011b<\/li><li>Snaha zvolit nejvhodn\u011bj\u0161\u00ed kan\u00e1l<\/li><li>Vhodnost kan\u00e1lu per kampa\u0148 nebo per partnera<\/li><li>Vyu\u017eit\u00ed preferovan\u00e9ho a cenov\u011b optim\u00e1ln\u00edho kan\u00e1lu<\/li><li>Volba kan\u00e1lu dle dostupn\u00fdch dat o z\u00e1kazn\u00edkovi<\/li><li>Volba dle prezence u\u017eivatele v jin\u00fdch messengerech<\/li><\/ul>\t\t\t\t\t\t<\/div>\n\t\t\t\t<\/div>\n\t\t\t\t\t<\/div>\n\t\t<\/div>\n\t\t\t\t<div class=\"elementor-column elementor-col-50 elementor-top-column elementor-element elementor-element-9495ffa\" data-id=\"9495ffa\" data-element_type=\"column\">\n\t\t\t<div class=\"elementor-widget-wrap elementor-element-populated\">\n\t\t\t\t\t\t\t\t<div class=\"elementor-element elementor-element-97efbc9 elementor-widget elementor-widget-image\" data-id=\"97efbc9\" data-element_type=\"widget\" data-widget_type=\"image.default\">\n\t\t\t\t<div class=\"elementor-widget-container\">\n\t\t\t\t\t\t\t\t\t\t\t\t\t\t\t<img loading=\"lazy\" decoding=\"async\" width=\"580\" height=\"379\" src=\"https:\/\/new.comverga.com\/cze\/wp-content\/uploads\/sites\/3\/2023\/06\/Detail_priority.jpg\" class=\"attachment-large size-large wp-image-4792\" alt=\"\" srcset=\"https:\/\/new.comverga.com\/cze\/wp-content\/uploads\/sites\/3\/2023\/06\/Detail_priority.jpg 1000w, https:\/\/new.comverga.com\/cze\/wp-content\/uploads\/sites\/3\/2023\/06\/Detail_priority-300x196.jpg 300w, https:\/\/new.comverga.com\/cze\/wp-content\/uploads\/sites\/3\/2023\/06\/Detail_priority-768x502.jpg 768w\" sizes=\"(max-width: 580px) 100vw, 580px\" \/>\t\t\t\t\t\t\t\t\t\t\t\t\t\t\t<\/div>\n\t\t\t\t<\/div>\n\t\t\t\t\t<\/div>\n\t\t<\/div>\n\t\t\t\t\t\t\t<\/div>\n\t\t<\/section>\n\t\t\t\t<section class=\"elementor-section elementor-top-section elementor-element elementor-element-68e9f6b elementor-section-boxed elementor-section-height-default elementor-section-height-default\" data-id=\"68e9f6b\" data-element_type=\"section\">\n\t\t\t\t\t\t<div class=\"elementor-container elementor-column-gap-default\">\n\t\t\t\t\t<div class=\"elementor-column elementor-col-50 elementor-top-column elementor-element elementor-element-633f987\" data-id=\"633f987\" data-element_type=\"column\">\n\t\t\t<div class=\"elementor-widget-wrap elementor-element-populated\">\n\t\t\t\t\t\t\t\t<div class=\"elementor-element elementor-element-649caec elementor-widget elementor-widget-image\" data-id=\"649caec\" data-element_type=\"widget\" data-widget_type=\"image.default\">\n\t\t\t\t<div class=\"elementor-widget-container\">\n\t\t\t\t\t\t\t\t\t\t\t\t\t\t\t<img loading=\"lazy\" decoding=\"async\" width=\"580\" height=\"435\" src=\"https:\/\/new.comverga.com\/cze\/wp-content\/uploads\/sites\/3\/2023\/06\/SDP_campaign.jpg\" class=\"attachment-large size-large wp-image-4793\" alt=\"\" srcset=\"https:\/\/new.comverga.com\/cze\/wp-content\/uploads\/sites\/3\/2023\/06\/SDP_campaign.jpg 813w, https:\/\/new.comverga.com\/cze\/wp-content\/uploads\/sites\/3\/2023\/06\/SDP_campaign-300x225.jpg 300w, https:\/\/new.comverga.com\/cze\/wp-content\/uploads\/sites\/3\/2023\/06\/SDP_campaign-768x576.jpg 768w\" sizes=\"(max-width: 580px) 100vw, 580px\" \/>\t\t\t\t\t\t\t\t\t\t\t\t\t\t\t<\/div>\n\t\t\t\t<\/div>\n\t\t\t\t\t<\/div>\n\t\t<\/div>\n\t\t\t\t<div class=\"elementor-column elementor-col-50 elementor-top-column elementor-element elementor-element-c142bb9\" data-id=\"c142bb9\" data-element_type=\"column\">\n\t\t\t<div class=\"elementor-widget-wrap elementor-element-populated\">\n\t\t\t\t\t\t\t\t<div class=\"elementor-element elementor-element-76f19a8 elementor-widget elementor-widget-text-editor\" data-id=\"76f19a8\" data-element_type=\"widget\" data-widget_type=\"text-editor.default\">\n\t\t\t\t<div class=\"elementor-widget-container\">\n\t\t\t\t\t\t\t<h4 style=\"margin-top:0; margin-bottom: 5px;\"><strong>GUI<\/strong><\/h4>\n<ul>\n \t<li>Vyu\u017eit\u00ed prost\u0159ed\u00ed COMVERGA Service Delivery Platform<\/li>\n \t<li>Spr\u00e1va kontakt\u016f, skupin, zdroj\u016f, u\u017eivatel\u016f, inboxu<\/li>\n \t<li>Snadn\u00e1 definice kampan\u011b, mechanik<\/li>\n<\/ul>\n<h4 style=\"margin: 5px 0;\"><strong>API<\/strong><\/h4>\n<ul>\n \t<li>Maxim\u00e1ln\u011b mo\u017en\u00e1 funkcionalita jako v\u00a0GUI<\/li>\n \t<li>Jednotn\u00e9 API nap\u0159\u00ed\u010d kan\u00e1ly<\/li>\n \t<li>Zabezpe\u010den\u00e1 komunikace<\/li>\n \t<li>Zjednodu\u0161en\u00e1 integrace<\/li>\n \t<li>Mo\u017enost automaticky vygenerovat k\u00f3d do v\u00edce ne\u017e 50 programovac\u00edch jazyk\u016f<\/li>\n<\/ul>\t\t\t\t\t\t<\/div>\n\t\t\t\t<\/div>\n\t\t\t\t\t<\/div>\n\t\t<\/div>\n\t\t\t\t\t\t\t<\/div>\n\t\t<\/section>\n\t\t\t\t<section class=\"elementor-section elementor-top-section elementor-element elementor-element-9565873 elementor-section-boxed elementor-section-height-default elementor-section-height-default\" data-id=\"9565873\" data-element_type=\"section\">\n\t\t\t\t\t\t<div class=\"elementor-container elementor-column-gap-default\">\n\t\t\t\t\t<div class=\"elementor-column elementor-col-50 elementor-top-column elementor-element elementor-element-04e3ccc\" data-id=\"04e3ccc\" data-element_type=\"column\">\n\t\t\t<div class=\"elementor-widget-wrap elementor-element-populated\">\n\t\t\t\t\t\t\t\t<div class=\"elementor-element elementor-element-dd3a94f elementor-widget elementor-widget-text-editor\" data-id=\"dd3a94f\" data-element_type=\"widget\" data-widget_type=\"text-editor.default\">\n\t\t\t\t<div class=\"elementor-widget-container\">\n\t\t\t\t\t\t\t<h3 style=\"margin-top: 0;\"><strong>Dostupn\u00e9 a podporovan\u00e9 kan\u00e1ly<\/strong><\/h3><ul><li>SMS<\/li><li>Email<\/li><li>MMS<\/li><li>RCS<\/li><li>Telegram<\/li><li>Hlasov\u00e9 zpr\u00e1vy<\/li><li>Webov\u00e9 microsity<\/li><li>Dal\u0161\u00ed messenger aplikace<\/li><\/ul>\t\t\t\t\t\t<\/div>\n\t\t\t\t<\/div>\n\t\t\t\t\t<\/div>\n\t\t<\/div>\n\t\t\t\t<div class=\"elementor-column elementor-col-50 elementor-top-column elementor-element elementor-element-bf7f3d1\" data-id=\"bf7f3d1\" data-element_type=\"column\">\n\t\t\t<div class=\"elementor-widget-wrap elementor-element-populated\">\n\t\t\t\t\t\t\t\t<div class=\"elementor-element elementor-element-5f19c79 elementor-widget elementor-widget-image\" data-id=\"5f19c79\" data-element_type=\"widget\" data-widget_type=\"image.default\">\n\t\t\t\t<div class=\"elementor-widget-container\">\n\t\t\t\t\t\t\t\t\t\t\t\t\t\t\t<img loading=\"lazy\" decoding=\"async\" width=\"500\" height=\"474\" src=\"https:\/\/new.comverga.com\/cze\/wp-content\/uploads\/sites\/3\/2023\/06\/Detail_kanaly.jpg\" class=\"attachment-large size-large wp-image-4794\" alt=\"\" srcset=\"https:\/\/new.comverga.com\/cze\/wp-content\/uploads\/sites\/3\/2023\/06\/Detail_kanaly.jpg 500w, https:\/\/new.comverga.com\/cze\/wp-content\/uploads\/sites\/3\/2023\/06\/Detail_kanaly-300x284.jpg 300w\" sizes=\"(max-width: 500px) 100vw, 500px\" \/>\t\t\t\t\t\t\t\t\t\t\t\t\t\t\t<\/div>\n\t\t\t\t<\/div>\n\t\t\t\t\t<\/div>\n\t\t<\/div>\n\t\t\t\t\t\t\t<\/div>\n\t\t<\/section>\n\t\t\t\t<section class=\"elementor-section elementor-top-section elementor-element elementor-element-d081b4e elementor-section-boxed elementor-section-height-default elementor-section-height-default\" data-id=\"d081b4e\" data-element_type=\"section\">\n\t\t\t\t\t\t<div class=\"elementor-container elementor-column-gap-default\">\n\t\t\t\t\t<div class=\"elementor-column elementor-col-50 elementor-top-column elementor-element elementor-element-49a7ee6\" data-id=\"49a7ee6\" data-element_type=\"column\">\n\t\t\t<div class=\"elementor-widget-wrap elementor-element-populated\">\n\t\t\t\t\t\t\t\t<div class=\"elementor-element elementor-element-00707fe elementor-widget elementor-widget-image\" data-id=\"00707fe\" data-element_type=\"widget\" data-widget_type=\"image.default\">\n\t\t\t\t<div class=\"elementor-widget-container\">\n\t\t\t\t\t\t\t\t\t\t\t\t\t\t\t<img loading=\"lazy\" decoding=\"async\" width=\"580\" height=\"335\" src=\"https:\/\/new.comverga.com\/cze\/wp-content\/uploads\/sites\/3\/2023\/06\/Detail_vyuziti.webp\" class=\"attachment-large size-large wp-image-4795\" alt=\"\" srcset=\"https:\/\/new.comverga.com\/cze\/wp-content\/uploads\/sites\/3\/2023\/06\/Detail_vyuziti.webp 1000w, https:\/\/new.comverga.com\/cze\/wp-content\/uploads\/sites\/3\/2023\/06\/Detail_vyuziti-300x173.webp 300w, https:\/\/new.comverga.com\/cze\/wp-content\/uploads\/sites\/3\/2023\/06\/Detail_vyuziti-768x444.webp 768w\" sizes=\"(max-width: 580px) 100vw, 580px\" \/>\t\t\t\t\t\t\t\t\t\t\t\t\t\t\t<\/div>\n\t\t\t\t<\/div>\n\t\t\t\t\t<\/div>\n\t\t<\/div>\n\t\t\t\t<div class=\"elementor-column elementor-col-50 elementor-top-column elementor-element elementor-element-6a602ee\" data-id=\"6a602ee\" data-element_type=\"column\">\n\t\t\t<div class=\"elementor-widget-wrap elementor-element-populated\">\n\t\t\t\t\t\t\t\t<div class=\"elementor-element elementor-element-6c931fe elementor-widget elementor-widget-text-editor\" data-id=\"6c931fe\" data-element_type=\"widget\" data-widget_type=\"text-editor.default\">\n\t\t\t\t<div class=\"elementor-widget-container\">\n\t\t\t\t\t\t\t<h3 style=\"margin-top: 0;\"><strong>Mo\u017enosti vyu\u017eit\u00ed<\/strong><\/h3><ul><li>Marketingov\u00e9 kampan\u011b<\/li><li>Prodej<\/li><li>Kompletn\u00ed objedn\u00e1vkov\u00fd proces<\/li><li>Akvizice<\/li><li>Autorizace<\/li><li>Z\u00e1kaznick\u00e1 p\u00e9\u010de<\/li><li>P\u0159ipom\u00ednky a upozorn\u011bn\u00ed<\/li><li>Infokan\u00e1l<\/li><\/ul>\t\t\t\t\t\t<\/div>\n\t\t\t\t<\/div>\n\t\t\t\t\t<\/div>\n\t\t<\/div>\n\t\t\t\t\t\t\t<\/div>\n\t\t<\/section>\n\t\t\t\t\t\t\t<\/div>\n\t\t","protected":false},"excerpt":{"rendered":"<p>Omnichannel Detail slu\u017eby Integrace kan\u00e1l\u016f COMVERGA Omnichannel nab\u00edz\u00ed integraci r\u016fzn\u00fdch komunika\u010dn\u00edch kan\u00e1l\u016f v jedn\u00e9 platform\u011b a nastaven\u00ed pravidel pro jejich vyu\u017e\u00edv\u00e1n\u00ed. Preference lze nastavit dle koncov\u00e9ho u\u017eivatele, dle po\u017eadavk\u016f partnera nebo na z\u00e1klad\u011b dostupnosti dan\u00e9ho komunika\u010dn\u00edho kan\u00e1lu.Platforma nab\u00edz\u00ed mo\u017enost vytvo\u0159en\u00ed vlastn\u00ed brandovan\u00e9 messaging aplikace pro unik\u00e1tn\u00ed komunikaci se sv\u00fdmi z\u00e1kazn\u00edky. V r\u00e1mci tvorby kampan\u00ed m\u016f\u017eete [&hellip;]<\/p>\n","protected":false},"author":1,"featured_media":4776,"parent":4718,"menu_order":4,"comment_status":"closed","ping_status":"closed","template":"","meta":{"footnotes":""},"_links":{"self":[{"href":"https:\/\/new.comverga.com\/cze\/wp-json\/wp\/v2\/pages\/4729"}],"collection":[{"href":"https:\/\/new.comverga.com\/cze\/wp-json\/wp\/v2\/pages"}],"about":[{"href":"https:\/\/new.comverga.com\/cze\/wp-json\/wp\/v2\/types\/page"}],"author":[{"embeddable":true,"href":"https:\/\/new.comverga.com\/cze\/wp-json\/wp\/v2\/users\/1"}],"replies":[{"embeddable":true,"href":"https:\/\/new.comverga.com\/cze\/wp-json\/wp\/v2\/comments?post=4729"}],"version-history":[{"count":19,"href":"https:\/\/new.comverga.com\/cze\/wp-json\/wp\/v2\/pages\/4729\/revisions"}],"predecessor-version":[{"id":5403,"href":"https:\/\/new.comverga.com\/cze\/wp-json\/wp\/v2\/pages\/4729\/revisions\/5403"}],"up":[{"embeddable":true,"href":"https:\/\/new.comverga.com\/cze\/wp-json\/wp\/v2\/pages\/4718"}],"wp:featuredmedia":[{"embeddable":true,"href":"https:\/\/new.comverga.com\/cze\/wp-json\/wp\/v2\/media\/4776"}],"wp:attachment":[{"href":"https:\/\/new.comverga.com\/cze\/wp-json\/wp\/v2\/media?parent=4729"}],"curies":[{"name":"wp","href":"https:\/\/api.w.org\/{rel}","templated":true}]}}