{"id":2580,"date":"2023-02-27T15:44:24","date_gmt":"2023-02-27T14:44:24","guid":{"rendered":"https:\/\/www.comverga.com\/cze\/?page_id=2580"},"modified":"2024-01-05T10:04:51","modified_gmt":"2024-01-05T09:04:51","slug":"aktuality","status":"publish","type":"page","link":"https:\/\/new.comverga.com\/cze\/aktuality\/","title":{"rendered":"Aktuality"},"content":{"rendered":"\t\t<div data-elementor-type=\"wp-page\" data-elementor-id=\"2580\" class=\"elementor elementor-2580\">\n\t\t\t\t\t\t\t\t\t<section class=\"elementor-section elementor-top-section elementor-element elementor-element-5ada349 elementor-section-boxed elementor-section-height-default elementor-section-height-default\" data-id=\"5ada349\" data-element_type=\"section\">\n\t\t\t\t\t\t<div class=\"elementor-container elementor-column-gap-default\">\n\t\t\t\t\t<div class=\"elementor-column elementor-col-100 elementor-top-column elementor-element elementor-element-9b5f944\" data-id=\"9b5f944\" data-element_type=\"column\">\n\t\t\t<div class=\"elementor-widget-wrap elementor-element-populated\">\n\t\t\t\t\t\t\t\t<div class=\"elementor-element elementor-element-7b0e47e premium-blog-cta-full-yes premium-blog-align-justify elementor-widget elementor-widget-premium-addon-blog\" data-id=\"7b0e47e\" data-element_type=\"widget\" data-settings=\"{&quot;scroll_to_offset&quot;:&quot;yes&quot;}\" data-widget_type=\"premium-addon-blog.default\">\n\t\t\t\t<div class=\"elementor-widget-container\">\n\t\t\t\r\n\t\t\t\t<div class=\"premium-blog-wrap  premium-blog-list\" data-page=\"2580\" data-pagination=\"true\">\r\n\t\t\t\t\t<article class=\"premium-blog-post-outer-container\" data-total=\"3\">\r\n\t\t\t<div class=\"premium-blog-post-container premium-blog-skin-classic\">\r\n\t\t\t\t\t\t\t\t\t\t\t\t<div class=\"premium-blog-content-wrapper empty-thumb\">\r\n\r\n\t\t\t\t\t<div class=\"premium-blog-inner-container\">\r\n\r\n\t\t\t\t\t\t\t\t\t\t\t\t\t\t<h2 class=\"premium-blog-entry-title\">\r\n\t\t\t<a href=\"https:\/\/new.comverga.com\/cze\/news\/nokia-pak-trinact-let-samsung-a-ted-iphone-apple-se-stal-poprve-nejvetsim-prodejcem-mobilu-na-svete\/\" target=\"_blank\">\r\n\t\t\t\tNokia, pak t\u0159in\u00e1ct let Samsung a te\u010f iPhone. Apple se stal poprv\u00e9 nejv\u011bt\u0161\u00edm prodejcem mobil\u016f na sv\u011bt\u011b\t\t\t<\/a>\r\n\t\t<\/h2>\r\n\t\t\t\t<div class=\"premium-blog-entry-meta\">\r\n\t\t\t\r\n\t\t\t\t\t\t\t<span class=\"premium-blog-meta-separator\">\u2022<\/span>\r\n\t\t\t\t<div class=\"premium-blog-post-time premium-blog-meta-data\">\r\n\t\t\t\t\t<i class=\"fa fa-calendar-alt\" aria-hidden=\"true\"><\/i>\r\n\t\t\t\t\t<span>17. 1. 2024<\/span>\r\n\t\t\t\t<\/div>\r\n\t\t\t\r\n\t\t\t\r\n\t\t\t\t\t<\/div>\r\n\t\t\r\n\t\t\t\t\t<\/div>\r\n\r\n\t\t\t\t\t\t\t<div class=\"premium-blog-content-inner-wrapper\">\r\n\t\t<p class=\"premium-blog-post-content\">Loni dal\u0161\u00ed t\u0159i p\u0159\u00ed\u010dky pat\u0159ily \u010d\u00ednsk\u00fdm spole\u010dnostem. Na t\u0159et\u00ed pozici skon\u010dila Xiaomi a na \u010dtvrt\u00e9 Oppo, ob\u011bma v\u0161ak prodej klesl. Firm\u011b Transsion, kter\u00e1 je aktivn\u00ed zejm\u00e9na v Africe a skon\u010dila p\u00e1t\u00e1, naopak prodej stoupl o t\u00e9m\u011b\u0159 31 procent a pod\u00edl na trhu o 2,1 procentn\u00edho bodu na 8,1 procenta.<\/p><div class=\"premium-blog-excerpt-link-wrap\"><a href=\"https:\/\/new.comverga.com\/cze\/news\/nokia-pak-trinact-let-samsung-a-ted-iphone-apple-se-stal-poprve-nejvetsim-prodejcem-mobilu-na-svete\/\" target=\"_blank\" class=\"premium-blog-excerpt-link elementor-button\">V\u00edce \u00bb<\/a><\/div>\t\t<\/div>\r\n\t\t\t\t\t\t\t\t\t\t\t\t\t<div class=\"premium-blog-post-tags-container\">\r\n\t\t\t\t\t\t\t\t<i class=\"fa fa-tags fa-fw\" aria-hidden=\"true\"><\/i>\r\n\t\t\t\t\t\t\t\t <a href=\"https:\/\/new.comverga.com\/cze\/news\/tag\/praha\/\" rel=\"tag\">Praha<\/a>\t\t\t\t\t\t<\/div>\r\n\t\t\t\t\t\r\n\t\t\t\t<\/div>\r\n\t\t\t<\/div>\r\n\t\t<\/article>\r\n\r\n\t\t\t\t<article class=\"premium-blog-post-outer-container\" data-total=\"3\">\r\n\t\t\t<div class=\"premium-blog-post-container premium-blog-skin-classic\">\r\n\t\t\t\t\t\t\t\t\t\t\t\t<div class=\"premium-blog-content-wrapper empty-thumb\">\r\n\r\n\t\t\t\t\t<div class=\"premium-blog-inner-container\">\r\n\r\n\t\t\t\t\t\t\t\t\t\t\t\t\t\t<h2 class=\"premium-blog-entry-title\">\r\n\t\t\t<a href=\"https:\/\/new.comverga.com\/cze\/news\/klokanmobil-od-ledna-2024-soucasti-skupiny-comverga\/\" target=\"_blank\">\r\n\t\t\t\tKlokanMobil od ledna 2024 sou\u010d\u00e1st\u00ed skupiny COMVERGA\t\t\t<\/a>\r\n\t\t<\/h2>\r\n\t\t\t\t<div class=\"premium-blog-entry-meta\">\r\n\t\t\t\r\n\t\t\t\t\t\t\t<span class=\"premium-blog-meta-separator\">\u2022<\/span>\r\n\t\t\t\t<div class=\"premium-blog-post-time premium-blog-meta-data\">\r\n\t\t\t\t\t<i class=\"fa fa-calendar-alt\" aria-hidden=\"true\"><\/i>\r\n\t\t\t\t\t<span>1. 1. 2024<\/span>\r\n\t\t\t\t<\/div>\r\n\t\t\t\r\n\t\t\t\r\n\t\t\t\t\t<\/div>\r\n\t\t\r\n\t\t\t\t\t<\/div>\r\n\r\n\t\t\t\t\t\t\t<div class=\"premium-blog-content-inner-wrapper\">\r\n\t\t<p class=\"premium-blog-post-content\">Spole\u010dnost Quadruple jako spole\u010dn\u00fd podnik COMVERGA z\u00edskala 100% pod\u00edl ve virtu\u00e1ln\u00edm mobiln\u00edm oper\u00e1torovi KlokanMobil. Tato akvizice posiluje pozici COMVERGA na trhu a d\u00e1le zvy\u0161uje jej\u00ed tr\u017en\u00ed pod\u00edl.<\/p><div class=\"premium-blog-excerpt-link-wrap\"><a href=\"https:\/\/new.comverga.com\/cze\/news\/klokanmobil-od-ledna-2024-soucasti-skupiny-comverga\/\" target=\"_blank\" class=\"premium-blog-excerpt-link elementor-button\">V\u00edce \u00bb<\/a><\/div>\t\t<\/div>\r\n\t\t\t\t\t\t\t\t\t\t\t\t\t<div class=\"premium-blog-post-tags-container\">\r\n\t\t\t\t\t\t\t\t<i class=\"fa fa-tags fa-fw\" aria-hidden=\"true\"><\/i>\r\n\t\t\t\t\t\t\t\t <a href=\"https:\/\/new.comverga.com\/cze\/news\/tag\/praha\/\" rel=\"tag\">Praha<\/a>\t\t\t\t\t\t<\/div>\r\n\t\t\t\t\t\r\n\t\t\t\t<\/div>\r\n\t\t\t<\/div>\r\n\t\t<\/article>\r\n\r\n\t\t\t\t<article class=\"premium-blog-post-outer-container\" data-total=\"3\">\r\n\t\t\t<div class=\"premium-blog-post-container premium-blog-skin-classic\">\r\n\t\t\t\t\t\t\t\t\t\t\t\t<div class=\"premium-blog-content-wrapper empty-thumb\">\r\n\r\n\t\t\t\t\t<div class=\"premium-blog-inner-container\">\r\n\r\n\t\t\t\t\t\t\t\t\t\t\t\t\t\t<h2 class=\"premium-blog-entry-title\">\r\n\t\t\t<a href=\"https:\/\/new.comverga.com\/cze\/news\/iso-iec-27001-recertifikace-isms\/\" target=\"_blank\">\r\n\t\t\t\tISO\/IEC 27001 \u2013 Recertifikace ISMS\t\t\t<\/a>\r\n\t\t<\/h2>\r\n\t\t\t\t<div class=\"premium-blog-entry-meta\">\r\n\t\t\t\r\n\t\t\t\t\t\t\t<span class=\"premium-blog-meta-separator\">\u2022<\/span>\r\n\t\t\t\t<div class=\"premium-blog-post-time premium-blog-meta-data\">\r\n\t\t\t\t\t<i class=\"fa fa-calendar-alt\" aria-hidden=\"true\"><\/i>\r\n\t\t\t\t\t<span>7. 12. 2023<\/span>\r\n\t\t\t\t<\/div>\r\n\t\t\t\r\n\t\t\t\r\n\t\t\t\t\t<\/div>\r\n\t\t\r\n\t\t\t\t\t<\/div>\r\n\r\n\t\t\t\t\t\t\t<div class=\"premium-blog-content-inner-wrapper\">\r\n\t\t<p class=\"premium-blog-post-content\">Certifik\u00e1t ISO\/IEC 27001 pro \u0158\u00edzen\u00ed managementu informac\u00ed v oboru telekomunika\u010dn\u00edch a platebn\u00edch slu\u017eeb z\u00edskala COMVERGA ji\u017e v roce 2017. Ka\u017ed\u00fd rok prov\u00e1d\u00ed spole\u010dnost T\u00dcV-S\u00dcD dozorov\u00fd audit, v r\u00e1mci n\u011bho\u017e zji\u0161\u0165uje, zda je nastaven\u00fd syst\u00e9m managementu dodr\u017eov\u00e1n a zlep\u0161ov\u00e1n.<\/p><div class=\"premium-blog-excerpt-link-wrap\"><a href=\"https:\/\/new.comverga.com\/cze\/news\/iso-iec-27001-recertifikace-isms\/\" target=\"_blank\" class=\"premium-blog-excerpt-link elementor-button\">V\u00edce \u00bb<\/a><\/div>\t\t<\/div>\r\n\t\t\t\t\t\t\t\t\t\t\t\t\t<div class=\"premium-blog-post-tags-container\">\r\n\t\t\t\t\t\t\t\t<i class=\"fa fa-tags fa-fw\" aria-hidden=\"true\"><\/i>\r\n\t\t\t\t\t\t\t\t <a href=\"https:\/\/new.comverga.com\/cze\/news\/tag\/celosvetove\/\" rel=\"tag\">Celosv\u011btov\u011b<\/a>\t\t\t\t\t\t<\/div>\r\n\t\t\t\t\t\r\n\t\t\t\t<\/div>\r\n\t\t\t<\/div>\r\n\t\t<\/article>\r\n\r\n\t\t\t\t<article class=\"premium-blog-post-outer-container\" data-total=\"3\">\r\n\t\t\t<div class=\"premium-blog-post-container premium-blog-skin-classic\">\r\n\t\t\t\t\t\t\t\t\t\t\t\t<div class=\"premium-blog-content-wrapper empty-thumb\">\r\n\r\n\t\t\t\t\t<div class=\"premium-blog-inner-container\">\r\n\r\n\t\t\t\t\t\t\t\t\t\t\t\t\t\t<h2 class=\"premium-blog-entry-title\">\r\n\t\t\t<a href=\"https:\/\/new.comverga.com\/cze\/news\/campersim-otevira-neomezene-moznosti-internetu-na-cestach-i-diky-comverga-reseni\/\" target=\"_blank\">\r\n\t\t\t\tCAMPERSIM otev\u00edr\u00e1 neomezen\u00e9 mo\u017enosti internetu na cest\u00e1ch  <br><div class=\"invisible\">(i d\u00edky COMVERGA \u0159e\u0161en\u00ed)<\/div>\t\t\t<\/a>\r\n\t\t<\/h2>\r\n\t\t\t\t<div class=\"premium-blog-entry-meta\">\r\n\t\t\t\r\n\t\t\t\t\t\t\t<span class=\"premium-blog-meta-separator\">\u2022<\/span>\r\n\t\t\t\t<div class=\"premium-blog-post-time premium-blog-meta-data\">\r\n\t\t\t\t\t<i class=\"fa fa-calendar-alt\" aria-hidden=\"true\"><\/i>\r\n\t\t\t\t\t<span>1. 9. 2023<\/span>\r\n\t\t\t\t<\/div>\r\n\t\t\t\r\n\t\t\t\r\n\t\t\t\t\t<\/div>\r\n\t\t\r\n\t\t\t\t\t<\/div>\r\n\r\n\t\t\t\t\t\t\t<div class=\"premium-blog-content-inner-wrapper\">\r\n\t\t<p class=\"premium-blog-post-content\">CAMPERSIM by ProVerDa GmbH je dal\u0161\u00edm projektem b\u011b\u017e\u00edc\u00edm na platform\u011b COMVERGA.<\/p><div class=\"premium-blog-excerpt-link-wrap\"><a href=\"https:\/\/new.comverga.com\/cze\/news\/campersim-otevira-neomezene-moznosti-internetu-na-cestach-i-diky-comverga-reseni\/\" target=\"_blank\" class=\"premium-blog-excerpt-link elementor-button\">V\u00edce \u00bb<\/a><\/div>\t\t<\/div>\r\n\t\t\t\t\t\t\t\t\t\t\t\t\t<div class=\"premium-blog-post-tags-container\">\r\n\t\t\t\t\t\t\t\t<i class=\"fa fa-tags fa-fw\" aria-hidden=\"true\"><\/i>\r\n\t\t\t\t\t\t\t\t <a href=\"https:\/\/new.comverga.com\/cze\/news\/tag\/nemecko\/\" rel=\"tag\">N\u011bmecko<\/a>\t\t\t\t\t\t<\/div>\r\n\t\t\t\t\t\r\n\t\t\t\t<\/div>\r\n\t\t\t<\/div>\r\n\t\t<\/article>\r\n\r\n\t\t\t\t<\/div>\r\n\r\n\t\t\t\t<div class=\"premium-blog-footer\">\r\n\t\t\t\t\t\t<nav class=\"premium-blog-pagination-container\" role=\"navigation\" aria-label=\"Pagination\">\r\n\t\t\t\t<span aria-current=\"page\" class=\"page-numbers current\">1<\/span>\n<a class=\"page-numbers\" href=\"https:\/\/new.comverga.com\/cze\/wp-json\/wp\/v2\/pages\/2580\/page\/2\/\">2<\/a>\n<a class=\"page-numbers\" href=\"https:\/\/new.comverga.com\/cze\/wp-json\/wp\/v2\/pages\/2580\/page\/3\/\">3<\/a>\n<a class=\"next page-numbers\" href=\"https:\/\/new.comverga.com\/cze\/wp-json\/wp\/v2\/pages\/2580\/page\/2\/\">Dal\u0161\u00ed \u00bb<\/a>\t\t\t<\/nav>\r\n\t\t\t\t\t<\/div>\r\n\t\t\t\t\t<\/div>\n\t\t\t\t<\/div>\n\t\t\t\t\t<\/div>\n\t\t<\/div>\n\t\t\t\t\t\t\t<\/div>\n\t\t<\/section>\n\t\t\t\t\t\t\t<\/div>\n\t\t","protected":false},"excerpt":{"rendered":"<p>CAMPERSIM otev\u00edr\u00e1 neomezen\u00e9 mo\u017enosti internetu na cest\u00e1ch (i d\u00edky COMVERGA \u0159e\u0161en\u00ed) \u2022 1. 9. 2023 CAMPERSIM by ProVerDa GmbH je dal\u0161\u00edm projektem b\u011b\u017e\u00edc\u00edm na platform\u011b COMVERGA. V\u00edce \u00bb N\u011bmecko COMVERGA spustila prvn\u00ed pilotn\u00ed RBM kampa\u0148 \u2022 29. 8. 2023 Spole\u010dnost COMVERGA se jako jedna z prvn\u00edch komer\u010dn\u011b p\u0159ipojila k s\u00edt\u00edm \u010desk\u00fdch oper\u00e1tor\u016f prost\u0159ednictv\u00edm standardu RCS. [&hellip;]<\/p>\n","protected":false},"author":1,"featured_media":234,"parent":0,"menu_order":0,"comment_status":"closed","ping_status":"closed","template":"","meta":{"footnotes":""},"_links":{"self":[{"href":"https:\/\/new.comverga.com\/cze\/wp-json\/wp\/v2\/pages\/2580"}],"collection":[{"href":"https:\/\/new.comverga.com\/cze\/wp-json\/wp\/v2\/pages"}],"about":[{"href":"https:\/\/new.comverga.com\/cze\/wp-json\/wp\/v2\/types\/page"}],"author":[{"embeddable":true,"href":"https:\/\/new.comverga.com\/cze\/wp-json\/wp\/v2\/users\/1"}],"replies":[{"embeddable":true,"href":"https:\/\/new.comverga.com\/cze\/wp-json\/wp\/v2\/comments?post=2580"}],"version-history":[{"count":70,"href":"https:\/\/new.comverga.com\/cze\/wp-json\/wp\/v2\/pages\/2580\/revisions"}],"predecessor-version":[{"id":5488,"href":"https:\/\/new.comverga.com\/cze\/wp-json\/wp\/v2\/pages\/2580\/revisions\/5488"}],"wp:featuredmedia":[{"embeddable":true,"href":"https:\/\/new.comverga.com\/cze\/wp-json\/wp\/v2\/media\/234"}],"wp:attachment":[{"href":"https:\/\/new.comverga.com\/cze\/wp-json\/wp\/v2\/media?parent=2580"}],"curies":[{"name":"wp","href":"https:\/\/api.w.org\/{rel}","templated":true}]}}