{"id":2119,"date":"2022-12-14T15:35:33","date_gmt":"2022-12-14T14:35:33","guid":{"rendered":"https:\/\/www.comverga.com\/?page_id=1420"},"modified":"2023-12-13T12:42:05","modified_gmt":"2023-12-13T11:42:05","slug":"jednoducha-a-intuitivni-samoobsluha-pro-koncove-uzivatele","status":"publish","type":"page","link":"https:\/\/new.comverga.com\/cze\/sluzby\/software-as-a-service-platform-as-a-service\/comverga-billing-for-fusion-iot\/jednoducha-a-intuitivni-samoobsluha-pro-koncove-uzivatele\/","title":{"rendered":"Jednoduch\u00e1 a intuitivn\u00ed samoobsluha pro koncov\u00e9 u\u017eivatele"},"content":{"rendered":"\t\t<div data-elementor-type=\"wp-page\" data-elementor-id=\"2119\" class=\"elementor elementor-2119\">\n\t\t\t\t\t\t\t\t\t<section class=\"elementor-section elementor-top-section elementor-element elementor-element-eb4d12e elementor-section-boxed elementor-section-height-default elementor-section-height-default\" data-id=\"eb4d12e\" data-element_type=\"section\">\n\t\t\t\t\t\t<div class=\"elementor-container elementor-column-gap-default\">\n\t\t\t\t\t<div class=\"elementor-column elementor-col-100 elementor-top-column elementor-element elementor-element-995c372\" data-id=\"995c372\" data-element_type=\"column\">\n\t\t\t<div class=\"elementor-widget-wrap elementor-element-populated\">\n\t\t\t\t\t\t\t\t<div class=\"elementor-element elementor-element-6205f67 detail-heading elementor-widget elementor-widget-heading\" data-id=\"6205f67\" data-element_type=\"widget\" data-widget_type=\"heading.default\">\n\t\t\t\t<div class=\"elementor-widget-container\">\n\t\t\t<h1 class=\"elementor-heading-title elementor-size-default\">Billing for FUSION IoT<\/h1>\t\t<\/div>\n\t\t\t\t<\/div>\n\t\t\t\t<div class=\"elementor-element elementor-element-78ec75f detail-heading elementor-widget elementor-widget-heading\" data-id=\"78ec75f\" data-element_type=\"widget\" data-widget_type=\"heading.default\">\n\t\t\t\t<div class=\"elementor-widget-container\">\n\t\t\t<h3 class=\"elementor-heading-title elementor-size-default\">Detail slu\u017eby<\/h3>\t\t<\/div>\n\t\t\t\t<\/div>\n\t\t\t\t\t<\/div>\n\t\t<\/div>\n\t\t\t\t\t\t\t<\/div>\n\t\t<\/section>\n\t\t\t\t<section class=\"elementor-section elementor-top-section elementor-element elementor-element-e3c88e6 elementor-section-boxed elementor-section-height-default elementor-section-height-default\" data-id=\"e3c88e6\" data-element_type=\"section\">\n\t\t\t\t\t\t<div class=\"elementor-container elementor-column-gap-default\">\n\t\t\t\t\t<div class=\"elementor-column elementor-col-50 elementor-top-column elementor-element elementor-element-756f838\" data-id=\"756f838\" data-element_type=\"column\">\n\t\t\t<div class=\"elementor-widget-wrap elementor-element-populated\">\n\t\t\t\t\t\t\t\t<div class=\"elementor-element elementor-element-934de93 elementor-widget elementor-widget-text-editor\" data-id=\"934de93\" data-element_type=\"widget\" data-widget_type=\"text-editor.default\">\n\t\t\t\t<div class=\"elementor-widget-container\">\n\t\t\t\t\t\t\t<h3 style=\"margin-top: 0;\"><strong>Intuitivn\u00ed <\/strong><strong>samoobsluha<\/strong><\/h3>\n<p style=\"color: black; font-weight: 300; font-size: 16px;\">Se slu\u017ebou COMVERGA Billing for FUSION Iot zi\u0301ska\u0301te prot\u0159edi\u0301, ve ktere\u0301m si koncovy\u0301 u\u017eivatel m\u016f\u017ee spravovat svou FUSION IoT M2M SIM kartu. Tento widget m\u016f\u017eete velmi jednodu\u0161e zaintegrovat do Va\u0161eho webove\u0301ho prost\u0159edi\u0301 nebo aplikace.<\/p>\t\t\t\t\t\t<\/div>\n\t\t\t\t<\/div>\n\t\t\t\t\t<\/div>\n\t\t<\/div>\n\t\t\t\t<div class=\"elementor-column elementor-col-50 elementor-top-column elementor-element elementor-element-46a1540\" data-id=\"46a1540\" data-element_type=\"column\">\n\t\t\t<div class=\"elementor-widget-wrap elementor-element-populated\">\n\t\t\t\t\t\t\t\t<div class=\"elementor-element elementor-element-b5b91cb elementor-widget elementor-widget-image\" data-id=\"b5b91cb\" data-element_type=\"widget\" data-widget_type=\"image.default\">\n\t\t\t\t<div class=\"elementor-widget-container\">\n\t\t\t\t\t\t\t\t\t\t\t\t\t\t\t<img decoding=\"async\" src=\"https:\/\/www.comverga.com\/wp-content\/uploads\/2023\/01\/BaaS_samoobsluha_prihlaseni.png\" title=\"\" alt=\"\" loading=\"lazy\" \/>\t\t\t\t\t\t\t\t\t\t\t\t\t\t\t<\/div>\n\t\t\t\t<\/div>\n\t\t\t\t\t<\/div>\n\t\t<\/div>\n\t\t\t\t\t\t\t<\/div>\n\t\t<\/section>\n\t\t\t\t<section class=\"elementor-section elementor-top-section elementor-element elementor-element-e5228ce elementor-section-boxed elementor-section-height-default elementor-section-height-default\" data-id=\"e5228ce\" data-element_type=\"section\">\n\t\t\t\t\t\t<div class=\"elementor-container elementor-column-gap-default\">\n\t\t\t\t\t<div class=\"elementor-column elementor-col-100 elementor-top-column elementor-element elementor-element-eed886e\" data-id=\"eed886e\" data-element_type=\"column\">\n\t\t\t<div class=\"elementor-widget-wrap elementor-element-populated\">\n\t\t\t\t\t\t\t\t<div class=\"elementor-element elementor-element-5d0bae3 elementor-widget-divider--view-line elementor-widget elementor-widget-divider\" data-id=\"5d0bae3\" data-element_type=\"widget\" data-widget_type=\"divider.default\">\n\t\t\t\t<div class=\"elementor-widget-container\">\n\t\t\t\t\t<div class=\"elementor-divider\">\n\t\t\t<span class=\"elementor-divider-separator\">\n\t\t\t\t\t\t<\/span>\n\t\t<\/div>\n\t\t\t\t<\/div>\n\t\t\t\t<\/div>\n\t\t\t\t\t<\/div>\n\t\t<\/div>\n\t\t\t\t\t\t\t<\/div>\n\t\t<\/section>\n\t\t\t\t<section class=\"elementor-section elementor-top-section elementor-element elementor-element-997f815 elementor-section-boxed elementor-section-height-default elementor-section-height-default\" data-id=\"997f815\" data-element_type=\"section\">\n\t\t\t\t\t\t<div class=\"elementor-container elementor-column-gap-default\">\n\t\t\t\t\t<div class=\"elementor-column elementor-col-50 elementor-top-column elementor-element elementor-element-4f79a7d\" data-id=\"4f79a7d\" data-element_type=\"column\">\n\t\t\t<div class=\"elementor-widget-wrap elementor-element-populated\">\n\t\t\t\t\t\t\t\t<div class=\"elementor-element elementor-element-9742478 elementor-widget elementor-widget-image\" data-id=\"9742478\" data-element_type=\"widget\" data-widget_type=\"image.default\">\n\t\t\t\t<div class=\"elementor-widget-container\">\n\t\t\t\t\t\t\t\t\t\t\t\t\t\t\t<img decoding=\"async\" src=\"https:\/\/www.comverga.com\/wp-content\/uploads\/2023\/01\/BaaS_platba-edited.png\" title=\"\" alt=\"\" loading=\"lazy\" \/>\t\t\t\t\t\t\t\t\t\t\t\t\t\t\t<\/div>\n\t\t\t\t<\/div>\n\t\t\t\t\t<\/div>\n\t\t<\/div>\n\t\t\t\t<div class=\"elementor-column elementor-col-50 elementor-top-column elementor-element elementor-element-3753b64\" data-id=\"3753b64\" data-element_type=\"column\">\n\t\t\t<div class=\"elementor-widget-wrap elementor-element-populated\">\n\t\t\t\t\t\t\t\t<div class=\"elementor-element elementor-element-fa81aa3 elementor-widget elementor-widget-text-editor\" data-id=\"fa81aa3\" data-element_type=\"widget\" data-widget_type=\"text-editor.default\">\n\t\t\t\t<div class=\"elementor-widget-container\">\n\t\t\t\t\t\t\t<h3 style=\"margin-top: 0px; text-align: left;\"><strong>Nabi\u0301zi\u0301me intuitivni\u0301 Samoobsluhu pro koncove\u0301 uz\u030civatele, kde:<\/strong><\/h3><ul><li>Zi\u0301skaji\u0301 informace o platnosti FUSION IoT M2M SIM karty a z\u016fstatku dat<\/li><li>Dokoupi\u0301 Va\u0301mi nabi\u0301zene\u0301 datove\u0301 bali\u0301\u010dky<\/li><li>On-line zaplati\u0301<\/li><li>Zi\u0301skaji\u0301 doklad o platb\u011b<\/li><\/ul>\t\t\t\t\t\t<\/div>\n\t\t\t\t<\/div>\n\t\t\t\t\t<\/div>\n\t\t<\/div>\n\t\t\t\t\t\t\t<\/div>\n\t\t<\/section>\n\t\t\t\t<section class=\"elementor-section elementor-top-section elementor-element elementor-element-e9a8ace elementor-section-boxed elementor-section-height-default elementor-section-height-default\" data-id=\"e9a8ace\" data-element_type=\"section\">\n\t\t\t\t\t\t<div class=\"elementor-container elementor-column-gap-default\">\n\t\t\t\t\t<div class=\"elementor-column elementor-col-50 elementor-top-column elementor-element elementor-element-81a25de\" data-id=\"81a25de\" data-element_type=\"column\">\n\t\t\t<div class=\"elementor-widget-wrap elementor-element-populated\">\n\t\t\t\t\t\t\t\t<div class=\"elementor-element elementor-element-92c38bf elementor-widget elementor-widget-text-editor\" data-id=\"92c38bf\" data-element_type=\"widget\" data-widget_type=\"text-editor.default\">\n\t\t\t\t<div class=\"elementor-widget-container\">\n\t\t\t\t\t\t\t<h3 style=\"margin-top: 0;\"><strong>PARTNERSKY\u0301 PORTA\u0301L<\/strong><\/h3><p>Ve\u0161kera\u0301 pot\u0159ebna\u0301 <strong>nastaveni\u0301 prova\u0301di\u0301te v on-line prost\u0159edi\u0301 Partnerske\u0301ho porta\u0301lu.<\/strong><\/p><h3><strong>Jednoduch\u00e9 a rychl\u00e9 z\u0159\u00edzen\u00ed slu\u017eby<\/strong><\/h3><ul><li>Zadejte n\u00e1sleduj\u00edc\u00ed informace: jm\u00e9no a p\u0159\u00edjmen\u00ed, n\u00e1zev spole\u010dnosti, va\u0161e z\u00e1kaznick\u00e9 \u010d\u00edslo FUSION IoT, e-mailovou adresu a telefonn\u00ed \u010d\u00edslo<\/li><li>Ov\u011b\u0159\u00edme pouze, \u017ee jste partnerem FUSION IoT, kv\u016fli bezpe\u010dnosti V\u00e1\u0161 e-mail a z\u00e1kladn\u00ed kontaktn\u00ed informace.<\/li><\/ul>\t\t\t\t\t\t<\/div>\n\t\t\t\t<\/div>\n\t\t\t\t\t<\/div>\n\t\t<\/div>\n\t\t\t\t<div class=\"elementor-column elementor-col-50 elementor-top-column elementor-element elementor-element-9b6bfe3\" data-id=\"9b6bfe3\" data-element_type=\"column\">\n\t\t\t<div class=\"elementor-widget-wrap elementor-element-populated\">\n\t\t\t\t\t\t\t\t<div class=\"elementor-element elementor-element-42eb212 elementor-widget elementor-widget-image\" data-id=\"42eb212\" data-element_type=\"widget\" data-widget_type=\"image.default\">\n\t\t\t\t<div class=\"elementor-widget-container\">\n\t\t\t\t\t\t\t\t\t\t\t\t\t\t\t<img decoding=\"async\" src=\"https:\/\/www.comverga.com\/wp-content\/uploads\/2023\/01\/Baas_registrace_de.png\" title=\"\" alt=\"\" loading=\"lazy\" \/>\t\t\t\t\t\t\t\t\t\t\t\t\t\t\t<\/div>\n\t\t\t\t<\/div>\n\t\t\t\t\t<\/div>\n\t\t<\/div>\n\t\t\t\t\t\t\t<\/div>\n\t\t<\/section>\n\t\t\t\t<section class=\"elementor-section elementor-top-section elementor-element elementor-element-a4f3256 elementor-section-boxed elementor-section-height-default elementor-section-height-default\" data-id=\"a4f3256\" data-element_type=\"section\">\n\t\t\t\t\t\t<div class=\"elementor-container elementor-column-gap-default\">\n\t\t\t\t\t<div class=\"elementor-column elementor-col-50 elementor-top-column elementor-element elementor-element-9fb2dbe\" data-id=\"9fb2dbe\" data-element_type=\"column\">\n\t\t\t<div class=\"elementor-widget-wrap elementor-element-populated\">\n\t\t\t\t\t\t\t\t<div class=\"elementor-element elementor-element-9dc5bc0 elementor-widget elementor-widget-image\" data-id=\"9dc5bc0\" data-element_type=\"widget\" data-widget_type=\"image.default\">\n\t\t\t\t<div class=\"elementor-widget-container\">\n\t\t\t\t\t\t\t\t\t\t\t\t\t\t\t<img decoding=\"async\" src=\"https:\/\/www.comverga.com\/wp-content\/uploads\/2023\/01\/BaaS_tarify_2-1.png\" title=\"\" alt=\"\" loading=\"lazy\" \/>\t\t\t\t\t\t\t\t\t\t\t\t\t\t\t<\/div>\n\t\t\t\t<\/div>\n\t\t\t\t\t<\/div>\n\t\t<\/div>\n\t\t\t\t<div class=\"elementor-column elementor-col-50 elementor-top-column elementor-element elementor-element-6f4011f\" data-id=\"6f4011f\" data-element_type=\"column\">\n\t\t\t<div class=\"elementor-widget-wrap elementor-element-populated\">\n\t\t\t\t\t\t\t\t<div class=\"elementor-element elementor-element-f1234f9 elementor-widget elementor-widget-text-editor\" data-id=\"f1234f9\" data-element_type=\"widget\" data-widget_type=\"text-editor.default\">\n\t\t\t\t<div class=\"elementor-widget-container\">\n\t\t\t\t\t\t\t<h3 style=\"margin-top: 0;\"><strong>Tarify a ceny pro dokup<\/strong><\/h3>\n<ul>\n \t<li>Automatick\u00fd Import Va\u0161ich datov\u00fdch bal\u00ed\u010dk\u016f z FUSION IoT<\/li>\n \t<li>Individu\u00e1ln\u00ed n\u00e1vrh tarifu <ul>\n \t<li>Vlastn\u00ed n\u00e1zvy bal\u00ed\u010dk\u016f<\/li>\n<li>Individu\u00e1ln\u00ed cenov\u00e9 podm\u00ednky<\/li>\n<\/ul>\n<\/li>\n<\/ul>\t\t\t\t\t\t<\/div>\n\t\t\t\t<\/div>\n\t\t\t\t\t<\/div>\n\t\t<\/div>\n\t\t\t\t\t\t\t<\/div>\n\t\t<\/section>\n\t\t\t\t<section class=\"elementor-section elementor-top-section elementor-element elementor-element-90c79ce elementor-section-boxed elementor-section-height-default elementor-section-height-default\" data-id=\"90c79ce\" data-element_type=\"section\">\n\t\t\t\t\t\t<div class=\"elementor-container elementor-column-gap-default\">\n\t\t\t\t\t<div class=\"elementor-column elementor-col-50 elementor-top-column elementor-element elementor-element-eec2774\" data-id=\"eec2774\" data-element_type=\"column\">\n\t\t\t<div class=\"elementor-widget-wrap elementor-element-populated\">\n\t\t\t\t\t\t\t\t<div class=\"elementor-element elementor-element-0fd6093 elementor-widget elementor-widget-text-editor\" data-id=\"0fd6093\" data-element_type=\"widget\" data-widget_type=\"text-editor.default\">\n\t\t\t\t<div class=\"elementor-widget-container\">\n\t\t\t\t\t\t\t<h3 style=\"margin-top:0\"><strong>\u00da\u010dtov\u00e1n\u00ed a fakturace\n<\/strong><\/h3>\n<ul>\n \t<li>Z\u00e1kladn\u00ed billingov\u00e1 data pot\u0159ebn\u00e1 pro generov\u00e1n\u00ed doklad\u016f<\/li>\n \t<li>Vlo\u017een\u00ed vlastn\u00edho loga, kter\u00e9 se bude zobrazovat na finan\u010dn\u00edch dokladech<\/li>\n \t<li>Mo\u017enost individu\u00e1ln\u00edho nastaven\u00ed \u010d\u00edseln\u00e9 \u0159ady<\/li>\n \t<li>Mo\u017enost zobrazen\u00ed uk\u00e1zky dokladu<\/li>\n<\/ul>\t\t\t\t\t\t<\/div>\n\t\t\t\t<\/div>\n\t\t\t\t\t<\/div>\n\t\t<\/div>\n\t\t\t\t<div class=\"elementor-column elementor-col-50 elementor-top-column elementor-element elementor-element-9495ffa\" data-id=\"9495ffa\" data-element_type=\"column\">\n\t\t\t<div class=\"elementor-widget-wrap elementor-element-populated\">\n\t\t\t\t\t\t\t\t<div class=\"elementor-element elementor-element-97efbc9 elementor-widget elementor-widget-image\" data-id=\"97efbc9\" data-element_type=\"widget\" data-widget_type=\"image.default\">\n\t\t\t\t<div class=\"elementor-widget-container\">\n\t\t\t\t\t\t\t\t\t\t\t\t\t\t\t<img decoding=\"async\" src=\"https:\/\/www.comverga.com\/wp-content\/uploads\/2023\/01\/BaaS_billing2-1.png\" title=\"\" alt=\"\" loading=\"lazy\" \/>\t\t\t\t\t\t\t\t\t\t\t\t\t\t\t<\/div>\n\t\t\t\t<\/div>\n\t\t\t\t\t<\/div>\n\t\t<\/div>\n\t\t\t\t\t\t\t<\/div>\n\t\t<\/section>\n\t\t\t\t<section class=\"elementor-section elementor-top-section elementor-element elementor-element-01ad665 elementor-section-boxed elementor-section-height-default elementor-section-height-default\" data-id=\"01ad665\" data-element_type=\"section\">\n\t\t\t\t\t\t<div class=\"elementor-container elementor-column-gap-default\">\n\t\t\t\t\t<div class=\"elementor-column elementor-col-50 elementor-top-column elementor-element elementor-element-0f2b62c\" data-id=\"0f2b62c\" data-element_type=\"column\">\n\t\t\t<div class=\"elementor-widget-wrap elementor-element-populated\">\n\t\t\t\t\t\t\t\t<div class=\"elementor-element elementor-element-50d0866 elementor-widget elementor-widget-image\" data-id=\"50d0866\" data-element_type=\"widget\" data-widget_type=\"image.default\">\n\t\t\t\t<div class=\"elementor-widget-container\">\n\t\t\t\t\t\t\t\t\t\t\t\t\t\t\t<img decoding=\"async\" src=\"https:\/\/www.comverga.com\/wp-content\/uploads\/2023\/01\/BaaS_billing-1.png\" title=\"\" alt=\"\" loading=\"lazy\" \/>\t\t\t\t\t\t\t\t\t\t\t\t\t\t\t<\/div>\n\t\t\t\t<\/div>\n\t\t\t\t\t<\/div>\n\t\t<\/div>\n\t\t\t\t<div class=\"elementor-column elementor-col-50 elementor-top-column elementor-element elementor-element-e77a7f6\" data-id=\"e77a7f6\" data-element_type=\"column\">\n\t\t\t<div class=\"elementor-widget-wrap elementor-element-populated\">\n\t\t\t\t\t\t\t\t<div class=\"elementor-element elementor-element-cf823e5 elementor-widget elementor-widget-text-editor\" data-id=\"cf823e5\" data-element_type=\"widget\" data-widget_type=\"text-editor.default\">\n\t\t\t\t<div class=\"elementor-widget-container\">\n\t\t\t\t\t\t\t<h3 style=\"margin-top:0\"><strong>Platebn\u00ed metody<\/strong><\/h3>\n<ul>\n \t<li>Mo\u017enost za\u017e\u00e1dat o zprost\u0159edkov\u00e1n\u00ed platebn\u00edch metod<\/li>\n \t<li>V\u00fdb\u011br preferovan\u00fdch platebn\u00edch metod<\/li>\n \t<li>Vypln\u011bn\u00ed \u010d\u00edsla \u00fa\u010dtu<\/li>\n<\/ul>\t\t\t\t\t\t<\/div>\n\t\t\t\t<\/div>\n\t\t\t\t\t<\/div>\n\t\t<\/div>\n\t\t\t\t\t\t\t<\/div>\n\t\t<\/section>\n\t\t\t\t<section class=\"elementor-section elementor-top-section elementor-element elementor-element-9694cf9 elementor-section-boxed elementor-section-height-default elementor-section-height-default\" data-id=\"9694cf9\" data-element_type=\"section\">\n\t\t\t\t\t\t<div class=\"elementor-container elementor-column-gap-default\">\n\t\t\t\t\t<div class=\"elementor-column elementor-col-50 elementor-top-column elementor-element elementor-element-57e9970\" data-id=\"57e9970\" data-element_type=\"column\">\n\t\t\t<div class=\"elementor-widget-wrap elementor-element-populated\">\n\t\t\t\t\t\t\t\t<div class=\"elementor-element elementor-element-75b29b5 elementor-widget elementor-widget-text-editor\" data-id=\"75b29b5\" data-element_type=\"widget\" data-widget_type=\"text-editor.default\">\n\t\t\t\t<div class=\"elementor-widget-container\">\n\t\t\t\t\t\t\t<h3 style=\"margin-top: 0;\"><strong>Individu\u00e1ln\u00ed konfigurace widgetu<\/strong><\/h3><ul><li>V\u00fdb\u011br barevn\u00e9ho rozlo\u017een\u00ed<\/li><li>Nahr\u00e1n\u00ed loga<\/li><li>Mo\u017enost nastaven\u00ed individu\u00e1ln\u00edho n\u00e1zvu widgetu<\/li><li>N\u00e1hled widgetu<\/li><\/ul>\t\t\t\t\t\t<\/div>\n\t\t\t\t<\/div>\n\t\t\t\t\t<\/div>\n\t\t<\/div>\n\t\t\t\t<div class=\"elementor-column elementor-col-50 elementor-top-column elementor-element elementor-element-252324d\" data-id=\"252324d\" data-element_type=\"column\">\n\t\t\t<div class=\"elementor-widget-wrap elementor-element-populated\">\n\t\t\t\t\t\t\t\t<div class=\"elementor-element elementor-element-d42b357 elementor-widget elementor-widget-image\" data-id=\"d42b357\" data-element_type=\"widget\" data-widget_type=\"image.default\">\n\t\t\t\t<div class=\"elementor-widget-container\">\n\t\t\t\t\t\t\t\t\t\t\t\t\t\t\t<img decoding=\"async\" src=\"https:\/\/www.comverga.com\/wp-content\/uploads\/2023\/01\/BaaS_widget_2.png\" title=\"\" alt=\"\" loading=\"lazy\" \/>\t\t\t\t\t\t\t\t\t\t\t\t\t\t\t<\/div>\n\t\t\t\t<\/div>\n\t\t\t\t\t<\/div>\n\t\t<\/div>\n\t\t\t\t\t\t\t<\/div>\n\t\t<\/section>\n\t\t\t\t<section class=\"elementor-section elementor-top-section elementor-element elementor-element-da76427 elementor-section-boxed elementor-section-height-default elementor-section-height-default\" data-id=\"da76427\" data-element_type=\"section\">\n\t\t\t\t\t\t<div class=\"elementor-container elementor-column-gap-default\">\n\t\t\t\t\t<div class=\"elementor-column elementor-col-50 elementor-top-column elementor-element elementor-element-33d7b57\" data-id=\"33d7b57\" data-element_type=\"column\">\n\t\t\t<div class=\"elementor-widget-wrap elementor-element-populated\">\n\t\t\t\t\t\t\t\t<div class=\"elementor-element elementor-element-9269815 elementor-widget elementor-widget-image\" data-id=\"9269815\" data-element_type=\"widget\" data-widget_type=\"image.default\">\n\t\t\t\t<div class=\"elementor-widget-container\">\n\t\t\t\t\t\t\t\t\t\t\t\t\t\t\t<img decoding=\"async\" src=\"https:\/\/www.comverga.com\/wp-content\/uploads\/2023\/01\/BaaS_notifications_2-1.png\" title=\"\" alt=\"\" loading=\"lazy\" \/>\t\t\t\t\t\t\t\t\t\t\t\t\t\t\t<\/div>\n\t\t\t\t<\/div>\n\t\t\t\t\t<\/div>\n\t\t<\/div>\n\t\t\t\t<div class=\"elementor-column elementor-col-50 elementor-top-column elementor-element elementor-element-966af05\" data-id=\"966af05\" data-element_type=\"column\">\n\t\t\t<div class=\"elementor-widget-wrap elementor-element-populated\">\n\t\t\t\t\t\t\t\t<div class=\"elementor-element elementor-element-4b53117 elementor-widget elementor-widget-text-editor\" data-id=\"4b53117\" data-element_type=\"widget\" data-widget_type=\"text-editor.default\">\n\t\t\t\t<div class=\"elementor-widget-container\">\n\t\t\t\t\t\t\t<h3 style=\"margin:0\"><strong>Notifikace<\/strong><\/h3>\n<ul>\n \t<li>Spr\u00e1va notifikac\u00ed na koncov\u00e9 u\u017eivatele<\/li>\n \t<li>Mo\u017enost notifikace zapnout\/vypnout<\/li>\n<\/ul>\t\t\t\t\t\t<\/div>\n\t\t\t\t<\/div>\n\t\t\t\t\t<\/div>\n\t\t<\/div>\n\t\t\t\t\t\t\t<\/div>\n\t\t<\/section>\n\t\t\t\t\t\t\t<\/div>\n\t\t","protected":false},"excerpt":{"rendered":"<p>Billing for FUSION IoT Detail slu\u017eby Intuitivn\u00ed samoobsluha Se slu\u017ebou COMVERGA Billing for FUSION Iot zi\u0301ska\u0301te prot\u0159edi\u0301, ve ktere\u0301m si koncovy\u0301 u\u017eivatel m\u016f\u017ee spravovat svou FUSION IoT M2M SIM kartu. Tento widget m\u016f\u017eete velmi jednodu\u0161e zaintegrovat do Va\u0161eho webove\u0301ho prost\u0159edi\u0301 nebo aplikace. Nabi\u0301zi\u0301me intuitivni\u0301 Samoobsluhu pro koncove\u0301 uz\u030civatele, kde: Zi\u0301skaji\u0301 informace o platnosti FUSION IoT [&hellip;]<\/p>\n","protected":false},"author":1,"featured_media":4599,"parent":1284,"menu_order":4,"comment_status":"closed","ping_status":"closed","template":"","meta":{"footnotes":""},"_links":{"self":[{"href":"https:\/\/new.comverga.com\/cze\/wp-json\/wp\/v2\/pages\/2119"}],"collection":[{"href":"https:\/\/new.comverga.com\/cze\/wp-json\/wp\/v2\/pages"}],"about":[{"href":"https:\/\/new.comverga.com\/cze\/wp-json\/wp\/v2\/types\/page"}],"author":[{"embeddable":true,"href":"https:\/\/new.comverga.com\/cze\/wp-json\/wp\/v2\/users\/1"}],"replies":[{"embeddable":true,"href":"https:\/\/new.comverga.com\/cze\/wp-json\/wp\/v2\/comments?post=2119"}],"version-history":[{"count":34,"href":"https:\/\/new.comverga.com\/cze\/wp-json\/wp\/v2\/pages\/2119\/revisions"}],"predecessor-version":[{"id":5388,"href":"https:\/\/new.comverga.com\/cze\/wp-json\/wp\/v2\/pages\/2119\/revisions\/5388"}],"up":[{"embeddable":true,"href":"https:\/\/new.comverga.com\/cze\/wp-json\/wp\/v2\/pages\/1284"}],"wp:featuredmedia":[{"embeddable":true,"href":"https:\/\/new.comverga.com\/cze\/wp-json\/wp\/v2\/media\/4599"}],"wp:attachment":[{"href":"https:\/\/new.comverga.com\/cze\/wp-json\/wp\/v2\/media?parent=2119"}],"curies":[{"name":"wp","href":"https:\/\/api.w.org\/{rel}","templated":true}]}}