{"id":1903,"date":"2023-01-06T13:23:56","date_gmt":"2023-01-06T12:23:56","guid":{"rendered":"https:\/\/www.comverga.com\/?page_id=1903"},"modified":"2023-12-13T12:40:52","modified_gmt":"2023-12-13T11:40:52","slug":"prodej-smart-hodinek-soucasne-se-sim-kartou","status":"publish","type":"page","link":"https:\/\/new.comverga.com\/cze\/sluzby\/software-as-a-service-platform-as-a-service\/comverga-billing-for-fusion-iot\/prodej-smart-hodinek-soucasne-se-sim-kartou\/","title":{"rendered":"Prodej smart hodinek sou\u010dasn\u011b se SIM kartou"},"content":{"rendered":"\t\t<div data-elementor-type=\"wp-page\" data-elementor-id=\"1903\" class=\"elementor elementor-1903\">\n\t\t\t\t\t\t\t\t\t<section class=\"elementor-section elementor-top-section elementor-element elementor-element-ef48c0d elementor-section-boxed elementor-section-height-default elementor-section-height-default\" data-id=\"ef48c0d\" data-element_type=\"section\">\n\t\t\t\t\t\t<div class=\"elementor-container elementor-column-gap-default\">\n\t\t\t\t\t<div class=\"elementor-column elementor-col-50 elementor-top-column elementor-element elementor-element-7901d5fd\" data-id=\"7901d5fd\" data-element_type=\"column\">\n\t\t\t<div class=\"elementor-widget-wrap elementor-element-populated\">\n\t\t\t\t\t\t\t\t<div class=\"elementor-element elementor-element-648b2714 elementor-widget elementor-widget-text-editor\" data-id=\"648b2714\" data-element_type=\"widget\" data-widget_type=\"text-editor.default\">\n\t\t\t\t<div class=\"elementor-widget-container\">\n\t\t\t\t\t\t\t<div class=\"usecase-text\">\n<h2 style=\"text-align: left; margin-top: 0;\">Prodej smart hodinek sou\u010dasn\u011b se SIM kartou<\/h2>\nMobiln\u00ed oper\u00e1tor COOP Mobil poskytuje SIM s datovou konektivitou, kter\u00e9 nab\u00edz\u00ed spole\u010dn\u011b s chytr\u00fdmi hodinkami. Zam\u011b\u0159uje se na prodej koncov\u00fdm u\u017eivatel\u016fm skrz svoje prodejn\u00ed kan\u00e1ly. Na SIM kart\u011b v hodink\u00e1ch je nastaven\u00fd prepaid tarif s m\u011bs\u00ed\u010dn\u00edm datov\u00fdm limitem.\n\n<\/div>\t\t\t\t\t\t<\/div>\n\t\t\t\t<\/div>\n\t\t\t\t\t<\/div>\n\t\t<\/div>\n\t\t\t\t<div class=\"elementor-column elementor-col-50 elementor-top-column elementor-element elementor-element-119748da\" data-id=\"119748da\" data-element_type=\"column\">\n\t\t\t<div class=\"elementor-widget-wrap elementor-element-populated\">\n\t\t\t\t\t\t\t\t<div class=\"elementor-element elementor-element-1c6f3589 elementor-widget elementor-widget-image\" data-id=\"1c6f3589\" data-element_type=\"widget\" data-widget_type=\"image.default\">\n\t\t\t\t<div class=\"elementor-widget-container\">\n\t\t\t\t\t\t\t\t\t\t\t\t\t\t\t<img decoding=\"async\" src=\"https:\/\/www.comverga.com\/wp-content\/uploads\/2023\/01\/Lamax_foto1.jpg\" title=\"\" alt=\"\" loading=\"lazy\" \/>\t\t\t\t\t\t\t\t\t\t\t\t\t\t\t<\/div>\n\t\t\t\t<\/div>\n\t\t\t\t\t<\/div>\n\t\t<\/div>\n\t\t\t\t\t\t\t<\/div>\n\t\t<\/section>\n\t\t\t\t<section class=\"elementor-section elementor-top-section elementor-element elementor-element-6d03bf5 elementor-section-boxed elementor-section-height-default elementor-section-height-default\" data-id=\"6d03bf5\" data-element_type=\"section\">\n\t\t\t\t\t\t<div class=\"elementor-container elementor-column-gap-default\">\n\t\t\t\t\t<div class=\"elementor-column elementor-col-50 elementor-top-column elementor-element elementor-element-79239ad\" data-id=\"79239ad\" data-element_type=\"column\">\n\t\t\t<div class=\"elementor-widget-wrap elementor-element-populated\">\n\t\t\t\t\t\t\t\t<div class=\"elementor-element elementor-element-ad9554f elementor-widget elementor-widget-sidebar\" data-id=\"ad9554f\" data-element_type=\"widget\" data-widget_type=\"sidebar.default\">\n\t\t\t\t<div class=\"elementor-widget-container\">\n\t\t\t<div id=\"widget-box\" class=\"smart-watch\">\n\t<img decoding=\"async\" src=\"https:\/\/www.coopmobil.cz\/wp-content\/uploads\/2021\/04\/coop-mobil-logo.svg\"><br>\n\t<span>Odv\u011btv\u00ed<\/span>\n<p>\n\t\tTelekomunika\u010dn\u00ed oper\u00e1tor \u2013 retail\n\t<\/p>\n<span>Produkt<\/span>\n<p>\n\t\tBundle chytr\u00e9 hodinky + datov\u00e1 konektivita\n\t<\/p>\n<\/div>\n<div id=\"widget-box\" class=\"support\">\n\t<img decoding=\"async\" src=\"https:\/\/www.coopmobil.cz\/wp-content\/uploads\/2021\/04\/coop-mobil-logo.svg\"><br>\n\t<span>Odv\u011btv\u00ed<\/span>\n<p>\n\t\tTelekomunika\u010dn\u00ed oper\u00e1tor \u2013 retail\n\t<\/p>\n<span>Produkt<\/span>\n<p>\n\t\tPr\u016fvodce z\u00e1kaznickou podporou\n\t<\/p>\n<\/div>\n<div id=\"widget-box\" class=\"operator\">\n\t<img decoding=\"async\" src=\"https:\/\/www.coopmobil.cz\/wp-content\/uploads\/2021\/04\/coop-mobil-logo.svg\"><br>\n\t<span>Odv\u011btv\u00ed<\/span>\n<p>\n\t\tTelekomunika\u010dn\u00ed oper\u00e1tor \u2013 retail\n\t<\/p>\n<span>Produkt<\/span>\n<p>\n\t\tRealizace v\u011brnostn\u00edho programu\n\t<\/p>\n<\/div>\n<div id=\"widget-box\" class=\"caravan\">\n<img decoding=\"async\" src=\"\/cze\/wp-content\/uploads\/sites\/3\/2023\/04\/caravan-logo.jpg\"><br>\n<span>Odv\u011btv\u00ed<\/span>\n<p>\n\t\tGPS sledovac\u00ed syst\u00e9my pro vozidla, datov\u00e1 konektivita\n\t<\/p>\n<span>Produkt<\/span>\n<p>\n\t\t\u0158e\u0161en\u00ed pro p\u0159\u00edstup k internetu na cest\u00e1ch\n\t<\/p>\n<\/div>\n<div id=\"widget-box\" class=\"camera\">\n<img decoding=\"async\" src=\"\/cze\/wp-content\/uploads\/sites\/3\/2023\/04\/camera-logo.jpg\"><br>\n<span>Odv\u011btv\u00ed<\/span>\n<p>\n\t\tZabezpe\u010dovac\u00ed syst\u00e9my\n\t<\/p>\n<span>Produkt<\/span>\n<p>\n\t\tKamery s&nbsp;on-line streamov\u00e1n\u00edm\n\t<\/p>\n<\/div>\n<div id=\"widget-box\" class=\"event\">\n\t<img decoding=\"async\" src=\"\/cze\/wp-content\/uploads\/sites\/3\/2023\/04\/event-logo.png\" style=\"width: 50px\"><br>\n\t<span>Odv\u011btv\u00ed<\/span>\n<p>\n\t\tEvent agentura\n\t<\/p>\n<span>Produkt<\/span>\n<p>\n\t\tOrganizace eventu - komunikace s \u00fa\u010dastn\u00edky\n\t<\/p>\n<\/div>\n<div id=\"widget-box\" class=\"competition\">\n\t<img decoding=\"async\" src=\"\/cze\/wp-content\/uploads\/sites\/3\/2023\/04\/competition-logo.png\" style=\"width: 50px\"><br>\n\t<span>Odv\u011btv\u00ed<\/span>\n<p>\n\t\tMaloobchod a spot\u0159ebn\u00ed zbo\u017e\u00ed\n\t<\/p>\n<span>Produkt<\/span>\n<p>\n\t\tOrganizace eventu - komunikace s \u00fa\u010dastn\u00edky\n\t<\/p>\n<\/div>\n<div id=\"widget-box\" class=\"marketing\">\n\t<img decoding=\"async\" src=\"\/cze\/wp-content\/uploads\/sites\/3\/2023\/06\/marketing-logo.png\" style=\"width: 50px\"><br>\n\t<span>Odv\u011btv\u00ed<\/span>\n<p>\n\t\tMarketingov\u00e1 komunikace\n\t<\/p>\n<span>Produkt<\/span>\n<p>\n\t\tRealizace marketingov\u00fdch rozes\u00edlek\n\t<\/p>\n<\/div>\n\n<div id=\"widget-box\" class=\"fmcg\">\n\t<img decoding=\"async\" src=\"\/cze\/wp-content\/uploads\/sites\/3\/2023\/06\/fmcg-logo.png\" style=\"width: 50px\"><br>\n\t<span>Odv\u011btv\u00ed<\/span>\n<p>\n\t\tFMCG<br>Fast Moving Consumer Goods\n\t<\/p>\n<span>Produkt<\/span>\n<p>\n\t\tPotraviny, n\u00e1poje, drogerie\n\t<\/p>\n<\/div>\t\t<\/div>\n\t\t\t\t<\/div>\n\t\t\t\t\t<\/div>\n\t\t<\/div>\n\t\t\t\t<div class=\"elementor-column elementor-col-50 elementor-top-column elementor-element elementor-element-58cf973\" data-id=\"58cf973\" data-element_type=\"column\">\n\t\t\t<div class=\"elementor-widget-wrap elementor-element-populated\">\n\t\t\t\t\t\t\t\t<div class=\"elementor-element elementor-element-5809b185 elementor-widget elementor-widget-text-editor\" data-id=\"5809b185\" data-element_type=\"widget\" data-widget_type=\"text-editor.default\">\n\t\t\t\t<div class=\"elementor-widget-container\">\n\t\t\t\t\t\t\t<p>COOP Mobil pot\u0159eboval jednoduch\u00e9 prost\u0159ed\u00ed, ve kter\u00e9m si koncov\u00fd u\u017eivatel m\u016f\u017ee zkontrolovat aktu\u00e1ln\u00ed stav sv\u00e9 SIM karty, m\u016f\u017ee si dob\u00edt kredit a jednodu\u0161e dokoupit pot\u0159ebn\u00e1 data a on-line zaplatit.<\/p><p>COOP Mobil tak z\u00edsk\u00e1v\u00e1 dal\u0161\u00ed revenue z dokup\u016f bal\u00ed\u010dk\u016f, pln\u011b automatizovan\u011b a bez nutnosti do tohoto procesu jakkoliv manu\u00e1ln\u011b zasahovat.<\/p>\t\t\t\t\t\t<\/div>\n\t\t\t\t<\/div>\n\t\t\t\t\t<\/div>\n\t\t<\/div>\n\t\t\t\t\t\t\t<\/div>\n\t\t<\/section>\n\t\t\t\t<section class=\"elementor-section elementor-top-section elementor-element elementor-element-e74e3b6 elementor-section-boxed elementor-section-height-default elementor-section-height-default\" data-id=\"e74e3b6\" data-element_type=\"section\">\n\t\t\t\t\t\t<div class=\"elementor-container elementor-column-gap-default\">\n\t\t\t\t\t<div class=\"elementor-column elementor-col-50 elementor-top-column elementor-element elementor-element-1508d08\" data-id=\"1508d08\" data-element_type=\"column\" data-settings=\"{&quot;background_background&quot;:&quot;classic&quot;}\">\n\t\t\t<div class=\"elementor-widget-wrap elementor-element-populated\">\n\t\t\t\t\t\t\t\t<div class=\"elementor-element elementor-element-08aeaa6 elementor-widget elementor-widget-text-editor\" data-id=\"08aeaa6\" data-element_type=\"widget\" data-widget_type=\"text-editor.default\">\n\t\t\t\t<div class=\"elementor-widget-container\">\n\t\t\t\t\t\t\t<h3><strong>Co z\u00edskal Partner d\u00edky COMVERGA<\/strong><\/h3><div class=\"page\" title=\"Page 4\"><div class=\"layoutArea\"><div class=\"column\"><ul><li>Z\u00edsk\u00e1 informace o platnosti COOP Mobil karty<\/li><li>Z\u00edsk\u00e1 informace o z\u016fstatku dat a p\u0159edplacen\u00e9ho kreditu<\/li><li>Dokoup\u00ed Partnerem nab\u00edzen\u00e9 datov\u00e9 bal\u00ed\u010dky<\/li><li>On-line zaplat\u00ed<\/li><li>Z\u00edsk\u00e1 doklad o platb\u011b<\/li><\/ul><\/div><\/div><\/div>\t\t\t\t\t\t<\/div>\n\t\t\t\t<\/div>\n\t\t\t\t\t<\/div>\n\t\t<\/div>\n\t\t\t\t<div class=\"elementor-column elementor-col-50 elementor-top-column elementor-element elementor-element-dfdc4b9\" data-id=\"dfdc4b9\" data-element_type=\"column\" data-settings=\"{&quot;background_background&quot;:&quot;classic&quot;}\">\n\t\t\t<div class=\"elementor-widget-wrap elementor-element-populated\">\n\t\t\t\t\t\t\t\t<div class=\"elementor-element elementor-element-6b21114 elementor-widget elementor-widget-text-editor\" data-id=\"6b21114\" data-element_type=\"widget\" data-widget_type=\"text-editor.default\">\n\t\t\t\t<div class=\"elementor-widget-container\">\n\t\t\t\t\t\t\t<h3><strong>COMVERGA pro Partnera zajist\u00ed<\/strong><\/h3>\n<ul>\n \t<li>V\u00fdb\u011br pen\u011bz \u2013 jsme poskytovatelem platebn\u00edch slu\u017eeb<\/li>\n \t<li>P\u0159ed\u00e1n\u00ed pen\u011bz Partnerovi<\/li>\n \t<li>Generov\u00e1n\u00ed potvrzen\u00ed o platb\u011b pro koncov\u00e9ho u\u017eivatele<\/li>\n \t<li>Generov\u00e1n\u00ed souhrnn\u00fdch doklad\u016f jako podklad pro \u00fa\u010detnictv\u00ed Partnera<\/li>\n \t<li>Notifikace koncov\u00e9ho u\u017eivatele p\u0159ed koncem platnosti nebo p\u0159ed vy\u010derp\u00e1n\u00edm dat<\/li>\n<\/ul>\t\t\t\t\t\t<\/div>\n\t\t\t\t<\/div>\n\t\t\t\t\t<\/div>\n\t\t<\/div>\n\t\t\t\t\t\t\t<\/div>\n\t\t<\/section>\n\t\t\t\t\t\t\t<\/div>\n\t\t","protected":false},"excerpt":{"rendered":"<p>Prodej smart hodinek sou\u010dasn\u011b se SIM kartou Mobiln\u00ed oper\u00e1tor COOP Mobil poskytuje SIM s datovou konektivitou, kter\u00e9 nab\u00edz\u00ed spole\u010dn\u011b s chytr\u00fdmi hodinkami. Zam\u011b\u0159uje se na prodej koncov\u00fdm u\u017eivatel\u016fm skrz svoje prodejn\u00ed kan\u00e1ly. Na SIM kart\u011b v hodink\u00e1ch je nastaven\u00fd prepaid tarif s m\u011bs\u00ed\u010dn\u00edm datov\u00fdm limitem. COOP Mobil pot\u0159eboval jednoduch\u00e9 prost\u0159ed\u00ed, ve kter\u00e9m si koncov\u00fd u\u017eivatel [&hellip;]<\/p>\n","protected":false},"author":1,"featured_media":4599,"parent":1284,"menu_order":4,"comment_status":"closed","ping_status":"closed","template":"","meta":{"footnotes":""},"_links":{"self":[{"href":"https:\/\/new.comverga.com\/cze\/wp-json\/wp\/v2\/pages\/1903"}],"collection":[{"href":"https:\/\/new.comverga.com\/cze\/wp-json\/wp\/v2\/pages"}],"about":[{"href":"https:\/\/new.comverga.com\/cze\/wp-json\/wp\/v2\/types\/page"}],"author":[{"embeddable":true,"href":"https:\/\/new.comverga.com\/cze\/wp-json\/wp\/v2\/users\/1"}],"replies":[{"embeddable":true,"href":"https:\/\/new.comverga.com\/cze\/wp-json\/wp\/v2\/comments?post=1903"}],"version-history":[{"count":61,"href":"https:\/\/new.comverga.com\/cze\/wp-json\/wp\/v2\/pages\/1903\/revisions"}],"predecessor-version":[{"id":5379,"href":"https:\/\/new.comverga.com\/cze\/wp-json\/wp\/v2\/pages\/1903\/revisions\/5379"}],"up":[{"embeddable":true,"href":"https:\/\/new.comverga.com\/cze\/wp-json\/wp\/v2\/pages\/1284"}],"wp:featuredmedia":[{"embeddable":true,"href":"https:\/\/new.comverga.com\/cze\/wp-json\/wp\/v2\/media\/4599"}],"wp:attachment":[{"href":"https:\/\/new.comverga.com\/cze\/wp-json\/wp\/v2\/media?parent=1903"}],"curies":[{"name":"wp","href":"https:\/\/api.w.org\/{rel}","templated":true}]}}