{"id":1355,"date":"2022-12-14T13:47:33","date_gmt":"2022-12-14T12:47:33","guid":{"rendered":"https:\/\/www.comverga.com\/?page_id=1355"},"modified":"2023-12-13T12:41:21","modified_gmt":"2023-12-13T11:41:21","slug":"dodavatel-zabezpecovacich-zarizeni-s-kamerovym-zaznamem","status":"publish","type":"page","link":"https:\/\/new.comverga.com\/cze\/sluzby\/software-as-a-service-platform-as-a-service\/comverga-billing-for-fusion-iot\/dodavatel-zabezpecovacich-zarizeni-s-kamerovym-zaznamem\/","title":{"rendered":"Dodavatel zabezpe\u010dovac\u00edch za\u0159\u00edzen\u00ed s kamerov\u00fdm z\u00e1znamem"},"content":{"rendered":"\t\t<div data-elementor-type=\"wp-page\" data-elementor-id=\"1355\" class=\"elementor elementor-1355\">\n\t\t\t\t\t\t\t\t\t<section class=\"elementor-section elementor-top-section elementor-element elementor-element-8ee3f66 elementor-section-boxed elementor-section-height-default elementor-section-height-default\" data-id=\"8ee3f66\" data-element_type=\"section\">\n\t\t\t\t\t\t<div class=\"elementor-container elementor-column-gap-default\">\n\t\t\t\t\t<div class=\"elementor-column elementor-col-50 elementor-top-column elementor-element elementor-element-2c942d7\" data-id=\"2c942d7\" data-element_type=\"column\">\n\t\t\t<div class=\"elementor-widget-wrap elementor-element-populated\">\n\t\t\t\t\t\t\t\t<div class=\"elementor-element elementor-element-43eac17 elementor-widget elementor-widget-text-editor\" data-id=\"43eac17\" data-element_type=\"widget\" data-widget_type=\"text-editor.default\">\n\t\t\t\t<div class=\"elementor-widget-container\">\n\t\t\t\t\t\t\t<div class=\"usecase-text\"><h2 style=\"text-align: left;\">Dodavatel zabezpe\u010dovac\u00edch za\u0159\u00edzen\u00ed s kamerov\u00fdm z\u00e1znamem<\/h2><p>Partner je dodavatelem zabezpe\u010dovac\u00edch za\u0159\u00edzen\u00ed pro dom\u00e1cnosti i pr\u016fmyslov\u00e9 objekty. V t\u011bchto za\u0159\u00edzen\u00edch vyu\u017e\u00edv\u00e1 M2M SIM karty, data jsou \u010derp\u00e1na p\u0159edev\u0161\u00edm kamerou, kter\u00e1 p\u0159i incidentu za\u010dne streamovat obraz.<\/p><p>Partner dod\u00e1v\u00e1 SIMkarty s takov\u00fdm datov\u00fdm objemem, kter\u00fd p\u0159edpokl\u00e1d\u00e1, \u017ee bude pro vyu\u017e\u00edv\u00e1n\u00ed t\u011bchto za\u0159\u00edzen\u00ed sta\u010dit. Odhadnout ale konkr\u00e9tn\u00ed pot\u0159ebn\u00fd objem je velmi slo\u017eit\u00e9, m\u016f\u017ee se li\u0161it podle pou\u017eit\u00ed, po\u010dtu incident\u016f apod.<\/p><\/div>\t\t\t\t\t\t<\/div>\n\t\t\t\t<\/div>\n\t\t\t\t\t<\/div>\n\t\t<\/div>\n\t\t\t\t<div class=\"elementor-column elementor-col-50 elementor-top-column elementor-element elementor-element-ce49457\" data-id=\"ce49457\" data-element_type=\"column\">\n\t\t\t<div class=\"elementor-widget-wrap elementor-element-populated\">\n\t\t\t\t\t\t\t\t<div class=\"elementor-element elementor-element-309214f elementor-widget elementor-widget-image\" data-id=\"309214f\" data-element_type=\"widget\" data-widget_type=\"image.default\">\n\t\t\t\t<div class=\"elementor-widget-container\">\n\t\t\t\t\t\t\t\t\t\t\t\t\t\t\t<img decoding=\"async\" src=\"https:\/\/www.comverga.com\/wp-content\/uploads\/2023\/01\/camera.jpg\" title=\"\" alt=\"\" loading=\"lazy\" \/>\t\t\t\t\t\t\t\t\t\t\t\t\t\t\t<\/div>\n\t\t\t\t<\/div>\n\t\t\t\t\t<\/div>\n\t\t<\/div>\n\t\t\t\t\t\t\t<\/div>\n\t\t<\/section>\n\t\t\t\t<section class=\"elementor-section elementor-top-section elementor-element elementor-element-c593b49 elementor-section-boxed elementor-section-height-default elementor-section-height-default\" data-id=\"c593b49\" data-element_type=\"section\">\n\t\t\t\t\t\t<div class=\"elementor-container elementor-column-gap-default\">\n\t\t\t\t\t<div class=\"elementor-column elementor-col-50 elementor-top-column elementor-element elementor-element-2a81219\" data-id=\"2a81219\" data-element_type=\"column\">\n\t\t\t<div class=\"elementor-widget-wrap elementor-element-populated\">\n\t\t\t\t\t\t\t\t<div class=\"elementor-element elementor-element-98a1857 elementor-widget elementor-widget-sidebar\" data-id=\"98a1857\" data-element_type=\"widget\" data-widget_type=\"sidebar.default\">\n\t\t\t\t<div class=\"elementor-widget-container\">\n\t\t\t<div id=\"widget-box\" class=\"smart-watch\">\n\t<img decoding=\"async\" src=\"https:\/\/www.coopmobil.cz\/wp-content\/uploads\/2021\/04\/coop-mobil-logo.svg\"><br>\n\t<span>Odv\u011btv\u00ed<\/span>\n<p>\n\t\tTelekomunika\u010dn\u00ed oper\u00e1tor \u2013 retail\n\t<\/p>\n<span>Produkt<\/span>\n<p>\n\t\tBundle chytr\u00e9 hodinky + datov\u00e1 konektivita\n\t<\/p>\n<\/div>\n<div id=\"widget-box\" class=\"support\">\n\t<img decoding=\"async\" src=\"https:\/\/www.coopmobil.cz\/wp-content\/uploads\/2021\/04\/coop-mobil-logo.svg\"><br>\n\t<span>Odv\u011btv\u00ed<\/span>\n<p>\n\t\tTelekomunika\u010dn\u00ed oper\u00e1tor \u2013 retail\n\t<\/p>\n<span>Produkt<\/span>\n<p>\n\t\tPr\u016fvodce z\u00e1kaznickou podporou\n\t<\/p>\n<\/div>\n<div id=\"widget-box\" class=\"operator\">\n\t<img decoding=\"async\" src=\"https:\/\/www.coopmobil.cz\/wp-content\/uploads\/2021\/04\/coop-mobil-logo.svg\"><br>\n\t<span>Odv\u011btv\u00ed<\/span>\n<p>\n\t\tTelekomunika\u010dn\u00ed oper\u00e1tor \u2013 retail\n\t<\/p>\n<span>Produkt<\/span>\n<p>\n\t\tRealizace v\u011brnostn\u00edho programu\n\t<\/p>\n<\/div>\n<div id=\"widget-box\" class=\"caravan\">\n<img decoding=\"async\" src=\"\/cze\/wp-content\/uploads\/sites\/3\/2023\/04\/caravan-logo.jpg\"><br>\n<span>Odv\u011btv\u00ed<\/span>\n<p>\n\t\tGPS sledovac\u00ed syst\u00e9my pro vozidla, datov\u00e1 konektivita\n\t<\/p>\n<span>Produkt<\/span>\n<p>\n\t\t\u0158e\u0161en\u00ed pro p\u0159\u00edstup k internetu na cest\u00e1ch\n\t<\/p>\n<\/div>\n<div id=\"widget-box\" class=\"camera\">\n<img decoding=\"async\" src=\"\/cze\/wp-content\/uploads\/sites\/3\/2023\/04\/camera-logo.jpg\"><br>\n<span>Odv\u011btv\u00ed<\/span>\n<p>\n\t\tZabezpe\u010dovac\u00ed syst\u00e9my\n\t<\/p>\n<span>Produkt<\/span>\n<p>\n\t\tKamery s&nbsp;on-line streamov\u00e1n\u00edm\n\t<\/p>\n<\/div>\n<div id=\"widget-box\" class=\"event\">\n\t<img decoding=\"async\" src=\"\/cze\/wp-content\/uploads\/sites\/3\/2023\/04\/event-logo.png\" style=\"width: 50px\"><br>\n\t<span>Odv\u011btv\u00ed<\/span>\n<p>\n\t\tEvent agentura\n\t<\/p>\n<span>Produkt<\/span>\n<p>\n\t\tOrganizace eventu - komunikace s \u00fa\u010dastn\u00edky\n\t<\/p>\n<\/div>\n<div id=\"widget-box\" class=\"competition\">\n\t<img decoding=\"async\" src=\"\/cze\/wp-content\/uploads\/sites\/3\/2023\/04\/competition-logo.png\" style=\"width: 50px\"><br>\n\t<span>Odv\u011btv\u00ed<\/span>\n<p>\n\t\tMaloobchod a spot\u0159ebn\u00ed zbo\u017e\u00ed\n\t<\/p>\n<span>Produkt<\/span>\n<p>\n\t\tOrganizace eventu - komunikace s \u00fa\u010dastn\u00edky\n\t<\/p>\n<\/div>\n<div id=\"widget-box\" class=\"marketing\">\n\t<img decoding=\"async\" src=\"\/cze\/wp-content\/uploads\/sites\/3\/2023\/06\/marketing-logo.png\" style=\"width: 50px\"><br>\n\t<span>Odv\u011btv\u00ed<\/span>\n<p>\n\t\tMarketingov\u00e1 komunikace\n\t<\/p>\n<span>Produkt<\/span>\n<p>\n\t\tRealizace marketingov\u00fdch rozes\u00edlek\n\t<\/p>\n<\/div>\n\n<div id=\"widget-box\" class=\"fmcg\">\n\t<img decoding=\"async\" src=\"\/cze\/wp-content\/uploads\/sites\/3\/2023\/06\/fmcg-logo.png\" style=\"width: 50px\"><br>\n\t<span>Odv\u011btv\u00ed<\/span>\n<p>\n\t\tFMCG<br>Fast Moving Consumer Goods\n\t<\/p>\n<span>Produkt<\/span>\n<p>\n\t\tPotraviny, n\u00e1poje, drogerie\n\t<\/p>\n<\/div>\t\t<\/div>\n\t\t\t\t<\/div>\n\t\t\t\t\t<\/div>\n\t\t<\/div>\n\t\t\t\t<div class=\"elementor-column elementor-col-50 elementor-top-column elementor-element elementor-element-6ac7126\" data-id=\"6ac7126\" data-element_type=\"column\">\n\t\t\t<div class=\"elementor-widget-wrap elementor-element-populated\">\n\t\t\t\t\t\t\t\t<div class=\"elementor-element elementor-element-5809b185 elementor-widget elementor-widget-text-editor\" data-id=\"5809b185\" data-element_type=\"widget\" data-widget_type=\"text-editor.default\">\n\t\t\t\t<div class=\"elementor-widget-container\">\n\t\t\t\t\t\t\t<p>Partner \u0159e\u0161\u00ed n\u00e1sleduj\u00edc\u00ed situace:<\/p><p>-&gt; Situace, kdy objem dat na dan\u00e9 SIM kart\u011b je vy\u010derp\u00e1n nebo se bl\u00ed\u017e\u00ed vy\u010derp\u00e1n\u00ed<\/p><p>-&gt; Situace, kdy \u017eivotnost zabezpe\u010dovac\u00edho za\u0159\u00edzen\u00ed je del\u0161\u00ed ne\u017e platnost dan\u00e9 SIM karty<\/p><p style=\"margin: .5em 0;\">V obou p\u0159\u00edpadech by Partner pot\u0159eboval, aby si koncov\u00fd u\u017eivatel dan\u00e9ho za\u0159\u00edzen\u00ed mohl spravovat danou SIM kartu s\u00e1m, prodlou\u017eit si jej\u00ed platnost, dokoupit pot\u0159ebn\u00e1 data.<\/p><p style=\"margin: .5em 0;\">Partner tak z\u00edsk\u00e1v\u00e1 dal\u0161\u00ed revenue z dokup\u016f bal\u00ed\u010dk\u016f, pln\u011b automatizovan\u011b a bez nutnosti do tohoto procesu jakkoliv manu\u00e1ln\u011b zasahovat.<\/p>\t\t\t\t\t\t<\/div>\n\t\t\t\t<\/div>\n\t\t\t\t\t<\/div>\n\t\t<\/div>\n\t\t\t\t\t\t\t<\/div>\n\t\t<\/section>\n\t\t\t\t<section class=\"elementor-section elementor-top-section elementor-element elementor-element-f272346 elementor-section-boxed elementor-section-height-default elementor-section-height-default\" data-id=\"f272346\" data-element_type=\"section\">\n\t\t\t\t\t\t<div class=\"elementor-container elementor-column-gap-default\">\n\t\t\t\t\t<div class=\"elementor-column elementor-col-50 elementor-top-column elementor-element elementor-element-f561739\" data-id=\"f561739\" data-element_type=\"column\" data-settings=\"{&quot;background_background&quot;:&quot;classic&quot;}\">\n\t\t\t<div class=\"elementor-widget-wrap elementor-element-populated\">\n\t\t\t\t\t\t\t\t<div class=\"elementor-element elementor-element-d75e21b elementor-widget elementor-widget-text-editor\" data-id=\"d75e21b\" data-element_type=\"widget\" data-widget_type=\"text-editor.default\">\n\t\t\t\t<div class=\"elementor-widget-container\">\n\t\t\t\t\t\t\t<h3><strong>Co z\u00edskal Partner d\u00edky COMVERGA<\/strong><\/h3><ul><li>Z\u00edsk\u00e1 informace o platnosti M2M SIM karty a z\u016fstatku dat<\/li><li>Informace o stavu dat a vyu\u017eit\u00ed<\/li><li>Dokoup\u00ed Partnerem nab\u00edzen\u00e9 datov\u00e9 bal\u00ed\u010dky<\/li><li>On-line zaplat\u00ed<\/li><li>Z\u00edsk\u00e1 doklad o platb\u011b<\/li><\/ul>\t\t\t\t\t\t<\/div>\n\t\t\t\t<\/div>\n\t\t\t\t\t<\/div>\n\t\t<\/div>\n\t\t\t\t<div class=\"elementor-column elementor-col-50 elementor-top-column elementor-element elementor-element-b3b10e8\" data-id=\"b3b10e8\" data-element_type=\"column\" data-settings=\"{&quot;background_background&quot;:&quot;classic&quot;}\">\n\t\t\t<div class=\"elementor-widget-wrap elementor-element-populated\">\n\t\t\t\t\t\t\t\t<div class=\"elementor-element elementor-element-724b51d elementor-widget elementor-widget-text-editor\" data-id=\"724b51d\" data-element_type=\"widget\" data-widget_type=\"text-editor.default\">\n\t\t\t\t<div class=\"elementor-widget-container\">\n\t\t\t\t\t\t\t<h3><strong>COMVERGA pro Partnera zajist\u00ed<\/strong><\/h3><ul><li>V\u00fdb\u011br pen\u011bz \u2013 jsme poskytovatelem platebn\u00edch slu\u017eeb<\/li><li>P\u0159ed\u00e1n\u00ed pen\u011bz Partnerovi<\/li><li>Generov\u00e1n\u00ed potvrzen\u00ed o platb\u011b pro koncov\u00e9ho u\u017eivatele<\/li><li>Generov\u00e1n\u00ed souhrnn\u00fdch doklad\u016f jako podklad pro \u00fa\u010detnictv\u00ed Partnera<\/li><li>Notifikace koncov\u00e9ho u\u017eivatele p\u0159ed koncem platnosti nebo p\u0159ed vy\u010derp\u00e1n\u00edm dat<\/li><\/ul>\t\t\t\t\t\t<\/div>\n\t\t\t\t<\/div>\n\t\t\t\t\t<\/div>\n\t\t<\/div>\n\t\t\t\t\t\t\t<\/div>\n\t\t<\/section>\n\t\t\t\t\t\t\t<\/div>\n\t\t","protected":false},"excerpt":{"rendered":"<p>Dodavatel zabezpe\u010dovac\u00edch za\u0159\u00edzen\u00ed s kamerov\u00fdm z\u00e1znamem Partner je dodavatelem zabezpe\u010dovac\u00edch za\u0159\u00edzen\u00ed pro dom\u00e1cnosti i pr\u016fmyslov\u00e9 objekty. V t\u011bchto za\u0159\u00edzen\u00edch vyu\u017e\u00edv\u00e1 M2M SIM karty, data jsou \u010derp\u00e1na p\u0159edev\u0161\u00edm kamerou, kter\u00e1 p\u0159i incidentu za\u010dne streamovat obraz. Partner dod\u00e1v\u00e1 SIMkarty s takov\u00fdm datov\u00fdm objemem, kter\u00fd p\u0159edpokl\u00e1d\u00e1, \u017ee bude pro vyu\u017e\u00edv\u00e1n\u00ed t\u011bchto za\u0159\u00edzen\u00ed sta\u010dit. Odhadnout ale konkr\u00e9tn\u00ed pot\u0159ebn\u00fd objem [&hellip;]<\/p>\n","protected":false},"author":1,"featured_media":4599,"parent":1284,"menu_order":4,"comment_status":"closed","ping_status":"closed","template":"","meta":{"footnotes":""},"_links":{"self":[{"href":"https:\/\/new.comverga.com\/cze\/wp-json\/wp\/v2\/pages\/1355"}],"collection":[{"href":"https:\/\/new.comverga.com\/cze\/wp-json\/wp\/v2\/pages"}],"about":[{"href":"https:\/\/new.comverga.com\/cze\/wp-json\/wp\/v2\/types\/page"}],"author":[{"embeddable":true,"href":"https:\/\/new.comverga.com\/cze\/wp-json\/wp\/v2\/users\/1"}],"replies":[{"embeddable":true,"href":"https:\/\/new.comverga.com\/cze\/wp-json\/wp\/v2\/comments?post=1355"}],"version-history":[{"count":52,"href":"https:\/\/new.comverga.com\/cze\/wp-json\/wp\/v2\/pages\/1355\/revisions"}],"predecessor-version":[{"id":5382,"href":"https:\/\/new.comverga.com\/cze\/wp-json\/wp\/v2\/pages\/1355\/revisions\/5382"}],"up":[{"embeddable":true,"href":"https:\/\/new.comverga.com\/cze\/wp-json\/wp\/v2\/pages\/1284"}],"wp:featuredmedia":[{"embeddable":true,"href":"https:\/\/new.comverga.com\/cze\/wp-json\/wp\/v2\/media\/4599"}],"wp:attachment":[{"href":"https:\/\/new.comverga.com\/cze\/wp-json\/wp\/v2\/media?parent=1355"}],"curies":[{"name":"wp","href":"https:\/\/api.w.org\/{rel}","templated":true}]}}