{"id":690,"date":"2020-12-15T13:00:43","date_gmt":"2020-12-15T12:00:43","guid":{"rendered":"https:\/\/www.comverga.com\/?page_id=690"},"modified":"2023-08-24T12:56:05","modified_gmt":"2023-08-24T10:56:05","slug":"doprava","status":"publish","type":"page","link":"https:\/\/new.comverga.com\/cze\/pl\/odvetvi\/doprava\/","title":{"rendered":"Transport"},"content":{"rendered":"<div data-elementor-type=\"wp-page\" data-elementor-id=\"690\" class=\"elementor elementor-690\">\n\t\t\t\t\t\t\t\t\t<section class=\"elementor-section elementor-top-section elementor-element elementor-element-7de8f2be elementor-section-boxed elementor-section-height-default elementor-section-height-default\" data-id=\"7de8f2be\" data-element_type=\"section\">\n\t\t\t\t\t\t<div class=\"elementor-container elementor-column-gap-default\">\n\t\t\t\t\t<div class=\"elementor-column elementor-col-100 elementor-top-column elementor-element elementor-element-29a02e32\" data-id=\"29a02e32\" data-element_type=\"column\">\n\t\t\t<div class=\"elementor-widget-wrap elementor-element-populated\">\n\t\t\t\t\t\t\t\t<div class=\"elementor-element elementor-element-2a378780 elementor-widget elementor-widget-text-editor\" data-id=\"2a378780\" data-element_type=\"widget\" data-widget_type=\"text-editor.default\">\n\t\t\t\t<div class=\"elementor-widget-container\">\n\t\t\t\t\t\t\t<!-- wp:paragraph -->\n<p>W bran\u017cy transportowej koncentrujemy si\u0119 na sprzeda\u017cy bilet\u00f3w i us\u0142ugach powiadamiania pasa\u017cer\u00f3w. Wiadomo\u015bci, aplikacje mobilne i p\u0142atno\u015bci mobilne s\u0105 tu niezb\u0119dne od ponad dekady. Ostatnio na scen\u0119 wkraczaj\u0105 inteligentne urz\u0105dzenia, czujniki i infrastruktura IoT, kt\u00f3re staj\u0105 si\u0119 integraln\u0105 cz\u0119\u015bci\u0105 us\u0142ug i do\u015bwiadcze\u0144 klient\u00f3w.<\/p>\n<!-- \/wp:paragraph --><!-- wp:paragraph -->\n<p>Oferujemy szeroki zakres us\u0142ug:<\/p>\n<!-- \/wp:paragraph --><!-- wp:list -->\n<ul>\n<li>SMS \/ Bilety online - parking i transport publiczny<\/li>\n<li>Mobilna aplikacja<\/li>\n<li>Us\u0142ugi powiadamiania<\/li>\n<li>P\u0142atno\u015bci mobilne i us\u0142ugi p\u0142atnicze<\/li>\n<li>Outsourcing proces\u00f3w biznesowych (BPO - Outsourcing proces\u00f3w biznesowych)<\/li>\n<li>Eksploatacja infrastruktury telekomunikacyjnej<\/li>\n<li>Profesjonalne us\u0142ugi<\/li>\n<li>Rozw\u00f3j aplikacji<\/li>\n<li>Inteligentne parkowanie<\/li>\n<\/ul>\n<!-- \/wp:list --><!-- wp:paragraph -->\n<p><strong>WYBRANI PARTNERZY<\/strong> - Firmy transportowe w Ostrawie, Hradec Kr\u00e1lov\u00e9, Karlowe Wary<\/p>\n<!-- \/wp:paragraph --><!-- wp:paragraph -->\n<p>\u00a0<\/p>\n<!-- \/wp:paragraph -->\t\t\t\t\t\t<\/div>\n\t\t\t\t<\/div>\n\t\t\t\t\t<\/div>\n\t\t<\/div>\n\t\t\t\t\t\t\t<\/div>\n\t\t<\/section>\n\t\t\t\t\t\t\t<\/div>","protected":false},"excerpt":{"rendered":"<p>W bran\u017cy transportowej koncentrujemy si\u0119 na us\u0142ugach sprzeda\u017cy bilet\u00f3w i powiadamiania pasa\u017cer\u00f3w. Wiadomo\u015bci, aplikacje mobilne i p\u0142atno\u015bci mobilne s\u0105 tu niezb\u0119dne od ponad dekady\u2026<\/p>","protected":false},"author":1,"featured_media":4989,"parent":344,"menu_order":6,"comment_status":"closed","ping_status":"closed","template":"","meta":{"footnotes":""},"_links":{"self":[{"href":"https:\/\/new.comverga.com\/cze\/pl\/wp-json\/wp\/v2\/pages\/690"}],"collection":[{"href":"https:\/\/new.comverga.com\/cze\/pl\/wp-json\/wp\/v2\/pages"}],"about":[{"href":"https:\/\/new.comverga.com\/cze\/pl\/wp-json\/wp\/v2\/types\/page"}],"author":[{"embeddable":true,"href":"https:\/\/new.comverga.com\/cze\/pl\/wp-json\/wp\/v2\/users\/1"}],"replies":[{"embeddable":true,"href":"https:\/\/new.comverga.com\/cze\/pl\/wp-json\/wp\/v2\/comments?post=690"}],"version-history":[{"count":0,"href":"https:\/\/new.comverga.com\/cze\/pl\/wp-json\/wp\/v2\/pages\/690\/revisions"}],"up":[{"embeddable":true,"href":"https:\/\/new.comverga.com\/cze\/pl\/wp-json\/wp\/v2\/pages\/344"}],"wp:featuredmedia":[{"embeddable":true,"href":"https:\/\/new.comverga.com\/cze\/pl\/wp-json\/wp\/v2\/media\/4989"}],"wp:attachment":[{"href":"https:\/\/new.comverga.com\/cze\/pl\/wp-json\/wp\/v2\/media?parent=690"}],"curies":[{"name":"wp","href":"https:\/\/api.w.org\/{rel}","templated":true}]}}