{"id":666,"date":"2020-12-15T12:54:19","date_gmt":"2020-12-15T11:54:19","guid":{"rendered":"https:\/\/www.comverga.com\/?page_id=666"},"modified":"2023-08-24T12:54:11","modified_gmt":"2023-08-24T10:54:11","slug":"bankovnictvi-a-finance","status":"publish","type":"page","link":"https:\/\/new.comverga.com\/cze\/pl\/odvetvi\/bankovnictvi-a-finance\/","title":{"rendered":"Bankowo\u015b\u0107 i finanse"},"content":{"rendered":"<div data-elementor-type=\"wp-page\" data-elementor-id=\"666\" class=\"elementor elementor-666\">\n\t\t\t\t\t\t\t\t\t<section class=\"elementor-section elementor-top-section elementor-element elementor-element-1079824 elementor-section-boxed elementor-section-height-default elementor-section-height-default\" data-id=\"1079824\" data-element_type=\"section\">\n\t\t\t\t\t\t<div class=\"elementor-container elementor-column-gap-default\">\n\t\t\t\t\t<div class=\"elementor-column elementor-col-100 elementor-top-column elementor-element elementor-element-289a5a1a\" data-id=\"289a5a1a\" data-element_type=\"column\">\n\t\t\t<div class=\"elementor-widget-wrap elementor-element-populated\">\n\t\t\t\t\t\t\t\t<div class=\"elementor-element elementor-element-2309851d elementor-widget elementor-widget-text-editor\" data-id=\"2309851d\" data-element_type=\"widget\" data-widget_type=\"text-editor.default\">\n\t\t\t\t<div class=\"elementor-widget-container\">\n\t\t\t\t\t\t\t<!-- wp:paragraph -->\n<p>Messagingov\u00e9 dialogy a konverzace s klienty jsou dnes kl\u00ed\u010dov\u00fdmi prvky \u00fasp\u011b\u0161n\u00e9ho \u0159\u00edzen\u00ed vztah\u016f. Jsou rychl\u00e9, c\u00edlen\u00e9 a neru\u0161iv\u00e9. V\u00edce kan\u00e1l\u016f pro zas\u00edl\u00e1n\u00ed zpr\u00e1v (e-maily, SMS, hlasov\u00e9 zpr\u00e1vy, RCS, instant messenger) je kombinov\u00e1no na z\u00e1klad\u011b preferenc\u00ed klienta.<\/p>\n<!-- \/wp:paragraph --><!-- wp:paragraph -->\n<p>V t\u00e9to oblasti nab\u00edz\u00edme n\u00e1sleduj\u00edc\u00ed slu\u017eby:<\/p>\n<!-- \/wp:paragraph --><!-- wp:list -->\n<ul>\n<li>Slu\u017eby pro messagingovou konverzaci z\u00e1kazn\u00edk\u016f pro CRM<\/li>\n<li>Mobilny marketing<\/li>\n<li>Us\u0142ugi powiadamiania<\/li>\n<li>Badania satysfakcji klient\u00f3w<\/li>\n<li>Mobilna aplikacja<\/li>\n<li>Jednor\u00e1zov\u00e1 hesla<\/li>\n<li>Profesjonalne us\u0142ugi<\/li>\n<li>Rozw\u00f3j aplikacji<\/li>\n<\/ul>\n<!-- \/wp:list --><!-- wp:paragraph -->\n<p>Technologie je st\u00e1le v\u00edce spojov\u00e1na s finan\u010dn\u00edmi a poji\u0161\u0165ovac\u00edmi slu\u017ebami. Nejen v platebn\u00edch slu\u017eb\u00e1ch (bezkontaktn\u00ed a mobiln\u00ed platby, sch\u00e9mata plateb za pou\u017eit\u00ed \u2013 pay per use), ale tak\u00e9 jako kl\u00ed\u010dov\u00e1 p\u0159idan\u00e1 hodnota ke smlouv\u00e1m o poji\u0161t\u011bn\u00ed dom\u00e1cnosti, leasingov\u00fdm smlouv\u00e1m atd. Smlouvy o poji\u0161t\u011bn\u00ed dom\u00e1cnosti mohou b\u00fdt pro spot\u0159ebitele levn\u011bj\u0161\u00ed v p\u0159\u00edpad\u011b, \u017ee instaluj\u00ed inteligentn\u00ed dom\u00e1c\u00ed spot\u0159ebi\u010de a slu\u017eby, omezuj\u00edc\u00ed \u0161kody v p\u0159\u00edpad\u011b hav\u00e1rie.<\/p>\n<!-- \/wp:paragraph --><!-- wp:paragraph -->\n<p>Jsme p\u0159ipraveni pln\u011b provozovat pot\u0159ebnou infrastrukturu i souvisej\u00edc\u00ed obchodn\u00ed procesy:<\/p>\n<!-- \/wp:paragraph --><!-- wp:list -->\n<ul>\n<li>Outsourcing proces\u00f3w biznesowych (BPO - Outsourcing proces\u00f3w biznesowych)<\/li>\n<li>Platforma pro poskytov\u00e1n\u00ed slu\u017eeb jako slu\u017eba<\/li>\n<li>Eksploatacja infrastruktury telekomunikacyjnej<\/li>\n<li>Profesjonalne us\u0142ugi<\/li>\n<li>Rozw\u00f3j aplikacji<\/li>\n<li>Smart Home infrastruktura a aplikace<\/li>\n<\/ul>\n<!-- \/wp:list --><!-- wp:paragraph -->\n<p>\u00a0<\/p>\n<!-- \/wp:paragraph -->\t\t\t\t\t\t<\/div>\n\t\t\t\t<\/div>\n\t\t\t\t\t<\/div>\n\t\t<\/div>\n\t\t\t\t\t\t\t<\/div>\n\t\t<\/section>\n\t\t\t\t\t\t\t<\/div>","protected":false},"excerpt":{"rendered":"<p>Dialogowe wiadomo\u015bci i rozmowy z klientami s\u0105 dzi\u015b kluczowymi elementami skutecznego zarz\u0105dzania relacjami. S\u0105 szybkie, ukierunkowane i dyskretne. Wiele kana\u0142\u00f3w komunikacji...<\/p>","protected":false},"author":1,"featured_media":4977,"parent":344,"menu_order":3,"comment_status":"closed","ping_status":"closed","template":"","meta":{"footnotes":""},"_links":{"self":[{"href":"https:\/\/new.comverga.com\/cze\/pl\/wp-json\/wp\/v2\/pages\/666"}],"collection":[{"href":"https:\/\/new.comverga.com\/cze\/pl\/wp-json\/wp\/v2\/pages"}],"about":[{"href":"https:\/\/new.comverga.com\/cze\/pl\/wp-json\/wp\/v2\/types\/page"}],"author":[{"embeddable":true,"href":"https:\/\/new.comverga.com\/cze\/pl\/wp-json\/wp\/v2\/users\/1"}],"replies":[{"embeddable":true,"href":"https:\/\/new.comverga.com\/cze\/pl\/wp-json\/wp\/v2\/comments?post=666"}],"version-history":[{"count":0,"href":"https:\/\/new.comverga.com\/cze\/pl\/wp-json\/wp\/v2\/pages\/666\/revisions"}],"up":[{"embeddable":true,"href":"https:\/\/new.comverga.com\/cze\/pl\/wp-json\/wp\/v2\/pages\/344"}],"wp:featuredmedia":[{"embeddable":true,"href":"https:\/\/new.comverga.com\/cze\/pl\/wp-json\/wp\/v2\/media\/4977"}],"wp:attachment":[{"href":"https:\/\/new.comverga.com\/cze\/pl\/wp-json\/wp\/v2\/media?parent=666"}],"curies":[{"name":"wp","href":"https:\/\/api.w.org\/{rel}","templated":true}]}}