{"id":416,"date":"2020-11-25T15:33:41","date_gmt":"2020-11-25T14:33:41","guid":{"rendered":"https:\/\/www.comverga.com\/?page_id=416"},"modified":"2023-03-02T11:50:31","modified_gmt":"2023-03-02T10:50:31","slug":"tym","status":"publish","type":"page","link":"https:\/\/new.comverga.com\/cze\/pl\/tym\/","title":{"rendered":"Kierownictwo"},"content":{"rendered":"<div data-elementor-type=\"wp-page\" data-elementor-id=\"416\" class=\"elementor elementor-416\">\n\t\t\t\t\t\t\t\t\t<section class=\"elementor-section elementor-top-section elementor-element elementor-element-c4cc32a elementor-section-boxed elementor-section-height-default elementor-section-height-default\" data-id=\"c4cc32a\" data-element_type=\"section\">\n\t\t\t\t\t\t<div class=\"elementor-container elementor-column-gap-default\">\n\t\t\t\t\t<div class=\"elementor-column elementor-col-100 elementor-top-column elementor-element elementor-element-3ce9556a\" data-id=\"3ce9556a\" data-element_type=\"column\">\n\t\t\t<div class=\"elementor-widget-wrap elementor-element-populated\">\n\t\t\t\t\t\t\t\t<div class=\"elementor-element elementor-element-5816f410 elementor-widget elementor-widget-text-editor\" data-id=\"5816f410\" data-element_type=\"widget\" data-widget_type=\"text-editor.default\">\n\t\t\t\t<div class=\"elementor-widget-container\">\n\t\t\t\t\t\t\t<!-- wp:heading -->\n<h2><strong>Rada Dyrektor\u00f3w<\/strong><\/h2>\n<!-- \/wp:heading -->\n\n<!-- wp:heading {\"level\":3,\"className\":\"margin-bottom-1rem\"} -->\n<h3 class=\"margin-bottom-1rem\">Martin Ko\u0161ut \u2013 za\u0142o\u017cyciel, prezes zarz\u0105du i dyrektor generalny<\/h3>\n<!-- \/wp:heading -->\n\n<!-- wp:columns {\"verticalAlignment\":\"center\",\"className\":\"nomargin\"} -->\n<div class=\"wp-block-columns are-vertically-aligned-center nomargin\"><!-- wp:column {\"verticalAlignment\":\"center\",\"width\":\"33.34%\"} -->\n<div class=\"wp-block-column is-vertically-aligned-center\" style=\"flex-basis: 33.34%;\"><!-- wp:image {\"align\":\"left\",\"id\":880,\"width\":200,\"height\":200,\"sizeSlug\":\"medium\",\"linkDestination\":\"none\",\"className\":\"nomargin\"} -->\n<div class=\"wp-block-image nomargin\">\n<figure class=\"alignleft size-medium is-resized\"><img decoding=\"async\" class=\"wp-image-880\" src=\"https:\/\/www.comverga.com\/wp-content\/uploads\/2020\/12\/Martin-298x300.png\" alt=\"\" width=\"200\" height=\"200\" \/><\/figure>\n<\/div>\n<!-- \/wp:image --><\/div>\n<!-- \/wp:column -->\n\n<!-- wp:column {\"verticalAlignment\":\"center\",\"width\":\"66.66%\",\"className\":\"has-padding-right-20\"} -->\n<div class=\"wp-block-column is-vertically-aligned-center has-padding-right-20\" style=\"flex-basis: 66.66%;\"><!-- wp:paragraph -->\n<p>Martin Ko\u0161ut jest wsp\u00f3\u0142za\u0142o\u017cycielem firmy i od 2000 roku pe\u0142ni funkcj\u0119 jej prezesa i dyrektora generalnego. Wcze\u015bniej by\u0142 odpowiedzialny za eCommerce w Compaq Computer w Europie, na Bliskim Wschodzie i w Afryce oraz rozw\u00f3j biznesu Tulip Computer w Europie \u015arodkowo-Wschodniej. Studiowa\u0142 informatyk\u0119 na Wydziale Matematyki i Fizyki oraz teologi\u0119 na Katolickim Wydziale Teologicznym Uniwersytetu Karola w Pradze.<\/p>\n<!-- \/wp:paragraph --><\/div>\n<!-- \/wp:column --><\/div>\n<!-- \/wp:columns -->\n\n<!-- wp:heading {\"level\":3,\"className\":\"margin-bottom-1rem\"} -->\n<h3 class=\"margin-bottom-1rem\">Piotr Herman \u2013 za\u0142o\u017cyciel, cz\u0142onek zarz\u0105du i dyrektor zarz\u0105dzaj\u0105cy na Polsk\u0119<\/h3>\n<!-- \/wp:heading -->\n\n<!-- wp:columns {\"verticalAlignment\":\"center\",\"className\":\"nomargin\"} -->\n<div class=\"wp-block-columns are-vertically-aligned-center nomargin\"><!-- wp:column {\"verticalAlignment\":\"center\",\"width\":\"33.33%\"} -->\n<div class=\"wp-block-column is-vertically-aligned-center\" style=\"flex-basis: 33.33%;\"><!-- wp:image {\"align\":\"left\",\"id\":882,\"width\":200,\"height\":200,\"sizeSlug\":\"full\",\"linkDestination\":\"none\",\"className\":\"nomargin\"} -->\n<div class=\"wp-block-image nomargin\">\n<figure class=\"alignleft size-full is-resized\"><img decoding=\"async\" class=\"wp-image-882\" src=\"https:\/\/www.comverga.com\/wp-content\/uploads\/2020\/12\/Piotr.png\" alt=\"\" width=\"200\" height=\"200\" \/><\/figure>\n<\/div>\n<!-- \/wp:image --><\/div>\n<!-- \/wp:column -->\n\n<!-- wp:column {\"verticalAlignment\":\"center\",\"width\":\"66.66%\",\"className\":\"has-padding-right-20\"} -->\n<div class=\"wp-block-column is-vertically-aligned-center has-padding-right-20\" style=\"flex-basis: 66.66%;\"><!-- wp:paragraph -->\n<p>Piotr Herman do\u0142\u0105czy\u0142 do naszego zespo\u0142u w 2001 roku i by\u0142 wsp\u00f3\u0142za\u0142o\u017cycielem naszej polskiej sp\u00f3\u0142ki zale\u017cnej. Z firm\u0105 zwi\u0105zany jako cz\u0142onek zarz\u0105du od 2004 roku. Przed t\u0105 misj\u0105 pracowa\u0142 w T-Mobile, Airtel i CT Creative Team. Piotr uzyska\u0142 tytu\u0142 in\u017cyniera telekomunikacji na Politechnice Warszawskiej oraz tytu\u0142 MBA w Wy\u017cszej Szkole Mened\u017cerskiej.<\/p>\n<!-- \/wp:paragraph --><\/div>\n<!-- \/wp:column --><\/div>\n<!-- \/wp:columns -->\n\n<!-- wp:heading {\"level\":3,\"className\":\"margin-bottom-1rem\"} -->\n<h3 class=\"margin-bottom-1rem\">Petr Mike\u0161 \u2013 cz\u0142onek zarz\u0105du i dyrektor techniczny<\/h3>\n<!-- \/wp:heading -->\n\n<!-- wp:columns {\"verticalAlignment\":\"center\",\"className\":\"nomargin\"} -->\n<div class=\"wp-block-columns are-vertically-aligned-center nomargin\"><!-- wp:column {\"verticalAlignment\":\"center\",\"width\":\"33.33%\"} -->\n<div class=\"wp-block-column is-vertically-aligned-center\" style=\"flex-basis: 33.33%;\"><!-- wp:image {\"align\":\"left\",\"id\":881,\"width\":200,\"height\":200,\"sizeSlug\":\"medium\",\"linkDestination\":\"none\",\"className\":\"nomargin\"} -->\n<div class=\"wp-block-image nomargin\">\n<figure class=\"alignleft size-medium is-resized\"><img decoding=\"async\" class=\"wp-image-881\" src=\"https:\/\/www.comverga.com\/wp-content\/uploads\/2020\/12\/Petr-300x300.png\" alt=\"\" width=\"200\" height=\"200\" \/><\/figure>\n<\/div>\n<!-- \/wp:image --><\/div>\n<!-- \/wp:column -->\n\n<!-- wp:column {\"verticalAlignment\":\"center\",\"width\":\"66.66%\",\"className\":\"has-padding-right-20\"} -->\n<div class=\"wp-block-column is-vertically-aligned-center has-padding-right-20\" style=\"flex-basis: 66.66%;\"><!-- wp:paragraph -->\n<p>Petr Mike\u0161 piastowa\u0142 kilka stanowisk kierowniczych w naszym zespole technicznym od 2012 roku. W 2017 roku przej\u0105\u0142 og\u00f3ln\u0105 odpowiedzialno\u015b\u0107 za nasze dostawy i dzia\u0142alno\u015b\u0107, a w 2019 roku do\u0142\u0105czy\u0142 do zarz\u0105du. Petr studiowa\u0142 elektrotechnik\u0119 na Politechnice w Brnie.<\/p>\n<!-- \/wp:paragraph --><\/div>\n<!-- \/wp:column --><\/div>\n<!-- \/wp:columns -->\n\n<!-- wp:heading {\"level\":3,\"className\":\"margin-bottom-1rem\"} -->\n<h3 class=\"margin-bottom-1rem\">David Ko\u0161ut \u2013 cz\u0142onek zarz\u0105du<\/h3>\n<!-- \/wp:heading -->\n\n<!-- wp:columns {\"verticalAlignment\":\"center\",\"className\":\"nomargin\"} -->\n<div class=\"wp-block-columns are-vertically-aligned-center nomargin\"><!-- wp:column {\"verticalAlignment\":\"center\",\"width\":\"33.33%\"} -->\n<div class=\"wp-block-column is-vertically-aligned-center\" style=\"flex-basis: 33.33%;\"><!-- wp:image {\"align\":\"left\",\"id\":878,\"width\":200,\"height\":200,\"sizeSlug\":\"medium\",\"linkDestination\":\"none\",\"className\":\"nomargin\"} -->\n<div class=\"wp-block-image nomargin\">\n<figure class=\"alignleft size-medium is-resized\"><img loading=\"lazy\" decoding=\"async\" class=\"wp-image-878\" src=\"https:\/\/www.comverga.com\/wp-content\/uploads\/2020\/12\/David-300x300.png\" alt=\"\" width=\"200\" height=\"200\" \/><\/figure>\n<\/div>\n<!-- \/wp:image --><\/div>\n<!-- \/wp:column -->\n\n<!-- wp:column {\"verticalAlignment\":\"center\",\"width\":\"66.66%\",\"className\":\"has-padding-right-20\"} -->\n<div class=\"wp-block-column is-vertically-aligned-center has-padding-right-20\" style=\"flex-basis: 66.66%;\"><!-- wp:paragraph -->\n<p>David Ko\u0161ut do\u0142\u0105czy\u0142 do naszego zespo\u0142u ds. rozwoju produkt\u00f3w w 2017 r., a do zarz\u0105du do\u0142\u0105czy\u0142 w 2019 r. Studiowa\u0142 energi\u0119 i zarz\u0105dzanie na Politechnice Czeskiej w Pradze.<\/p>\n<!-- \/wp:paragraph --><\/div>\n<!-- \/wp:column --><\/div>\n<!-- \/wp:columns -->\n\n<!-- wp:heading -->\n<h2><strong>Rada nadzorcza<\/strong><\/h2>\n<!-- \/wp:heading -->\n\n<!-- wp:heading {\"level\":3,\"className\":\"margin-bottom-1rem\"} -->\n<h3 class=\"margin-bottom-1rem\">Martin Ko\u0161ut Jr. - Cz\u0142onek Rady Nadzorczej<\/h3>\n<!-- \/wp:heading -->\n\n<!-- wp:columns {\"verticalAlignment\":\"center\",\"className\":\"nomargin\"} -->\n<div class=\"wp-block-columns are-vertically-aligned-center nomargin\"><!-- wp:column {\"verticalAlignment\":\"center\",\"width\":\"33.33%\"} -->\n<div class=\"wp-block-column is-vertically-aligned-center\" style=\"flex-basis: 33.33%;\"><!-- wp:image {\"align\":\"left\",\"id\":818,\"width\":200,\"height\":200,\"sizeSlug\":\"medium\",\"linkDestination\":\"none\",\"className\":\"nomargin\"} -->\n<div class=\"wp-block-image nomargin\">\n<figure class=\"alignleft size-medium is-resized\"><img loading=\"lazy\" decoding=\"async\" class=\"wp-image-818\" src=\"https:\/\/www.comverga.com\/wp-content\/uploads\/2020\/12\/Marta-300x300.png\" alt=\"\" width=\"200\" height=\"200\" srcset=\"https:\/\/new.comverga.com\/cze\/wp-content\/uploads\/sites\/3\/2020\/12\/Marta-300x300.png 300w, https:\/\/new.comverga.com\/cze\/wp-content\/uploads\/sites\/3\/2020\/12\/Marta-150x150.png 150w, https:\/\/new.comverga.com\/cze\/wp-content\/uploads\/sites\/3\/2020\/12\/Marta-768x770.png 768w, https:\/\/new.comverga.com\/cze\/wp-content\/uploads\/sites\/3\/2020\/12\/Marta.png 787w\" sizes=\"(max-width: 200px) 100vw, 200px\" \/><\/figure>\n<\/div>\n<!-- \/wp:image --><\/div>\n<!-- \/wp:column -->\n\n<!-- wp:column {\"verticalAlignment\":\"center\",\"width\":\"66.66%\",\"className\":\"has-padding-right-20\"} -->\n<div class=\"wp-block-column is-vertically-aligned-center has-padding-right-20\" style=\"flex-basis: 66.66%;\"><!-- wp:paragraph -->\n<p>Martin Ko\u0161ut Jr. od 2011 roku zasiada w radzie nadzorczej rodzinnego holdingu. Jest absolwentem ekonomii na Uniwersytecie Ekonomicznym w Pradze oraz Czeskim Uniwersytecie Przyrodniczym.<\/p>\n<!-- \/wp:paragraph --><\/div>\n<!-- \/wp:column --><\/div>\n<!-- \/wp:columns -->\t\t\t\t\t\t<\/div>\n\t\t\t\t<\/div>\n\t\t\t\t\t<\/div>\n\t\t<\/div>\n\t\t\t\t\t\t\t<\/div>\n\t\t<\/section>\n\t\t\t\t\t\t\t<\/div>","protected":false},"excerpt":{"rendered":"<p>P\u0159edstavenstvo Martin Ko\u0161ut &#8211; zakladatel, p\u0159edseda p\u0159edstavenstva a gener\u00e1ln\u00ed \u0159editel Martin Ko\u0161ut spoluzakl\u00e1dal spole\u010dnost a p\u016fsob\u00ed jako jej\u00ed p\u0159edseda p\u0159edstavenstva a gener\u00e1ln\u00ed \u0159editel od roku 2000. P\u0159edt\u00edm byl odpov\u011bdn\u00fd za eCommerce ve spole\u010dnosti Compaq Computer v Evrop\u011b, na St\u0159edn\u00edm v\u00fdchod\u011b a v Africe a rozv\u00edjel podnik\u00e1n\u00ed pro Tulip Computer ve st\u0159edn\u00ed a v\u00fdchodn\u00ed Evrop\u011b. Vystudoval [&hellip;]<\/p>","protected":false},"author":1,"featured_media":52,"parent":0,"menu_order":0,"comment_status":"closed","ping_status":"closed","template":"","meta":{"footnotes":""},"_links":{"self":[{"href":"https:\/\/new.comverga.com\/cze\/pl\/wp-json\/wp\/v2\/pages\/416"}],"collection":[{"href":"https:\/\/new.comverga.com\/cze\/pl\/wp-json\/wp\/v2\/pages"}],"about":[{"href":"https:\/\/new.comverga.com\/cze\/pl\/wp-json\/wp\/v2\/types\/page"}],"author":[{"embeddable":true,"href":"https:\/\/new.comverga.com\/cze\/pl\/wp-json\/wp\/v2\/users\/1"}],"replies":[{"embeddable":true,"href":"https:\/\/new.comverga.com\/cze\/pl\/wp-json\/wp\/v2\/comments?post=416"}],"version-history":[{"count":0,"href":"https:\/\/new.comverga.com\/cze\/pl\/wp-json\/wp\/v2\/pages\/416\/revisions"}],"wp:featuredmedia":[{"embeddable":true,"href":"https:\/\/new.comverga.com\/cze\/pl\/wp-json\/wp\/v2\/media\/52"}],"wp:attachment":[{"href":"https:\/\/new.comverga.com\/cze\/pl\/wp-json\/wp\/v2\/media?parent=416"}],"curies":[{"name":"wp","href":"https:\/\/api.w.org\/{rel}","templated":true}]}}