{"id":3464,"date":"2023-03-07T13:49:31","date_gmt":"2023-03-07T12:49:31","guid":{"rendered":"https:\/\/www.comverga.com\/cze\/?page_id=3464"},"modified":"2023-04-21T15:15:12","modified_gmt":"2023-04-21T13:15:12","slug":"o-nas-3","status":"publish","type":"page","link":"https:\/\/new.comverga.com\/cze\/pl\/o-nas-3\/","title":{"rendered":"O nas"},"content":{"rendered":"<div data-elementor-type=\"wp-page\" data-elementor-id=\"3464\" class=\"elementor elementor-3464\">\n\t\t\t\t\t\t\t\t\t<section class=\"elementor-section elementor-top-section elementor-element elementor-element-e2f3cef elementor-section-boxed elementor-section-height-default elementor-section-height-default\" data-id=\"e2f3cef\" data-element_type=\"section\">\n\t\t\t\t\t\t<div class=\"elementor-container elementor-column-gap-default\">\n\t\t\t\t\t<div class=\"elementor-column elementor-col-100 elementor-top-column elementor-element elementor-element-71a9acd\" data-id=\"71a9acd\" data-element_type=\"column\">\n\t\t\t<div class=\"elementor-widget-wrap elementor-element-populated\">\n\t\t\t\t\t\t\t\t<div class=\"elementor-element elementor-element-f8658f6 elementor-widget elementor-widget-text-editor\" data-id=\"f8658f6\" data-element_type=\"widget\" data-widget_type=\"text-editor.default\">\n\t\t\t\t<div class=\"elementor-widget-container\">\n\t\t\t\t\t\t\t<p>Jeste\u015bmy firm\u0105 rodzinn\u0105 z ponad dwudziestoletni\u0105 histori\u0105 pe\u0142n\u0105 sukces\u00f3w. W firmie dzia\u0142a ju\u017c drugie pokolenie. Nasz sukces opiera si\u0119 na d\u0142ugoterminowej wsp\u00f3\u0142pracy z naszymi partnerami biznesowymi i klientami. Razem nie mo\u017cemy si\u0119 doczeka\u0107 sta\u0142ego i rentownego rozwoju biznesu. Zacz\u0119li\u015bmy od us\u0142ug przesy\u0142ania wiadomo\u015bci mi\u0119dzy sieciami kom\u00f3rkowymi i stacjonarnymi. Nast\u0119pnie dodali\u015bmy do portfolio us\u0142ugi transmisji g\u0142osu i danych oraz zbudowali\u015bmy szerok\u0105 gam\u0119 us\u0142ug konwergentnych i aplikacji o warto\u015bci dodanej.<\/p><p>Naturalnym kolejnym krokiem w poszerzaniu portfolio by\u0142y us\u0142ugi p\u0142atnicze i ich po\u0142\u0105czenie z us\u0142ugami telekomunikacyjnymi. Tworzymy w\u0142asne systemy i platformy oraz obs\u0142ugujemy w\u0142asn\u0105 infrastruktur\u0119, aby \u015bwiadczy\u0107 us\u0142ugi niezale\u017cne od technologii, dostawc\u00f3w i sieci. \u0141\u0105czymy r\u00f3\u017cne sieci i dostawc\u00f3w us\u0142ug hostingowych z nasz\u0105 infrastruktur\u0105, aby zaoferowa\u0107 naszym partnerom i klientom szereg us\u0142ug konwergentnych. Posiadamy licencje na us\u0142ugi telekomunikacyjne i p\u0142atnicze. Nasz system zarz\u0105dzania bezpiecze\u0144stwem danych posiada certyfikat ISO 27001.<\/p><p>Wsp\u00f3lnie z partnerami strategicznymi inwestujemy tak\u017ce we wsp\u00f3lne przedsi\u0119wzi\u0119cia, aby zapewni\u0107 d\u0142ugoterminowy rozw\u00f3j kluczowych projekt\u00f3w. Do takich projekt\u00f3w zalicza si\u0119 np. hurtowa agregacja us\u0142ug konwergentnych w Quadruple a.s. oraz unikalny projekt wirtualnego operatora COOP Mobil s.r.o. z programem lojalno\u015bciowym dla swoich klient\u00f3w i pracownik\u00f3w.<\/p>\t\t\t\t\t\t<\/div>\n\t\t\t\t<\/div>\n\t\t\t\t<div class=\"elementor-element elementor-element-6d43a15 elementor-widget elementor-widget-html\" data-id=\"6d43a15\" data-element_type=\"widget\" data-widget_type=\"html.default\">\n\t\t\t\t<div class=\"elementor-widget-container\">\n\t\t\t<div class=\"image-links\">\n    \n    <a href=\"https:\/\/www.coopmobil.cz\/\" class=\"image\">\n        <img decoding=\"async\" src=\"https:\/\/www.comverga.com\/cze\/wp-content\/uploads\/sites\/3\/2022\/08\/coop-mobil-logo.svg\" width=\"100\">\n    <\/a>\n    \n    <a href=\"https:\/\/www.quadruple.cz\/\" class=\"image\">\n        <img decoding=\"async\" src=\"https:\/\/www.comverga.com\/cze\/wp-content\/uploads\/sites\/3\/2023\/03\/logo.png\" width=\"150\">\n    <\/a>\n    \n<\/div>\t\t<\/div>\n\t\t\t\t<\/div>\n\t\t\t\t\t<\/div>\n\t\t<\/div>\n\t\t\t\t\t\t\t<\/div>\n\t\t<\/section>\n\t\t\t\t<section class=\"elementor-section elementor-top-section elementor-element elementor-element-6392469 elementor-section-boxed elementor-section-height-default elementor-section-height-default\" data-id=\"6392469\" data-element_type=\"section\" id=\"reference\">\n\t\t\t\t\t\t<div class=\"elementor-container elementor-column-gap-default\">\n\t\t\t\t\t<div class=\"elementor-column elementor-col-100 elementor-top-column elementor-element elementor-element-fe90ae7\" data-id=\"fe90ae7\" data-element_type=\"column\">\n\t\t\t<div class=\"elementor-widget-wrap elementor-element-populated\">\n\t\t\t\t\t\t\t\t<div class=\"elementor-element elementor-element-4fe991c elementor-widget elementor-widget-heading\" data-id=\"4fe991c\" data-element_type=\"widget\" data-widget_type=\"heading.default\">\n\t\t\t\t<div class=\"elementor-widget-container\">\n\t\t\t<h2 class=\"elementor-heading-title elementor-size-default\">Odniesienie<\/h2>\t\t<\/div>\n\t\t\t\t<\/div>\n\t\t\t\t<div class=\"elementor-element elementor-element-d431e51 about-carousel elementor-widget elementor-widget-advanced-carousel\" data-id=\"d431e51\" data-element_type=\"widget\" data-widget_type=\"advanced-carousel.default\">\n\t\t\t\t<div class=\"elementor-widget-container\">\n\t\t\t\r\n\t\t<!--====== HTML CODING START ========-->\r\n\r\n\t\t<section class=\"tm-slider slider  content-over-slider\" id=\"tdt-slider-245\" data-mobiles=\"1\" data-tabs=\"2\" data-slick='{\"arrows\": true, \"autoplaySpeed\": 500, \"dots\": false, \"autoplay\": true, \"infinite\": true, \"adaptiveHeight\": true, \"pauseOnHover\": true, \"slidesToShow\": 4, \"slidesToScroll\": 1, \"fade\": false, \"touchThreshold\": 1}'>\r\n\t\t\t\t\t\t\t  <div>\r\n\t\t\t\t  \t\t\t\t\t  \t\t<a href=\"https:\/\/www.t-mobile.cz\/\"  class=\"\">\r\n\t\t\t\t\t\t\t\t\t\t\t\t\t\t\t\t\t\t\t\t\t<span class=\"ultimate-slide-img\" style=\"max-width: 100%; border-radius: ; margin-bottom: 15px;\">\r\n\t\t\t\t\t  \t\t<img decoding=\"async\" width=\"300\" height=\"130\" src=\"https:\/\/new.comverga.com\/cze\/wp-content\/uploads\/sites\/3\/2023\/04\/tmobile-comverga-1.png\" class=\"attachment-full size-full wp-image-3907\" alt=\"\" \/>\t\t\t\t\t\t<\/span>\r\n\t\t\t\t\t\t\r\n\t\t\t\t\t\t<\/a>\r\n\t\t\t\t  \t<span class=\"content-section\">\r\n\t\t\t\t\t  \t<br>\r\n\r\n\t\t\t\t\t  \t\t\t\t\t\t  \t<p>&nbsp;<\/p>\r\n\t\t\t\t  \t<\/span>\r\n\t\t\t\t  <\/div>\r\n\t\t\t\t\t\t\t  <div>\r\n\t\t\t\t  \t\t\t\t\t  \t\t<a href=\"https:\/\/www.vodafone.cz\/\"  class=\"\">\r\n\t\t\t\t\t\t\t\t\t\t\t\t\t\t\t\t\t\t\t\t\t<span class=\"ultimate-slide-img\" style=\"max-width: 100%; border-radius: ; margin-bottom: 15px;\">\r\n\t\t\t\t\t  \t\t<img decoding=\"async\" width=\"300\" height=\"130\" src=\"https:\/\/new.comverga.com\/cze\/wp-content\/uploads\/sites\/3\/2023\/04\/vodafone-comverga-1.png\" class=\"attachment-full size-full wp-image-3908\" alt=\"\" \/>\t\t\t\t\t\t<\/span>\r\n\t\t\t\t\t\t\r\n\t\t\t\t\t\t<\/a>\r\n\t\t\t\t  \t<span class=\"content-section\">\r\n\t\t\t\t\t  \t<br>\r\n\r\n\t\t\t\t\t  \t\t\t\t\t\t  \t<p>&nbsp;<\/p>\r\n\t\t\t\t  \t<\/span>\r\n\t\t\t\t  <\/div>\r\n\t\t\t\t\t\t\t  <div>\r\n\t\t\t\t  \t\t\t\t\t  \t\t<a href=\"https:\/\/www.o2.cz\/\"  class=\"\">\r\n\t\t\t\t\t\t\t\t\t\t\t\t\t\t\t\t\t\t\t\t\t<span class=\"ultimate-slide-img\" style=\"max-width: 100%; border-radius: ; margin-bottom: 15px;\">\r\n\t\t\t\t\t  \t\t<img decoding=\"async\" width=\"300\" height=\"130\" src=\"https:\/\/new.comverga.com\/cze\/wp-content\/uploads\/sites\/3\/2023\/04\/o2-comverga.png\" class=\"attachment-full size-full wp-image-3822\" alt=\"\" \/>\t\t\t\t\t\t<\/span>\r\n\t\t\t\t\t\t\r\n\t\t\t\t\t\t<\/a>\r\n\t\t\t\t  \t<span class=\"content-section\">\r\n\t\t\t\t\t  \t<br>\r\n\r\n\t\t\t\t\t  \t\t\t\t\t\t  \t<p>&nbsp;<\/p>\r\n\t\t\t\t  \t<\/span>\r\n\t\t\t\t  <\/div>\r\n\t\t\t\t\t\t\t  <div>\r\n\t\t\t\t  \t\t\t\t\t  \t\t<a href=\"https:\/\/www.csob.cz\/\"  class=\"\">\r\n\t\t\t\t\t\t\t\t\t\t\t\t\t\t\t\t\t\t\t\t\t<span class=\"ultimate-slide-img\" style=\"max-width: 100%; border-radius: ; margin-bottom: 15px;\">\r\n\t\t\t\t\t  \t\t<img loading=\"lazy\" decoding=\"async\" width=\"300\" height=\"130\" src=\"https:\/\/new.comverga.com\/cze\/wp-content\/uploads\/sites\/3\/2023\/04\/csob-comverga.png\" class=\"attachment-full size-full wp-image-3825\" alt=\"\" \/>\t\t\t\t\t\t<\/span>\r\n\t\t\t\t\t\t\r\n\t\t\t\t\t\t<\/a>\r\n\t\t\t\t  \t<span class=\"content-section\">\r\n\t\t\t\t\t  \t<br>\r\n\r\n\t\t\t\t\t  \t\t\t\t\t\t  \t<p>&nbsp;<\/p>\r\n\t\t\t\t  \t<\/span>\r\n\t\t\t\t  <\/div>\r\n\t\t\t\t\t\t\t  <div>\r\n\t\t\t\t  \t\t\t\t\t  \t\t<a href=\"https:\/\/www.skupina.coop\/\"  class=\"\">\r\n\t\t\t\t\t\t\t\t\t\t\t\t\t\t\t\t\t\t\t\t\t<span class=\"ultimate-slide-img\" style=\"max-width: 100%; border-radius: ; margin-bottom: 15px;\">\r\n\t\t\t\t\t  \t\t<img loading=\"lazy\" decoding=\"async\" width=\"300\" height=\"130\" src=\"https:\/\/new.comverga.com\/cze\/wp-content\/uploads\/sites\/3\/2023\/04\/coop-comverga.png\" class=\"attachment-full size-full wp-image-3826\" alt=\"\" \/>\t\t\t\t\t\t<\/span>\r\n\t\t\t\t\t\t\r\n\t\t\t\t\t\t<\/a>\r\n\t\t\t\t  \t<span class=\"content-section\">\r\n\t\t\t\t\t  \t<br>\r\n\r\n\t\t\t\t\t  \t\t\t\t\t\t  \t<p>&nbsp;<\/p>\r\n\t\t\t\t  \t<\/span>\r\n\t\t\t\t  <\/div>\r\n\t\t\t\t\t\t\t  <div>\r\n\t\t\t\t  \t\t\t\t\t  \t\t<a href=\"https:\/\/www.airbank.cz\/\"  class=\"\">\r\n\t\t\t\t\t\t\t\t\t\t\t\t\t\t\t\t\t\t\t\t\t<span class=\"ultimate-slide-img\" style=\"max-width: 100%; border-radius: ; margin-bottom: 15px;\">\r\n\t\t\t\t\t  \t\t<img loading=\"lazy\" decoding=\"async\" width=\"300\" height=\"130\" src=\"https:\/\/new.comverga.com\/cze\/wp-content\/uploads\/sites\/3\/2023\/04\/airbank-comverga-1.png\" class=\"attachment-full size-full wp-image-4208\" alt=\"\" \/>\t\t\t\t\t\t<\/span>\r\n\t\t\t\t\t\t\r\n\t\t\t\t\t\t<\/a>\r\n\t\t\t\t  \t<span class=\"content-section\">\r\n\t\t\t\t\t  \t<br>\r\n\r\n\t\t\t\t\t  \t\t\t\t\t\t  \t<p>&nbsp;<\/p>\r\n\t\t\t\t  \t<\/span>\r\n\t\t\t\t  <\/div>\r\n\t\t\t\t\t\t\t  <div>\r\n\t\t\t\t  \t\t\t\t\t  \t\t<a href=\"https:\/\/www.dhl.com\/\"  class=\"\">\r\n\t\t\t\t\t\t\t\t\t\t\t\t\t\t\t\t\t\t\t\t\t<span class=\"ultimate-slide-img\" style=\"max-width: 100%; border-radius: ; margin-bottom: 15px;\">\r\n\t\t\t\t\t  \t\t<img loading=\"lazy\" decoding=\"async\" width=\"300\" height=\"130\" src=\"https:\/\/new.comverga.com\/cze\/wp-content\/uploads\/sites\/3\/2023\/04\/dhl-comverga.png\" class=\"attachment-full size-full wp-image-3856\" alt=\"\" \/>\t\t\t\t\t\t<\/span>\r\n\t\t\t\t\t\t\r\n\t\t\t\t\t\t<\/a>\r\n\t\t\t\t  \t<span class=\"content-section\">\r\n\t\t\t\t\t  \t<br>\r\n\r\n\t\t\t\t\t  \t\t\t\t\t\t  \t<p>&nbsp;<\/p>\r\n\t\t\t\t  \t<\/span>\r\n\t\t\t\t  <\/div>\r\n\t\t\t\t\t\t\t  <div>\r\n\t\t\t\t  \t\t\t\t\t  \t\t<a href=\"https:\/\/www.dpmhk.cz\/\"  class=\"\">\r\n\t\t\t\t\t\t\t\t\t\t\t\t\t\t\t\t\t\t\t\t\t<span class=\"ultimate-slide-img\" style=\"max-width: 100%; border-radius: ; margin-bottom: 15px;\">\r\n\t\t\t\t\t  \t\t<img loading=\"lazy\" decoding=\"async\" width=\"300\" height=\"130\" src=\"https:\/\/new.comverga.com\/cze\/wp-content\/uploads\/sites\/3\/2023\/04\/dphk-comverga.png\" class=\"attachment-full size-full wp-image-3855\" alt=\"\" \/>\t\t\t\t\t\t<\/span>\r\n\t\t\t\t\t\t\r\n\t\t\t\t\t\t<\/a>\r\n\t\t\t\t  \t<span class=\"content-section\">\r\n\t\t\t\t\t  \t<br>\r\n\r\n\t\t\t\t\t  \t\t\t\t\t\t  \t<p>&nbsp;<\/p>\r\n\t\t\t\t  \t<\/span>\r\n\t\t\t\t  <\/div>\r\n\t\t\t\t\t\t\t  <div>\r\n\t\t\t\t  \t\t\t\t\t  \t\t<a href=\"https:\/\/www.dpo.cz\/\"  class=\"\">\r\n\t\t\t\t\t\t\t\t\t\t\t\t\t\t\t\t\t\t\t\t\t<span class=\"ultimate-slide-img\" style=\"max-width: 100%; border-radius: ; margin-bottom: 15px;\">\r\n\t\t\t\t\t  \t\t<img loading=\"lazy\" decoding=\"async\" width=\"300\" height=\"130\" src=\"https:\/\/new.comverga.com\/cze\/wp-content\/uploads\/sites\/3\/2023\/04\/dpo-comverga.png\" class=\"attachment-full size-full wp-image-3854\" alt=\"\" \/>\t\t\t\t\t\t<\/span>\r\n\t\t\t\t\t\t\r\n\t\t\t\t\t\t<\/a>\r\n\t\t\t\t  \t<span class=\"content-section\">\r\n\t\t\t\t\t  \t<br>\r\n\r\n\t\t\t\t\t  \t\t\t\t\t\t  \t<p>&nbsp;<\/p>\r\n\t\t\t\t  \t<\/span>\r\n\t\t\t\t  <\/div>\r\n\t\t\t\t\t\t\t  <div>\r\n\t\t\t\t  \t\t\t\t\t  \t\t<a href=\"https:\/\/www.dpkv.cz\/\"  class=\"\">\r\n\t\t\t\t\t\t\t\t\t\t\t\t\t\t\t\t\t\t\t\t\t<span class=\"ultimate-slide-img\" style=\"max-width: 100%; border-radius: ; margin-bottom: 15px;\">\r\n\t\t\t\t\t  \t\t<img loading=\"lazy\" decoding=\"async\" width=\"300\" height=\"130\" src=\"https:\/\/new.comverga.com\/cze\/wp-content\/uploads\/sites\/3\/2023\/04\/dpk-comverga.png\" class=\"attachment-full size-full wp-image-3853\" alt=\"\" \/>\t\t\t\t\t\t<\/span>\r\n\t\t\t\t\t\t\r\n\t\t\t\t\t\t<\/a>\r\n\t\t\t\t  \t<span class=\"content-section\">\r\n\t\t\t\t\t  \t<br>\r\n\r\n\t\t\t\t\t  \t\t\t\t\t\t  \t<p>&nbsp;<\/p>\r\n\t\t\t\t  \t<\/span>\r\n\t\t\t\t  <\/div>\r\n\t\t\t\t\t\t\t  <div>\r\n\t\t\t\t  \t\t\t\t\t  \t\t<a href=\"https:\/\/nordictelecom.cz\/\"  class=\"\">\r\n\t\t\t\t\t\t\t\t\t\t\t\t\t\t\t\t\t\t\t\t\t<span class=\"ultimate-slide-img\" style=\"max-width: 100%; border-radius: ; margin-bottom: 15px;\">\r\n\t\t\t\t\t  \t\t<img loading=\"lazy\" decoding=\"async\" width=\"300\" height=\"130\" src=\"https:\/\/new.comverga.com\/cze\/wp-content\/uploads\/sites\/3\/2023\/04\/nordic-comverga.png\" class=\"attachment-full size-full wp-image-3852\" alt=\"\" \/>\t\t\t\t\t\t<\/span>\r\n\t\t\t\t\t\t\r\n\t\t\t\t\t\t<\/a>\r\n\t\t\t\t  \t<span class=\"content-section\">\r\n\t\t\t\t\t  \t<br>\r\n\r\n\t\t\t\t\t  \t\t\t\t\t\t  \t<p>&nbsp;<\/p>\r\n\t\t\t\t  \t<\/span>\r\n\t\t\t\t  <\/div>\r\n\t\t\t\t\t\t\t  <div>\r\n\t\t\t\t  \t\t\t\t\t  \t\t<a href=\"https:\/\/www.equabank.cz\/\"  class=\"\">\r\n\t\t\t\t\t\t\t\t\t\t\t\t\t\t\t\t\t\t\t\t\t<span class=\"ultimate-slide-img\" style=\"max-width: 100%; border-radius: ; margin-bottom: 15px;\">\r\n\t\t\t\t\t  \t\t<img loading=\"lazy\" decoding=\"async\" width=\"300\" height=\"130\" src=\"https:\/\/new.comverga.com\/cze\/wp-content\/uploads\/sites\/3\/2023\/04\/equabank-comverga.png\" class=\"attachment-full size-full wp-image-3851\" alt=\"\" \/>\t\t\t\t\t\t<\/span>\r\n\t\t\t\t\t\t\r\n\t\t\t\t\t\t<\/a>\r\n\t\t\t\t  \t<span class=\"content-section\">\r\n\t\t\t\t\t  \t<br>\r\n\r\n\t\t\t\t\t  \t\t\t\t\t\t  \t<p>&nbsp;<\/p>\r\n\t\t\t\t  \t<\/span>\r\n\t\t\t\t  <\/div>\r\n\t\t\t\t\t\t\t  <div>\r\n\t\t\t\t  \t\t\t\t\t  \t\t<a href=\"https:\/\/www.mbank.cz\/\"  class=\"\">\r\n\t\t\t\t\t\t\t\t\t\t\t\t\t\t\t\t\t\t\t\t\t<span class=\"ultimate-slide-img\" style=\"max-width: 100%; border-radius: ; margin-bottom: 15px;\">\r\n\t\t\t\t\t  \t\t<img loading=\"lazy\" decoding=\"async\" width=\"300\" height=\"130\" src=\"https:\/\/new.comverga.com\/cze\/wp-content\/uploads\/sites\/3\/2023\/04\/mbank-comverga.png\" class=\"attachment-full size-full wp-image-3850\" alt=\"\" \/>\t\t\t\t\t\t<\/span>\r\n\t\t\t\t\t\t\r\n\t\t\t\t\t\t<\/a>\r\n\t\t\t\t  \t<span class=\"content-section\">\r\n\t\t\t\t\t  \t<br>\r\n\r\n\t\t\t\t\t  \t\t\t\t\t\t  \t<p>&nbsp;<\/p>\r\n\t\t\t\t  \t<\/span>\r\n\t\t\t\t  <\/div>\r\n\t\t\t\t\t\t\t  <div>\r\n\t\t\t\t  \t\t\t\t\t  \t\t<a href=\"https:\/\/www.erstegroup.com\/\"  class=\"\">\r\n\t\t\t\t\t\t\t\t\t\t\t\t\t\t\t\t\t\t\t\t\t<span class=\"ultimate-slide-img\" style=\"max-width: 100%; border-radius: ; margin-bottom: 15px;\">\r\n\t\t\t\t\t  \t\t<img loading=\"lazy\" decoding=\"async\" width=\"300\" height=\"130\" src=\"https:\/\/new.comverga.com\/cze\/wp-content\/uploads\/sites\/3\/2023\/04\/erste-comverga.png\" class=\"attachment-full size-full wp-image-3849\" alt=\"\" \/>\t\t\t\t\t\t<\/span>\r\n\t\t\t\t\t\t\r\n\t\t\t\t\t\t<\/a>\r\n\t\t\t\t  \t<span class=\"content-section\">\r\n\t\t\t\t\t  \t<br>\r\n\r\n\t\t\t\t\t  \t\t\t\t\t\t  \t<p>&nbsp;<\/p>\r\n\t\t\t\t  \t<\/span>\r\n\t\t\t\t  <\/div>\r\n\t\t\t\t\t\t\t  <div>\r\n\t\t\t\t  \t\t\t\t\t  \t\t<a href=\"https:\/\/www.ppl.cz\/\"  class=\"\">\r\n\t\t\t\t\t\t\t\t\t\t\t\t\t\t\t\t\t\t\t\t\t<span class=\"ultimate-slide-img\" style=\"max-width: 100%; border-radius: ; margin-bottom: 15px;\">\r\n\t\t\t\t\t  \t\t<img loading=\"lazy\" decoding=\"async\" width=\"300\" height=\"130\" src=\"https:\/\/new.comverga.com\/cze\/wp-content\/uploads\/sites\/3\/2023\/04\/ppl-comverga.png\" class=\"attachment-full size-full wp-image-3848\" alt=\"\" \/>\t\t\t\t\t\t<\/span>\r\n\t\t\t\t\t\t\r\n\t\t\t\t\t\t<\/a>\r\n\t\t\t\t  \t<span class=\"content-section\">\r\n\t\t\t\t\t  \t<br>\r\n\r\n\t\t\t\t\t  \t\t\t\t\t\t  \t<p>&nbsp;<\/p>\r\n\t\t\t\t  \t<\/span>\r\n\t\t\t\t  <\/div>\r\n\t\t\t\t\t\t\t  <div>\r\n\t\t\t\t  \t\t\t\t\t  \t\t<a href=\"https:\/\/www.citibank.com\/\"  class=\"\">\r\n\t\t\t\t\t\t\t\t\t\t\t\t\t\t\t\t\t\t\t\t\t<span class=\"ultimate-slide-img\" style=\"max-width: 100%; border-radius: ; margin-bottom: 15px;\">\r\n\t\t\t\t\t  \t\t<img loading=\"lazy\" decoding=\"async\" width=\"300\" height=\"130\" src=\"https:\/\/new.comverga.com\/cze\/wp-content\/uploads\/sites\/3\/2023\/04\/citibank-comverga.png\" class=\"attachment-full size-full wp-image-3847\" alt=\"\" \/>\t\t\t\t\t\t<\/span>\r\n\t\t\t\t\t\t\r\n\t\t\t\t\t\t<\/a>\r\n\t\t\t\t  \t<span class=\"content-section\">\r\n\t\t\t\t\t  \t<br>\r\n\r\n\t\t\t\t\t  \t\t\t\t\t\t  \t<p>&nbsp;<\/p>\r\n\t\t\t\t  \t<\/span>\r\n\t\t\t\t  <\/div>\r\n\t\t\t\t\t\t\t  <div>\r\n\t\t\t\t  \t\t\t\t\t  \t\t<a href=\"https:\/\/www.generaliceska.cz\/\"  class=\"\">\r\n\t\t\t\t\t\t\t\t\t\t\t\t\t\t\t\t\t\t\t\t\t<span class=\"ultimate-slide-img\" style=\"max-width: 100%; border-radius: ; margin-bottom: 15px;\">\r\n\t\t\t\t\t  \t\t<img loading=\"lazy\" decoding=\"async\" width=\"300\" height=\"130\" src=\"https:\/\/new.comverga.com\/cze\/wp-content\/uploads\/sites\/3\/2023\/04\/generali-comverga.png\" class=\"attachment-full size-full wp-image-3846\" alt=\"\" \/>\t\t\t\t\t\t<\/span>\r\n\t\t\t\t\t\t\r\n\t\t\t\t\t\t<\/a>\r\n\t\t\t\t  \t<span class=\"content-section\">\r\n\t\t\t\t\t  \t<br>\r\n\r\n\t\t\t\t\t  \t\t\t\t\t\t  \t<p>&nbsp;<\/p>\r\n\t\t\t\t  \t<\/span>\r\n\t\t\t\t  <\/div>\r\n\t\t\t\t\t\t\t  <div>\r\n\t\t\t\t  \t\t\t\t\t  \t\t<a href=\"https:\/\/www.ozp.cz\/\"  class=\"\">\r\n\t\t\t\t\t\t\t\t\t\t\t\t\t\t\t\t\t\t\t\t\t<span class=\"ultimate-slide-img\" style=\"max-width: 100%; border-radius: ; margin-bottom: 15px;\">\r\n\t\t\t\t\t  \t\t<img loading=\"lazy\" decoding=\"async\" width=\"300\" height=\"130\" src=\"https:\/\/new.comverga.com\/cze\/wp-content\/uploads\/sites\/3\/2023\/04\/ozp-comverga.png\" class=\"attachment-full size-full wp-image-3845\" alt=\"\" \/>\t\t\t\t\t\t<\/span>\r\n\t\t\t\t\t\t\r\n\t\t\t\t\t\t<\/a>\r\n\t\t\t\t  \t<span class=\"content-section\">\r\n\t\t\t\t\t  \t<br>\r\n\r\n\t\t\t\t\t  \t\t\t\t\t\t  \t<p>&nbsp;<\/p>\r\n\t\t\t\t  \t<\/span>\r\n\t\t\t\t  <\/div>\r\n\t\t\t\t\t\t\t  <div>\r\n\t\t\t\t  \t\t\t\t\t  \t\t<a href=\"https:\/\/www.cpzp.cz\/\"  class=\"\">\r\n\t\t\t\t\t\t\t\t\t\t\t\t\t\t\t\t\t\t\t\t\t<span class=\"ultimate-slide-img\" style=\"max-width: 100%; border-radius: ; margin-bottom: 15px;\">\r\n\t\t\t\t\t  \t\t<img loading=\"lazy\" decoding=\"async\" width=\"300\" height=\"130\" src=\"https:\/\/new.comverga.com\/cze\/wp-content\/uploads\/sites\/3\/2023\/04\/cpzp-comverga.png\" class=\"attachment-full size-full wp-image-3844\" alt=\"\" \/>\t\t\t\t\t\t<\/span>\r\n\t\t\t\t\t\t\r\n\t\t\t\t\t\t<\/a>\r\n\t\t\t\t  \t<span class=\"content-section\">\r\n\t\t\t\t\t  \t<br>\r\n\r\n\t\t\t\t\t  \t\t\t\t\t\t  \t<p>&nbsp;<\/p>\r\n\t\t\t\t  \t<\/span>\r\n\t\t\t\t  <\/div>\r\n\t\t\t\t\t\t\t  <div>\r\n\t\t\t\t  \t\t\t\t\t  \t\t<a href=\"https:\/\/www.nestle.cz\/\"  class=\"\">\r\n\t\t\t\t\t\t\t\t\t\t\t\t\t\t\t\t\t\t\t\t\t<span class=\"ultimate-slide-img\" style=\"max-width: 100%; border-radius: ; margin-bottom: 15px;\">\r\n\t\t\t\t\t  \t\t<img loading=\"lazy\" decoding=\"async\" width=\"300\" height=\"130\" src=\"https:\/\/new.comverga.com\/cze\/wp-content\/uploads\/sites\/3\/2023\/04\/nestle-comverga.png\" class=\"attachment-full size-full wp-image-3843\" alt=\"\" \/>\t\t\t\t\t\t<\/span>\r\n\t\t\t\t\t\t\r\n\t\t\t\t\t\t<\/a>\r\n\t\t\t\t  \t<span class=\"content-section\">\r\n\t\t\t\t\t  \t<br>\r\n\r\n\t\t\t\t\t  \t\t\t\t\t\t  \t<p>&nbsp;<\/p>\r\n\t\t\t\t  \t<\/span>\r\n\t\t\t\t  <\/div>\r\n\t\t\t\t\t\t\t  <div>\r\n\t\t\t\t  \t\t\t\t\t  \t\t<a href=\"https:\/\/www.seznam.cz\/\"  class=\"\">\r\n\t\t\t\t\t\t\t\t\t\t\t\t\t\t\t\t\t\t\t\t\t<span class=\"ultimate-slide-img\" style=\"max-width: 100%; border-radius: ; margin-bottom: 15px;\">\r\n\t\t\t\t\t  \t\t<img loading=\"lazy\" decoding=\"async\" width=\"300\" height=\"130\" src=\"https:\/\/new.comverga.com\/cze\/wp-content\/uploads\/sites\/3\/2023\/04\/seznam-comverga.png\" class=\"attachment-full size-full wp-image-3842\" alt=\"\" \/>\t\t\t\t\t\t<\/span>\r\n\t\t\t\t\t\t\r\n\t\t\t\t\t\t<\/a>\r\n\t\t\t\t  \t<span class=\"content-section\">\r\n\t\t\t\t\t  \t<br>\r\n\r\n\t\t\t\t\t  \t\t\t\t\t\t  \t<p>&nbsp;<\/p>\r\n\t\t\t\t  \t<\/span>\r\n\t\t\t\t  <\/div>\r\n\t\t\t\t\t\t\t  <div>\r\n\t\t\t\t  \t\t\t\t\t  \t\t<a href=\"https:\/\/www.cmi.cz\/\"  class=\"\">\r\n\t\t\t\t\t\t\t\t\t\t\t\t\t\t\t\t\t\t\t\t\t<span class=\"ultimate-slide-img\" style=\"max-width: 100%; border-radius: ; margin-bottom: 15px;\">\r\n\t\t\t\t\t  \t\t<img loading=\"lazy\" decoding=\"async\" width=\"300\" height=\"130\" src=\"https:\/\/new.comverga.com\/cze\/wp-content\/uploads\/sites\/3\/2023\/04\/cmi-comverga.png\" class=\"attachment-full size-full wp-image-3841\" alt=\"\" \/>\t\t\t\t\t\t<\/span>\r\n\t\t\t\t\t\t\r\n\t\t\t\t\t\t<\/a>\r\n\t\t\t\t  \t<span class=\"content-section\">\r\n\t\t\t\t\t  \t<br>\r\n\r\n\t\t\t\t\t  \t\t\t\t\t\t  \t<p>&nbsp;<\/p>\r\n\t\t\t\t  \t<\/span>\r\n\t\t\t\t  <\/div>\r\n\t\t\t\t\t\t\t  <div>\r\n\t\t\t\t  \t\t\t\t\t  \t\t<a href=\"https:\/\/www.kontron.com\/\"  class=\"\">\r\n\t\t\t\t\t\t\t\t\t\t\t\t\t\t\t\t\t\t\t\t\t<span class=\"ultimate-slide-img\" style=\"max-width: 100%; border-radius: ; margin-bottom: 15px;\">\r\n\t\t\t\t\t  \t\t<img loading=\"lazy\" decoding=\"async\" width=\"300\" height=\"130\" src=\"https:\/\/new.comverga.com\/cze\/wp-content\/uploads\/sites\/3\/2023\/04\/kontron-comverga.png\" class=\"attachment-full size-full wp-image-3840\" alt=\"\" \/>\t\t\t\t\t\t<\/span>\r\n\t\t\t\t\t\t\r\n\t\t\t\t\t\t<\/a>\r\n\t\t\t\t  \t<span class=\"content-section\">\r\n\t\t\t\t\t  \t<br>\r\n\r\n\t\t\t\t\t  \t\t\t\t\t\t  \t<p>&nbsp;<\/p>\r\n\t\t\t\t  \t<\/span>\r\n\t\t\t\t  <\/div>\r\n\t\t\t\t\t\t\t  <div>\r\n\t\t\t\t  \t\t\t\t\t  \t\t<a href=\"https:\/\/www.hypotecnibanka.cz\/\"  class=\"\">\r\n\t\t\t\t\t\t\t\t\t\t\t\t\t\t\t\t\t\t\t\t\t<span class=\"ultimate-slide-img\" style=\"max-width: 100%; border-radius: ; margin-bottom: 15px;\">\r\n\t\t\t\t\t  \t\t<img loading=\"lazy\" decoding=\"async\" width=\"300\" height=\"130\" src=\"https:\/\/new.comverga.com\/cze\/wp-content\/uploads\/sites\/3\/2023\/04\/hypotecnibanka-comverga.png\" class=\"attachment-full size-full wp-image-3839\" alt=\"\" \/>\t\t\t\t\t\t<\/span>\r\n\t\t\t\t\t\t\r\n\t\t\t\t\t\t<\/a>\r\n\t\t\t\t  \t<span class=\"content-section\">\r\n\t\t\t\t\t  \t<br>\r\n\r\n\t\t\t\t\t  \t\t\t\t\t\t  \t<p>&nbsp;<\/p>\r\n\t\t\t\t  \t<\/span>\r\n\t\t\t\t  <\/div>\r\n\t\t\t\t\t\t\t  <div>\r\n\t\t\t\t  \t\t\t\t\t  \t\t<a href=\"https:\/\/www.ppfbanka.cz\/\"  class=\"\">\r\n\t\t\t\t\t\t\t\t\t\t\t\t\t\t\t\t\t\t\t\t\t<span class=\"ultimate-slide-img\" style=\"max-width: 100%; border-radius: ; margin-bottom: 15px;\">\r\n\t\t\t\t\t  \t\t<img loading=\"lazy\" decoding=\"async\" width=\"300\" height=\"130\" src=\"https:\/\/new.comverga.com\/cze\/wp-content\/uploads\/sites\/3\/2023\/04\/ppfbanka-comverga.png\" class=\"attachment-full size-full wp-image-3838\" alt=\"\" \/>\t\t\t\t\t\t<\/span>\r\n\t\t\t\t\t\t\r\n\t\t\t\t\t\t<\/a>\r\n\t\t\t\t  \t<span class=\"content-section\">\r\n\t\t\t\t\t  \t<br>\r\n\r\n\t\t\t\t\t  \t\t\t\t\t\t  \t<p>&nbsp;<\/p>\r\n\t\t\t\t  \t<\/span>\r\n\t\t\t\t  <\/div>\r\n\t\t\t\t\t<\/section>\r\n\r\n\t\t<style>\r\n\t\t\t#tdt-slider-245 .slick-prev {\r\n\t\t\t\tleft: -40px !important;\r\n\t\t\t}\r\n\t\t\t#tdt-slider-245 .slick-next {\r\n\t\t\t\tright: -40px !important;\r\n\t\t\t}\r\n\t\t\t#tdt-slider-245.content-over-slider .slick-slide .content-section {\r\n\t\t\t\ttop: %;\r\n\t\t\t}\r\n\t\t\t@media only screen and (max-width: 480px) {\r\n\t\t\t\t#tdt-slider-245.content-over-slider .slick-slide .content-section {\r\n\t\t\t\t\ttop: 35px !important;\r\n\t\t\t\t}\r\n\t\t\t\t#tdt-slider-245.content-over-slider .ultimate-slide-img img{\r\n\t\t\t\t\theight: px !important;\r\n\t\t\t\t\tobject-fit: cover;\r\n\t\t\t\t}\r\n\t\t\t\t#tdt-slider-245 .slick-prev, #tdt-slider-245 .slick-next {\r\n\t\t\t\t\tdisplay: block !important;\r\n\t\t\t\t}\r\n\t\t\t}\r\n\t\t<\/style>\r\n\r\n\t\t\t\t<\/div>\n\t\t\t\t<\/div>\n\t\t\t\t\t<\/div>\n\t\t<\/div>\n\t\t\t\t\t\t\t<\/div>\n\t\t<\/section>\n\t\t\t\t\t\t\t<\/div>","protected":false},"excerpt":{"rendered":"<p>Jsme rodinn\u00fd podnik s v\u00edce ne\u017e dvacetiletou \u00fasp\u011b\u0161nou histori\u00ed. Ve spole\u010dnosti je aktivn\u00ed ji\u017e druh\u00e1 generace. N\u00e1\u0161 \u00fasp\u011bch je zalo\u017een na dlouhodob\u00e9m partnerstv\u00ed s na\u0161imi obchodn\u00edmi partnery a z\u00e1kazn\u00edky. Spole\u010dn\u011b se tak t\u011b\u0161\u00edme st\u00e1l\u00e9mu a ziskov\u00e9mu obchodn\u00edmu r\u016fstu. Za\u010dali jsme slu\u017ebami zas\u00edl\u00e1n\u00ed zpr\u00e1v mezi mobiln\u00edmi a pevn\u00fdmi s\u00edt\u011bmi. Pot\u00e9 jsme do portfolia p\u0159idali hlasov\u00e9 a [&hellip;]<\/p>","protected":false},"author":1,"featured_media":3237,"parent":0,"menu_order":0,"comment_status":"closed","ping_status":"closed","template":"","meta":{"footnotes":""},"_links":{"self":[{"href":"https:\/\/new.comverga.com\/cze\/pl\/wp-json\/wp\/v2\/pages\/3464"}],"collection":[{"href":"https:\/\/new.comverga.com\/cze\/pl\/wp-json\/wp\/v2\/pages"}],"about":[{"href":"https:\/\/new.comverga.com\/cze\/pl\/wp-json\/wp\/v2\/types\/page"}],"author":[{"embeddable":true,"href":"https:\/\/new.comverga.com\/cze\/pl\/wp-json\/wp\/v2\/users\/1"}],"replies":[{"embeddable":true,"href":"https:\/\/new.comverga.com\/cze\/pl\/wp-json\/wp\/v2\/comments?post=3464"}],"version-history":[{"count":0,"href":"https:\/\/new.comverga.com\/cze\/pl\/wp-json\/wp\/v2\/pages\/3464\/revisions"}],"wp:featuredmedia":[{"embeddable":true,"href":"https:\/\/new.comverga.com\/cze\/pl\/wp-json\/wp\/v2\/media\/3237"}],"wp:attachment":[{"href":"https:\/\/new.comverga.com\/cze\/pl\/wp-json\/wp\/v2\/media?parent=3464"}],"curies":[{"name":"wp","href":"https:\/\/api.w.org\/{rel}","templated":true}]}}