{"id":1355,"date":"2022-12-14T13:47:33","date_gmt":"2022-12-14T12:47:33","guid":{"rendered":"https:\/\/www.comverga.com\/?page_id=1355"},"modified":"2023-12-13T12:41:21","modified_gmt":"2023-12-13T11:41:21","slug":"dodavatel-zabezpecovacich-zarizeni-s-kamerovym-zaznamem","status":"publish","type":"page","link":"https:\/\/new.comverga.com\/cze\/pl\/sluzby\/software-as-a-service-platform-as-a-service\/comverga-billing-for-fusion-iot\/dodavatel-zabezpecovacich-zarizeni-s-kamerovym-zaznamem\/","title":{"rendered":"Dostawca sprz\u0119tu bezpiecze\u0144stwa z zapisem kamerowym"},"content":{"rendered":"<div data-elementor-type=\"wp-page\" data-elementor-id=\"1355\" class=\"elementor elementor-1355\">\n\t\t\t\t\t\t\t\t\t<section class=\"elementor-section elementor-top-section elementor-element elementor-element-8ee3f66 elementor-section-boxed elementor-section-height-default elementor-section-height-default\" data-id=\"8ee3f66\" data-element_type=\"section\">\n\t\t\t\t\t\t<div class=\"elementor-container elementor-column-gap-default\">\n\t\t\t\t\t<div class=\"elementor-column elementor-col-50 elementor-top-column elementor-element elementor-element-2c942d7\" data-id=\"2c942d7\" data-element_type=\"column\">\n\t\t\t<div class=\"elementor-widget-wrap elementor-element-populated\">\n\t\t\t\t\t\t\t\t<div class=\"elementor-element elementor-element-43eac17 elementor-widget elementor-widget-text-editor\" data-id=\"43eac17\" data-element_type=\"widget\" data-widget_type=\"text-editor.default\">\n\t\t\t\t<div class=\"elementor-widget-container\">\n\t\t\t\t\t\t\t<div class=\"usecase-text\"><h2 style=\"text-align: left;\">Dostawca sprz\u0119tu bezpiecze\u0144stwa z zapisem kamerowym<\/h2><p>Partner jest dostawc\u0105 urz\u0105dze\u0144 zabezpieczaj\u0105cych dla gospodarstw domowych i obiekt\u00f3w przemys\u0142owych. W tych urz\u0105dzeniach FUSION IoT M2M wykorzystuje karty SIM, dane pobierane s\u0105 g\u0142\u00f3wnie przez kamer\u0119, kt\u00f3ra w razie zdarzenia rozpoczyna strumieniowanie obrazu.<\/p><p>Partner dostarcza karty SIM z tak\u0105 ilo\u015bci\u0105 danych, jaka w jego ocenie b\u0119dzie wystarczaj\u0105ca do korzystania z tych urz\u0105dze\u0144. Jednak\u017ce bardzo trudno jest oszacowa\u0107 konkretn\u0105 wymagan\u0105 obj\u0119to\u015b\u0107, mo\u017ce si\u0119 ona r\u00f3\u017cni\u0107 w zale\u017cno\u015bci od sposobu u\u017cytkowania, liczby zdarze\u0144 itp.<\/p><\/div>\t\t\t\t\t\t<\/div>\n\t\t\t\t<\/div>\n\t\t\t\t\t<\/div>\n\t\t<\/div>\n\t\t\t\t<div class=\"elementor-column elementor-col-50 elementor-top-column elementor-element elementor-element-ce49457\" data-id=\"ce49457\" data-element_type=\"column\">\n\t\t\t<div class=\"elementor-widget-wrap elementor-element-populated\">\n\t\t\t\t\t\t\t\t<div class=\"elementor-element elementor-element-309214f elementor-widget elementor-widget-image\" data-id=\"309214f\" data-element_type=\"widget\" data-widget_type=\"image.default\">\n\t\t\t\t<div class=\"elementor-widget-container\">\n\t\t\t\t\t\t\t\t\t\t\t\t\t\t\t<img decoding=\"async\" src=\"https:\/\/www.comverga.com\/wp-content\/uploads\/2023\/01\/camera.jpg\" title=\"\" alt=\"\" loading=\"lazy\" \/>\t\t\t\t\t\t\t\t\t\t\t\t\t\t\t<\/div>\n\t\t\t\t<\/div>\n\t\t\t\t\t<\/div>\n\t\t<\/div>\n\t\t\t\t\t\t\t<\/div>\n\t\t<\/section>\n\t\t\t\t<section class=\"elementor-section elementor-top-section elementor-element elementor-element-c593b49 elementor-section-boxed elementor-section-height-default elementor-section-height-default\" data-id=\"c593b49\" data-element_type=\"section\">\n\t\t\t\t\t\t<div class=\"elementor-container elementor-column-gap-default\">\n\t\t\t\t\t<div class=\"elementor-column elementor-col-50 elementor-top-column elementor-element elementor-element-2a81219\" data-id=\"2a81219\" data-element_type=\"column\">\n\t\t\t<div class=\"elementor-widget-wrap elementor-element-populated\">\n\t\t\t\t\t\t\t\t<div class=\"elementor-element elementor-element-98a1857 elementor-widget elementor-widget-sidebar\" data-id=\"98a1857\" data-element_type=\"widget\" data-widget_type=\"sidebar.default\">\n\t\t\t\t<div class=\"elementor-widget-container\">\n\t\t\t<div id=\"widget-box\" class=\"smart-watch\">\n\t<img decoding=\"async\" src=\"https:\/\/www.coopmobil.cz\/wp-content\/uploads\/2021\/04\/coop-mobil-logo.svg\"><br>\n\t<span>Przemys\u0142<\/span>\n<p>\n\t\tOperator telekomunikacyjny - detaliczny\n\t<\/p>\n<span>Produkt<\/span>\n<p>\n\t\tPakiet inteligentny zegarek + \u0142\u0105czno\u015b\u0107 danych\n\t<\/p>\n<\/div>\n<div id=\"widget-box\" class=\"support\">\n\t<img decoding=\"async\" src=\"https:\/\/www.coopmobil.cz\/wp-content\/uploads\/2021\/04\/coop-mobil-logo.svg\"><br>\n\t<span>Przemys\u0142<\/span>\n<p>\n\t\tOperator telekomunikacyjny - detaliczny\n\t<\/p>\n<span>Produkt<\/span>\n<p>\n\t\tPrzewodnik obs\u0142ugi klienta\n\t<\/p>\n<\/div>\n<div id=\"widget-box\" class=\"operator\">\n\t<img decoding=\"async\" src=\"https:\/\/www.coopmobil.cz\/wp-content\/uploads\/2021\/04\/coop-mobil-logo.svg\"><br>\n\t<span>Przemys\u0142<\/span>\n<p>\n\t\tOperator telekomunikacyjny - detaliczny\n\t<\/p>\n<span>Produkt<\/span>\n<p>\n\t\tWdro\u017cenie programu lojalno\u015bciowego\n\t<\/p>\n<\/div>\n<div id=\"widget-box\" class=\"caravan\">\n<img decoding=\"async\" src=\"\/cze\/wp-content\/uploads\/sites\/3\/2023\/04\/caravan-logo.jpg\"><br>\n<span>Przemys\u0142<\/span>\n<p>\n\t\tSystemy \u015bledzenia GPS pojazd\u00f3w, \u0142\u0105czno\u015b\u0107 danych\n\t<\/p>\n<span>Produkt<\/span>\n<p>\n\t\tRozwi\u0105zanie umo\u017cliwiaj\u0105ce dost\u0119p do Internetu w drodze\n\t<\/p>\n<\/div>\n<div id=\"widget-box\" class=\"camera\">\n<img decoding=\"async\" src=\"\/cze\/wp-content\/uploads\/sites\/3\/2023\/04\/camera-logo.jpg\"><br>\n<span>Przemys\u0142<\/span>\n<p>\n\t\tSystemy bezpiecze\u0144stwa\n\t<\/p>\n<span>Produkt<\/span>\n<p>\n\t\tKamery z transmisj\u0105 online\n\t<\/p>\n<\/div>\n<div id=\"widget-box\" class=\"event\">\n\t<img decoding=\"async\" src=\"\/cze\/wp-content\/uploads\/sites\/3\/2023\/04\/event-logo.png\" style=\"width: 50px\"><br>\n\t<span>Przemys\u0142<\/span>\n<p>\n\t\tAgencja eventowa\n\t<\/p>\n<span>Produkt<\/span>\n<p>\n\t\tOrganizacja wydarzenia \u2013 komunikacja z uczestnikami\n\t<\/p>\n<\/div>\n<div id=\"widget-box\" class=\"competition\">\n\t<img decoding=\"async\" src=\"\/cze\/wp-content\/uploads\/sites\/3\/2023\/04\/competition-logo.png\" style=\"width: 50px\"><br>\n\t<span>Przemys\u0142<\/span>\n<p>\n\t\tTowary detaliczne i konsumpcyjne\n\t<\/p>\n<span>Produkt<\/span>\n<p>\n\t\tOrganizacja wydarzenia \u2013 komunikacja z uczestnikami\n\t<\/p>\n<\/div>\n<div id=\"widget-box\" class=\"marketing\">\n\t<img decoding=\"async\" src=\"\/cze\/wp-content\/uploads\/sites\/3\/2023\/06\/marketing-logo.png\" style=\"width: 50px\"><br>\n\t<span>Przemys\u0142<\/span>\n<p>\n\t\tKomunikacja marketingowa\n\t<\/p>\n<span>Produkt<\/span>\n<p>\n\t\tRealizacja mailing\u00f3w marketingowych\n\t<\/p>\n<\/div>\n\n<div id=\"widget-box\" class=\"fmcg\">\n\t<img decoding=\"async\" src=\"\/cze\/wp-content\/uploads\/sites\/3\/2023\/06\/fmcg-logo.png\" style=\"width: 50px\"><br>\n\t<span>Przemys\u0142<\/span>\n<p>\n\t\tFMCG<br>Szybko zbywalne towary konsumpcyjne\n\t<\/p>\n<span>Produkt<\/span>\n<p>\n\t\tJedzenie, napoje, drogeria\n\t<\/p>\n<\/div>\t\t<\/div>\n\t\t\t\t<\/div>\n\t\t\t\t\t<\/div>\n\t\t<\/div>\n\t\t\t\t<div class=\"elementor-column elementor-col-50 elementor-top-column elementor-element elementor-element-6ac7126\" data-id=\"6ac7126\" data-element_type=\"column\">\n\t\t\t<div class=\"elementor-widget-wrap elementor-element-populated\">\n\t\t\t\t\t\t\t\t<div class=\"elementor-element elementor-element-5809b185 elementor-widget elementor-widget-text-editor\" data-id=\"5809b185\" data-element_type=\"widget\" data-widget_type=\"text-editor.default\">\n\t\t\t\t<div class=\"elementor-widget-container\">\n\t\t\t\t\t\t\t<p>Partner radzi sobie z nast\u0119puj\u0105cymi sytuacjami:<\/p><p>-&gt; Sytuacja, w kt\u00f3rej ilo\u015b\u0107 danych na danej karcie SIM jest wyczerpana lub bliska wyczerpania<\/p><p>-&gt; Sytuacja, w kt\u00f3rej \u017cywotno\u015b\u0107 urz\u0105dzenia zabezpieczaj\u0105cego jest d\u0142u\u017csza ni\u017c wa\u017cno\u015b\u0107 karty SIM<\/p><p style=\"margin: .5em 0;\">W obu przypadkach Partner potrzebowa\u0142by mo\u017cliwo\u015bci samodzielnego zarz\u0105dzania kart\u0105 SIM, przed\u0142u\u017cania jej wa\u017cno\u015bci i zakupu przez u\u017cytkownika ko\u0144cowego urz\u0105dzenia.<\/p><p style=\"margin: .5em 0;\">W ten spos\u00f3b partner otrzymuje dodatkowy przych\u00f3d z zakupu pakiet\u00f3w, w pe\u0142ni zautomatyzowany i bez konieczno\u015bci r\u0119cznej ingerencji w ten proces w jakikolwiek spos\u00f3b<\/p>\t\t\t\t\t\t<\/div>\n\t\t\t\t<\/div>\n\t\t\t\t\t<\/div>\n\t\t<\/div>\n\t\t\t\t\t\t\t<\/div>\n\t\t<\/section>\n\t\t\t\t<section class=\"elementor-section elementor-top-section elementor-element elementor-element-f272346 elementor-section-boxed elementor-section-height-default elementor-section-height-default\" data-id=\"f272346\" data-element_type=\"section\">\n\t\t\t\t\t\t<div class=\"elementor-container elementor-column-gap-default\">\n\t\t\t\t\t<div class=\"elementor-column elementor-col-50 elementor-top-column elementor-element elementor-element-f561739\" data-id=\"f561739\" data-element_type=\"column\" data-settings=\"{&quot;background_background&quot;:&quot;classic&quot;}\">\n\t\t\t<div class=\"elementor-widget-wrap elementor-element-populated\">\n\t\t\t\t\t\t\t\t<div class=\"elementor-element elementor-element-d75e21b elementor-widget elementor-widget-text-editor\" data-id=\"d75e21b\" data-element_type=\"widget\" data-widget_type=\"text-editor.default\">\n\t\t\t\t<div class=\"elementor-widget-container\">\n\t\t\t\t\t\t\t<h3><strong>Co Partner zyska\u0142 dzi\u0119ki COMVERGA<\/strong><\/h3><ul><li>Pobiera informacje o wa\u017cno\u015bci karty SIM M2M i saldzie danych<\/li><li>Informace o stavu dat a vyu\u017eit\u00ed<\/li><li>Kupuje pakiety danych oferowane przez Partnera<\/li><li>P\u0142ac\u0105 w internecie<\/li><li>Otrzymuje dow\u00f3d wp\u0142aty<\/li><\/ul>\t\t\t\t\t\t<\/div>\n\t\t\t\t<\/div>\n\t\t\t\t\t<\/div>\n\t\t<\/div>\n\t\t\t\t<div class=\"elementor-column elementor-col-50 elementor-top-column elementor-element elementor-element-b3b10e8\" data-id=\"b3b10e8\" data-element_type=\"column\" data-settings=\"{&quot;background_background&quot;:&quot;classic&quot;}\">\n\t\t\t<div class=\"elementor-widget-wrap elementor-element-populated\">\n\t\t\t\t\t\t\t\t<div class=\"elementor-element elementor-element-724b51d elementor-widget elementor-widget-text-editor\" data-id=\"724b51d\" data-element_type=\"widget\" data-widget_type=\"text-editor.default\">\n\t\t\t\t<div class=\"elementor-widget-container\">\n\t\t\t\t\t\t\t<h3><strong>COMVERGA zapewni Partnerowi<\/strong><\/h3><ul><li>Wyp\u0142ata pieni\u0119dzy - jeste\u015bmy dostawc\u0105 us\u0142ug p\u0142atniczych<\/li><li>Przelew pieni\u0119dzy do Partnera<\/li><li>Generowanie potwierdzenia p\u0142atno\u015bci dla u\u017cytkownika ko\u0144cowego<\/li><li>Generowanie dokument\u00f3w zbiorczych stanowi\u0105cych podstaw\u0119 rozlicze\u0144 Partnera<\/li><li>Powiadomienie u\u017cytkownika ko\u0144cowego przed wyga\u015bni\u0119ciem lub wyczerpaniem danych<\/li><\/ul>\t\t\t\t\t\t<\/div>\n\t\t\t\t<\/div>\n\t\t\t\t\t<\/div>\n\t\t<\/div>\n\t\t\t\t\t\t\t<\/div>\n\t\t<\/section>\n\t\t\t\t\t\t\t<\/div>","protected":false},"excerpt":{"rendered":"<p>Dostawca urz\u0105dze\u0144 bezpiecze\u0144stwa z kamer\u0105 rejestruj\u0105c\u0105 Partner jest dostawc\u0105 urz\u0105dze\u0144 bezpiecze\u0144stwa dla gospodarstw domowych i budynk\u00f3w przemys\u0142owych. W tych urz\u0105dzeniach M2M korzysta z kart SIM, dane pobierane s\u0105 przede wszystkim z kamery, kt\u00f3ra w razie zdarzenia rozpoczyna strumieniowanie obrazu. Partner dostarcza karty SIM z tak\u0105 ilo\u015bci\u0105 danych, jaka w jego ocenie b\u0119dzie wystarczaj\u0105ca do korzystania z tych urz\u0105dze\u0144. Jednak aby oszacowa\u0107 konkretn\u0105 wymagan\u0105 obj\u0119to\u015b\u0107 [...]<\/p>","protected":false},"author":1,"featured_media":4599,"parent":1284,"menu_order":4,"comment_status":"closed","ping_status":"closed","template":"","meta":{"footnotes":""},"_links":{"self":[{"href":"https:\/\/new.comverga.com\/cze\/pl\/wp-json\/wp\/v2\/pages\/1355"}],"collection":[{"href":"https:\/\/new.comverga.com\/cze\/pl\/wp-json\/wp\/v2\/pages"}],"about":[{"href":"https:\/\/new.comverga.com\/cze\/pl\/wp-json\/wp\/v2\/types\/page"}],"author":[{"embeddable":true,"href":"https:\/\/new.comverga.com\/cze\/pl\/wp-json\/wp\/v2\/users\/1"}],"replies":[{"embeddable":true,"href":"https:\/\/new.comverga.com\/cze\/pl\/wp-json\/wp\/v2\/comments?post=1355"}],"version-history":[{"count":0,"href":"https:\/\/new.comverga.com\/cze\/pl\/wp-json\/wp\/v2\/pages\/1355\/revisions"}],"up":[{"embeddable":true,"href":"https:\/\/new.comverga.com\/cze\/pl\/wp-json\/wp\/v2\/pages\/1284"}],"wp:featuredmedia":[{"embeddable":true,"href":"https:\/\/new.comverga.com\/cze\/pl\/wp-json\/wp\/v2\/media\/4599"}],"wp:attachment":[{"href":"https:\/\/new.comverga.com\/cze\/pl\/wp-json\/wp\/v2\/media?parent=1355"}],"curies":[{"name":"wp","href":"https:\/\/api.w.org\/{rel}","templated":true}]}}