{"id":1284,"date":"2022-12-13T14:50:12","date_gmt":"2022-12-13T13:50:12","guid":{"rendered":"https:\/\/www.comverga.com\/?page_id=1284"},"modified":"2023-11-13T09:57:48","modified_gmt":"2023-11-13T08:57:48","slug":"comverga-billing-for-fusion-iot","status":"publish","type":"page","link":"https:\/\/new.comverga.com\/cze\/pl\/sluzby\/software-as-a-service-platform-as-a-service\/comverga-billing-for-fusion-iot\/","title":{"rendered":"Rozliczenia za FUSION IoT"},"content":{"rendered":"<div data-elementor-type=\"wp-page\" data-elementor-id=\"1284\" class=\"elementor elementor-1284\">\n\t\t\t\t\t\t\t\t\t<section class=\"elementor-section elementor-top-section elementor-element elementor-element-b58a11a elementor-section-boxed elementor-section-height-default elementor-section-height-default\" data-id=\"b58a11a\" data-element_type=\"section\">\n\t\t\t\t\t\t<div class=\"elementor-container elementor-column-gap-no\">\n\t\t\t\t\t<div class=\"elementor-column elementor-col-100 elementor-top-column elementor-element elementor-element-4c6a5565\" data-id=\"4c6a5565\" data-element_type=\"column\">\n\t\t\t<div class=\"elementor-widget-wrap elementor-element-populated\">\n\t\t\t\t\t\t\t\t<div class=\"elementor-element elementor-element-5809b185 elementor-widget elementor-widget-text-editor\" data-id=\"5809b185\" data-element_type=\"widget\" data-widget_type=\"text-editor.default\">\n\t\t\t\t<div class=\"elementor-widget-container\">\n\t\t\t\t\t\t\t<p>Platforma do zarz\u0105dzania kartami SIM z danymi klient\u00f3w i partner\u00f3w FUSION IoT - prosta, automatyczna i bez obci\u0105\u017ce\u0144 administracyjnych. Przyjazny interfejs dostarcza u\u017cytkownikowi ko\u0144cowemu informacji o stanie karty SIM oraz wy\u015bwietla przegl\u0105d ilo\u015bci wykorzystanych danych, jednocze\u015bnie umo\u017cliwia zakup i op\u0142acenie danych online.<\/p><p>Jeste\u015bmy wieloletnim partnerem i dostawc\u0105 platformy FUSION IoT. Dzi\u0119ki temu mo\u017cemy teraz zaoferowa\u0107 us\u0142ug\u0119 COMVERGA Billing for FUSION IoT, kt\u00f3ra pozwala \u015bwiadczy\u0107 dodatkowe us\u0142ugi na kartach SIM M2M w trakcie ich cyklu \u017cycia.<\/p><p>Us\u0142uga przeznaczona jest dla wszystkich klient\u00f3w i partner\u00f3w FUSION IoT, kt\u00f3rzy chc\u0105 zaoferowa\u0107 u\u017cytkownikom ko\u0144cowym swoich urz\u0105dze\u0144 posiadaj\u0105cych kart\u0119 SIM FUSION IoT zakup danych, udost\u0119pni\u0107 wszelkie informacje o danej karcie SIM itp.\u00a0<\/p>\t\t\t\t\t\t<\/div>\n\t\t\t\t<\/div>\n\t\t\t\t\t<\/div>\n\t\t<\/div>\n\t\t\t\t\t\t\t<\/div>\n\t\t<\/section>\n\t\t\t\t<section class=\"elementor-section elementor-top-section elementor-element elementor-element-dca1cc7 elementor-section-boxed elementor-section-height-default elementor-section-height-default\" data-id=\"dca1cc7\" data-element_type=\"section\">\n\t\t\t\t\t\t<div class=\"elementor-container elementor-column-gap-default\">\n\t\t\t\t\t<div class=\"elementor-column elementor-col-100 elementor-top-column elementor-element elementor-element-4086dfd\" data-id=\"4086dfd\" data-element_type=\"column\">\n\t\t\t<div class=\"elementor-widget-wrap elementor-element-populated\">\n\t\t\t\t\t\t\t\t<div class=\"elementor-element elementor-element-a400857 elementor-widget-divider--view-line elementor-widget elementor-widget-divider\" data-id=\"a400857\" data-element_type=\"widget\" data-widget_type=\"divider.default\">\n\t\t\t\t<div class=\"elementor-widget-container\">\n\t\t\t\t\t<div class=\"elementor-divider\">\n\t\t\t<span class=\"elementor-divider-separator\">\n\t\t\t\t\t\t<\/span>\n\t\t<\/div>\n\t\t\t\t<\/div>\n\t\t\t\t<\/div>\n\t\t\t\t\t<\/div>\n\t\t<\/div>\n\t\t\t\t\t\t\t<\/div>\n\t\t<\/section>\n\t\t\t\t<section class=\"elementor-section elementor-top-section elementor-element elementor-element-70d99b9 elementor-section-boxed elementor-section-height-default elementor-section-height-default\" data-id=\"70d99b9\" data-element_type=\"section\">\n\t\t\t\t\t\t<div class=\"elementor-container elementor-column-gap-no\">\n\t\t\t\t\t<div class=\"elementor-column elementor-col-100 elementor-top-column elementor-element elementor-element-1f21578\" data-id=\"1f21578\" data-element_type=\"column\">\n\t\t\t<div class=\"elementor-widget-wrap elementor-element-populated\">\n\t\t\t\t\t\t\t\t<div class=\"elementor-element elementor-element-35bd486 elementor-widget elementor-widget-heading\" data-id=\"35bd486\" data-element_type=\"widget\" id=\"custom-heading\" data-widget_type=\"heading.default\">\n\t\t\t\t<div class=\"elementor-widget-container\">\n\t\t\t<h2 class=\"elementor-heading-title elementor-size-default\">G\u0142\u00f3wne zalety<\/h2>\t\t<\/div>\n\t\t\t\t<\/div>\n\t\t\t\t<div class=\"elementor-element elementor-element-235cc53 elementor-widget elementor-widget-html\" data-id=\"235cc53\" data-element_type=\"widget\" data-widget_type=\"html.default\">\n\t\t\t\t<div class=\"elementor-widget-container\">\n\t\t\t<section class=\"main-benefits\">\n    <div class=\"benefit-box\">\n        <i class=\"fa-sharp fa-solid fa-globe\"><\/i>\n        <p>Z\u0159\u00edzen\u00ed jednodu\u0161e <br>a on-line<\/p>\n    <\/div>\n    \n    <div class=\"benefit-box\">\n        <i class=\"fa-solid fa-user-check\"><\/i>\n        <p>P\u0159ehledn\u00e1 a intuitivn\u00ed<br> Samoobsluha pro u\u017eivatele<\/p>\n    <\/div>\n    \n    <div class=\"benefit-box\">\n        <i class=\"fa-solid fa-credit-card\"><\/i>\n        <p>Kupuj dane kilkoma klikni\u0119ciami,<br>P\u0142atno\u015b\u0107 online<\/p>\n    <\/div>\n    \n    <div class=\"benefit-box\">\n        <i class=\"fa-solid fa-file-lines\"><\/i>\n        <p>Automatick\u00e9 generov\u00e1n\u00ed<br> doklad\u016f<\/p>\n    <\/div>\n    \n    <div class=\"benefit-box\">\n        <i class=\"fa-solid fa-bell\"><\/i>\n        <p>Notifikace koncov\u00fdm<br> u\u017eivatel\u016fm<\/p>\n    <\/div>\n    \n<\/section>\t\t<\/div>\n\t\t\t\t<\/div>\n\t\t\t\t\t<\/div>\n\t\t<\/div>\n\t\t\t\t\t\t\t<\/div>\n\t\t<\/section>\n\t\t\t\t<section class=\"elementor-section elementor-top-section elementor-element elementor-element-0b821df elementor-section-boxed elementor-section-height-default elementor-section-height-default\" data-id=\"0b821df\" data-element_type=\"section\">\n\t\t\t\t\t\t<div class=\"elementor-container elementor-column-gap-default\">\n\t\t\t\t\t<div class=\"elementor-column elementor-col-100 elementor-top-column elementor-element elementor-element-4e5eea9\" data-id=\"4e5eea9\" data-element_type=\"column\">\n\t\t\t<div class=\"elementor-widget-wrap elementor-element-populated\">\n\t\t\t\t\t\t\t\t<div class=\"elementor-element elementor-element-4b3a1f0 elementor-widget-divider--view-line elementor-widget elementor-widget-divider\" data-id=\"4b3a1f0\" data-element_type=\"widget\" data-widget_type=\"divider.default\">\n\t\t\t\t<div class=\"elementor-widget-container\">\n\t\t\t\t\t<div class=\"elementor-divider\">\n\t\t\t<span class=\"elementor-divider-separator\">\n\t\t\t\t\t\t<\/span>\n\t\t<\/div>\n\t\t\t\t<\/div>\n\t\t\t\t<\/div>\n\t\t\t\t\t<\/div>\n\t\t<\/div>\n\t\t\t\t\t\t\t<\/div>\n\t\t<\/section>\n\t\t\t\t<section class=\"elementor-section elementor-top-section elementor-element elementor-element-73418c3 elementor-section-boxed elementor-section-height-default elementor-section-height-default\" data-id=\"73418c3\" data-element_type=\"section\">\n\t\t\t\t\t\t<div class=\"elementor-container elementor-column-gap-default\">\n\t\t\t\t\t<div class=\"elementor-column elementor-col-100 elementor-top-column elementor-element elementor-element-4c1cf79\" data-id=\"4c1cf79\" data-element_type=\"column\">\n\t\t\t<div class=\"elementor-widget-wrap elementor-element-populated\">\n\t\t\t\t\t\t\t\t<div class=\"elementor-element elementor-element-c281e89 elementor-widget elementor-widget-heading\" data-id=\"c281e89\" data-element_type=\"widget\" data-widget_type=\"heading.default\">\n\t\t\t\t<div class=\"elementor-widget-container\">\n\t\t\t<h2 class=\"elementor-heading-title elementor-size-default\">Opis rozwi\u0105zania<\/h2>\t\t<\/div>\n\t\t\t\t<\/div>\n\t\t\t\t<div class=\"elementor-element elementor-element-f56151f elementor-widget elementor-widget-image\" data-id=\"f56151f\" data-element_type=\"widget\" data-widget_type=\"image.default\">\n\t\t\t\t<div class=\"elementor-widget-container\">\n\t\t\t\t\t\t\t\t\t\t\t\t\t\t\t<img decoding=\"async\" src=\"https:\/\/www.comverga.com\/wp-content\/uploads\/2023\/01\/BfF_schema_v4_1.png\" title=\"\" alt=\"\" loading=\"lazy\" \/>\t\t\t\t\t\t\t\t\t\t\t\t\t\t\t<\/div>\n\t\t\t\t<\/div>\n\t\t\t\t<div class=\"elementor-element elementor-element-141e4cb elementor-widget elementor-widget-html\" data-id=\"141e4cb\" data-element_type=\"widget\" data-widget_type=\"html.default\">\n\t\t\t\t<div class=\"elementor-widget-container\">\n\t\t\t<section class=\"dot-panels\">\n    \n    <div class=\"panel\">\n        <span class=\"icon one czech\">\n            \n        <\/span>\n        <h4>\n            U\u017cytkownik ko\u0144cowy otrzymuje\n        <\/h4>\n        <ul>\n            <li>Przegl\u0105d stanu ekstrakcji danych<\/li>\n            <li>Zakup pakiet\u00f3w danych<\/li>\n            <li>Wygodna p\u0142atno\u015b\u0107 on-line  <\/li>\n        <\/ul>\n    <\/div>\n    \n    <div class=\"panel\">\n        <span class=\"icon two czech\">\n            \n        <\/span>\n        <h4>\n            Klient\/Partner otrzyma\n        <\/h4>\n        <ul style=\"padding: 0 2rem 0 0\">\n            <li>\u015arodowisko u\u017cytkownika ko\u0144cowego<\/li>\n            <li>Spersonalizowane potwierdzenie p\u0142atno\u015bci<\/li>\n            <li>Zautomatyzowane dokumenty podsumowuj\u0105ce dla ksi\u0119gowo\u015bci<\/li>\n        <\/ul>\n    <\/div>\n    \n    <div class=\"panel\">\n        <span class=\"icon three czech\">\n            \n        <\/span>\n        <h4>\n            COMVERGA Billing for FUSION IoT\n        <\/h4>\n        <ul>\n            <li>Udzielanie informacji o aktualnym stanie<\/li>\n            <li>Zamawianie nowego pakietu danych<\/li>\n            <li>Wyp\u0142acaj pieni\u0105dze wybran\u0105 metod\u0105 p\u0142atno\u015bci (jeste\u015bmy dostawc\u0105 us\u0142ug p\u0142atniczych)<\/li>\n            <li>Automatyczne wydawanie niezb\u0119dnych dokument\u00f3w dla u\u017cytkownik\u00f3w i Twojej ksi\u0119gowo\u015bci\n            <\/li>\n            <li>Powiadomienie u\u017cytkownika ko\u0144cowego przed up\u0142ywem terminu wa\u017cno\u015bci karty SIM lub wyczerpaniem danych\n            <\/li>\n        <\/ul>\n    <\/div>\n    \n<\/section>\t\t<\/div>\n\t\t\t\t<\/div>\n\t\t\t\t<div class=\"elementor-element elementor-element-a017081 elementor-align-center elementor-widget elementor-widget-button\" data-id=\"a017081\" data-element_type=\"widget\" data-widget_type=\"button.default\">\n\t\t\t\t<div class=\"elementor-widget-container\">\n\t\t\t\t\t<div class=\"elementor-button-wrapper\">\n\t\t\t<a class=\"elementor-button elementor-button-link elementor-size-sm\" href=\"\/cze\/pl\/sluzby\/software-as-a-service-platform-as-a-service\/comverga-billing-for-fusion-iot\/jednoducha-a-intuitivni-samoobsluha-pro-koncove-uzivatele\/\">\n\t\t\t\t\t\t<span class=\"elementor-button-content-wrapper\">\n\t\t\t\t\t\t<span class=\"elementor-button-text\">Wi\u0119cej<\/span>\n\t\t<\/span>\n\t\t\t\t\t<\/a>\n\t\t<\/div>\n\t\t\t\t<\/div>\n\t\t\t\t<\/div>\n\t\t\t\t\t<\/div>\n\t\t<\/div>\n\t\t\t\t\t\t\t<\/div>\n\t\t<\/section>\n\t\t\t\t<section class=\"elementor-section elementor-top-section elementor-element elementor-element-fc43daf elementor-section-boxed elementor-section-height-default elementor-section-height-default\" data-id=\"fc43daf\" data-element_type=\"section\">\n\t\t\t\t\t\t<div class=\"elementor-container elementor-column-gap-default\">\n\t\t\t\t\t<div class=\"elementor-column elementor-col-100 elementor-top-column elementor-element elementor-element-1b72fbc\" data-id=\"1b72fbc\" data-element_type=\"column\">\n\t\t\t<div class=\"elementor-widget-wrap elementor-element-populated\">\n\t\t\t\t\t\t\t\t<div class=\"elementor-element elementor-element-b9989d5 elementor-widget-divider--view-line elementor-widget elementor-widget-divider\" data-id=\"b9989d5\" data-element_type=\"widget\" data-widget_type=\"divider.default\">\n\t\t\t\t<div class=\"elementor-widget-container\">\n\t\t\t\t\t<div class=\"elementor-divider\">\n\t\t\t<span class=\"elementor-divider-separator\">\n\t\t\t\t\t\t<\/span>\n\t\t<\/div>\n\t\t\t\t<\/div>\n\t\t\t\t<\/div>\n\t\t\t\t\t<\/div>\n\t\t<\/div>\n\t\t\t\t\t\t\t<\/div>\n\t\t<\/section>\n\t\t\t\t<section class=\"elementor-section elementor-top-section elementor-element elementor-element-589a836 elementor-section-boxed elementor-section-height-default elementor-section-height-default\" data-id=\"589a836\" data-element_type=\"section\">\n\t\t\t\t\t\t<div class=\"elementor-container elementor-column-gap-default\">\n\t\t\t\t\t<div class=\"elementor-column elementor-col-100 elementor-top-column elementor-element elementor-element-4edfd7f\" data-id=\"4edfd7f\" data-element_type=\"column\">\n\t\t\t<div class=\"elementor-widget-wrap elementor-element-populated\">\n\t\t\t\t\t\t\t\t<div class=\"elementor-element elementor-element-a603a7e elementor-widget elementor-widget-heading\" data-id=\"a603a7e\" data-element_type=\"widget\" id=\"custom-heading\" data-widget_type=\"heading.default\">\n\t\t\t\t<div class=\"elementor-widget-container\">\n\t\t\t<h2 class=\"elementor-heading-title elementor-size-default\">Przypadk\u00f3w u\u017cycia<\/h2>\t\t<\/div>\n\t\t\t\t<\/div>\n\t\t\t\t<div class=\"elementor-element elementor-element-3be81b7 elementor-widget elementor-widget-html\" data-id=\"3be81b7\" data-element_type=\"widget\" data-widget_type=\"html.default\">\n\t\t\t\t<div class=\"elementor-widget-container\">\n\t\t\t<div class=\"list section-inner custom\">\n\n\t\t<div class=\"list-inner\">\n\t\t    \n\t\t    <div class=\"list-item bg-image\" style=\"background-image:url('\/wp-content\/uploads\/2023\/01\/Lamax_foto1.jpg')\">\n\t\t\t\t\t<a href=\"\/cze\/pl\/sluzby\/software-as-a-service-platform-as-a-service\/comverga-billing-for-fusion-iot\/prodej-smart-hodinek-soucasne-se-sim-kartou\/\">\n\n\t\t\t\t\t\t<span class=\"list-item-title\">\n\t\t\t\t\t\t   Partner dostarcza karty SIM do inteligentnych zegark\u00f3w\n\t\t\t\t\t\t<\/span>\n\n\t\t\t\t\t\t<span class=\"list-item-description\">\n\t\t\t\t\t\t\t\n\t\t\t\t\t\t\tWirtualny operator mobilny COOP Mobil udost\u0119pnia kart\u0119 SIM z mo\u017cliwo\u015bci\u0105 transmisji danych, kt\u00f3r\u0105 oferuje wraz z inteligentnym zegarkiem. Koncentruje si\u0119 na sprzeda\u017cy do u\u017cytkownik\u00f3w ko\u0144cowych poprzez w\u0142asne kana\u0142y sprzeda\u017cy.\n\n\t\t\t\t\t\t\t\n\t\t\t\t\t\t\t<\/span>\n\n\t\t\t\t\t\t\t<span class=\"list-item-link\">Wi\u0119cej<\/span>\n\t\t\t\t\t\t<\/span>\n\t\t\t\t\t<\/a>\n\t\t\t\t<\/div>\n\n\t\t\t\t<div class=\"list-item bg-image\" style=\"background-image:url('\/wp-content\/uploads\/2023\/01\/camera.jpg')\">\n\t\t\t\t\t<a href=\"\/cze\/pl\/sluzby\/software-as-a-service-platform-as-a-service\/comverga-billing-for-fusion-iot\/dodavatel-zabezpecovacich-zarizeni-s-kamerovym-zaznamem\/\">\n\n\t\t\t\t\t\t<span class=\"list-item-title\">\n\t\t\t\t\t\t     \tDostawca sprz\u0119tu bezpiecze\u0144stwa z zapisem kamerowym\n\t\t\t\t\t\t<\/span>\n\n\t\t\t\t\t\t<span class=\"list-item-description\">\n\t\t\t\t\t\t\t\n\t\t\t\t\t\t\t    Partner dostarcza urz\u0105dzenia zabezpieczaj\u0105ce dla gospodarstw domowych i obiekt\u00f3w przemys\u0142owych wraz z kart\u0105 SIM z danymi o zadanym wolumenie danych dla swoich urz\u0105dze\u0144.U\u017cytkownicy mog\u0105 w \u0142atwy spos\u00f3b zarz\u0105dza\u0107 wolumenem danych za pomoc\u0105 naszej platformy.\n\t\t\t\t\t\t\n\t\t\t\t\t\t\t<\/span>\n\n\t\t\t\t\t\t\t<span class=\"list-item-link\">Wi\u0119cej<\/span>\n\t\t\t\t\t\t<\/span>\n\t\t\t\t\t<\/a>\n\t\t\t\t<\/div>\n\t\t\t\t<div class=\"list-item bg-image\" style=\"background-image:url('\/wp-content\/uploads\/2023\/01\/caravan.jpg')\">\n\t\t\t\t\t<a href=\"\/cze\/pl\/sluzby\/software-as-a-service-platform-as-a-service\/comverga-billing-for-fusion-iot\/zarizeni-do-karavanu-a-obytnych-vozu\/\">\n\n\t\t\t\t\t\t<span class=\"list-item-title\">\n\t\t\t\t\t\t    Wyposa\u017cenie przyczep kempingowych i samochod\u00f3w kempingowych\n\t\t\t\t\t\t<\/span>\n\n\t\t\t\t\t\t<span class=\"list-item-description\">\n\t\t\t\t\t\t\t\n\t\t\t\t\t\t\tPartner dostarcza sprz\u0119t zapewniaj\u0105cy mocny zasi\u0119g Internetu w przyczepach kempingowych i kamperach wraz z kart\u0105 SIM do transmisji danych z ustalon\u0105 taryf\u0105 za transmisj\u0119 danych. Korzystaj\u0105c z naszej platformy, u\u017cytkownicy mog\u0105 w \u0142atwy spos\u00f3b monitorowa\u0107 stan danej karty SIM i w razie potrzeby dokupi\u0107 dodatkowe dane online.\n\t\t\t\t\t\t\t\n\t\t\t\t\t\t\t<\/span>\n\n\t\t\t\t\t\t\t<span class=\"list-item-link\">Wi\u0119cej<\/span>\n\t\t\t\t\t\t<\/span>\n\t\t\t\t\t<\/a>\n\t\t\t\t<\/div>\n\t\t\t\t\n\t\t<\/div>\n\t<\/div>\t\t<\/div>\n\t\t\t\t<\/div>\n\t\t\t\t\t<\/div>\n\t\t<\/div>\n\t\t\t\t\t\t\t<\/div>\n\t\t<\/section>\n\t\t\t\t<section class=\"elementor-section elementor-top-section elementor-element elementor-element-cd72e6a elementor-section-boxed elementor-section-height-default elementor-section-height-default\" data-id=\"cd72e6a\" data-element_type=\"section\">\n\t\t\t\t\t\t<div class=\"elementor-container elementor-column-gap-default\">\n\t\t\t\t\t<div class=\"elementor-column elementor-col-100 elementor-top-column elementor-element elementor-element-55f2d98\" data-id=\"55f2d98\" data-element_type=\"column\">\n\t\t\t<div class=\"elementor-widget-wrap elementor-element-populated\">\n\t\t\t\t\t\t\t\t<div class=\"elementor-element elementor-element-bce1da0 elementor-widget-divider--view-line elementor-widget elementor-widget-divider\" data-id=\"bce1da0\" data-element_type=\"widget\" data-widget_type=\"divider.default\">\n\t\t\t\t<div class=\"elementor-widget-container\">\n\t\t\t\t\t<div class=\"elementor-divider\">\n\t\t\t<span class=\"elementor-divider-separator\">\n\t\t\t\t\t\t<\/span>\n\t\t<\/div>\n\t\t\t\t<\/div>\n\t\t\t\t<\/div>\n\t\t\t\t\t<\/div>\n\t\t<\/div>\n\t\t\t\t\t\t\t<\/div>\n\t\t<\/section>\n\t\t\t\t<section class=\"elementor-section elementor-top-section elementor-element elementor-element-529ddf5 elementor-section-boxed elementor-section-height-default elementor-section-height-default\" data-id=\"529ddf5\" data-element_type=\"section\">\n\t\t\t\t\t\t<div class=\"elementor-container elementor-column-gap-default\">\n\t\t\t\t\t<div class=\"elementor-column elementor-col-100 elementor-top-column elementor-element elementor-element-f7217f0\" data-id=\"f7217f0\" data-element_type=\"column\">\n\t\t\t<div class=\"elementor-widget-wrap elementor-element-populated\">\n\t\t\t\t\t\t\t\t<div class=\"elementor-element elementor-element-7ff166a elementor-widget elementor-widget-heading\" data-id=\"7ff166a\" data-element_type=\"widget\" id=\"custom-heading\" data-widget_type=\"heading.default\">\n\t\t\t\t<div class=\"elementor-widget-container\">\n\t\t\t<h2 class=\"elementor-heading-title elementor-size-default\">Skontaktuj si\u0119 z nami<\/h2>\t\t<\/div>\n\t\t\t\t<\/div>\n\t\t\t\t<div class=\"elementor-element elementor-element-6e1397a elementor-widget elementor-widget-text-editor\" data-id=\"6e1397a\" data-element_type=\"widget\" data-widget_type=\"text-editor.default\">\n\t\t\t\t<div class=\"elementor-widget-container\">\n\t\t\t\t\t\t\t<p style=\"text-align: center;\">Jeste\u015b zainteresowany us\u0142ug\u0105 lub masz pytania?<br>\nWype\u0142nij kr\u00f3tki formularz, a my skontaktujemy si\u0119 z Tob\u0105 tak szybko, jak to mo\u017cliwe.<\/p>\t\t\t\t\t\t<\/div>\n\t\t\t\t<\/div>\n\t\t\t\t<div class=\"elementor-element elementor-element-94d5be8 premium-modal-dismissible-yes elementor-widget elementor-widget-premium-addon-modal-box\" data-id=\"94d5be8\" data-element_type=\"widget\" data-settings=\"{&quot;premium_modal_box_animation&quot;:&quot;fadeInDown&quot;}\" data-widget_type=\"premium-addon-modal-box.default\">\n\t\t\t\t<div class=\"elementor-widget-container\">\n\t\t\t\r\n\t\t<div class=\"premium-modal-box-container\" data-settings=\"{&quot;trigger&quot;:&quot;button&quot;}\">\r\n\t\t\t<div class=\"premium-modal-trigger-container\">\r\n\t\t\t\t\t\t\t\t\t<button data-toggle=\"premium-modal\" data-target=\"#premium-modal-94d5be8\" type=\"button\" class=\"premium-modal-trigger-btn premium-btn-sm premium-button-none\" data-text=\"Kontaktujte n\u00e1s\">\r\n\r\n\t\t\t\t\t\t\r\n\t\t\t\t\t\t<div class=\"premium-button-text-icon-wrapper\">\r\n\t\t\t\t\t\t\t<span>Skontaktuj si\u0119 z nami<\/span>\r\n\t\t\t\t\t\t<\/div>\r\n\r\n\t\t\t\t\t\t\r\n\t\t\t\t\t\t\r\n\t\t\t\t\t\t\r\n\t\t\t\t\t<\/button>\r\n\t\t\t\t\t\t\t<\/div>\r\n\r\n\t\t\t<div id=\"premium-modal-94d5be8\" class=\"premium-modal-box-modal\"\r\n\t\t\trole=\"dialog\"\r\n\t\t\tstyle=\"display: none\"\r\n\t\t\t>\r\n\t\t\t\t<div class=\"premium-modal-box-modal-dialog\" data-delay-animation=\"\" data-modal-animation=\"fadeInDown animated-fast\">\r\n\t\t\t\t\t\t\t\t\t\t\t<div class=\"premium-modal-box-modal-header\">\r\n\t\t\t\t\t\t\t\t\t\t\t\t\t\t\t<h3 class=\"premium-modal-box-modal-title\">\r\n\t\t\t\t\t\t\t\t\tSkontaktuj si\u0119 z nami\t\t\t\t\t\t\t\t<\/h3>\r\n\t\t\t\t\t\t\t\t\t\t\t\t\t\t\t\t\t\t\t\t\t\t<div class=\"premium-modal-box-close-button-container\">\r\n\t\t\t\t\t\t\t\t\t<button type=\"button\" class=\"premium-modal-box-modal-close\" data-dismiss=\"premium-modal\">X<\/button>\r\n\t\t\t\t\t\t\t\t<\/div>\r\n\t\t\t\t\t\t\t\t\t\t\t\t\t<\/div>\r\n\t\t\t\t\t\t\t\t\t\t<div class=\"premium-modal-box-modal-body\">\r\n\t\t\t\t\t\t\t\t\t\t\t<\/div>\r\n\t\t\t\t\t\t\t\t\t<\/div>\r\n\t\t\t<\/div>\r\n\t\t<\/div>\r\n\r\n\t\t\t\t<\/div>\n\t\t\t\t<\/div>\n\t\t\t\t\t<\/div>\n\t\t<\/div>\n\t\t\t\t\t\t\t<\/div>\n\t\t<\/section>\n\t\t\t\t\t\t\t<\/div>","protected":false},"excerpt":{"rendered":"<p>Platforma pro spra\u0301vu datovy\u0301ch SIM karet za\u0301kazni\u0301k\u016f a partner\u016f FUSION IoT &#8211; jednoducha\u0301, automaticka\u0301 a bez administrativni\u0301 za\u0301t\u011b\u017ee. U\u017eivatelsky p\u0159i\u0301v\u011btive\u0301 rozhrani\u0301 poskytuje koncovy\u0301m u\u017eivatel\u016fm informace o stavu SIM karty a zobrazuje p\u0159ehled o objemu vy\u010derpany\u0301ch dat, za\u0301rove\u0148 umo\u017e\u0148uje data on-line dokoupit a zaplatit. Jsme dlouholety\u0301m partnerem a dodavatelem platformy FUSION IoT. Di\u0301ky tomu m\u016f\u017eeme nyni\u0301 [&hellip;]<\/p>","protected":false},"author":1,"featured_media":4599,"parent":186,"menu_order":5,"comment_status":"closed","ping_status":"closed","template":"","meta":{"footnotes":""},"_links":{"self":[{"href":"https:\/\/new.comverga.com\/cze\/pl\/wp-json\/wp\/v2\/pages\/1284"}],"collection":[{"href":"https:\/\/new.comverga.com\/cze\/pl\/wp-json\/wp\/v2\/pages"}],"about":[{"href":"https:\/\/new.comverga.com\/cze\/pl\/wp-json\/wp\/v2\/types\/page"}],"author":[{"embeddable":true,"href":"https:\/\/new.comverga.com\/cze\/pl\/wp-json\/wp\/v2\/users\/1"}],"replies":[{"embeddable":true,"href":"https:\/\/new.comverga.com\/cze\/pl\/wp-json\/wp\/v2\/comments?post=1284"}],"version-history":[{"count":0,"href":"https:\/\/new.comverga.com\/cze\/pl\/wp-json\/wp\/v2\/pages\/1284\/revisions"}],"up":[{"embeddable":true,"href":"https:\/\/new.comverga.com\/cze\/pl\/wp-json\/wp\/v2\/pages\/186"}],"wp:featuredmedia":[{"embeddable":true,"href":"https:\/\/new.comverga.com\/cze\/pl\/wp-json\/wp\/v2\/media\/4599"}],"wp:attachment":[{"href":"https:\/\/new.comverga.com\/cze\/pl\/wp-json\/wp\/v2\/media?parent=1284"}],"curies":[{"name":"wp","href":"https:\/\/api.w.org\/{rel}","templated":true}]}}