{"id":698,"date":"2020-12-15T13:02:32","date_gmt":"2020-12-15T12:02:32","guid":{"rendered":"https:\/\/www.comverga.com\/?page_id=698"},"modified":"2023-08-24T12:56:34","modified_gmt":"2023-08-24T10:56:34","slug":"vladni-a-verejny-sektor","status":"publish","type":"page","link":"https:\/\/new.comverga.com\/cze\/en\/odvetvi\/vladni-a-verejny-sektor\/","title":{"rendered":"Government &amp; Public sector"},"content":{"rendered":"<div data-elementor-type=\"wp-page\" data-elementor-id=\"698\" class=\"elementor elementor-698\">\n\t\t\t\t\t\t\t\t\t<section class=\"elementor-section elementor-top-section elementor-element elementor-element-e75a4d9 elementor-section-boxed elementor-section-height-default elementor-section-height-default\" data-id=\"e75a4d9\" data-element_type=\"section\">\n\t\t\t\t\t\t<div class=\"elementor-container elementor-column-gap-default\">\n\t\t\t\t\t<div class=\"elementor-column elementor-col-100 elementor-top-column elementor-element elementor-element-7768356d\" data-id=\"7768356d\" data-element_type=\"column\">\n\t\t\t<div class=\"elementor-widget-wrap elementor-element-populated\">\n\t\t\t\t\t\t\t\t<div class=\"elementor-element elementor-element-50996fa3 elementor-widget elementor-widget-text-editor\" data-id=\"50996fa3\" data-element_type=\"widget\" data-widget_type=\"text-editor.default\">\n\t\t\t\t<div class=\"elementor-widget-container\">\n\t\t\t\t\t\t\t<!-- wp:paragraph -->\n<p class=\"translation-block\">Communication with citizens and clients of different authorities and institutions is important to build healthy and functional society. We provide a wide range of services and applications using messaging for bidirectional and targeted communication in this area:<\/p>\n<!-- \/wp:paragraph --><!-- wp:list -->\n<ul>\n<li>Conversation Services for citizens<\/li>\n<li>Mobile applications<\/li>\n<li>Notification services<\/li>\n<li>Smart Parking<\/li>\n<\/ul>\n<!-- \/wp:list --><!-- wp:paragraph -->\n<p><strong>SELECTED PARTNERS<\/strong> Cities \u2013 Karlovy Vary, Hradec Kr\u00e1lov\u00e9, Dv\u016fr Kr\u00e1lov\u00e9 nad Labem, Brunt\u00e1l, Hodon\u00edn, Chomutov, Jarom\u011b\u0159, Ji\u010d\u00edn, Krnov, Kutn\u00e1 Hora, Odry, Opava, Prachatice, \u0160ternberk, \u017datec<\/p>\n<!-- \/wp:paragraph --><!-- wp:paragraph -->\n<p>\u00a0<\/p>\n<!-- \/wp:paragraph -->\t\t\t\t\t\t<\/div>\n\t\t\t\t<\/div>\n\t\t\t\t\t<\/div>\n\t\t<\/div>\n\t\t\t\t\t\t\t<\/div>\n\t\t<\/section>\n\t\t\t\t\t\t\t<\/div>","protected":false},"excerpt":{"rendered":"<p>Communication with citizens and clients of various bodies and institutions is important for building a healthy and functional society...<\/p>","protected":false},"author":1,"featured_media":4993,"parent":344,"menu_order":7,"comment_status":"closed","ping_status":"closed","template":"","meta":{"footnotes":""},"_links":{"self":[{"href":"https:\/\/new.comverga.com\/cze\/en\/wp-json\/wp\/v2\/pages\/698"}],"collection":[{"href":"https:\/\/new.comverga.com\/cze\/en\/wp-json\/wp\/v2\/pages"}],"about":[{"href":"https:\/\/new.comverga.com\/cze\/en\/wp-json\/wp\/v2\/types\/page"}],"author":[{"embeddable":true,"href":"https:\/\/new.comverga.com\/cze\/en\/wp-json\/wp\/v2\/users\/1"}],"replies":[{"embeddable":true,"href":"https:\/\/new.comverga.com\/cze\/en\/wp-json\/wp\/v2\/comments?post=698"}],"version-history":[{"count":0,"href":"https:\/\/new.comverga.com\/cze\/en\/wp-json\/wp\/v2\/pages\/698\/revisions"}],"up":[{"embeddable":true,"href":"https:\/\/new.comverga.com\/cze\/en\/wp-json\/wp\/v2\/pages\/344"}],"wp:featuredmedia":[{"embeddable":true,"href":"https:\/\/new.comverga.com\/cze\/en\/wp-json\/wp\/v2\/media\/4993"}],"wp:attachment":[{"href":"https:\/\/new.comverga.com\/cze\/en\/wp-json\/wp\/v2\/media?parent=698"}],"curies":[{"name":"wp","href":"https:\/\/api.w.org\/{rel}","templated":true}]}}