{"id":364,"date":"2020-11-25T15:20:15","date_gmt":"2020-11-25T14:20:15","guid":{"rendered":"https:\/\/www.comverga.com\/?page_id=364"},"modified":"2023-10-25T17:48:20","modified_gmt":"2023-10-25T15:48:20","slug":"kontakt","status":"publish","type":"page","link":"https:\/\/new.comverga.com\/cze\/en\/kontakt\/","title":{"rendered":"Contact"},"content":{"rendered":"<div data-elementor-type=\"wp-page\" data-elementor-id=\"364\" class=\"elementor elementor-364\">\n\t\t\t\t\t\t\t\t\t<section class=\"elementor-section elementor-top-section elementor-element elementor-element-19436f95 elementor-section-boxed elementor-section-height-default elementor-section-height-default\" data-id=\"19436f95\" data-element_type=\"section\">\n\t\t\t\t\t\t<div class=\"elementor-container elementor-column-gap-default\">\n\t\t\t\t\t<div class=\"elementor-column elementor-col-100 elementor-top-column elementor-element elementor-element-18f770a3\" data-id=\"18f770a3\" data-element_type=\"column\">\n\t\t\t<div class=\"elementor-widget-wrap elementor-element-populated\">\n\t\t\t\t\t\t\t\t<div class=\"elementor-element elementor-element-2991c6d6 elementor-widget elementor-widget-text-editor\" data-id=\"2991c6d6\" data-element_type=\"widget\" data-widget_type=\"text-editor.default\">\n\t\t\t\t<div class=\"elementor-widget-container\">\n\t\t\t\t\t\t\t<!-- wp:columns -->\n<div class=\"wp-block-columns\"><!-- wp:column -->\n<div class=\"wp-block-column\" style=\"margin-right: 6px;\"><!-- wp:image {\"id\":520,\"sizeSlug\":\"full\"} -->\n<figure class=\"wp-block-image size-full\"><img fetchpriority=\"high\" decoding=\"async\" width=\"640\" height=\"380\" class=\"wp-image-520\" style=\"width: 305px\" src=\"https:\/\/www.comverga.com\/cze\/wp-content\/uploads\/sites\/3\/2020\/11\/prag.jpg\" alt=\"\" srcset=\"https:\/\/new.comverga.com\/cze\/wp-content\/uploads\/sites\/3\/2020\/11\/prag.jpg 640w, https:\/\/new.comverga.com\/cze\/wp-content\/uploads\/sites\/3\/2020\/11\/prag-300x178.jpg 300w\" sizes=\"(max-width: 640px) 100vw, 640px\" \/><\/figure>\n<!-- \/wp:image -->\n\n<!-- wp:paragraph -->\n<p><strong>CZECH REPUBLIC<br \/><\/strong><\/p>\n<div class=\"country-seperate-line\">\u00a0<\/div>\n<p><strong><br \/>COMVERGA a.s.<\/strong><br \/>+420 234 493 141<br \/>info@comverga.com<\/p>\n<!-- \/wp:paragraph -->\n\n<!-- wp:paragraph -->\n<p><strong>PRAGUE<\/strong><br \/>Vinohradsk\u00e1 2396\/184<br \/>130 52 Prague 3<\/p>\n<!-- \/wp:paragraph -->\n\n<!-- wp:paragraph -->\n<p><strong>PRAGUE<\/strong><br \/>Starokol\u00ednsk\u00e1 306<br \/>190 16 Prague 9<\/p>\n<!-- \/wp:paragraph -->\n\n<!-- wp:paragraph -->\n<p><strong>HRADEC KR\u00c1LOV\u00c9<\/strong><br \/>Class Charles IV 468<br \/>500 02 Hradec Kr\u00e1lov\u00e9<\/p>\n<!-- \/wp:paragraph -->\n\n<!-- wp:paragraph -->\n<p><strong>TRUTNOV<\/strong><br \/>Hradebni 12<br \/>541 01 Trutnov<\/p>\n<!-- \/wp:paragraph -->\n\n<!-- wp:paragraph -->\n<p>ID: 25949098<br \/>Data box: jpgevyr<br \/>DUNS: 495006301<\/p>\n<!-- \/wp:paragraph --><\/div>\n<!-- \/wp:column -->\n\n<!-- wp:column -->\n<div class=\"wp-block-column\" style=\"margin-right: 6px;\"><!-- wp:image {\"id\":522,\"sizeSlug\":\"full\"} -->\n<figure class=\"wp-block-image size-full\"><img decoding=\"async\" width=\"305\" height=\"181\" class=\"wp-image-522\" src=\"https:\/\/www.comverga.com\/cze\/wp-content\/uploads\/sites\/3\/2020\/11\/warszawa-e1606722911282.jpg\" alt=\"\" srcset=\"https:\/\/new.comverga.com\/cze\/wp-content\/uploads\/sites\/3\/2020\/11\/warszawa-e1606722911282.jpg 305w, https:\/\/new.comverga.com\/cze\/wp-content\/uploads\/sites\/3\/2020\/11\/warszawa-e1606722911282-300x178.jpg 300w\" sizes=\"(max-width: 305px) 100vw, 305px\" \/><\/figure>\n<!-- \/wp:image -->\n\n<!-- wp:paragraph -->\n<p><strong>POLAND<br \/><\/strong><\/p>\n<div class=\"country-seperate-line\">\u00a0<\/div>\n<p><strong><br \/>COMVERGA Sp. z o. o<\/strong><br \/>+48 22 843 49 19<br \/>biuro@comverga.com<\/p>\n<!-- \/wp:paragraph -->\n\n<!-- wp:paragraph -->\n<p><strong>WARSAW<\/strong><br \/>ul. Wita Stwosza 28 A<br \/>02-661 Warsaw<\/p>\n<!-- \/wp:paragraph --><\/div>\n<!-- \/wp:column -->\n\n<!-- wp:column -->\n<div class=\"wp-block-column\"><!-- wp:image {\"id\":1020,\"sizeSlug\":\"large\",\"linkDestination\":\"none\"} -->\n<figure class=\"wp-block-image size-large\"><img decoding=\"async\" width=\"305\" height=\"181\" class=\"wp-image-1020\" src=\"https:\/\/www.comverga.com\/cze\/wp-content\/uploads\/sites\/3\/2021\/01\/berlin-1.jpg\" alt=\"\" srcset=\"https:\/\/new.comverga.com\/cze\/wp-content\/uploads\/sites\/3\/2021\/01\/berlin-1.jpg 305w, https:\/\/new.comverga.com\/cze\/wp-content\/uploads\/sites\/3\/2021\/01\/berlin-1-300x178.jpg 300w\" sizes=\"(max-width: 305px) 100vw, 305px\" \/><\/figure>\n<!-- \/wp:image -->\n\n<!-- wp:paragraph -->\n<p><strong>GERMANY<br \/><\/strong><\/p>\n<div class=\"country-seperate-line\">\u00a0<\/div>\n<p><strong><br \/>COMVERGA GmbH<\/strong><br \/>+49 30 568373713<br \/>info@comverga.com<\/p>\n<!-- \/wp:paragraph -->\n\n<!-- wp:paragraph -->\n<p><strong>BERLIN<\/strong><br \/>Potsdamer Platz 10<br \/>10785 Berlin<\/p>\n<!-- \/wp:paragraph --><\/div>\n<!-- \/wp:column --><\/div>\n<!-- \/wp:columns -->\n\n<!-- wp:paragraph -->\n<p>&nbsp;<\/p>\n<!-- \/wp:paragraph -->\t\t\t\t\t\t<\/div>\n\t\t\t\t<\/div>\n\t\t\t\t\t<\/div>\n\t\t<\/div>\n\t\t\t\t\t\t\t<\/div>\n\t\t<\/section>\n\t\t\t\t\t\t\t<\/div>","protected":false},"excerpt":{"rendered":"<p>\u010cESK\u00c1 REPUBLIKA \u00a0 COMVERGA a.s.+420 234 493 141info@comverga.com PRAHAVinohradsk\u00e1 2396\/184130 52 Praha 3 PRAHAStarokol\u00ednsk\u00e1 306190 16 Praha 9 HRADEC KR\u00c1LOV\u00c9T\u0159. Karla IV. 468500 02 Hradec Kr\u00e1lov\u00e9 TRUTNOVHradebn\u00ed 12541 01 Trutnov I\u010c: 25949098Datov\u00e1 schr\u00e1nka: jpgevyrD-U-N-S: 495006301 POLSKO \u00a0 COMVERGA Sp. z\u00a0o. o.+48 22 843 49 19biuro@comverga.com VAR\u0160AVAul. Wita Stwosza 28 A02-661 Var\u0161ava N\u011aMECKO \u00a0 COMVERGA GmbH+49 [&hellip;]<\/p>","protected":false},"author":1,"featured_media":139,"parent":0,"menu_order":0,"comment_status":"closed","ping_status":"closed","template":"","meta":{"footnotes":""},"_links":{"self":[{"href":"https:\/\/new.comverga.com\/cze\/en\/wp-json\/wp\/v2\/pages\/364"}],"collection":[{"href":"https:\/\/new.comverga.com\/cze\/en\/wp-json\/wp\/v2\/pages"}],"about":[{"href":"https:\/\/new.comverga.com\/cze\/en\/wp-json\/wp\/v2\/types\/page"}],"author":[{"embeddable":true,"href":"https:\/\/new.comverga.com\/cze\/en\/wp-json\/wp\/v2\/users\/1"}],"replies":[{"embeddable":true,"href":"https:\/\/new.comverga.com\/cze\/en\/wp-json\/wp\/v2\/comments?post=364"}],"version-history":[{"count":0,"href":"https:\/\/new.comverga.com\/cze\/en\/wp-json\/wp\/v2\/pages\/364\/revisions"}],"wp:featuredmedia":[{"embeddable":true,"href":"https:\/\/new.comverga.com\/cze\/en\/wp-json\/wp\/v2\/media\/139"}],"wp:attachment":[{"href":"https:\/\/new.comverga.com\/cze\/en\/wp-json\/wp\/v2\/media?parent=364"}],"curies":[{"name":"wp","href":"https:\/\/api.w.org\/{rel}","templated":true}]}}