{"id":3578,"date":"2023-03-10T10:18:29","date_gmt":"2023-03-10T09:18:29","guid":{"rendered":"https:\/\/www.comverga.com\/cze\/?page_id=3578"},"modified":"2023-12-14T14:15:13","modified_gmt":"2023-12-14T13:15:13","slug":"co-delame","status":"publish","type":"page","link":"https:\/\/new.comverga.com\/cze\/en\/co-delame\/","title":{"rendered":"What we do"},"content":{"rendered":"<div data-elementor-type=\"wp-page\" data-elementor-id=\"3578\" class=\"elementor elementor-3578\">\n\t\t\t\t\t\t\t\t\t<section class=\"elementor-section elementor-top-section elementor-element elementor-element-528be6c6 elementor-section-full_width elementor-section-height-default elementor-section-height-default\" data-id=\"528be6c6\" data-element_type=\"section\">\n\t\t\t\t\t\t<div class=\"elementor-container elementor-column-gap-default\">\n\t\t\t\t\t<div class=\"elementor-column elementor-col-100 elementor-top-column elementor-element elementor-element-756a5a01\" data-id=\"756a5a01\" data-element_type=\"column\">\n\t\t\t<div class=\"elementor-widget-wrap elementor-element-populated\">\n\t\t\t\t\t\t\t\t<div class=\"elementor-element elementor-element-304b49bd elementor-widget elementor-widget-text-editor\" data-id=\"304b49bd\" data-element_type=\"widget\" data-widget_type=\"text-editor.default\">\n\t\t\t\t<div class=\"elementor-widget-container\">\n\t\t\t\t\t\t\t<p>We are a stable family company, we are constantly developing and following new trends. We have a twenty-year successful history in the telecommunications industry. Through the quality of our services and the search for common solutions we are building a leading position among European companies in the communications and IT market.<\/p>\t\t\t\t\t\t<\/div>\n\t\t\t\t<\/div>\n\t\t\t\t\t<\/div>\n\t\t<\/div>\n\t\t\t\t\t\t\t<\/div>\n\t\t<\/section>\n\t\t\t\t<section class=\"elementor-section elementor-top-section elementor-element elementor-element-aab44b5 elementor-section-boxed elementor-section-height-default elementor-section-height-default\" data-id=\"aab44b5\" data-element_type=\"section\" data-no-translation=\"\">\n\t\t\t\t\t\t<div class=\"elementor-container elementor-column-gap-default\">\n\t\t\t\t\t<div class=\"elementor-column elementor-col-100 elementor-top-column elementor-element elementor-element-5c83db2\" data-id=\"5c83db2\" data-element_type=\"column\">\n\t\t\t<div class=\"elementor-widget-wrap elementor-element-populated\">\n\t\t\t\t\t\t\t\t<div class=\"elementor-element elementor-element-7856dc8 elementor-hidden-mobile elementor-widget elementor-widget-html\" data-id=\"7856dc8\" data-element_type=\"widget\" data-widget_type=\"html.default\">\n\t\t\t\t<div class=\"elementor-widget-container\">\n\t\t\t<style>\n      #wrap {\n        width: 100%;\n        height: 480px;\n        padding: 0;\n      }\n      #scaled-frame {\n        width: 100%;\n        height: 480px;\n        border: 0px;\n      }\n    <\/style>\n\n<div id=\"wrap\">\n\n<iframe id=\"scaled-frame\" src=\"https:\/\/www.comverga.com\/int\/cibule-nahled\/\" scrolling=\"no\"><\/iframe>\n\n<\/div>\t\t<\/div>\n\t\t\t\t<\/div>\n\t\t\t\t<div class=\"elementor-element elementor-element-70e4b96 elementor-hidden-desktop elementor-hidden-tablet elementor-widget elementor-widget-image\" data-id=\"70e4b96\" data-element_type=\"widget\" data-no-translation=\"\" data-widget_type=\"image.default\">\n\t\t\t\t<div class=\"elementor-widget-container\">\n\t\t\t\t\t\t\t\t\t\t\t\t\t\t\t<img fetchpriority=\"high\" decoding=\"async\" width=\"580\" height=\"433\" src=\"https:\/\/new.comverga.com\/cze\/wp-content\/uploads\/sites\/3\/2023\/12\/cibule-eng.png\" class=\"attachment-large size-large wp-image-5472\" alt=\"\" srcset=\"https:\/\/new.comverga.com\/cze\/wp-content\/uploads\/sites\/3\/2023\/12\/cibule-eng.png 613w, https:\/\/new.comverga.com\/cze\/wp-content\/uploads\/sites\/3\/2023\/12\/cibule-eng-300x224.png 300w, https:\/\/new.comverga.com\/cze\/wp-content\/uploads\/sites\/3\/2023\/12\/cibule-eng-16x12.png 16w\" sizes=\"(max-width: 580px) 100vw, 580px\" \/>\t\t\t\t\t\t\t\t\t\t\t\t\t\t\t<\/div>\n\t\t\t\t<\/div>\n\t\t\t\t\t<\/div>\n\t\t<\/div>\n\t\t\t\t\t\t\t<\/div>\n\t\t<\/section>\n\t\t\t\t<section class=\"elementor-section elementor-top-section elementor-element elementor-element-40a00e5 elementor-section-boxed elementor-section-height-default elementor-section-height-default\" data-id=\"40a00e5\" data-element_type=\"section\">\n\t\t\t\t\t\t<div class=\"elementor-container elementor-column-gap-default\">\n\t\t\t\t\t<div class=\"elementor-column elementor-col-100 elementor-top-column elementor-element elementor-element-e634090\" data-id=\"e634090\" data-element_type=\"column\">\n\t\t\t<div class=\"elementor-widget-wrap elementor-element-populated\">\n\t\t\t\t\t\t\t\t<div class=\"elementor-element elementor-element-4f8ca8b elementor-widget elementor-widget-text-editor\" data-id=\"4f8ca8b\" data-element_type=\"widget\" data-widget_type=\"text-editor.default\">\n\t\t\t\t<div class=\"elementor-widget-container\">\n\t\t\t\t\t\t\t<p>We develop and operate our own infrastructure to provide services independent of technology, vendors and networks. We connect different networks and host providers to our infrastructure to offer a range of converged services to our partners and customers.<\/p>\t\t\t\t\t\t<\/div>\n\t\t\t\t<\/div>\n\t\t\t\t\t<\/div>\n\t\t<\/div>\n\t\t\t\t\t\t\t<\/div>\n\t\t<\/section>\n\t\t\t\t\t\t\t<\/div>","protected":false},"excerpt":{"rendered":"<p>Jsme stabiln\u00ed rodinn\u00e1 firma, st\u00e1le se rozv\u00edj\u00edme a sledujeme nov\u00e9 trendy. M\u00e1me za sebou dvacetiletou \u00fasp\u011b\u0161nou historii v oboru telekomunikac\u00ed. Skrze kvalitu slu\u017eeb a hled\u00e1n\u00ed spole\u010dn\u00fdch \u0159e\u0161en\u00ed budujeme vedouc\u00ed pozici mezi evropsk\u00fdmi spole\u010dnostmi na komunika\u010dn\u00edm a IT trhu. Vyv\u00edj\u00edme a provozujeme vlastn\u00ed infrastrukturu s c\u00edlem poskytovat slu\u017eby nez\u00e1visl\u00e9 na technologi\u00edch, dodavatel\u00edch a s\u00edt\u00edch. Propojujeme r\u016fzn\u00e9 [&hellip;]<\/p>","protected":false},"author":1,"featured_media":147,"parent":0,"menu_order":0,"comment_status":"closed","ping_status":"closed","template":"","meta":{"footnotes":""},"_links":{"self":[{"href":"https:\/\/new.comverga.com\/cze\/en\/wp-json\/wp\/v2\/pages\/3578"}],"collection":[{"href":"https:\/\/new.comverga.com\/cze\/en\/wp-json\/wp\/v2\/pages"}],"about":[{"href":"https:\/\/new.comverga.com\/cze\/en\/wp-json\/wp\/v2\/types\/page"}],"author":[{"embeddable":true,"href":"https:\/\/new.comverga.com\/cze\/en\/wp-json\/wp\/v2\/users\/1"}],"replies":[{"embeddable":true,"href":"https:\/\/new.comverga.com\/cze\/en\/wp-json\/wp\/v2\/comments?post=3578"}],"version-history":[{"count":0,"href":"https:\/\/new.comverga.com\/cze\/en\/wp-json\/wp\/v2\/pages\/3578\/revisions"}],"wp:featuredmedia":[{"embeddable":true,"href":"https:\/\/new.comverga.com\/cze\/en\/wp-json\/wp\/v2\/media\/147"}],"wp:attachment":[{"href":"https:\/\/new.comverga.com\/cze\/en\/wp-json\/wp\/v2\/media?parent=3578"}],"curies":[{"name":"wp","href":"https:\/\/api.w.org\/{rel}","templated":true}]}}