{"id":2580,"date":"2023-02-27T15:44:24","date_gmt":"2023-02-27T14:44:24","guid":{"rendered":"https:\/\/www.comverga.com\/cze\/?page_id=2580"},"modified":"2024-01-05T10:04:51","modified_gmt":"2024-01-05T09:04:51","slug":"aktuality","status":"publish","type":"page","link":"https:\/\/new.comverga.com\/cze\/en\/aktuality\/","title":{"rendered":"News"},"content":{"rendered":"<div data-elementor-type=\"wp-page\" data-elementor-id=\"2580\" class=\"elementor elementor-2580\">\n\t\t\t\t\t\t\t\t\t<section class=\"elementor-section elementor-top-section elementor-element elementor-element-5ada349 elementor-section-boxed elementor-section-height-default elementor-section-height-default\" data-id=\"5ada349\" data-element_type=\"section\">\n\t\t\t\t\t\t<div class=\"elementor-container elementor-column-gap-default\">\n\t\t\t\t\t<div class=\"elementor-column elementor-col-100 elementor-top-column elementor-element elementor-element-9b5f944\" data-id=\"9b5f944\" data-element_type=\"column\">\n\t\t\t<div class=\"elementor-widget-wrap elementor-element-populated\">\n\t\t\t\t\t\t\t\t<div class=\"elementor-element elementor-element-7b0e47e premium-blog-cta-full-yes premium-blog-align-justify elementor-widget elementor-widget-premium-addon-blog\" data-id=\"7b0e47e\" data-element_type=\"widget\" data-settings=\"{&quot;scroll_to_offset&quot;:&quot;yes&quot;}\" data-widget_type=\"premium-addon-blog.default\">\n\t\t\t\t<div class=\"elementor-widget-container\">\n\t\t\t\r\n\t\t\t\t<div class=\"premium-blog-wrap  premium-blog-list\" data-page=\"2580\" data-pagination=\"true\">\r\n\t\t\t\t\t<article class=\"premium-blog-post-outer-container\" data-total=\"3\">\r\n\t\t\t<div class=\"premium-blog-post-container premium-blog-skin-classic\">\r\n\t\t\t\t\t\t\t\t\t\t\t\t<div class=\"premium-blog-content-wrapper empty-thumb\">\r\n\r\n\t\t\t\t\t<div class=\"premium-blog-inner-container\">\r\n\r\n\t\t\t\t\t\t\t\t\t\t\t\t\t\t<h2 class=\"premium-blog-entry-title\">\r\n\t\t\t<a href=\"https:\/\/new.comverga.com\/cze\/en\/news\/nokia-pak-trinact-let-samsung-a-ted-iphone-apple-se-stal-poprve-nejvetsim-prodejcem-mobilu-na-svete\/\" target=\"_blank\">\r\n\t\t\t\tNokia, then thirteen years of Samsung and now the iPhone. Apple became the world's biggest mobile phone seller for the first time\t\t\t<\/a>\r\n\t\t<\/h2>\r\n\t\t\t\t<div class=\"premium-blog-entry-meta\">\r\n\t\t\t\r\n\t\t\t\t\t\t\t<span class=\"premium-blog-meta-separator\">\u2022<\/span>\r\n\t\t\t\t<div class=\"premium-blog-post-time premium-blog-meta-data\">\r\n\t\t\t\t\t<i class=\"fa fa-calendar-alt\" aria-hidden=\"true\"><\/i>\r\n\t\t\t\t\t<span>17. 1. 2024<\/span>\r\n\t\t\t\t<\/div>\r\n\t\t\t\r\n\t\t\t\r\n\t\t\t\t\t<\/div>\r\n\t\t\r\n\t\t\t\t\t<\/div>\r\n\r\n\t\t\t\t\t\t\t<div class=\"premium-blog-content-inner-wrapper\">\r\n\t\t<p class=\"premium-blog-post-content\">Last year, the other three positions belonged to Chinese companies. Xiaomi came third and Oppo fourth, but both saw sales fall. In contrast, Transsion, which is mainly active in Africa and came fifth, saw its sales rise by almost 31 per cent and its market share increase by 2.1 percentage points to 8.1 per cent.<\/p><div class=\"premium-blog-excerpt-link-wrap\"><a href=\"https:\/\/new.comverga.com\/cze\/en\/news\/nokia-pak-trinact-let-samsung-a-ted-iphone-apple-se-stal-poprve-nejvetsim-prodejcem-mobilu-na-svete\/\" target=\"_blank\" class=\"premium-blog-excerpt-link elementor-button\">More \u00bb<\/a><\/div>\t\t<\/div>\r\n\t\t\t\t\t\t\t\t\t\t\t\t\t<div class=\"premium-blog-post-tags-container\">\r\n\t\t\t\t\t\t\t\t<i class=\"fa fa-tags fa-fw\" aria-hidden=\"true\"><\/i>\r\n\t\t\t\t\t\t\t\t <a href=\"https:\/\/new.comverga.com\/cze\/en\/news\/tag\/praha\/\" rel=\"tag\">Prague<\/a>\t\t\t\t\t\t<\/div>\r\n\t\t\t\t\t\r\n\t\t\t\t<\/div>\r\n\t\t\t<\/div>\r\n\t\t<\/article>\r\n\r\n\t\t\t\t<article class=\"premium-blog-post-outer-container\" data-total=\"3\">\r\n\t\t\t<div class=\"premium-blog-post-container premium-blog-skin-classic\">\r\n\t\t\t\t\t\t\t\t\t\t\t\t<div class=\"premium-blog-content-wrapper empty-thumb\">\r\n\r\n\t\t\t\t\t<div class=\"premium-blog-inner-container\">\r\n\r\n\t\t\t\t\t\t\t\t\t\t\t\t\t\t<h2 class=\"premium-blog-entry-title\">\r\n\t\t\t<a href=\"https:\/\/new.comverga.com\/cze\/en\/news\/klokanmobil-od-ledna-2024-soucasti-skupiny-comverga\/\" target=\"_blank\">\r\n\t\t\t\tKlokanMobil from January 2024 part of the COMVERGA Group\t\t\t<\/a>\r\n\t\t<\/h2>\r\n\t\t\t\t<div class=\"premium-blog-entry-meta\">\r\n\t\t\t\r\n\t\t\t\t\t\t\t<span class=\"premium-blog-meta-separator\">\u2022<\/span>\r\n\t\t\t\t<div class=\"premium-blog-post-time premium-blog-meta-data\">\r\n\t\t\t\t\t<i class=\"fa fa-calendar-alt\" aria-hidden=\"true\"><\/i>\r\n\t\t\t\t\t<span>1. 1. 2024<\/span>\r\n\t\t\t\t<\/div>\r\n\t\t\t\r\n\t\t\t\r\n\t\t\t\t\t<\/div>\r\n\t\t\r\n\t\t\t\t\t<\/div>\r\n\r\n\t\t\t\t\t\t\t<div class=\"premium-blog-content-inner-wrapper\">\r\n\t\t<p class=\"premium-blog-post-content\">Quadruple, as a joint venture of COMVERGA, has acquired a 100% stake in virtual mobile operator KlokanMobil. This acquisition strengthens COMVERGA's market position and further increases its market share.<\/p><div class=\"premium-blog-excerpt-link-wrap\"><a href=\"https:\/\/new.comverga.com\/cze\/en\/news\/klokanmobil-od-ledna-2024-soucasti-skupiny-comverga\/\" target=\"_blank\" class=\"premium-blog-excerpt-link elementor-button\">More \u00bb<\/a><\/div>\t\t<\/div>\r\n\t\t\t\t\t\t\t\t\t\t\t\t\t<div class=\"premium-blog-post-tags-container\">\r\n\t\t\t\t\t\t\t\t<i class=\"fa fa-tags fa-fw\" aria-hidden=\"true\"><\/i>\r\n\t\t\t\t\t\t\t\t <a href=\"https:\/\/new.comverga.com\/cze\/en\/news\/tag\/praha\/\" rel=\"tag\">Prague<\/a>\t\t\t\t\t\t<\/div>\r\n\t\t\t\t\t\r\n\t\t\t\t<\/div>\r\n\t\t\t<\/div>\r\n\t\t<\/article>\r\n\r\n\t\t\t\t<article class=\"premium-blog-post-outer-container\" data-total=\"3\">\r\n\t\t\t<div class=\"premium-blog-post-container premium-blog-skin-classic\">\r\n\t\t\t\t\t\t\t\t\t\t\t\t<div class=\"premium-blog-content-wrapper empty-thumb\">\r\n\r\n\t\t\t\t\t<div class=\"premium-blog-inner-container\">\r\n\r\n\t\t\t\t\t\t\t\t\t\t\t\t\t\t<h2 class=\"premium-blog-entry-title\">\r\n\t\t\t<a href=\"https:\/\/new.comverga.com\/cze\/en\/news\/iso-iec-27001-recertifikace-isms\/\" target=\"_blank\">\r\n\t\t\t\tISO\/IEC 27001 - Information Security Management (ISMS)\t\t\t<\/a>\r\n\t\t<\/h2>\r\n\t\t\t\t<div class=\"premium-blog-entry-meta\">\r\n\t\t\t\r\n\t\t\t\t\t\t\t<span class=\"premium-blog-meta-separator\">\u2022<\/span>\r\n\t\t\t\t<div class=\"premium-blog-post-time premium-blog-meta-data\">\r\n\t\t\t\t\t<i class=\"fa fa-calendar-alt\" aria-hidden=\"true\"><\/i>\r\n\t\t\t\t\t<span>7. 12. 2023<\/span>\r\n\t\t\t\t<\/div>\r\n\t\t\t\r\n\t\t\t\r\n\t\t\t\t\t<\/div>\r\n\t\t\r\n\t\t\t\t\t<\/div>\r\n\r\n\t\t\t\t\t\t\t<div class=\"premium-blog-content-inner-wrapper\">\r\n\t\t<p class=\"premium-blog-post-content\">At the end of 2023 COMVERGA successfully passed the ISO\/IEC 27001 recertification in the area of information management in telecommunication and payment services. The extension of the certificate for another 3 years by the renowned T\u00dcV S\u00dcD organization is a significant step that confirms the company's ability to comply with and continuously improve its information management system.<\/p><div class=\"premium-blog-excerpt-link-wrap\"><a href=\"https:\/\/new.comverga.com\/cze\/en\/news\/iso-iec-27001-recertifikace-isms\/\" target=\"_blank\" class=\"premium-blog-excerpt-link elementor-button\">More \u00bb<\/a><\/div>\t\t<\/div>\r\n\t\t\t\t\t\t\t\t\t\t\t\t\t<div class=\"premium-blog-post-tags-container\">\r\n\t\t\t\t\t\t\t\t<i class=\"fa fa-tags fa-fw\" aria-hidden=\"true\"><\/i>\r\n\t\t\t\t\t\t\t\t <a href=\"https:\/\/new.comverga.com\/cze\/en\/news\/tag\/celosvetove\/\" rel=\"tag\">Worldwide<\/a>\t\t\t\t\t\t<\/div>\r\n\t\t\t\t\t\r\n\t\t\t\t<\/div>\r\n\t\t\t<\/div>\r\n\t\t<\/article>\r\n\r\n\t\t\t\t<article class=\"premium-blog-post-outer-container\" data-total=\"3\">\r\n\t\t\t<div class=\"premium-blog-post-container premium-blog-skin-classic\">\r\n\t\t\t\t\t\t\t\t\t\t\t\t<div class=\"premium-blog-content-wrapper empty-thumb\">\r\n\r\n\t\t\t\t\t<div class=\"premium-blog-inner-container\">\r\n\r\n\t\t\t\t\t\t\t\t\t\t\t\t\t\t<h2 class=\"premium-blog-entry-title\">\r\n\t\t\t<a href=\"https:\/\/new.comverga.com\/cze\/en\/news\/campersim-otevira-neomezene-moznosti-internetu-na-cestach-i-diky-comverga-reseni\/\" target=\"_blank\">\r\n\t\t\t\tCAMPERSIM opens up unlimited Internet possibilities on the go  <br><div class=\"invisible\">(also thanks to the COMVERGA solution)<\/div>\t\t\t<\/a>\r\n\t\t<\/h2>\r\n\t\t\t\t<div class=\"premium-blog-entry-meta\">\r\n\t\t\t\r\n\t\t\t\t\t\t\t<span class=\"premium-blog-meta-separator\">\u2022<\/span>\r\n\t\t\t\t<div class=\"premium-blog-post-time premium-blog-meta-data\">\r\n\t\t\t\t\t<i class=\"fa fa-calendar-alt\" aria-hidden=\"true\"><\/i>\r\n\t\t\t\t\t<span>1. 9. 2023<\/span>\r\n\t\t\t\t<\/div>\r\n\t\t\t\r\n\t\t\t\r\n\t\t\t\t\t<\/div>\r\n\t\t\r\n\t\t\t\t\t<\/div>\r\n\r\n\t\t\t\t\t\t\t<div class=\"premium-blog-content-inner-wrapper\">\r\n\t\t<p class=\"premium-blog-post-content\">CAMPERSIM by ProVerDa GmbH is another project running on the COMVERGA platform.<\/p><div class=\"premium-blog-excerpt-link-wrap\"><a href=\"https:\/\/new.comverga.com\/cze\/en\/news\/campersim-otevira-neomezene-moznosti-internetu-na-cestach-i-diky-comverga-reseni\/\" target=\"_blank\" class=\"premium-blog-excerpt-link elementor-button\">More \u00bb<\/a><\/div>\t\t<\/div>\r\n\t\t\t\t\t\t\t\t\t\t\t\t\t<div class=\"premium-blog-post-tags-container\">\r\n\t\t\t\t\t\t\t\t<i class=\"fa fa-tags fa-fw\" aria-hidden=\"true\"><\/i>\r\n\t\t\t\t\t\t\t\t <a href=\"https:\/\/new.comverga.com\/cze\/en\/news\/tag\/nemecko\/\" rel=\"tag\">Germany<\/a>\t\t\t\t\t\t<\/div>\r\n\t\t\t\t\t\r\n\t\t\t\t<\/div>\r\n\t\t\t<\/div>\r\n\t\t<\/article>\r\n\r\n\t\t\t\t<\/div>\r\n\r\n\t\t\t\t<div class=\"premium-blog-footer\">\r\n\t\t\t\t\t\t<nav class=\"premium-blog-pagination-container\" role=\"navigation\" aria-label=\"Pagination\">\r\n\t\t\t\t<span aria-current=\"page\" class=\"page-numbers current\">1<\/span>\n<a class=\"page-numbers\" href=\"https:\/\/new.comverga.com\/cze\/en\/wp-json\/wp\/v2\/pages\/2580\/page\/2\/\">2<\/a>\n<a class=\"page-numbers\" href=\"https:\/\/new.comverga.com\/cze\/en\/wp-json\/wp\/v2\/pages\/2580\/page\/3\/\">3<\/a>\n<a class=\"next page-numbers\" href=\"https:\/\/new.comverga.com\/cze\/en\/wp-json\/wp\/v2\/pages\/2580\/page\/2\/\">Next \u00bb<\/a>\t\t\t<\/nav>\r\n\t\t\t\t\t<\/div>\r\n\t\t\t\t\t<\/div>\n\t\t\t\t<\/div>\n\t\t\t\t\t<\/div>\n\t\t<\/div>\n\t\t\t\t\t\t\t<\/div>\n\t\t<\/section>\n\t\t\t\t\t\t\t<\/div>","protected":false},"excerpt":{"rendered":"<p>CAMPERSIM otev\u00edr\u00e1 neomezen\u00e9 mo\u017enosti internetu na cest\u00e1ch (i d\u00edky COMVERGA \u0159e\u0161en\u00ed) \u2022 1. 9. 2023 CAMPERSIM by ProVerDa GmbH je dal\u0161\u00edm projektem b\u011b\u017e\u00edc\u00edm na platform\u011b COMVERGA. V\u00edce \u00bb N\u011bmecko COMVERGA spustila prvn\u00ed pilotn\u00ed RBM kampa\u0148 \u2022 29. 8. 2023 Spole\u010dnost COMVERGA se jako jedna z prvn\u00edch komer\u010dn\u011b p\u0159ipojila k s\u00edt\u00edm \u010desk\u00fdch oper\u00e1tor\u016f prost\u0159ednictv\u00edm standardu RCS. [&hellip;]<\/p>","protected":false},"author":1,"featured_media":234,"parent":0,"menu_order":0,"comment_status":"closed","ping_status":"closed","template":"","meta":{"footnotes":""},"_links":{"self":[{"href":"https:\/\/new.comverga.com\/cze\/en\/wp-json\/wp\/v2\/pages\/2580"}],"collection":[{"href":"https:\/\/new.comverga.com\/cze\/en\/wp-json\/wp\/v2\/pages"}],"about":[{"href":"https:\/\/new.comverga.com\/cze\/en\/wp-json\/wp\/v2\/types\/page"}],"author":[{"embeddable":true,"href":"https:\/\/new.comverga.com\/cze\/en\/wp-json\/wp\/v2\/users\/1"}],"replies":[{"embeddable":true,"href":"https:\/\/new.comverga.com\/cze\/en\/wp-json\/wp\/v2\/comments?post=2580"}],"version-history":[{"count":0,"href":"https:\/\/new.comverga.com\/cze\/en\/wp-json\/wp\/v2\/pages\/2580\/revisions"}],"wp:featuredmedia":[{"embeddable":true,"href":"https:\/\/new.comverga.com\/cze\/en\/wp-json\/wp\/v2\/media\/234"}],"wp:attachment":[{"href":"https:\/\/new.comverga.com\/cze\/en\/wp-json\/wp\/v2\/media?parent=2580"}],"curies":[{"name":"wp","href":"https:\/\/api.w.org\/{rel}","templated":true}]}}