{"id":1284,"date":"2022-12-13T14:50:12","date_gmt":"2022-12-13T13:50:12","guid":{"rendered":"https:\/\/www.comverga.com\/?page_id=1284"},"modified":"2023-11-13T09:57:48","modified_gmt":"2023-11-13T08:57:48","slug":"comverga-billing-for-fusion-iot","status":"publish","type":"page","link":"https:\/\/new.comverga.com\/cze\/en\/sluzby\/software-as-a-service-platform-as-a-service\/comverga-billing-for-fusion-iot\/","title":{"rendered":"Billing for FUSION IoT"},"content":{"rendered":"<div data-elementor-type=\"wp-page\" data-elementor-id=\"1284\" class=\"elementor elementor-1284\">\n\t\t\t\t\t\t\t\t\t<section class=\"elementor-section elementor-top-section elementor-element elementor-element-b58a11a elementor-section-boxed elementor-section-height-default elementor-section-height-default\" data-id=\"b58a11a\" data-element_type=\"section\">\n\t\t\t\t\t\t<div class=\"elementor-container elementor-column-gap-no\">\n\t\t\t\t\t<div class=\"elementor-column elementor-col-100 elementor-top-column elementor-element elementor-element-4c6a5565\" data-id=\"4c6a5565\" data-element_type=\"column\">\n\t\t\t<div class=\"elementor-widget-wrap elementor-element-populated\">\n\t\t\t\t\t\t\t\t<div class=\"elementor-element elementor-element-5809b185 elementor-widget elementor-widget-text-editor\" data-id=\"5809b185\" data-element_type=\"widget\" data-widget_type=\"text-editor.default\">\n\t\t\t\t<div class=\"elementor-widget-container\">\n\t\t\t\t\t\t\t<p>The FUSION IoT customer and partner data SIM card management platform \u2013 straightforward, automatic and administrative burden free. The user-friendly interface provides End users with information about the SIM card and data usage overview, while allowing data purchase and online payment.<\/p><p>We are a long-standing partner and supplier of the FUSION IoT platform. As a result, we are now able to offer COMVERGA Billing for FUSION IoT, which allows us to provide additional services on M2M SIM cards throughout their lifecycle.<\/p><p>The service is intended for all FUSION IoT customers and partners who want to offer data top-up, provide all information about the SIM card, etc. to the End users of their devices with a FUSION IoT SIM card.\u00a0<\/p>\t\t\t\t\t\t<\/div>\n\t\t\t\t<\/div>\n\t\t\t\t\t<\/div>\n\t\t<\/div>\n\t\t\t\t\t\t\t<\/div>\n\t\t<\/section>\n\t\t\t\t<section class=\"elementor-section elementor-top-section elementor-element elementor-element-dca1cc7 elementor-section-boxed elementor-section-height-default elementor-section-height-default\" data-id=\"dca1cc7\" data-element_type=\"section\">\n\t\t\t\t\t\t<div class=\"elementor-container elementor-column-gap-default\">\n\t\t\t\t\t<div class=\"elementor-column elementor-col-100 elementor-top-column elementor-element elementor-element-4086dfd\" data-id=\"4086dfd\" data-element_type=\"column\">\n\t\t\t<div class=\"elementor-widget-wrap elementor-element-populated\">\n\t\t\t\t\t\t\t\t<div class=\"elementor-element elementor-element-a400857 elementor-widget-divider--view-line elementor-widget elementor-widget-divider\" data-id=\"a400857\" data-element_type=\"widget\" data-widget_type=\"divider.default\">\n\t\t\t\t<div class=\"elementor-widget-container\">\n\t\t\t\t\t<div class=\"elementor-divider\">\n\t\t\t<span class=\"elementor-divider-separator\">\n\t\t\t\t\t\t<\/span>\n\t\t<\/div>\n\t\t\t\t<\/div>\n\t\t\t\t<\/div>\n\t\t\t\t\t<\/div>\n\t\t<\/div>\n\t\t\t\t\t\t\t<\/div>\n\t\t<\/section>\n\t\t\t\t<section class=\"elementor-section elementor-top-section elementor-element elementor-element-70d99b9 elementor-section-boxed elementor-section-height-default elementor-section-height-default\" data-id=\"70d99b9\" data-element_type=\"section\">\n\t\t\t\t\t\t<div class=\"elementor-container elementor-column-gap-no\">\n\t\t\t\t\t<div class=\"elementor-column elementor-col-100 elementor-top-column elementor-element elementor-element-1f21578\" data-id=\"1f21578\" data-element_type=\"column\">\n\t\t\t<div class=\"elementor-widget-wrap elementor-element-populated\">\n\t\t\t\t\t\t\t\t<div class=\"elementor-element elementor-element-35bd486 elementor-widget elementor-widget-heading\" data-id=\"35bd486\" data-element_type=\"widget\" id=\"custom-heading\" data-widget_type=\"heading.default\">\n\t\t\t\t<div class=\"elementor-widget-container\">\n\t\t\t<h2 class=\"elementor-heading-title elementor-size-default\">Main benefits<\/h2>\t\t<\/div>\n\t\t\t\t<\/div>\n\t\t\t\t<div class=\"elementor-element elementor-element-235cc53 elementor-widget elementor-widget-html\" data-id=\"235cc53\" data-element_type=\"widget\" data-widget_type=\"html.default\">\n\t\t\t\t<div class=\"elementor-widget-container\">\n\t\t\t<section class=\"main-benefits\">\n    <div class=\"benefit-box\">\n        <i class=\"fa-sharp fa-solid fa-globe\"><\/i>\n        <p class=\"translation-block\">Simple and online <br>setup<\/p>\n    <\/div>\n    \n    <div class=\"benefit-box\">\n        <i class=\"fa-solid fa-user-check\"><\/i>\n        <p class=\"translation-block\">Clear and intuitive<br> user web self-care<\/p>\n    <\/div>\n    \n    <div class=\"benefit-box\">\n        <i class=\"fa-solid fa-credit-card\"><\/i>\n        <p>Data rebuy within few clicks,<br>online payment<\/p>\n    <\/div>\n    \n    <div class=\"benefit-box\">\n        <i class=\"fa-solid fa-file-lines\"><\/i>\n        <p class=\"translation-block\">Automatic generation<br> of documents<\/p>\n    <\/div>\n    \n    <div class=\"benefit-box\">\n        <i class=\"fa-solid fa-bell\"><\/i>\n        <p class=\"translation-block\">End user <br> notifications<\/p>\n    <\/div>\n    \n<\/section>\t\t<\/div>\n\t\t\t\t<\/div>\n\t\t\t\t\t<\/div>\n\t\t<\/div>\n\t\t\t\t\t\t\t<\/div>\n\t\t<\/section>\n\t\t\t\t<section class=\"elementor-section elementor-top-section elementor-element elementor-element-0b821df elementor-section-boxed elementor-section-height-default elementor-section-height-default\" data-id=\"0b821df\" data-element_type=\"section\">\n\t\t\t\t\t\t<div class=\"elementor-container elementor-column-gap-default\">\n\t\t\t\t\t<div class=\"elementor-column elementor-col-100 elementor-top-column elementor-element elementor-element-4e5eea9\" data-id=\"4e5eea9\" data-element_type=\"column\">\n\t\t\t<div class=\"elementor-widget-wrap elementor-element-populated\">\n\t\t\t\t\t\t\t\t<div class=\"elementor-element elementor-element-4b3a1f0 elementor-widget-divider--view-line elementor-widget elementor-widget-divider\" data-id=\"4b3a1f0\" data-element_type=\"widget\" data-widget_type=\"divider.default\">\n\t\t\t\t<div class=\"elementor-widget-container\">\n\t\t\t\t\t<div class=\"elementor-divider\">\n\t\t\t<span class=\"elementor-divider-separator\">\n\t\t\t\t\t\t<\/span>\n\t\t<\/div>\n\t\t\t\t<\/div>\n\t\t\t\t<\/div>\n\t\t\t\t\t<\/div>\n\t\t<\/div>\n\t\t\t\t\t\t\t<\/div>\n\t\t<\/section>\n\t\t\t\t<section class=\"elementor-section elementor-top-section elementor-element elementor-element-73418c3 elementor-section-boxed elementor-section-height-default elementor-section-height-default\" data-id=\"73418c3\" data-element_type=\"section\">\n\t\t\t\t\t\t<div class=\"elementor-container elementor-column-gap-default\">\n\t\t\t\t\t<div class=\"elementor-column elementor-col-100 elementor-top-column elementor-element elementor-element-4c1cf79\" data-id=\"4c1cf79\" data-element_type=\"column\">\n\t\t\t<div class=\"elementor-widget-wrap elementor-element-populated\">\n\t\t\t\t\t\t\t\t<div class=\"elementor-element elementor-element-c281e89 elementor-widget elementor-widget-heading\" data-id=\"c281e89\" data-element_type=\"widget\" data-widget_type=\"heading.default\">\n\t\t\t\t<div class=\"elementor-widget-container\">\n\t\t\t<h2 class=\"elementor-heading-title elementor-size-default\">Solution description<\/h2>\t\t<\/div>\n\t\t\t\t<\/div>\n\t\t\t\t<div class=\"elementor-element elementor-element-f56151f elementor-widget elementor-widget-image\" data-id=\"f56151f\" data-element_type=\"widget\" data-widget_type=\"image.default\">\n\t\t\t\t<div class=\"elementor-widget-container\">\n\t\t\t\t\t\t\t\t\t\t\t\t\t\t\t<img decoding=\"async\" src=\"https:\/\/www.comverga.com\/wp-content\/uploads\/2023\/01\/BfF_schema_v4_1.png\" title=\"\" alt=\"\" loading=\"lazy\" \/>\t\t\t\t\t\t\t\t\t\t\t\t\t\t\t<\/div>\n\t\t\t\t<\/div>\n\t\t\t\t<div class=\"elementor-element elementor-element-141e4cb elementor-widget elementor-widget-html\" data-id=\"141e4cb\" data-element_type=\"widget\" data-widget_type=\"html.default\">\n\t\t\t\t<div class=\"elementor-widget-container\">\n\t\t\t<section class=\"dot-panels\">\n    \n    <div class=\"panel\">\n        <span class=\"icon one czech\">\n            \n        <\/span>\n        <h4>\n            The end user gets\n        <\/h4>\n        <ul>\n            <li>Data usage overview<\/li>\n            <li>Data rebuys<\/li>\n            <li>Convenient online payment  <\/li>\n        <\/ul>\n    <\/div>\n    \n    <div class=\"panel\">\n        <span class=\"icon two czech\">\n            \n        <\/span>\n        <h4>\n            Customer \/ Partner gets\n        <\/h4>\n        <ul style=\"padding: 0 2rem 0 0\">\n            <li>User web self-care<\/li>\n            <li>Personalised payment confirmation<\/li>\n            <li>Effortless summary for accounting<\/li>\n        <\/ul>\n    <\/div>\n    \n    <div class=\"panel\">\n        <span class=\"icon three czech\">\n            \n        <\/span>\n        <h4>\n            COMVERGA Billing for FUSION IoT\n        <\/h4>\n        <ul>\n            <li>Status overview<\/li>\n            <li>Data package order flow<\/li>\n            <li>Money collection via multiple payment channels\/methods<\/li>\n            <li>Automatic issuance of the necessary documents for users and for your accounting\n            <\/li>\n            <li>Notification of the end user before the SIM card expires or before the data is exhausted\n            <\/li>\n        <\/ul>\n    <\/div>\n    \n<\/section>\t\t<\/div>\n\t\t\t\t<\/div>\n\t\t\t\t<div class=\"elementor-element elementor-element-a017081 elementor-align-center elementor-widget elementor-widget-button\" data-id=\"a017081\" data-element_type=\"widget\" data-widget_type=\"button.default\">\n\t\t\t\t<div class=\"elementor-widget-container\">\n\t\t\t\t\t<div class=\"elementor-button-wrapper\">\n\t\t\t<a class=\"elementor-button elementor-button-link elementor-size-sm\" href=\"\/cze\/en\/sluzby\/software-as-a-service-platform-as-a-service\/comverga-billing-for-fusion-iot\/jednoducha-a-intuitivni-samoobsluha-pro-koncove-uzivatele\/\">\n\t\t\t\t\t\t<span class=\"elementor-button-content-wrapper\">\n\t\t\t\t\t\t<span class=\"elementor-button-text\">More<\/span>\n\t\t<\/span>\n\t\t\t\t\t<\/a>\n\t\t<\/div>\n\t\t\t\t<\/div>\n\t\t\t\t<\/div>\n\t\t\t\t\t<\/div>\n\t\t<\/div>\n\t\t\t\t\t\t\t<\/div>\n\t\t<\/section>\n\t\t\t\t<section class=\"elementor-section elementor-top-section elementor-element elementor-element-fc43daf elementor-section-boxed elementor-section-height-default elementor-section-height-default\" data-id=\"fc43daf\" data-element_type=\"section\">\n\t\t\t\t\t\t<div class=\"elementor-container elementor-column-gap-default\">\n\t\t\t\t\t<div class=\"elementor-column elementor-col-100 elementor-top-column elementor-element elementor-element-1b72fbc\" data-id=\"1b72fbc\" data-element_type=\"column\">\n\t\t\t<div class=\"elementor-widget-wrap elementor-element-populated\">\n\t\t\t\t\t\t\t\t<div class=\"elementor-element elementor-element-b9989d5 elementor-widget-divider--view-line elementor-widget elementor-widget-divider\" data-id=\"b9989d5\" data-element_type=\"widget\" data-widget_type=\"divider.default\">\n\t\t\t\t<div class=\"elementor-widget-container\">\n\t\t\t\t\t<div class=\"elementor-divider\">\n\t\t\t<span class=\"elementor-divider-separator\">\n\t\t\t\t\t\t<\/span>\n\t\t<\/div>\n\t\t\t\t<\/div>\n\t\t\t\t<\/div>\n\t\t\t\t\t<\/div>\n\t\t<\/div>\n\t\t\t\t\t\t\t<\/div>\n\t\t<\/section>\n\t\t\t\t<section class=\"elementor-section elementor-top-section elementor-element elementor-element-589a836 elementor-section-boxed elementor-section-height-default elementor-section-height-default\" data-id=\"589a836\" data-element_type=\"section\">\n\t\t\t\t\t\t<div class=\"elementor-container elementor-column-gap-default\">\n\t\t\t\t\t<div class=\"elementor-column elementor-col-100 elementor-top-column elementor-element elementor-element-4edfd7f\" data-id=\"4edfd7f\" data-element_type=\"column\">\n\t\t\t<div class=\"elementor-widget-wrap elementor-element-populated\">\n\t\t\t\t\t\t\t\t<div class=\"elementor-element elementor-element-a603a7e elementor-widget elementor-widget-heading\" data-id=\"a603a7e\" data-element_type=\"widget\" id=\"custom-heading\" data-widget_type=\"heading.default\">\n\t\t\t\t<div class=\"elementor-widget-container\">\n\t\t\t<h2 class=\"elementor-heading-title elementor-size-default\">Usecases<\/h2>\t\t<\/div>\n\t\t\t\t<\/div>\n\t\t\t\t<div class=\"elementor-element elementor-element-3be81b7 elementor-widget elementor-widget-html\" data-id=\"3be81b7\" data-element_type=\"widget\" data-widget_type=\"html.default\">\n\t\t\t\t<div class=\"elementor-widget-container\">\n\t\t\t<div class=\"list section-inner custom\">\n\n\t\t<div class=\"list-inner\">\n\t\t    \n\t\t    <div class=\"list-item bg-image\" style=\"background-image:url('\/wp-content\/uploads\/2023\/01\/Lamax_foto1.jpg')\">\n\t\t\t\t\t<a href=\"\/cze\/en\/sluzby\/software-as-a-service-platform-as-a-service\/comverga-billing-for-fusion-iot\/prodej-smart-hodinek-soucasne-se-sim-kartou\/\">\n\n\t\t\t\t\t\t<span class=\"list-item-title\">\n\t\t\t\t\t\t   Partner supplies SIM cards for Smartwatches\n\t\t\t\t\t\t<\/span>\n\n\t\t\t\t\t\t<span class=\"list-item-description\">\n\t\t\t\t\t\t\t\n\t\t\t\t\t\t\tThe mobile virtual operator COOP Mobil provides SIM with data connectivity, offered together with Smartwatches. It focuses on selling to End users through its own sales channels.\n\n\t\t\t\t\t\t\t\n\t\t\t\t\t\t\t<\/span>\n\n\t\t\t\t\t\t\t<span class=\"list-item-link\">More \u203a<\/span>\n\t\t\t\t\t\t<\/span>\n\t\t\t\t\t<\/a>\n\t\t\t\t<\/div>\n\n\t\t\t\t<div class=\"list-item bg-image\" style=\"background-image:url('\/wp-content\/uploads\/2023\/01\/camera.jpg')\">\n\t\t\t\t\t<a href=\"\/cze\/en\/sluzby\/software-as-a-service-platform-as-a-service\/comverga-billing-for-fusion-iot\/dodavatel-zabezpecovacich-zarizeni-s-kamerovym-zaznamem\/\">\n\n\t\t\t\t\t\t<span class=\"list-item-title\">\n\t\t\t\t\t\t     \tSupplier of Security equipment with Camera recording\n\t\t\t\t\t\t<\/span>\n\n\t\t\t\t\t\t<span class=\"list-item-description\">\n\t\t\t\t\t\t\t\n\t\t\t\t\t\t\t    The partner supplies security devices for households and industrial buildings together with a data SIM card with a given data volume for its devices. Users can easily manage their data volume by using our platform.\n\t\t\t\t\t\t\n\t\t\t\t\t\t\t<\/span>\n\n\t\t\t\t\t\t\t<span class=\"list-item-link\">More \u203a<\/span>\n\t\t\t\t\t\t<\/span>\n\t\t\t\t\t<\/a>\n\t\t\t\t<\/div>\n\t\t\t\t<div class=\"list-item bg-image\" style=\"background-image:url('\/wp-content\/uploads\/2023\/01\/caravan.jpg')\">\n\t\t\t\t\t<a href=\"\/cze\/en\/sluzby\/software-as-a-service-platform-as-a-service\/comverga-billing-for-fusion-iot\/zarizeni-do-karavanu-a-obytnych-vozu\/\">\n\n\t\t\t\t\t\t<span class=\"list-item-title\">\n\t\t\t\t\t\t    Equipment for caravans and motorhomes\n\t\t\t\t\t\t<\/span>\n\n\t\t\t\t\t\t<span class=\"list-item-description\">\n\t\t\t\t\t\t\t\n\t\t\t\t\t\t\tThe partner supplies devices for strong internet coverage in caravans and motorhomes together with a data SIM card with a given data tariff. Thanks to our platform, users can easily monitor the status of the SIM card and purchase data online.\n\t\t\t\t\t\t\t\n\t\t\t\t\t\t\t<\/span>\n\n\t\t\t\t\t\t\t<span class=\"list-item-link\">More \u203a<\/span>\n\t\t\t\t\t\t<\/span>\n\t\t\t\t\t<\/a>\n\t\t\t\t<\/div>\n\t\t\t\t\n\t\t<\/div>\n\t<\/div>\t\t<\/div>\n\t\t\t\t<\/div>\n\t\t\t\t\t<\/div>\n\t\t<\/div>\n\t\t\t\t\t\t\t<\/div>\n\t\t<\/section>\n\t\t\t\t<section class=\"elementor-section elementor-top-section elementor-element elementor-element-cd72e6a elementor-section-boxed elementor-section-height-default elementor-section-height-default\" data-id=\"cd72e6a\" data-element_type=\"section\">\n\t\t\t\t\t\t<div class=\"elementor-container elementor-column-gap-default\">\n\t\t\t\t\t<div class=\"elementor-column elementor-col-100 elementor-top-column elementor-element elementor-element-55f2d98\" data-id=\"55f2d98\" data-element_type=\"column\">\n\t\t\t<div class=\"elementor-widget-wrap elementor-element-populated\">\n\t\t\t\t\t\t\t\t<div class=\"elementor-element elementor-element-bce1da0 elementor-widget-divider--view-line elementor-widget elementor-widget-divider\" data-id=\"bce1da0\" data-element_type=\"widget\" data-widget_type=\"divider.default\">\n\t\t\t\t<div class=\"elementor-widget-container\">\n\t\t\t\t\t<div class=\"elementor-divider\">\n\t\t\t<span class=\"elementor-divider-separator\">\n\t\t\t\t\t\t<\/span>\n\t\t<\/div>\n\t\t\t\t<\/div>\n\t\t\t\t<\/div>\n\t\t\t\t\t<\/div>\n\t\t<\/div>\n\t\t\t\t\t\t\t<\/div>\n\t\t<\/section>\n\t\t\t\t<section class=\"elementor-section elementor-top-section elementor-element elementor-element-529ddf5 elementor-section-boxed elementor-section-height-default elementor-section-height-default\" data-id=\"529ddf5\" data-element_type=\"section\">\n\t\t\t\t\t\t<div class=\"elementor-container elementor-column-gap-default\">\n\t\t\t\t\t<div class=\"elementor-column elementor-col-100 elementor-top-column elementor-element elementor-element-f7217f0\" data-id=\"f7217f0\" data-element_type=\"column\">\n\t\t\t<div class=\"elementor-widget-wrap elementor-element-populated\">\n\t\t\t\t\t\t\t\t<div class=\"elementor-element elementor-element-7ff166a elementor-widget elementor-widget-heading\" data-id=\"7ff166a\" data-element_type=\"widget\" id=\"custom-heading\" data-widget_type=\"heading.default\">\n\t\t\t\t<div class=\"elementor-widget-container\">\n\t\t\t<h2 class=\"elementor-heading-title elementor-size-default\">Contact us<\/h2>\t\t<\/div>\n\t\t\t\t<\/div>\n\t\t\t\t<div class=\"elementor-element elementor-element-6e1397a elementor-widget elementor-widget-text-editor\" data-id=\"6e1397a\" data-element_type=\"widget\" data-widget_type=\"text-editor.default\">\n\t\t\t\t<div class=\"elementor-widget-container\">\n\t\t\t\t\t\t\t<p style=\"text-align: center;\">Are you interested in the service or have any questions?<br>\nPlease fill out the short form and we will contact you as soon as possible.<\/p>\t\t\t\t\t\t<\/div>\n\t\t\t\t<\/div>\n\t\t\t\t<div class=\"elementor-element elementor-element-94d5be8 premium-modal-dismissible-yes elementor-widget elementor-widget-premium-addon-modal-box\" data-id=\"94d5be8\" data-element_type=\"widget\" data-settings=\"{&quot;premium_modal_box_animation&quot;:&quot;fadeInDown&quot;}\" data-widget_type=\"premium-addon-modal-box.default\">\n\t\t\t\t<div class=\"elementor-widget-container\">\n\t\t\t\r\n\t\t<div class=\"premium-modal-box-container\" data-settings=\"{&quot;trigger&quot;:&quot;button&quot;}\">\r\n\t\t\t<div class=\"premium-modal-trigger-container\">\r\n\t\t\t\t\t\t\t\t\t<button data-toggle=\"premium-modal\" data-target=\"#premium-modal-94d5be8\" type=\"button\" class=\"premium-modal-trigger-btn premium-btn-sm premium-button-none\" data-text=\"Kontaktujte n\u00e1s\">\r\n\r\n\t\t\t\t\t\t\r\n\t\t\t\t\t\t<div class=\"premium-button-text-icon-wrapper\">\r\n\t\t\t\t\t\t\t<span>Contact us<\/span>\r\n\t\t\t\t\t\t<\/div>\r\n\r\n\t\t\t\t\t\t\r\n\t\t\t\t\t\t\r\n\t\t\t\t\t\t\r\n\t\t\t\t\t<\/button>\r\n\t\t\t\t\t\t\t<\/div>\r\n\r\n\t\t\t<div id=\"premium-modal-94d5be8\" class=\"premium-modal-box-modal\"\r\n\t\t\trole=\"dialog\"\r\n\t\t\tstyle=\"display: none\"\r\n\t\t\t>\r\n\t\t\t\t<div class=\"premium-modal-box-modal-dialog\" data-delay-animation=\"\" data-modal-animation=\"fadeInDown animated-fast\">\r\n\t\t\t\t\t\t\t\t\t\t\t<div class=\"premium-modal-box-modal-header\">\r\n\t\t\t\t\t\t\t\t\t\t\t\t\t\t\t<h3 class=\"premium-modal-box-modal-title\">\r\n\t\t\t\t\t\t\t\t\tContact us\t\t\t\t\t\t\t\t<\/h3>\r\n\t\t\t\t\t\t\t\t\t\t\t\t\t\t\t\t\t\t\t\t\t\t<div class=\"premium-modal-box-close-button-container\">\r\n\t\t\t\t\t\t\t\t\t<button type=\"button\" class=\"premium-modal-box-modal-close\" data-dismiss=\"premium-modal\">x<\/button>\r\n\t\t\t\t\t\t\t\t<\/div>\r\n\t\t\t\t\t\t\t\t\t\t\t\t\t<\/div>\r\n\t\t\t\t\t\t\t\t\t\t<div class=\"premium-modal-box-modal-body\">\r\n\t\t\t\t\t\t\t\t\t\t\t<\/div>\r\n\t\t\t\t\t\t\t\t\t<\/div>\r\n\t\t\t<\/div>\r\n\t\t<\/div>\r\n\r\n\t\t\t\t<\/div>\n\t\t\t\t<\/div>\n\t\t\t\t\t<\/div>\n\t\t<\/div>\n\t\t\t\t\t\t\t<\/div>\n\t\t<\/section>\n\t\t\t\t\t\t\t<\/div>","protected":false},"excerpt":{"rendered":"<p>Platforma pro spra\u0301vu datovy\u0301ch SIM karet za\u0301kazni\u0301k\u016f a partner\u016f FUSION IoT &#8211; jednoducha\u0301, automaticka\u0301 a bez administrativni\u0301 za\u0301t\u011b\u017ee. U\u017eivatelsky p\u0159i\u0301v\u011btive\u0301 rozhrani\u0301 poskytuje koncovy\u0301m u\u017eivatel\u016fm informace o stavu SIM karty a zobrazuje p\u0159ehled o objemu vy\u010derpany\u0301ch dat, za\u0301rove\u0148 umo\u017e\u0148uje data on-line dokoupit a zaplatit. Jsme dlouholety\u0301m partnerem a dodavatelem platformy FUSION IoT. Di\u0301ky tomu m\u016f\u017eeme nyni\u0301 [&hellip;]<\/p>","protected":false},"author":1,"featured_media":4599,"parent":186,"menu_order":5,"comment_status":"closed","ping_status":"closed","template":"","meta":{"footnotes":""},"_links":{"self":[{"href":"https:\/\/new.comverga.com\/cze\/en\/wp-json\/wp\/v2\/pages\/1284"}],"collection":[{"href":"https:\/\/new.comverga.com\/cze\/en\/wp-json\/wp\/v2\/pages"}],"about":[{"href":"https:\/\/new.comverga.com\/cze\/en\/wp-json\/wp\/v2\/types\/page"}],"author":[{"embeddable":true,"href":"https:\/\/new.comverga.com\/cze\/en\/wp-json\/wp\/v2\/users\/1"}],"replies":[{"embeddable":true,"href":"https:\/\/new.comverga.com\/cze\/en\/wp-json\/wp\/v2\/comments?post=1284"}],"version-history":[{"count":0,"href":"https:\/\/new.comverga.com\/cze\/en\/wp-json\/wp\/v2\/pages\/1284\/revisions"}],"up":[{"embeddable":true,"href":"https:\/\/new.comverga.com\/cze\/en\/wp-json\/wp\/v2\/pages\/186"}],"wp:featuredmedia":[{"embeddable":true,"href":"https:\/\/new.comverga.com\/cze\/en\/wp-json\/wp\/v2\/media\/4599"}],"wp:attachment":[{"href":"https:\/\/new.comverga.com\/cze\/en\/wp-json\/wp\/v2\/media?parent=1284"}],"curies":[{"name":"wp","href":"https:\/\/api.w.org\/{rel}","templated":true}]}}