{"id":1111,"date":"2021-01-21T12:40:11","date_gmt":"2021-01-21T11:40:11","guid":{"rendered":"https:\/\/www.comverga.com\/cze\/?page_id=1111"},"modified":"2023-08-24T13:03:04","modified_gmt":"2023-08-24T11:03:04","slug":"obecna-dokumentace","status":"publish","type":"page","link":"https:\/\/new.comverga.com\/cze\/en\/obecna-dokumentace\/","title":{"rendered":"Obecn\u00e1 dokumentace"},"content":{"rendered":"<div data-elementor-type=\"wp-page\" data-elementor-id=\"1111\" class=\"elementor elementor-1111\">\n\t\t\t\t\t\t\t\t\t<section class=\"elementor-section elementor-top-section elementor-element elementor-element-b0f4157 elementor-section-boxed elementor-section-height-default elementor-section-height-default\" data-id=\"b0f4157\" data-element_type=\"section\">\n\t\t\t\t\t\t<div class=\"elementor-container elementor-column-gap-default\">\n\t\t\t\t\t<div class=\"elementor-column elementor-col-100 elementor-top-column elementor-element elementor-element-189698a6\" data-id=\"189698a6\" data-element_type=\"column\">\n\t\t\t<div class=\"elementor-widget-wrap elementor-element-populated\">\n\t\t\t\t\t\t\t\t<div class=\"elementor-element elementor-element-3f1b5b5e elementor-widget elementor-widget-text-editor\" data-id=\"3f1b5b5e\" data-element_type=\"widget\" data-widget_type=\"text-editor.default\">\n\t\t\t\t<div class=\"elementor-widget-container\">\n\t\t\t\t\t\t\t<!-- wp:file {\"id\":1114,\"href\":\"https:\/\/www.comverga.com\/cze\/wp-content\/uploads\/sites\/3\/2021\/01\/Reklamacni_rad_MATERNA_20181130.pdf\"} -->\n<div class=\"wp-block-file\"><a href=\"https:\/\/www.comverga.com\/cze\/wp-content\/uploads\/sites\/3\/2021\/01\/Reklamacni_rad_MATERNA_20181130.pdf\">Reklama\u010dn\u00ed \u0159\u00e1d platn\u00fd od 30 11. 2018<\/a><a href=\"https:\/\/www.comverga.com\/cze\/wp-content\/uploads\/sites\/3\/2021\/01\/Reklamacni_rad_MATERNA_20181130.pdf\" class=\"wp-block-file__button\" download>st\u00e1hnout<\/a><\/div>\n<!-- \/wp:file -->\n\n<!-- wp:file {\"id\":1117,\"href\":\"https:\/\/www.comverga.com\/cze\/wp-content\/uploads\/sites\/3\/2021\/01\/Zasady_ochrany_OU_dle_GDPR_20180525_0.pdf\"} -->\n<div class=\"wp-block-file\"><a href=\"https:\/\/www.comverga.com\/cze\/wp-content\/uploads\/sites\/3\/2021\/01\/Zasady_ochrany_OU_dle_GDPR_20180525_0.pdf\">Z\u00e1sady ochrany osobn\u00edch \u00fadaj\u016f dle GDPR<\/a><a href=\"https:\/\/www.comverga.com\/cze\/wp-content\/uploads\/sites\/3\/2021\/01\/Zasady_ochrany_OU_dle_GDPR_20180525_0.pdf\" class=\"wp-block-file__button\" download>st\u00e1hnout<\/a><\/div>\n<!-- \/wp:file -->\n\n<!-- wp:file {\"id\":1116,\"href\":\"https:\/\/www.comverga.com\/cze\/wp-content\/uploads\/sites\/3\/2021\/01\/Vseobecne_podminky_MATERNA_20180525_red.pdf\"} -->\n<div class=\"wp-block-file\"><a href=\"https:\/\/www.comverga.com\/cze\/wp-content\/uploads\/sites\/3\/2021\/01\/Vseobecne_podminky_MATERNA_20180525_red.pdf\">V\u0161eobecn\u00e9 podm\u00ednky (od 25. 5. 2018 v souladu s GDPR)<\/a><a href=\"https:\/\/www.comverga.com\/cze\/wp-content\/uploads\/sites\/3\/2021\/01\/Vseobecne_podminky_MATERNA_20180525_red.pdf\" class=\"wp-block-file__button\" download>st\u00e1hnout<\/a><\/div>\n<!-- \/wp:file -->\n\n<!-- wp:file {\"id\":1113,\"href\":\"https:\/\/www.comverga.com\/cze\/wp-content\/uploads\/sites\/3\/2021\/01\/MATERNA_Pokyny_pro_akceptaci_platebnich_karet_20180201_0.pdf\"} -->\n<div class=\"wp-block-file\"><a href=\"https:\/\/www.comverga.com\/cze\/wp-content\/uploads\/sites\/3\/2021\/01\/MATERNA_Pokyny_pro_akceptaci_platebnich_karet_20180201_0.pdf\">Pokyny pro akceptaci platebn\u00edch karet (1. 2. 2018)<\/a><a href=\"https:\/\/www.comverga.com\/cze\/wp-content\/uploads\/sites\/3\/2021\/01\/MATERNA_Pokyny_pro_akceptaci_platebnich_karet_20180201_0.pdf\" class=\"wp-block-file__button\" download>st\u00e1hnout<\/a><\/div>\n<!-- \/wp:file -->\n\n<!-- wp:paragraph -->\n<p><\/p>\n<!-- \/wp:paragraph -->\t\t\t\t\t\t<\/div>\n\t\t\t\t<\/div>\n\t\t\t\t\t<\/div>\n\t\t<\/div>\n\t\t\t\t\t\t\t<\/div>\n\t\t<\/section>\n\t\t\t\t\t\t\t<\/div>","protected":false},"excerpt":{"rendered":"","protected":false},"author":1,"featured_media":148,"parent":0,"menu_order":0,"comment_status":"closed","ping_status":"closed","template":"","meta":{"footnotes":""},"_links":{"self":[{"href":"https:\/\/new.comverga.com\/cze\/en\/wp-json\/wp\/v2\/pages\/1111"}],"collection":[{"href":"https:\/\/new.comverga.com\/cze\/en\/wp-json\/wp\/v2\/pages"}],"about":[{"href":"https:\/\/new.comverga.com\/cze\/en\/wp-json\/wp\/v2\/types\/page"}],"author":[{"embeddable":true,"href":"https:\/\/new.comverga.com\/cze\/en\/wp-json\/wp\/v2\/users\/1"}],"replies":[{"embeddable":true,"href":"https:\/\/new.comverga.com\/cze\/en\/wp-json\/wp\/v2\/comments?post=1111"}],"version-history":[{"count":0,"href":"https:\/\/new.comverga.com\/cze\/en\/wp-json\/wp\/v2\/pages\/1111\/revisions"}],"wp:featuredmedia":[{"embeddable":true,"href":"https:\/\/new.comverga.com\/cze\/en\/wp-json\/wp\/v2\/media\/148"}],"wp:attachment":[{"href":"https:\/\/new.comverga.com\/cze\/en\/wp-json\/wp\/v2\/media?parent=1111"}],"curies":[{"name":"wp","href":"https:\/\/api.w.org\/{rel}","templated":true}]}}