{"id":682,"date":"2020-12-15T12:58:56","date_gmt":"2020-12-15T11:58:56","guid":{"rendered":"https:\/\/www.comverga.com\/?page_id=682"},"modified":"2023-08-24T12:55:38","modified_gmt":"2023-08-24T10:55:38","slug":"maloobchod","status":"publish","type":"page","link":"https:\/\/new.comverga.com\/cze\/de\/odvetvi\/maloobchod\/","title":{"rendered":"Einzelhandel"},"content":{"rendered":"<div data-elementor-type=\"wp-page\" data-elementor-id=\"682\" class=\"elementor elementor-682\">\n\t\t\t\t\t\t\t\t\t<section class=\"elementor-section elementor-top-section elementor-element elementor-element-b1580fd elementor-section-boxed elementor-section-height-default elementor-section-height-default\" data-id=\"b1580fd\" data-element_type=\"section\">\n\t\t\t\t\t\t<div class=\"elementor-container elementor-column-gap-default\">\n\t\t\t\t\t<div class=\"elementor-column elementor-col-100 elementor-top-column elementor-element elementor-element-5077e33f\" data-id=\"5077e33f\" data-element_type=\"column\">\n\t\t\t<div class=\"elementor-widget-wrap elementor-element-populated\">\n\t\t\t\t\t\t\t\t<div class=\"elementor-element elementor-element-2218c4e8 elementor-widget elementor-widget-text-editor\" data-id=\"2218c4e8\" data-element_type=\"widget\" data-widget_type=\"text-editor.default\">\n\t\t\t\t<div class=\"elementor-widget-container\">\n\t\t\t\t\t\t\t<!-- wp:paragraph -->\n<p class=\"translation-block\">Kundenbindung und Identifizierung des Verbrauchers, Kunden Loyalit\u00e4t gewinnen und ihnen Online-Transaktionen anbieten, sind heute die wichtigsten Erfolgsfaktoren im Einzelhandelsgesch\u00e4ft. Die Telekommunikationstechnologie erm\u00f6glicht neue Gesch\u00e4ftsmodelle und bietet Instrumente, mit denen jeder Verbraucher individuell und sofort bedient werden kann.<\/p>\n<!-- \/wp:paragraph --><!-- wp:paragraph -->\n<p class=\"translation-block\">Digitale Kommunikation und der Kontakt mit den Verbrauchern sind wichtige Bestandteile der Strategie. Digitale Kommunikation ist schnell, zielgerichtet und st\u00f6rungsfrei. Nachrichtenkan\u00e4le wie E-Mails, SMS, Sprachnachrichten, RCS, Instant Messenger werden je nach Wunsch des Verbrauchers kombiniert.<\/p>\n<!-- \/wp:paragraph --><!-- wp:paragraph -->\n<p class=\"translation-block\">Kundenbindungs-Programme und Mobile Marketing sind h\u00e4ufig mit Marken-Mobilfunktarifen verbunden, die auch eine regelm\u00e4\u00dfige Abrechnungsverbindung mit dem Verbraucher herstellen.<\/p>\n<!-- \/wp:paragraph --><!-- wp:paragraph -->\n<p class=\"translation-block\">F\u00fcr unsere Handelspartner bieten wir folgende Dienstleistungen an:<\/p>\n<!-- \/wp:paragraph --><!-- wp:list -->\n<ul>\n<li>Kunden-Kommunikations-Services<\/li>\n<li>Mobile Marketing<\/li>\n<li>Verbraucherwettbewerb<\/li>\n<li>Kundenzufriedenheits-Umfragen<\/li>\n<li>Mobile Applikationen<\/li>\n<li>Leads \/ Auftragsmanagement<\/li>\n<li>SMS-Bestellungen<\/li>\n<li>Gesch\u00e4ftsprozess-Outsourcing (BPO \u2013 Business Process Outsourcing)<\/li>\n<li>Professional Services<\/li>\n<li>Applikationsentwicklung<\/li>\n<li>Loyalit\u00e4t und konvergierte Telekommunikationsdienste<\/li>\n<\/ul>\n<!-- \/wp:list --><!-- wp:paragraph -->\n<p><strong>AUSGEW\u00c4HLTE PARTNER<\/strong> \u2013 COOP, Nestl\u00e9<\/p>\n<!-- \/wp:paragraph -->\t\t\t\t\t\t<\/div>\n\t\t\t\t<\/div>\n\t\t\t\t\t<\/div>\n\t\t<\/div>\n\t\t\t\t\t\t\t<\/div>\n\t\t<\/section>\n\t\t\t\t\t\t\t<\/div>","protected":false},"excerpt":{"rendered":"<p>Die Anbindung und Identifizierung von Verbrauchern im Einzelhandel, die Steigerung ihrer Loyalit\u00e4t und die Vermittlung von Online-Transaktionen sind heute wichtige Erfolgsfaktoren im Einzelhandel.<\/p>","protected":false},"author":1,"featured_media":4985,"parent":344,"menu_order":5,"comment_status":"closed","ping_status":"closed","template":"","meta":{"footnotes":""},"_links":{"self":[{"href":"https:\/\/new.comverga.com\/cze\/de\/wp-json\/wp\/v2\/pages\/682"}],"collection":[{"href":"https:\/\/new.comverga.com\/cze\/de\/wp-json\/wp\/v2\/pages"}],"about":[{"href":"https:\/\/new.comverga.com\/cze\/de\/wp-json\/wp\/v2\/types\/page"}],"author":[{"embeddable":true,"href":"https:\/\/new.comverga.com\/cze\/de\/wp-json\/wp\/v2\/users\/1"}],"replies":[{"embeddable":true,"href":"https:\/\/new.comverga.com\/cze\/de\/wp-json\/wp\/v2\/comments?post=682"}],"version-history":[{"count":0,"href":"https:\/\/new.comverga.com\/cze\/de\/wp-json\/wp\/v2\/pages\/682\/revisions"}],"up":[{"embeddable":true,"href":"https:\/\/new.comverga.com\/cze\/de\/wp-json\/wp\/v2\/pages\/344"}],"wp:featuredmedia":[{"embeddable":true,"href":"https:\/\/new.comverga.com\/cze\/de\/wp-json\/wp\/v2\/media\/4985"}],"wp:attachment":[{"href":"https:\/\/new.comverga.com\/cze\/de\/wp-json\/wp\/v2\/media?parent=682"}],"curies":[{"name":"wp","href":"https:\/\/api.w.org\/{rel}","templated":true}]}}