{"id":674,"date":"2020-12-15T12:56:55","date_gmt":"2020-12-15T11:56:55","guid":{"rendered":"https:\/\/www.comverga.com\/?page_id=674"},"modified":"2023-08-24T12:54:57","modified_gmt":"2023-08-24T10:54:57","slug":"utility","status":"publish","type":"page","link":"https:\/\/new.comverga.com\/cze\/de\/odvetvi\/utility\/","title":{"rendered":"Versorgungssektor"},"content":{"rendered":"<div data-elementor-type=\"wp-page\" data-elementor-id=\"674\" class=\"elementor elementor-674\">\n\t\t\t\t\t\t\t\t\t<section class=\"elementor-section elementor-top-section elementor-element elementor-element-28938e39 elementor-section-boxed elementor-section-height-default elementor-section-height-default\" data-id=\"28938e39\" data-element_type=\"section\">\n\t\t\t\t\t\t<div class=\"elementor-container elementor-column-gap-default\">\n\t\t\t\t\t<div class=\"elementor-column elementor-col-100 elementor-top-column elementor-element elementor-element-33b46f95\" data-id=\"33b46f95\" data-element_type=\"column\">\n\t\t\t<div class=\"elementor-widget-wrap elementor-element-populated\">\n\t\t\t\t\t\t\t\t<div class=\"elementor-element elementor-element-d627762 elementor-widget elementor-widget-text-editor\" data-id=\"d627762\" data-element_type=\"widget\" data-widget_type=\"text-editor.default\">\n\t\t\t\t<div class=\"elementor-widget-container\">\n\t\t\t\t\t\t\t<!-- wp:paragraph -->\n<p class=\"translation-block\">Um erfolgreich mit seinen Kunden im Kontakt zu bleiben, ist digitale Kommunikation heute unverzichtbar. Digitale Kommunikation ist schnell, zielgerichtet und st\u00f6rungsfrei. Digitale Kommunikation kann z. B. \u00fcber E-Mails, SMS, Sprachnachrichten, RCS, Instant Messenger erfolgen.<\/p>\n<!-- \/wp:paragraph --><!-- wp:paragraph -->\n<p class=\"translation-block\">In diesem Bereich bieten wir folgende Dienstleistungen an:<\/p>\n<!-- \/wp:paragraph --><!-- wp:list -->\n<ul>\n<li>Kunden-Kommunikations-Services f\u00fcr CRM<\/li>\n<li>Mobile Marketing<\/li>\n<li>Benachrichtigungsdienste<\/li>\n<li>Kundenzufriedenheits-Umfragen<\/li>\n<li>Mobile Applikationen<\/li>\n<li>Einmal-Passw\u00f6rter<\/li>\n<li>Professional Services<\/li>\n<li>Applikationsentwicklung<\/li>\n<\/ul>\n<!-- \/wp:list --><!-- wp:paragraph -->\n<p class=\"translation-block\">Die Telekommunikation konvergiert mit den klassischen Versorgungsunternehmen. Sie bieten nicht nur bidirektionalen Zugriff auf intelligente Ger\u00e4te innerhalb der Infrastruktur von Versorgungsunternehmen, sondern spielen auch eine wichtige Rolle bei konvergierenden Angeboten f\u00fcr Verbraucher. Telekommunikationstarife werden z. B. mit Strom-, Gas- und Wasser-Tarifen geb\u00fcndelt und werden so zu einem wichtigen Treiber f\u00fcr Kundenbindung und -Akquisition.<\/p>\n<!-- \/wp:paragraph --><!-- wp:paragraph -->\n<p class=\"translation-block\">Die erforderliche Infrastruktur sowie die damit verbundenen Gesch\u00e4ftsprozesse werden von uns vollumf\u00e4nglich betrieben:<\/p>\n<!-- \/wp:paragraph --><!-- wp:list -->\n<ul>\n<li>Gesch\u00e4ftsprozess-Outsourcing (BPO \u2013 Business Process Outsourcing)<\/li>\n<li>Platforma pro poskytov\u00e1n\u00ed slu\u017eeb jako slu\u017eba<\/li>\n<li>Betrieb der Telekommunikationsinfrastruktur<\/li>\n<li>Professional Services<\/li>\n<li>Applikationsentwicklung<\/li>\n<li>Smart Home-Infrastruktur und -Applikationen<\/li>\n<li>Loyalit\u00e4t und konvergierte Telekommunikationsdienste<\/li>\n<\/ul>\n<!-- \/wp:list -->\t\t\t\t\t\t<\/div>\n\t\t\t\t<\/div>\n\t\t\t\t\t<\/div>\n\t\t<\/div>\n\t\t\t\t\t\t\t<\/div>\n\t\t<\/section>\n\t\t\t\t\t\t\t<\/div>","protected":false},"excerpt":{"rendered":"<p>Messagingov\u00e9 dialogy a konverzace s klienty jsou dnes kl\u00ed\u010dov\u00fdmi prvky \u00fasp\u011b\u0161n\u00e9ho \u0159\u00edzen\u00ed vztah\u016f. Jsou rychl\u00e9, c\u00edlen\u00e9 a neru\u0161iv\u00e9. V\u00edce kan\u00e1l\u016f pro zas\u00edl\u00e1n\u00ed zpr\u00e1v&#8230;<\/p>","protected":false},"author":1,"featured_media":4981,"parent":344,"menu_order":4,"comment_status":"closed","ping_status":"closed","template":"","meta":{"footnotes":""},"_links":{"self":[{"href":"https:\/\/new.comverga.com\/cze\/de\/wp-json\/wp\/v2\/pages\/674"}],"collection":[{"href":"https:\/\/new.comverga.com\/cze\/de\/wp-json\/wp\/v2\/pages"}],"about":[{"href":"https:\/\/new.comverga.com\/cze\/de\/wp-json\/wp\/v2\/types\/page"}],"author":[{"embeddable":true,"href":"https:\/\/new.comverga.com\/cze\/de\/wp-json\/wp\/v2\/users\/1"}],"replies":[{"embeddable":true,"href":"https:\/\/new.comverga.com\/cze\/de\/wp-json\/wp\/v2\/comments?post=674"}],"version-history":[{"count":0,"href":"https:\/\/new.comverga.com\/cze\/de\/wp-json\/wp\/v2\/pages\/674\/revisions"}],"up":[{"embeddable":true,"href":"https:\/\/new.comverga.com\/cze\/de\/wp-json\/wp\/v2\/pages\/344"}],"wp:featuredmedia":[{"embeddable":true,"href":"https:\/\/new.comverga.com\/cze\/de\/wp-json\/wp\/v2\/media\/4981"}],"wp:attachment":[{"href":"https:\/\/new.comverga.com\/cze\/de\/wp-json\/wp\/v2\/media?parent=674"}],"curies":[{"name":"wp","href":"https:\/\/api.w.org\/{rel}","templated":true}]}}