{"id":650,"date":"2020-12-15T12:46:05","date_gmt":"2020-12-15T11:46:05","guid":{"rendered":"https:\/\/www.comverga.com\/?page_id=650"},"modified":"2023-08-24T12:50:07","modified_gmt":"2023-08-24T10:50:07","slug":"sitovi-operatori","status":"publish","type":"page","link":"https:\/\/new.comverga.com\/cze\/de\/odvetvi\/sitovi-operatori\/","title":{"rendered":"Netzbetreiber"},"content":{"rendered":"<div data-elementor-type=\"wp-page\" data-elementor-id=\"650\" class=\"elementor elementor-650\">\n\t\t\t\t\t\t\t\t\t<section class=\"elementor-section elementor-top-section elementor-element elementor-element-248fad78 elementor-section-boxed elementor-section-height-default elementor-section-height-default\" data-id=\"248fad78\" data-element_type=\"section\">\n\t\t\t\t\t\t<div class=\"elementor-container elementor-column-gap-default\">\n\t\t\t\t\t<div class=\"elementor-column elementor-col-100 elementor-top-column elementor-element elementor-element-76b207a7\" data-id=\"76b207a7\" data-element_type=\"column\">\n\t\t\t<div class=\"elementor-widget-wrap elementor-element-populated\">\n\t\t\t\t\t\t\t\t<div class=\"elementor-element elementor-element-334e35bc elementor-widget elementor-widget-text-editor\" data-id=\"334e35bc\" data-element_type=\"widget\" data-widget_type=\"text-editor.default\">\n\t\t\t\t<div class=\"elementor-widget-container\">\n\t\t\t\t\t\t\t<!-- wp:paragraph -->\n<p class=\"translation-block\">Netzbetreiber sind unsere wichtigsten Gesch\u00e4ftspartner. Wir entwickeln ma\u00dfgeschneiderte L\u00f6sungen f\u00fcr ihre wichtigsten Unternehmenskunden sowie Einzelhandelsdienstleistungen f\u00fcr ihre Endverbraucher. Unsere Lieferung umfasst den gesamten Lebenszyklus von der Beratung \u00fcber die Implementierung bis hin zum Servicebetrieb.<\/p>\n<!-- \/wp:paragraph -->\n\n<!-- wp:paragraph -->\n<p class=\"translation-block\">Wir konzentrieren uns auf folgende Bereiche:<\/p>\n<!-- \/wp:paragraph -->\n\n<!-- wp:list -->\n<ul><li>Messaging-Infrastruktur (SMS, RCS)<\/li><li>SDP \u2013 Service Delivery Platform<\/li><li>Kundenspezifische L\u00f6sungen f\u00fcr Firmenkunden<\/li><li>SIM-Management Platform f\u00fcr M2M \/ IoT \/ Cloud<\/li><li>MVNO \/ MVNE-Plattform und -Dienste<\/li><li>Gro\u00dfhandelsaggregation f\u00fcr FTTx \/ Kabel \/ 5G<\/li><li>Beratung<\/li><\/ul>\n<!-- \/wp:list -->\n\n<!-- wp:paragraph -->\n<p><strong>AUSGEW\u00c4HLTE PARTNER<\/strong> \u2013 O2, Vodafone, T-Mobile, Nordic Telecom<\/p>\n<!-- \/wp:paragraph -->\n\n<!-- wp:paragraph -->\n<p><\/p>\n<!-- \/wp:paragraph -->\n\n<!-- wp:spacer {\"height\":29} -->\n<div style=\"height:29px\" aria-hidden=\"true\" class=\"wp-block-spacer\"><\/div>\n<!-- \/wp:spacer -->\n\n<!-- wp:paragraph -->\n<p class=\"translation-block\">Wir bieten unsere L\u00f6sungen auch f\u00fcr private Netzbetreiber an, wie GSM-R-Betreiber f\u00fcr Eisenbahnen und Betreiber von Technologienetzen. Hier konzentrieren wir uns auf folgende L\u00f6sungen:<\/p>\n<!-- \/wp:paragraph -->\n\n<!-- wp:list -->\n<ul><li>Messaging-Infrastruktur (SMSC, USSD, SS7)<\/li><li>SIM-Management Platfrom<\/li><li>SDP \u2013 Service Delivery Platform<\/li><\/ul>\n<!-- \/wp:list -->\n\n<!-- wp:paragraph -->\n<p><strong>AUSGEW\u00c4HLTE PARTNER<\/strong> \u2013 Eisenbahnverwaltung<\/p>\n<!-- \/wp:paragraph -->\t\t\t\t\t\t<\/div>\n\t\t\t\t<\/div>\n\t\t\t\t\t<\/div>\n\t\t<\/div>\n\t\t\t\t\t\t\t<\/div>\n\t\t<\/section>\n\t\t\t\t\t\t\t<\/div>","protected":false},"excerpt":{"rendered":"<p>Netzbetreiber sind unsere wichtigsten Gesch\u00e4ftspartner. Gemeinsam entwickeln wir ma\u00dfgeschneiderte L\u00f6sungen f\u00fcr ihre wichtigsten Firmenkunden sowie Einzelhandelsdienstleistungen\u2026<\/p>","protected":false},"author":1,"featured_media":4965,"parent":344,"menu_order":0,"comment_status":"closed","ping_status":"closed","template":"","meta":{"footnotes":""},"_links":{"self":[{"href":"https:\/\/new.comverga.com\/cze\/de\/wp-json\/wp\/v2\/pages\/650"}],"collection":[{"href":"https:\/\/new.comverga.com\/cze\/de\/wp-json\/wp\/v2\/pages"}],"about":[{"href":"https:\/\/new.comverga.com\/cze\/de\/wp-json\/wp\/v2\/types\/page"}],"author":[{"embeddable":true,"href":"https:\/\/new.comverga.com\/cze\/de\/wp-json\/wp\/v2\/users\/1"}],"replies":[{"embeddable":true,"href":"https:\/\/new.comverga.com\/cze\/de\/wp-json\/wp\/v2\/comments?post=650"}],"version-history":[{"count":0,"href":"https:\/\/new.comverga.com\/cze\/de\/wp-json\/wp\/v2\/pages\/650\/revisions"}],"up":[{"embeddable":true,"href":"https:\/\/new.comverga.com\/cze\/de\/wp-json\/wp\/v2\/pages\/344"}],"wp:featuredmedia":[{"embeddable":true,"href":"https:\/\/new.comverga.com\/cze\/de\/wp-json\/wp\/v2\/media\/4965"}],"wp:attachment":[{"href":"https:\/\/new.comverga.com\/cze\/de\/wp-json\/wp\/v2\/media?parent=650"}],"curies":[{"name":"wp","href":"https:\/\/api.w.org\/{rel}","templated":true}]}}