{"id":561,"date":"2020-12-02T09:13:32","date_gmt":"2020-12-02T08:13:32","guid":{"rendered":"https:\/\/www.comverga.com\/?page_id=561"},"modified":"2023-03-02T11:36:28","modified_gmt":"2023-03-02T10:36:28","slug":"sdp-pro-cloud","status":"publish","type":"page","link":"https:\/\/new.comverga.com\/cze\/de\/sluzby\/software-as-a-service-platform-as-a-service\/sdp-pro-cloud\/","title":{"rendered":"SDP f\u00fcr Cloud"},"content":{"rendered":"<div data-elementor-type=\"wp-page\" data-elementor-id=\"561\" class=\"elementor elementor-561\">\n\t\t\t\t\t\t\t\t\t<section class=\"elementor-section elementor-top-section elementor-element elementor-element-38effe49 elementor-section-boxed elementor-section-height-default elementor-section-height-default\" data-id=\"38effe49\" data-element_type=\"section\">\n\t\t\t\t\t\t<div class=\"elementor-container elementor-column-gap-default\">\n\t\t\t\t\t<div class=\"elementor-column elementor-col-100 elementor-top-column elementor-element elementor-element-47bb17fa\" data-id=\"47bb17fa\" data-element_type=\"column\">\n\t\t\t<div class=\"elementor-widget-wrap elementor-element-populated\">\n\t\t\t\t\t\t\t\t<div class=\"elementor-element elementor-element-5d3acedb elementor-widget elementor-widget-text-editor\" data-id=\"5d3acedb\" data-element_type=\"widget\" data-widget_type=\"text-editor.default\">\n\t\t\t\t<div class=\"elementor-widget-container\">\n\t\t\t\t\t\t\t<!-- wp:paragraph -->\n<p class=\"translation-block\">Die heutige schnell \u00e4ndernde Umgebung sorgt f\u00fcr die zunehmende Nutzung von Cloud-Diensten. Dies gilt f\u00fcr das Datenvolumen, verschiedene Arten von Services und verschiedene Nutzer. Die Kosten f\u00fcr Unternehmen, die Cloud-Services nutzen, steigen schnell und erfordern zwingend eine \u00a0Kostenkontrolle, die Aufteilung der Kosten auf die richtigen Kostenstellen und die Zuordnung der Kosten auf die verursachenden Nutzer.<\/p>\n<!-- \/wp:paragraph -->\n\n<!-- wp:paragraph -->\n<p class=\"translation-block\">Die SDP erm\u00f6glicht eine vollst\u00e4ndige und differenzierte Verwaltung der Nutzung von Cloud-Services. Sie k\u00f6nnen kontrollieren, wann ein Service beauftragt und aktiviert wurde und wann er wieder deaktiviert wurde. Sie k\u00f6nnen sehen wie viel Datenvolumen verursacht wurde und zu welchem Zeitpunkt. Die Abrechnung verschiedenen Cloud-Service-Anbietern kann den Nutzern und Kostenstellen zugeordnet werden. Es werden sowohl \u00f6ffentliche Cloud-Anbieter (IBM, Amazon, Microsoft, Alcatel, Unify) als auch interne Anbieter innerhalb des Unternehmens unterst\u00fctzt.<\/p>\n<!-- \/wp:paragraph -->\t\t\t\t\t\t<\/div>\n\t\t\t\t<\/div>\n\t\t\t\t\t<\/div>\n\t\t<\/div>\n\t\t\t\t\t\t\t<\/div>\n\t\t<\/section>\n\t\t\t\t\t\t\t<\/div>","protected":false},"excerpt":{"rendered":"<p>Dne\u0161n\u00ed rychle se m\u011bn\u00edc\u00ed prost\u0159ed\u00ed podporuje ve st\u00e1le v\u011bt\u0161\u00ed m\u00ed\u0159e vyu\u017e\u00edv\u00e1n\u00ed cloudov\u00fdch slu\u017eeb. To se t\u00fdk\u00e1 jejich objemu, r\u016fzn\u00fdch typ\u016f slu\u017eeb i r\u016fzn\u00fdch u\u017eivatel\u016f. Firemn\u00ed n\u00e1klady na cloudov\u00e9 slu\u017eby prudce rostou a jejich kontrola, mo\u017enost \u010dlen\u011bn\u00ed na r\u016fzn\u00e1 n\u00e1kladov\u00e1 st\u0159ediska a konkr\u00e9tn\u00ed u\u017eivatele se st\u00e1v\u00e1 nezbytnost\u00ed. SDP umo\u017e\u0148uje kompletn\u00ed a sofistikovan\u00e9 \u0159\u00edzen\u00ed pou\u017e\u00edv\u00e1n\u00ed cloudov\u00fdch slu\u017eeb [&hellip;]<\/p>","protected":false},"author":1,"featured_media":145,"parent":186,"menu_order":4,"comment_status":"closed","ping_status":"closed","template":"","meta":{"footnotes":""},"_links":{"self":[{"href":"https:\/\/new.comverga.com\/cze\/de\/wp-json\/wp\/v2\/pages\/561"}],"collection":[{"href":"https:\/\/new.comverga.com\/cze\/de\/wp-json\/wp\/v2\/pages"}],"about":[{"href":"https:\/\/new.comverga.com\/cze\/de\/wp-json\/wp\/v2\/types\/page"}],"author":[{"embeddable":true,"href":"https:\/\/new.comverga.com\/cze\/de\/wp-json\/wp\/v2\/users\/1"}],"replies":[{"embeddable":true,"href":"https:\/\/new.comverga.com\/cze\/de\/wp-json\/wp\/v2\/comments?post=561"}],"version-history":[{"count":0,"href":"https:\/\/new.comverga.com\/cze\/de\/wp-json\/wp\/v2\/pages\/561\/revisions"}],"up":[{"embeddable":true,"href":"https:\/\/new.comverga.com\/cze\/de\/wp-json\/wp\/v2\/pages\/186"}],"wp:featuredmedia":[{"embeddable":true,"href":"https:\/\/new.comverga.com\/cze\/de\/wp-json\/wp\/v2\/media\/145"}],"wp:attachment":[{"href":"https:\/\/new.comverga.com\/cze\/de\/wp-json\/wp\/v2\/media?parent=561"}],"curies":[{"name":"wp","href":"https:\/\/api.w.org\/{rel}","templated":true}]}}